{"id":7490,"date":"2021-04-26T13:47:55","date_gmt":"2021-04-26T11:47:55","guid":{"rendered":"https:\/\/fhsscandinavia.com\/?page_id=7490"},"modified":"2022-01-05T11:11:56","modified_gmt":"2022-01-05T10:11:56","slug":"transportbaand-uvc-dekontaminering","status":"publish","type":"page","link":"https:\/\/fhsscandinavia.com\/da\/transportbaand-uvc-dekontaminering\/","title":{"rendered":"Transportb\u00e5nd &#8211; UVC dekontaminering"},"content":{"rendered":"<div class=\"fusion-fullwidth fullwidth-box fusion-builder-row-1 fusion-flex-container nonhundred-percent-fullwidth non-hundred-percent-height-scrolling\" style=\"--awb-border-radius-top-left:0px;--awb-border-radius-top-right:0px;--awb-border-radius-bottom-right:0px;--awb-border-radius-bottom-left:0px;--awb-flex-wrap:wrap;\" ><div class=\"fusion-builder-row fusion-row fusion-flex-align-items-flex-start fusion-flex-content-wrap\" style=\"max-width:1227.2px;margin-left: calc(-4% \/ 2 );margin-right: calc(-4% \/ 2 );\"><div class=\"fusion-layout-column fusion_builder_column fusion-builder-column-0 fusion_builder_column_1_2 1_2 fusion-flex-column\" style=\"--awb-bg-size:cover;--awb-width-large:50%;--awb-margin-top-large:15px;--awb-spacing-right-large:3.84%;--awb-margin-bottom-large:15px;--awb-spacing-left-large:3.84%;--awb-width-medium:50%;--awb-order-medium:0;--awb-spacing-right-medium:3.84%;--awb-spacing-left-medium:3.84%;--awb-width-small:100%;--awb-order-small:0;--awb-spacing-right-small:1.92%;--awb-spacing-left-small:1.92%;\"><div class=\"fusion-column-wrapper fusion-column-has-shadow fusion-flex-justify-content-flex-start fusion-content-layout-column\"><div class=\"fusion-text fusion-text-1\" style=\"--awb-text-transform:none;\"><h2 class=\"fusion-responsive-typography-calculated\" data-fontsize=\"44\" data-lineheight=\"52.8px\">V\u00e6lg UVC til transportb\u00e5nd!<\/h2>\n<p>Vores schweiziske leverand\u00f8r SterilAir, har med sine 80 \u00e5rs erfaring opbygget en stor viden og ekspertise i at udvikle effektive l\u00f8sninger til <a href=\"https:\/\/fhsscandinavia.com\/uvc-dekontaminering\/\">UVC dekontaminering<\/a> &#8211; og deres nyeste T2018 er ingen undtagelse. Systemet er udviklet til:<\/p>\n<ul>\n<li>Transportb\u00e5nd og v\u00e5de omr\u00e5der<\/li>\n<li>S\u00e6rligt ugunstige driftsforhold (IP69K), da T2018 er vandt\u00e6t under tryk<\/li>\n<li>At kunne bruges til varmef\u00f8lsomme overflader<\/li>\n<li>At UV-r\u00f8r kan udskiftes p\u00e5 mindre end to minutter &#8211; uden at afmontere systemet eller afbryde din produktionsproces. Det reducerer omkostningsfulde og un\u00f8dvendige driftsstop.<\/li>\n<\/ul>\n<p>Deres T2018 UVC-system er udviklet sammen med eksperter fra k\u00f8dforarbejdningsindustrien, som har skabt et revolutionerende sterilisationssystem til transportb\u00e5nd.<\/p>\n<p>Gennem plausible tests af systemet, blev der udtaget pr\u00f8ver hver time, som svarede 100% til realistiske forhold i en produktion. Testen, som blev udf\u00f8rt og evalueret af et uafh\u00e6ngigt institut, viser at transportb\u00e5ndet med UVC konsekvent har en meget lav kimbelastning. Anl\u00e6gget har dermed generelt en mere effektiv driftshygiejne, da teknologien sikrer et lavt kimtal gennem hele dagen.<\/p>\n<p>Her f\u00e5r du en v\u00e6rdifuld hygiejnel\u00f8sning til overfladedesinfektion, der s\u00e6tter nye standarder med hensyn til desinfektionsydelse, installation, h\u00e5ndtering, fleksibilitet, hygiejne og vedligeholdelse. Du er garanteret et b\u00e6redygtigt og kemifri system til dekontaminering af overflader, og som hurtigt og nemt kan integreres i en nuv\u00e6rende produktion.<\/p>\n<p><b>Kontakt os<\/b><\/p>\n<p>Vi st\u00e5r altid klar til at hj\u00e6lpe dig, hvis du har sp\u00f8rgsm\u00e5l eller \u00f8nsker at h\u00f8re mere om vores l\u00f8sninger. Som forhandler af SterilAirs l\u00f8sninger i mere end 20 \u00e5r, har vi tilgang til SterilAirs viden og kan garantere, at der ligger helt pr\u00e6cise beregninger og unikke UVC-r\u00f8r bag de l\u00f8sninger, vi tilbyder. <a href=\"https:\/\/fhsscandinavia.com\/kontakt\/\">Kontakt os<\/a> gerne til en uforpligtende snak.<\/p>\n<\/div><\/div><\/div><div class=\"fusion-layout-column fusion_builder_column fusion-builder-column-1 fusion_builder_column_1_2 1_2 fusion-flex-column\" style=\"--awb-bg-size:cover;--awb-width-large:50%;--awb-margin-top-large:15px;--awb-spacing-right-large:3.84%;--awb-margin-bottom-large:15px;--awb-spacing-left-large:3.84%;--awb-width-medium:50%;--awb-order-medium:0;--awb-spacing-right-medium:3.84%;--awb-spacing-left-medium:3.84%;--awb-width-small:100%;--awb-order-small:0;--awb-spacing-right-small:1.92%;--awb-spacing-left-small:1.92%;\"><div class=\"fusion-column-wrapper fusion-column-has-shadow fusion-flex-justify-content-flex-start fusion-content-layout-column\"><div class=\"fusion-blog-shortcode fusion-blog-shortcode-1 fusion-blog-archive fusion-blog-layout-medium fusion-blog-pagination\"><div class=\"fusion-posts-container fusion-posts-container-pagination fusion-no-meta-info fusion-blog-rollover\" data-pages=\"1\"><article id=\"blog-1-post-8613\" class=\"fusion-post-medium post-8613 post type-post status-publish format-standard has-post-thumbnail hentry category-diverse-industrier-og-loesninger category-bakterier-og-hoeje-kimtal category-listeria-salmonella-og-coli category-transportbaand-uvc-dekontaminering\">\n\t<style type=\"text\/css\">\n\t\t\n\t\t\n\t\t\n\t\t\n\t\t\t<\/style>\n\n\n\t\t\t<div class=\"fusion-flexslider flexslider fusion-flexslider-loading fusion-post-slideshow\" style=\"\">\n\t\t<ul class=\"slides\">\n\t\t\t\n\t\t\t\t\t\t\t\t\t\t\t\t\t\t<li><div  class=\"fusion-image-wrapper fusion-image-size-fixed\" aria-haspopup=\"true\">\n\t\t\t\t<img decoding=\"async\" width=\"320\" height=\"202\" src=\"https:\/\/fhsscandinavia.com\/wp-content\/uploads\/2021\/12\/laks1-320x202.jpg\" class=\"attachment-blog-medium size-blog-medium wp-post-image\" alt=\"\" srcset=\"https:\/\/fhsscandinavia.com\/wp-content\/uploads\/2021\/12\/laks1-320x202.jpg 320w, https:\/\/fhsscandinavia.com\/wp-content\/uploads\/2021\/12\/laks1-700x441.jpg 700w\" sizes=\"(max-width: 320px) 100vw, 320px\" \/><div class=\"fusion-rollover\">\n\t<div class=\"fusion-rollover-content\">\n\n\t\t\t\t\t\t\t\t\t\t\t\t\t\t<a class=\"fusion-rollover-link\" href=\"https:\/\/fhsscandinavia.com\/da\/listeriaspredning-i-fryse-koeletunneller-og-koelefordampere-2\/\">Listeriaspredning i fryse-\/k\u00f8letunneller og k\u00f8lefordampere<\/a>\n\t\t\t\n\t\t\t\t\t\t\t\t\n\t\t\n\t\t\t\t\t\t\t\t\t\t\t\t<h4 class=\"fusion-rollover-title\">\n\t\t\t\t\t<a class=\"fusion-rollover-title-link\" href=\"https:\/\/fhsscandinavia.com\/da\/listeriaspredning-i-fryse-koeletunneller-og-koelefordampere-2\/\">\n\t\t\t\t\t\tListeriaspredning i fryse-\/k\u00f8letunneller og k\u00f8lefordampere\t\t\t\t\t<\/a>\n\t\t\t\t<\/h4>\n\t\t\t\n\t\t\t\t\t\t\t\t\n\t\t\n\t\t\t\t\t\t<a class=\"fusion-link-wrapper\" href=\"https:\/\/fhsscandinavia.com\/da\/listeriaspredning-i-fryse-koeletunneller-og-koelefordampere-2\/\" aria-label=\"Listeriaspredning i fryse-\/k\u00f8letunneller og k\u00f8lefordampere\"><\/a>\n\t<\/div>\n<\/div>\n<\/div>\n<\/li>\n\t\t\t\n\t\t\t\n\t\t\t\t\t\t\t\t\t\t\t\t\t\t\t\t\t\t\t\t\t\t\t\t\t\t\t\t\t\t\t\t\t\t\t\t\t\t\t\t\t\t\t\t\t\t\t\t\t\t\t\t\t\t\t\t\t\t\t\t\t\t\t\t\t\t\t\t<\/ul>\n\t<\/div>\n\t<div class=\"fusion-post-content post-content\"><h2 class=\"blog-shortcode-post-title entry-title\"><a href=\"https:\/\/fhsscandinavia.com\/da\/listeriaspredning-i-fryse-koeletunneller-og-koelefordampere-2\/\">Listeriaspredning i fryse-\/k\u00f8letunneller og k\u00f8lefordampere<\/a><\/h2><\/div><div class=\"fusion-clearfix\"><\/div><\/article>\n<article id=\"blog-1-post-7999\" class=\"fusion-post-medium post-7999 post type-post status-publish format-standard has-post-thumbnail hentry category-listeria-salmonella-og-coli category-transportbaand-uvc-dekontaminering\">\n\t<style type=\"text\/css\">\n\t\t\n\t\t\n\t\t\n\t\t\n\t\t\t<\/style>\n\n\n\t\t\t<div class=\"fusion-flexslider flexslider fusion-flexslider-loading fusion-post-slideshow\" style=\"\">\n\t\t<ul class=\"slides\">\n\t\t\t\n\t\t\t\t\t\t\t\t\t\t\t\t\t\t<li><div  class=\"fusion-image-wrapper fusion-image-size-fixed\" aria-haspopup=\"true\">\n\t\t\t\t<img decoding=\"async\" width=\"320\" height=\"202\" src=\"https:\/\/fhsscandinavia.com\/wp-content\/uploads\/2021\/06\/Skaermbillede-2021-06-01-kl.-11.42.46-320x202.png\" class=\"attachment-blog-medium size-blog-medium wp-post-image\" alt=\"\" srcset=\"https:\/\/fhsscandinavia.com\/wp-content\/uploads\/2021\/06\/Skaermbillede-2021-06-01-kl.-11.42.46-320x202.png 320w, https:\/\/fhsscandinavia.com\/wp-content\/uploads\/2021\/06\/Skaermbillede-2021-06-01-kl.-11.42.46-700x441.png 700w\" sizes=\"(max-width: 320px) 100vw, 320px\" \/><div class=\"fusion-rollover\">\n\t<div class=\"fusion-rollover-content\">\n\n\t\t\t\t\t\t\t\t\t\t\t\t\t\t<a class=\"fusion-rollover-link\" href=\"https:\/\/fhsscandinavia.com\/da\/listeria-paa-transportbaand-er-et-kendt-problem-i-koedindustrien\/\">Listeria p\u00e5 transportb\u00e5nd er et kendt problem i k\u00f8dindustrien<\/a>\n\t\t\t\n\t\t\t\t\t\t\t\t\n\t\t\n\t\t\t\t\t\t\t\t\t\t\t\t<h4 class=\"fusion-rollover-title\">\n\t\t\t\t\t<a class=\"fusion-rollover-title-link\" href=\"https:\/\/fhsscandinavia.com\/da\/listeria-paa-transportbaand-er-et-kendt-problem-i-koedindustrien\/\">\n\t\t\t\t\t\tListeria p\u00e5 transportb\u00e5nd er et kendt problem i k\u00f8dindustrien\t\t\t\t\t<\/a>\n\t\t\t\t<\/h4>\n\t\t\t\n\t\t\t\t\t\t\t\t\n\t\t\n\t\t\t\t\t\t<a class=\"fusion-link-wrapper\" href=\"https:\/\/fhsscandinavia.com\/da\/listeria-paa-transportbaand-er-et-kendt-problem-i-koedindustrien\/\" aria-label=\"Listeria p\u00e5 transportb\u00e5nd er et kendt problem i k\u00f8dindustrien\"><\/a>\n\t<\/div>\n<\/div>\n<\/div>\n<\/li>\n\t\t\t\n\t\t\t\n\t\t\t\t\t\t\t\t\t\t\t\t\t\t\t\t\t\t\t\t\t\t\t\t\t\t\t\t\t\t\t\t\t\t\t\t\t\t\t\t\t\t\t\t\t\t\t\t\t\t\t\t\t\t\t\t\t\t\t\t\t\t\t\t\t\t\t\t<\/ul>\n\t<\/div>\n\t<div class=\"fusion-post-content post-content\"><h2 class=\"blog-shortcode-post-title entry-title\"><a href=\"https:\/\/fhsscandinavia.com\/da\/listeria-paa-transportbaand-er-et-kendt-problem-i-koedindustrien\/\">Listeria p\u00e5 transportb\u00e5nd er et kendt problem i k\u00f8dindustrien<\/a><\/h2><\/div><div class=\"fusion-clearfix\"><\/div><\/article>\n<article id=\"blog-1-post-7591\" class=\"fusion-post-medium post-7591 post type-post status-publish format-standard has-post-thumbnail hentry category-bageri-ionisering-og-uvc category-gulv-dekontaminering category-mug-og-gaer category-transportbaand-uvc-dekontaminering\">\n\t<style type=\"text\/css\">\n\t\t\n\t\t\n\t\t\n\t\t\n\t\t\t<\/style>\n\n\n\t\t\t<div class=\"fusion-flexslider flexslider fusion-flexslider-loading fusion-post-slideshow\" style=\"\">\n\t\t<ul class=\"slides\">\n\t\t\t\n\t\t\t\t\t\t\t\t\t\t\t\t\t\t<li><div  class=\"fusion-image-wrapper fusion-image-size-fixed\" aria-haspopup=\"true\">\n\t\t\t\t<img decoding=\"async\" width=\"320\" height=\"202\" src=\"https:\/\/fhsscandinavia.com\/wp-content\/uploads\/2021\/05\/Skaermbillede-2021-05-04-kl.-09.32.45-320x202.png\" class=\"attachment-blog-medium size-blog-medium wp-post-image\" alt=\"\" srcset=\"https:\/\/fhsscandinavia.com\/wp-content\/uploads\/2021\/05\/Skaermbillede-2021-05-04-kl.-09.32.45-320x202.png 320w, https:\/\/fhsscandinavia.com\/wp-content\/uploads\/2021\/05\/Skaermbillede-2021-05-04-kl.-09.32.45-700x441.png 700w\" sizes=\"(max-width: 320px) 100vw, 320px\" \/><div class=\"fusion-rollover\">\n\t<div class=\"fusion-rollover-content\">\n\n\t\t\t\t\t\t\t\t\t\t\t\t\t\t<a class=\"fusion-rollover-link\" href=\"https:\/\/fhsscandinavia.com\/da\/en-broedproducent-og-skimmeludfordringer\/\">En br\u00f8d producent og skimmel udfordringer<\/a>\n\t\t\t\n\t\t\t\t\t\t\t\t\n\t\t\n\t\t\t\t\t\t\t\t\t\t\t\t<h4 class=\"fusion-rollover-title\">\n\t\t\t\t\t<a class=\"fusion-rollover-title-link\" href=\"https:\/\/fhsscandinavia.com\/da\/en-broedproducent-og-skimmeludfordringer\/\">\n\t\t\t\t\t\tEn br\u00f8d producent og skimmel udfordringer\t\t\t\t\t<\/a>\n\t\t\t\t<\/h4>\n\t\t\t\n\t\t\t\t\t\t\t\t\n\t\t\n\t\t\t\t\t\t<a class=\"fusion-link-wrapper\" href=\"https:\/\/fhsscandinavia.com\/da\/en-broedproducent-og-skimmeludfordringer\/\" aria-label=\"En br\u00f8d producent og skimmel udfordringer\"><\/a>\n\t<\/div>\n<\/div>\n<\/div>\n<\/li>\n\t\t\t\n\t\t\t\n\t\t\t\t\t\t\t\t\t\t\t\t\t\t\t\t\t\t\t\t\t\t\t\t\t\t\t\t\t\t\t\t\t\t\t\t\t\t\t\t\t\t\t\t\t\t\t\t\t\t\t\t\t\t\t\t\t\t\t\t\t\t\t\t\t\t\t\t<\/ul>\n\t<\/div>\n\t<div class=\"fusion-post-content post-content\"><h2 class=\"blog-shortcode-post-title entry-title\"><a href=\"https:\/\/fhsscandinavia.com\/da\/en-broedproducent-og-skimmeludfordringer\/\">En br\u00f8d producent og skimmel udfordringer<\/a><\/h2><\/div><div class=\"fusion-clearfix\"><\/div><\/article>\n<article id=\"blog-1-post-3286\" class=\"fusion-post-medium post-3286 post type-post status-publish format-standard has-post-thumbnail hentry category-bakterier-og-hoeje-kimtal category-listeria-salmonella-og-coli category-mug-og-gaer category-transportbaand-uvc-dekontaminering\">\n\t<style type=\"text\/css\">\n\t\t\n\t\t\n\t\t\n\t\t\n\t\t\t<\/style>\n\n\n\t\t\t<div class=\"fusion-flexslider flexslider fusion-flexslider-loading fusion-post-slideshow\" style=\"\">\n\t\t<ul class=\"slides\">\n\t\t\t\n\t\t\t\t\t\t\t\t\t\t\t\t\t\t<li><div  class=\"fusion-image-wrapper fusion-image-size-fixed\" aria-haspopup=\"true\">\n\t\t\t\t<img decoding=\"async\" width=\"320\" height=\"202\" src=\"https:\/\/fhsscandinavia.com\/wp-content\/uploads\/2018\/10\/dsc00837_1969-320x202.jpg\" class=\"attachment-blog-medium size-blog-medium wp-post-image\" alt=\"UVC installation p\u00e5 pakkelinie\" srcset=\"https:\/\/fhsscandinavia.com\/wp-content\/uploads\/2018\/10\/dsc00837_1969-320x202.jpg 320w, https:\/\/fhsscandinavia.com\/wp-content\/uploads\/2018\/10\/dsc00837_1969-700x441.jpg 700w\" sizes=\"(max-width: 320px) 100vw, 320px\" \/><div class=\"fusion-rollover\">\n\t<div class=\"fusion-rollover-content\">\n\n\t\t\t\t\t\t\t\t\t\t\t\t\t\t<a class=\"fusion-rollover-link\" href=\"https:\/\/fhsscandinavia.com\/da\/test-af-uvc-lys-til-dekontaminering-af-pasta-pakkeline\/\">Test af UVC-lys til dekontaminering af pasta-pakkeline<\/a>\n\t\t\t\n\t\t\t\t\t\t\t\t\n\t\t\n\t\t\t\t\t\t\t\t\t\t\t\t<h4 class=\"fusion-rollover-title\">\n\t\t\t\t\t<a class=\"fusion-rollover-title-link\" href=\"https:\/\/fhsscandinavia.com\/da\/test-af-uvc-lys-til-dekontaminering-af-pasta-pakkeline\/\">\n\t\t\t\t\t\tTest af UVC-lys til dekontaminering af pasta-pakkeline\t\t\t\t\t<\/a>\n\t\t\t\t<\/h4>\n\t\t\t\n\t\t\t\t\t\t\t\t\n\t\t\n\t\t\t\t\t\t<a class=\"fusion-link-wrapper\" href=\"https:\/\/fhsscandinavia.com\/da\/test-af-uvc-lys-til-dekontaminering-af-pasta-pakkeline\/\" aria-label=\"Test af UVC-lys til dekontaminering af pasta-pakkeline\"><\/a>\n\t<\/div>\n<\/div>\n<\/div>\n<\/li>\n\t\t\t\n\t\t\t\n\t\t\t\t\t\t\t\t\t\t\t\t\t\t\t\t\t\t\t\t\t\t\t\t\t\t\t\t\t\t\t\t\t\t\t\t\t\t\t\t\t\t\t\t\t\t\t\t\t\t\t\t\t\t\t\t\t\t\t\t\t\t\t\t\t\t\t\t<\/ul>\n\t<\/div>\n\t<div class=\"fusion-post-content post-content\"><h2 class=\"blog-shortcode-post-title entry-title\"><a href=\"https:\/\/fhsscandinavia.com\/da\/test-af-uvc-lys-til-dekontaminering-af-pasta-pakkeline\/\">Test af UVC-lys til dekontaminering af pasta-pakkeline<\/a><\/h2><\/div><div class=\"fusion-clearfix\"><\/div><\/article>\n<article id=\"blog-1-post-3276\" class=\"fusion-post-medium post-3276 post type-post status-publish format-standard has-post-thumbnail hentry category-bakterier-og-hoeje-kimtal category-listeria-salmonella-og-coli category-mug-og-gaer category-transportbaand-uvc-dekontaminering\">\n\t<style type=\"text\/css\">\n\t\t\n\t\t\n\t\t\n\t\t\n\t\t\t<\/style>\n\n\n\t\t\t<div class=\"fusion-flexslider flexslider fusion-flexslider-loading fusion-post-slideshow\" style=\"\">\n\t\t<ul class=\"slides\">\n\t\t\t\n\t\t\t\t\t\t\t\t\t\t\t\t\t\t<li><div  class=\"fusion-image-wrapper fusion-image-size-fixed\" aria-haspopup=\"true\">\n\t\t\t\t<img decoding=\"async\" width=\"320\" height=\"202\" src=\"https:\/\/fhsscandinavia.com\/wp-content\/uploads\/2018\/10\/Maspack_1-320x202.jpg\" class=\"attachment-blog-medium size-blog-medium wp-post-image\" alt=\"Dekontaminering af indpakning p\u00e5 rulleb\u00e5nd\" srcset=\"https:\/\/fhsscandinavia.com\/wp-content\/uploads\/2018\/10\/Maspack_1-320x202.jpg 320w, https:\/\/fhsscandinavia.com\/wp-content\/uploads\/2018\/10\/Maspack_1-636x400.jpg 636w\" sizes=\"(max-width: 320px) 100vw, 320px\" \/><div class=\"fusion-rollover\">\n\t<div class=\"fusion-rollover-content\">\n\n\t\t\t\t\t\t\t\t\t\t\t\t\t\t<a class=\"fusion-rollover-link\" href=\"https:\/\/fhsscandinavia.com\/da\/udvikling-af-produktionslinie-med-integreret-uvc-lys-til-dekontaminering\/\">Udvikling af produktionslinje med integreret UVC-lys til dekontaminering<\/a>\n\t\t\t\n\t\t\t\t\t\t\t\t\n\t\t\n\t\t\t\t\t\t\t\t\t\t\t\t<h4 class=\"fusion-rollover-title\">\n\t\t\t\t\t<a class=\"fusion-rollover-title-link\" href=\"https:\/\/fhsscandinavia.com\/da\/udvikling-af-produktionslinie-med-integreret-uvc-lys-til-dekontaminering\/\">\n\t\t\t\t\t\tUdvikling af produktionslinje med integreret UVC-lys til dekontaminering\t\t\t\t\t<\/a>\n\t\t\t\t<\/h4>\n\t\t\t\n\t\t\t\t\t\t\t\t\n\t\t\n\t\t\t\t\t\t<a class=\"fusion-link-wrapper\" href=\"https:\/\/fhsscandinavia.com\/da\/udvikling-af-produktionslinie-med-integreret-uvc-lys-til-dekontaminering\/\" aria-label=\"Udvikling af produktionslinje med integreret UVC-lys til dekontaminering\"><\/a>\n\t<\/div>\n<\/div>\n<\/div>\n<\/li>\n\t\t\t\n\t\t\t\n\t\t\t\t\t\t\t\t\t\t\t\t\t\t\t\t\t\t\t\t\t\t\t\t\t\t\t\t\t\t\t\t\t\t\t\t\t\t\t\t\t\t\t\t\t\t\t\t\t\t\t\t\t\t\t\t\t\t\t\t\t\t\t\t\t\t\t\t<\/ul>\n\t<\/div>\n\t<div class=\"fusion-post-content post-content\"><h2 class=\"blog-shortcode-post-title entry-title\"><a href=\"https:\/\/fhsscandinavia.com\/da\/udvikling-af-produktionslinie-med-integreret-uvc-lys-til-dekontaminering\/\">Udvikling af produktionslinje med integreret UVC-lys til dekontaminering<\/a><\/h2><\/div><div class=\"fusion-clearfix\"><\/div><\/article>\n<\/div><\/div><\/div><\/div><\/div><\/div>\n","protected":false},"excerpt":{"rendered":"","protected":false},"author":2,"featured_media":0,"parent":0,"menu_order":0,"comment_status":"closed","ping_status":"closed","template":"","meta":{"footnotes":""},"class_list":["post-7490","page","type-page","status-publish","hentry"],"_links":{"self":[{"href":"https:\/\/fhsscandinavia.com\/da\/wp-json\/wp\/v2\/pages\/7490","targetHints":{"allow":["GET"]}}],"collection":[{"href":"https:\/\/fhsscandinavia.com\/da\/wp-json\/wp\/v2\/pages"}],"about":[{"href":"https:\/\/fhsscandinavia.com\/da\/wp-json\/wp\/v2\/types\/page"}],"author":[{"embeddable":true,"href":"https:\/\/fhsscandinavia.com\/da\/wp-json\/wp\/v2\/users\/2"}],"replies":[{"embeddable":true,"href":"https:\/\/fhsscandinavia.com\/da\/wp-json\/wp\/v2\/comments?post=7490"}],"version-history":[{"count":24,"href":"https:\/\/fhsscandinavia.com\/da\/wp-json\/wp\/v2\/pages\/7490\/revisions"}],"predecessor-version":[{"id":8578,"href":"https:\/\/fhsscandinavia.com\/da\/wp-json\/wp\/v2\/pages\/7490\/revisions\/8578"}],"wp:attachment":[{"href":"https:\/\/fhsscandinavia.com\/da\/wp-json\/wp\/v2\/media?parent=7490"}],"curies":[{"name":"wp","href":"https:\/\/api.w.org\/{rel}","templated":true}]}}