{"id":7511,"date":"2021-04-27T10:57:58","date_gmt":"2021-04-27T08:57:58","guid":{"rendered":"https:\/\/fhsscandinavia.com\/?page_id=7511"},"modified":"2021-12-17T13:00:31","modified_gmt":"2021-12-17T12:00:31","slug":"slagteri-og-mejeri-ionisering-i-modningsrum","status":"publish","type":"page","link":"https:\/\/fhsscandinavia.com\/da\/slagteri-og-mejeri-ionisering-i-modningsrum\/","title":{"rendered":"Slagteri og mejeri \u2013 ionisering i modningsrum"},"content":{"rendered":"<div class=\"fusion-fullwidth fullwidth-box fusion-builder-row-1 fusion-flex-container nonhundred-percent-fullwidth non-hundred-percent-height-scrolling\" style=\"--awb-border-radius-top-left:0px;--awb-border-radius-top-right:0px;--awb-border-radius-bottom-right:0px;--awb-border-radius-bottom-left:0px;--awb-flex-wrap:wrap;\" ><div class=\"fusion-builder-row fusion-row fusion-flex-align-items-flex-start fusion-flex-content-wrap\" style=\"max-width:1227.2px;margin-left: calc(-4% \/ 2 );margin-right: calc(-4% \/ 2 );\"><div class=\"fusion-layout-column fusion_builder_column fusion-builder-column-0 fusion_builder_column_1_2 1_2 fusion-flex-column\" style=\"--awb-bg-size:cover;--awb-width-large:50%;--awb-margin-top-large:15px;--awb-spacing-right-large:3.84%;--awb-margin-bottom-large:15px;--awb-spacing-left-large:3.84%;--awb-width-medium:50%;--awb-order-medium:0;--awb-spacing-right-medium:3.84%;--awb-spacing-left-medium:3.84%;--awb-width-small:100%;--awb-order-small:0;--awb-spacing-right-small:1.92%;--awb-spacing-left-small:1.92%;\"><div class=\"fusion-column-wrapper fusion-column-has-shadow fusion-flex-justify-content-flex-start fusion-content-layout-column\"><div class=\"fusion-text fusion-text-1\" style=\"--awb-text-transform:none;\"><p>Temperatur og fugtighed i klimarum er velkendte udfordringer, som medf\u00f8rer skimmelv\u00e6kst. De betingelser, der g\u00f8r modningsrummet optimalt for de specialiserede produkter, er desv\u00e6rre ogs\u00e5 de betingelser, som er gode for skimmel i luften. Skimlen findes f\u00f8rst i luften og senere kontaminerer produkterne via skimlen i luften. Derfor er det vigtig at have kontrol af temperatur og luftfugtighed i lager- og modningsrum, da produkter som skinker, spegep\u00f8lser og langtidsmodnet oste og oksek\u00f8d skal kunne t\u00e5le at modnes gennem en lang modningsproces, til de har opn\u00e5et den korrekte konsistens og PH-niveau. Denne proces medf\u00f8rer stort v\u00e6gttab, som prim\u00e6rt er v\u00e6ske og fugtighed.<\/p>\n<p><b>Ionisering af luft eliminerer effektivt skimmel i klimarum<\/b><\/p>\n<p>Som virksomhed er det vigtigt at kunne producere under de bedste foruds\u00e6tninger. Med ioniserings-l\u00f8sninger fra FHS Scandinavia f\u00e5r din virksomhed et luftrensningssystem, som sikrer optimal luftkvalitet i modningsrum. Ved ionisering af luft konverteres et eller flere atomer eller molekyler til en ion ved at tilf\u00f8je eller fjerne ladede partikler s\u00e5som elektroner. Denne proces genererer ioner med et meget h\u00f8jt energipotentiale, som derefter neutraliserer bakterier, virus, bakterier og lugt.<\/p>\n<p>P\u00e5 den m\u00e5de sparer du ressourcer p\u00e5 reng\u00f8ring samt undg\u00e5r ligeledes u\u00f8nskede afvigelser, som ofte er s\u00e6sonafh\u00e6ngige i forhold til f.eks. antallet af skimmelsporer eller andre former for kontaminering i modningsrum.<\/p>\n<p><b>Leverand\u00f8r i verdensklasse<\/b><\/p>\n<p>Vores norske leverand\u00f8r inden for ionisering, Airgenic, har mange \u00e5rs erfaring med, og er de f\u00f8rende specialister i at bygge, ioniseringsudstyr til klimarum. Deres udstyr er alsidige og integrerbare, hvilket g\u00f8r, at deres serier kan installeres i eksisterende ventilation eller som separat enhed, hvor de installeres i eventuelt eksisterende produktionsomr\u00e5der til effektiv eliminering af b\u00e5de skimmel, g\u00e6r, bakterier og virus.<\/p>\n<p>Vi har 20 \u00e5rs erfaring med milj\u00f8venlige og b\u00e6redygtige dekontamineringsl\u00f8sninger, hvor vi kan hj\u00e6lpe med behandling af b\u00e5de luft, gulv, overflader, b\u00e5nd\/udstyr, pakke\/emballage og vand. Vi har opbygget solide samarbejder med Europas bedste og ledende leverand\u00f8rer inden for s\u00e5vel ionisering, som UVC-lys, ozon og antibakteriel gulvbel\u00e6gning. Se eventuelt ogs\u00e5 hvordan vi har hjulpet med <a href=\"https:\/\/fhsscandinavia.com\/bageri-ionisering-og-uvc\/\">ionisering af luft inden for br\u00f8dindustrien<\/a> samt <a href=\"https:\/\/fhsscandinavia.com\/frugt-og-groent-ionisering\/\">ionisering af luft inden for frugt, gr\u00f8nt og blomster-virksomheder<\/a>.<\/p>\n<p>Hos FHS Scandinavia har vi dialog og kunden i h\u00f8js\u00e6det, og n\u00e5r vi gennem dialog og unders\u00f8gelse af, hvor problemerne opst\u00e5r, s\u00e5 har vi oftest gode l\u00f8sninger til, hvordan forbedringer kan installeres i virksomheden. L\u00f8sninger, der b\u00e5de \u00f8konomisk og milj\u00f8rigtigt, forbedrer virksomhedens mikrobiologiske niveau.<\/p>\n<p>Har du sp\u00f8rgsm\u00e5l eller \u00f8nsker at h\u00f8re mere om, hvordan vi kan hj\u00e6lpe dig med integrerbare, milj\u00f8venlige, og \u00f8konomiske hygiejnel\u00f8sninger i din virksomhed, s\u00e5 <a href=\"https:\/\/fhsscandinavia.com\/kontakt\/\">kontakt os<\/a> gerne til en uforpligtende samtale.<\/p>\n<\/div><\/div><\/div><div class=\"fusion-layout-column fusion_builder_column fusion-builder-column-1 fusion_builder_column_1_2 1_2 fusion-flex-column\" style=\"--awb-bg-size:cover;--awb-width-large:50%;--awb-margin-top-large:15px;--awb-spacing-right-large:3.84%;--awb-margin-bottom-large:15px;--awb-spacing-left-large:3.84%;--awb-width-medium:50%;--awb-order-medium:0;--awb-spacing-right-medium:3.84%;--awb-spacing-left-medium:3.84%;--awb-width-small:100%;--awb-order-small:0;--awb-spacing-right-small:1.92%;--awb-spacing-left-small:1.92%;\"><div class=\"fusion-column-wrapper fusion-column-has-shadow fusion-flex-justify-content-flex-start fusion-content-layout-column\"><div class=\"fusion-blog-shortcode fusion-blog-shortcode-1 fusion-blog-archive fusion-blog-layout-medium fusion-blog-pagination\"><div class=\"fusion-posts-container fusion-posts-container-pagination fusion-no-meta-info fusion-blog-rollover\" data-pages=\"2\"><article id=\"blog-1-post-7604\" class=\"fusion-post-medium post-7604 post type-post status-publish format-standard has-post-thumbnail hentry category-mug-og-gaer category-slagteri-og-mejeri-ionisering-i-modningsrum\">\n\t<style type=\"text\/css\">\n\t\t\n\t\t\n\t\t\n\t\t\n\t\t\t<\/style>\n\n\n\t\t\t<div class=\"fusion-flexslider flexslider fusion-flexslider-loading fusion-post-slideshow\" style=\"\">\n\t\t<ul class=\"slides\">\n\t\t\t\n\t\t\t\t\t\t\t\t\t\t\t\t\t\t<li><div  class=\"fusion-image-wrapper fusion-image-size-fixed\" aria-haspopup=\"true\">\n\t\t\t\t<img decoding=\"async\" width=\"320\" height=\"202\" src=\"https:\/\/fhsscandinavia.com\/wp-content\/uploads\/2021\/05\/Skaermbillede-2021-05-04-kl.-13.38.57-320x202.png\" class=\"attachment-blog-medium size-blog-medium wp-post-image\" alt=\"\" srcset=\"https:\/\/fhsscandinavia.com\/wp-content\/uploads\/2021\/05\/Skaermbillede-2021-05-04-kl.-13.38.57-320x202.png 320w, https:\/\/fhsscandinavia.com\/wp-content\/uploads\/2021\/05\/Skaermbillede-2021-05-04-kl.-13.38.57-700x441.png 700w\" sizes=\"(max-width: 320px) 100vw, 320px\" \/><div class=\"fusion-rollover\">\n\t<div class=\"fusion-rollover-content\">\n\n\t\t\t\t\t\t\t\t\t\t\t\t\t\t<a class=\"fusion-rollover-link\" href=\"https:\/\/fhsscandinavia.com\/da\/ionisering-har-renset-luften-for-skimmel-i-pers-kjoekkens-klimarum-i-snart-20-aar\/\">Ionisering har renset luften for skimmel i Pers Kj\u00f8kkens klimarum i snart 20 \u00e5r<\/a>\n\t\t\t\n\t\t\t\t\t\t\t\t\n\t\t\n\t\t\t\t\t\t\t\t\t\t\t\t<h4 class=\"fusion-rollover-title\">\n\t\t\t\t\t<a class=\"fusion-rollover-title-link\" href=\"https:\/\/fhsscandinavia.com\/da\/ionisering-har-renset-luften-for-skimmel-i-pers-kjoekkens-klimarum-i-snart-20-aar\/\">\n\t\t\t\t\t\tIonisering har renset luften for skimmel i Pers Kj\u00f8kkens klimarum i snart 20 \u00e5r\t\t\t\t\t<\/a>\n\t\t\t\t<\/h4>\n\t\t\t\n\t\t\t\t\t\t\t\t\n\t\t\n\t\t\t\t\t\t<a class=\"fusion-link-wrapper\" href=\"https:\/\/fhsscandinavia.com\/da\/ionisering-har-renset-luften-for-skimmel-i-pers-kjoekkens-klimarum-i-snart-20-aar\/\" aria-label=\"Ionisering har renset luften for skimmel i Pers Kj\u00f8kkens klimarum i snart 20 \u00e5r\"><\/a>\n\t<\/div>\n<\/div>\n<\/div>\n<\/li>\n\t\t\t\n\t\t\t\n\t\t\t\t\t\t\t\t\t\t\t\t\t\t\t\t\t\t\t\t\t\t\t\t\t\t\t\t\t\t\t\t\t\t\t\t\t\t\t\t\t\t\t\t\t\t\t\t\t\t\t\t\t\t\t\t\t\t\t\t\t\t\t\t\t\t\t\t<\/ul>\n\t<\/div>\n\t<div class=\"fusion-post-content post-content\"><h2 class=\"blog-shortcode-post-title entry-title\"><a href=\"https:\/\/fhsscandinavia.com\/da\/ionisering-har-renset-luften-for-skimmel-i-pers-kjoekkens-klimarum-i-snart-20-aar\/\">Ionisering har renset luften for skimmel i Pers Kj\u00f8kkens klimarum i snart 20 \u00e5r<\/a><\/h2><\/div><div class=\"fusion-clearfix\"><\/div><\/article>\n<article id=\"blog-1-post-7483\" class=\"fusion-post-medium post-7483 post type-post status-publish format-standard has-post-thumbnail hentry category-mug-og-gaer category-slagteri-og-mejeri-ionisering-i-modningsrum\">\n\t<style type=\"text\/css\">\n\t\t\n\t\t\n\t\t\n\t\t\n\t\t\t<\/style>\n\n\n\t\t\t<div class=\"fusion-flexslider flexslider fusion-flexslider-loading fusion-post-slideshow\" style=\"\">\n\t\t<ul class=\"slides\">\n\t\t\t\n\t\t\t\t\t\t\t\t\t\t\t\t\t\t<li><div  class=\"fusion-image-wrapper fusion-image-size-fixed\" aria-haspopup=\"true\">\n\t\t\t\t<img decoding=\"async\" width=\"320\" height=\"202\" src=\"https:\/\/fhsscandinavia.com\/wp-content\/uploads\/2021\/04\/Fanaost-3-320x202.jpg\" class=\"attachment-blog-medium size-blog-medium wp-post-image\" alt=\"\" srcset=\"https:\/\/fhsscandinavia.com\/wp-content\/uploads\/2021\/04\/Fanaost-3-320x202.jpg 320w, https:\/\/fhsscandinavia.com\/wp-content\/uploads\/2021\/04\/Fanaost-3-700x441.jpg 700w\" sizes=\"(max-width: 320px) 100vw, 320px\" \/><div class=\"fusion-rollover\">\n\t<div class=\"fusion-rollover-content\">\n\n\t\t\t\t\t\t\t\t\t\t\t\t\t\t<a class=\"fusion-rollover-link\" href=\"https:\/\/fhsscandinavia.com\/da\/mejeri-reducerer-spild-og-ekstra-rengoering-med-ionisering-i-modningsrum\/\">Mejeri reducerer spild og ekstra reng\u00f8ring med ionisering i modningsrum<\/a>\n\t\t\t\n\t\t\t\t\t\t\t\t\n\t\t\n\t\t\t\t\t\t\t\t\t\t\t\t<h4 class=\"fusion-rollover-title\">\n\t\t\t\t\t<a class=\"fusion-rollover-title-link\" href=\"https:\/\/fhsscandinavia.com\/da\/mejeri-reducerer-spild-og-ekstra-rengoering-med-ionisering-i-modningsrum\/\">\n\t\t\t\t\t\tMejeri reducerer spild og ekstra reng\u00f8ring med ionisering i modningsrum\t\t\t\t\t<\/a>\n\t\t\t\t<\/h4>\n\t\t\t\n\t\t\t\t\t\t\t\t\n\t\t\n\t\t\t\t\t\t<a class=\"fusion-link-wrapper\" href=\"https:\/\/fhsscandinavia.com\/da\/mejeri-reducerer-spild-og-ekstra-rengoering-med-ionisering-i-modningsrum\/\" aria-label=\"Mejeri reducerer spild og ekstra reng\u00f8ring med ionisering i modningsrum\"><\/a>\n\t<\/div>\n<\/div>\n<\/div>\n<\/li>\n\t\t\t\n\t\t\t\n\t\t\t\t\t\t\t\t\t\t\t\t\t\t\t\t\t\t\t\t\t\t\t\t\t\t\t\t\t\t\t\t\t\t\t\t\t\t\t\t\t\t\t\t\t\t\t\t\t\t\t\t\t\t\t\t\t\t\t\t\t\t\t\t\t\t\t\t<\/ul>\n\t<\/div>\n\t<div class=\"fusion-post-content post-content\"><h2 class=\"blog-shortcode-post-title entry-title\"><a href=\"https:\/\/fhsscandinavia.com\/da\/mejeri-reducerer-spild-og-ekstra-rengoering-med-ionisering-i-modningsrum\/\">Mejeri reducerer spild og ekstra reng\u00f8ring med ionisering i modningsrum<\/a><\/h2><\/div><div class=\"fusion-clearfix\"><\/div><\/article>\n<article id=\"blog-1-post-7377\" class=\"fusion-post-medium post-7377 post type-post status-publish format-standard has-post-thumbnail hentry category-bakterier-og-hoeje-kimtal category-mug-og-gaer category-slagteri-og-mejeri-ionisering-i-modningsrum\">\n\t<style type=\"text\/css\">\n\t\t\n\t\t\n\t\t\n\t\t\n\t\t\t<\/style>\n\n\n\t\t\t<div class=\"fusion-flexslider flexslider fusion-flexslider-loading fusion-post-slideshow\" style=\"\">\n\t\t<ul class=\"slides\">\n\t\t\t\n\t\t\t\t\t\t\t\t\t\t\t\t\t\t<li><div  class=\"fusion-image-wrapper fusion-image-size-fixed\" aria-haspopup=\"true\">\n\t\t\t\t<img decoding=\"async\" width=\"320\" height=\"202\" src=\"https:\/\/fhsscandinavia.com\/wp-content\/uploads\/2021\/03\/Foto-slagterga\u030arden-320x202.jpg\" class=\"attachment-blog-medium size-blog-medium wp-post-image\" alt=\"\" srcset=\"https:\/\/fhsscandinavia.com\/wp-content\/uploads\/2021\/03\/Foto-slagterga\u030arden-320x202.jpg 320w, https:\/\/fhsscandinavia.com\/wp-content\/uploads\/2021\/03\/Foto-slagterga\u030arden-700x441.jpg 700w\" sizes=\"(max-width: 320px) 100vw, 320px\" \/><div class=\"fusion-rollover\">\n\t<div class=\"fusion-rollover-content\">\n\n\t\t\t\t\t\t\t\t\t\t\t\t\t\t<a class=\"fusion-rollover-link\" href=\"https:\/\/fhsscandinavia.com\/da\/fjern-skimmel-fra-klimarum-med-oekologiske-spegepoelser-ved-brug-af-ionisering\/\">Fjern skimmel fra klimarum med \u00f8kologiske spegep\u00f8lser ved brug af ionisering<\/a>\n\t\t\t\n\t\t\t\t\t\t\t\t\n\t\t\n\t\t\t\t\t\t\t\t\t\t\t\t<h4 class=\"fusion-rollover-title\">\n\t\t\t\t\t<a class=\"fusion-rollover-title-link\" href=\"https:\/\/fhsscandinavia.com\/da\/fjern-skimmel-fra-klimarum-med-oekologiske-spegepoelser-ved-brug-af-ionisering\/\">\n\t\t\t\t\t\tFjern skimmel fra klimarum med \u00f8kologiske spegep\u00f8lser ved brug af ionisering\t\t\t\t\t<\/a>\n\t\t\t\t<\/h4>\n\t\t\t\n\t\t\t\t\t\t\t\t\n\t\t\n\t\t\t\t\t\t<a class=\"fusion-link-wrapper\" href=\"https:\/\/fhsscandinavia.com\/da\/fjern-skimmel-fra-klimarum-med-oekologiske-spegepoelser-ved-brug-af-ionisering\/\" aria-label=\"Fjern skimmel fra klimarum med \u00f8kologiske spegep\u00f8lser ved brug af ionisering\"><\/a>\n\t<\/div>\n<\/div>\n<\/div>\n<\/li>\n\t\t\t\n\t\t\t\n\t\t\t\t\t\t\t\t\t\t\t\t\t\t\t\t\t\t\t\t\t\t\t\t\t\t\t\t\t\t\t\t\t\t\t\t\t\t\t\t\t\t\t\t\t\t\t\t\t\t\t\t\t\t\t\t\t\t\t\t\t\t\t\t\t\t\t\t<\/ul>\n\t<\/div>\n\t<div class=\"fusion-post-content post-content\"><h2 class=\"blog-shortcode-post-title entry-title\"><a href=\"https:\/\/fhsscandinavia.com\/da\/fjern-skimmel-fra-klimarum-med-oekologiske-spegepoelser-ved-brug-af-ionisering\/\">Fjern skimmel fra klimarum med \u00f8kologiske spegep\u00f8lser ved brug af ionisering<\/a><\/h2><\/div><div class=\"fusion-clearfix\"><\/div><\/article>\n<article id=\"blog-1-post-7327\" class=\"fusion-post-medium post-7327 post type-post status-publish format-standard has-post-thumbnail hentry category-mug-og-gaer category-slagteri-og-mejeri-ionisering-i-modningsrum\">\n\t<style type=\"text\/css\">\n\t\t\n\t\t\n\t\t\n\t\t\n\t\t\t<\/style>\n\n\n\t\t\t<div class=\"fusion-flexslider flexslider fusion-flexslider-loading fusion-post-slideshow\" style=\"\">\n\t\t<ul class=\"slides\">\n\t\t\t\n\t\t\t\t\t\t\t\t\t\t\t\t\t\t<li><div  class=\"fusion-image-wrapper fusion-image-size-fixed\" aria-haspopup=\"true\">\n\t\t\t\t<img decoding=\"async\" width=\"320\" height=\"202\" src=\"https:\/\/fhsscandinavia.com\/wp-content\/uploads\/2021\/03\/Skaermbillede-2021-03-23-kl.-17.37.46-320x202.png\" class=\"attachment-blog-medium size-blog-medium wp-post-image\" alt=\"\" srcset=\"https:\/\/fhsscandinavia.com\/wp-content\/uploads\/2021\/03\/Skaermbillede-2021-03-23-kl.-17.37.46-320x202.png 320w, https:\/\/fhsscandinavia.com\/wp-content\/uploads\/2021\/03\/Skaermbillede-2021-03-23-kl.-17.37.46-638x400.png 638w\" sizes=\"(max-width: 320px) 100vw, 320px\" \/><div class=\"fusion-rollover\">\n\t<div class=\"fusion-rollover-content\">\n\n\t\t\t\t\t\t\t\t\t\t\t\t\t\t<a class=\"fusion-rollover-link\" href=\"https:\/\/fhsscandinavia.com\/da\/oste-i-saltkar-og-mikrobiologi-i-luften\/\">oste i saltkar og mikrobiologi i luften<\/a>\n\t\t\t\n\t\t\t\t\t\t\t\t\n\t\t\n\t\t\t\t\t\t\t\t\t\t\t\t<h4 class=\"fusion-rollover-title\">\n\t\t\t\t\t<a class=\"fusion-rollover-title-link\" href=\"https:\/\/fhsscandinavia.com\/da\/oste-i-saltkar-og-mikrobiologi-i-luften\/\">\n\t\t\t\t\t\toste i saltkar og mikrobiologi i luften\t\t\t\t\t<\/a>\n\t\t\t\t<\/h4>\n\t\t\t\n\t\t\t\t\t\t\t\t\n\t\t\n\t\t\t\t\t\t<a class=\"fusion-link-wrapper\" href=\"https:\/\/fhsscandinavia.com\/da\/oste-i-saltkar-og-mikrobiologi-i-luften\/\" aria-label=\"oste i saltkar og mikrobiologi i luften\"><\/a>\n\t<\/div>\n<\/div>\n<\/div>\n<\/li>\n\t\t\t\n\t\t\t\n\t\t\t\t\t\t\t\t\t\t\t\t\t\t\t\t\t\t\t\t\t\t\t\t\t\t\t\t\t\t\t\t\t\t\t\t\t\t\t\t\t\t\t\t\t\t\t\t\t\t\t\t\t\t\t\t\t\t\t\t\t\t\t\t\t\t\t\t<\/ul>\n\t<\/div>\n\t<div class=\"fusion-post-content post-content\"><h2 class=\"blog-shortcode-post-title entry-title\"><a href=\"https:\/\/fhsscandinavia.com\/da\/oste-i-saltkar-og-mikrobiologi-i-luften\/\">oste i saltkar og mikrobiologi i luften<\/a><\/h2><\/div><div class=\"fusion-clearfix\"><\/div><\/article>\n<\/div><div class=\"pagination clearfix\"><span class=\"current\">1<\/span><a href=\"https:\/\/fhsscandinavia.com\/da\/wp-json\/wp\/v2\/pages\/7511\/page\/2\/\" class=\"inactive\">2<\/a><a class=\"pagination-next\" rel=\"next\" href=\"https:\/\/fhsscandinavia.com\/da\/wp-json\/wp\/v2\/pages\/7511\/page\/2\/\"><span class=\"page-text\">N\u00e6ste<\/span><span class=\"page-next\"><\/span><\/a><\/div><div class=\"fusion-clearfix\"><\/div><\/div><\/div><\/div><\/div><\/div>\n","protected":false},"excerpt":{"rendered":"","protected":false},"author":2,"featured_media":0,"parent":0,"menu_order":0,"comment_status":"closed","ping_status":"closed","template":"","meta":{"footnotes":""},"class_list":["post-7511","page","type-page","status-publish","hentry"],"_links":{"self":[{"href":"https:\/\/fhsscandinavia.com\/da\/wp-json\/wp\/v2\/pages\/7511","targetHints":{"allow":["GET"]}}],"collection":[{"href":"https:\/\/fhsscandinavia.com\/da\/wp-json\/wp\/v2\/pages"}],"about":[{"href":"https:\/\/fhsscandinavia.com\/da\/wp-json\/wp\/v2\/types\/page"}],"author":[{"embeddable":true,"href":"https:\/\/fhsscandinavia.com\/da\/wp-json\/wp\/v2\/users\/2"}],"replies":[{"embeddable":true,"href":"https:\/\/fhsscandinavia.com\/da\/wp-json\/wp\/v2\/comments?post=7511"}],"version-history":[{"count":6,"href":"https:\/\/fhsscandinavia.com\/da\/wp-json\/wp\/v2\/pages\/7511\/revisions"}],"predecessor-version":[{"id":8468,"href":"https:\/\/fhsscandinavia.com\/da\/wp-json\/wp\/v2\/pages\/7511\/revisions\/8468"}],"wp:attachment":[{"href":"https:\/\/fhsscandinavia.com\/da\/wp-json\/wp\/v2\/media?parent=7511"}],"curies":[{"name":"wp","href":"https:\/\/api.w.org\/{rel}","templated":true}]}}