{"id":7513,"date":"2021-04-27T10:57:55","date_gmt":"2021-04-27T08:57:55","guid":{"rendered":"https:\/\/fhsscandinavia.com\/?page_id=7513"},"modified":"2021-11-29T10:19:26","modified_gmt":"2021-11-29T09:19:26","slug":"frugt-og-groent-ionisering","status":"publish","type":"page","link":"https:\/\/fhsscandinavia.com\/da\/frugt-og-groent-ionisering\/","title":{"rendered":"Frugt og Gr\u00f8nt \u2013 ionisering"},"content":{"rendered":"<div class=\"fusion-fullwidth fullwidth-box fusion-builder-row-1 fusion-flex-container nonhundred-percent-fullwidth non-hundred-percent-height-scrolling\" style=\"--awb-border-radius-top-left:0px;--awb-border-radius-top-right:0px;--awb-border-radius-bottom-right:0px;--awb-border-radius-bottom-left:0px;--awb-flex-wrap:wrap;\" ><div class=\"fusion-builder-row fusion-row fusion-flex-align-items-flex-start fusion-flex-content-wrap\" style=\"max-width:1227.2px;margin-left: calc(-4% \/ 2 );margin-right: calc(-4% \/ 2 );\"><div class=\"fusion-layout-column fusion_builder_column fusion-builder-column-0 fusion_builder_column_1_2 1_2 fusion-flex-column\" style=\"--awb-bg-size:cover;--awb-width-large:50%;--awb-margin-top-large:15px;--awb-spacing-right-large:3.84%;--awb-margin-bottom-large:15px;--awb-spacing-left-large:3.84%;--awb-width-medium:50%;--awb-order-medium:0;--awb-spacing-right-medium:3.84%;--awb-spacing-left-medium:3.84%;--awb-width-small:100%;--awb-order-small:0;--awb-spacing-right-small:1.92%;--awb-spacing-left-small:1.92%;\"><div class=\"fusion-column-wrapper fusion-column-has-shadow fusion-flex-justify-content-flex-start fusion-content-layout-column\"><div class=\"fusion-text fusion-text-1\" style=\"--awb-text-transform:none;\"><p>Alle producenter, grossister og forhandlere taler om at mindske madspild og samme \u00f8nske kommer fra forbrugerorganisationer, politikere, forskere osv.<\/p>\n<p>Hos FHS Scandinavia har vi stor erfaring i at reducere b\u00e5de skimmel og etyhlin hos Frugt og Gr\u00f8nt-virksomheder, og n\u00e5r vi kommer i dialog og f\u00e5r udarbejdet en unders\u00f8gelse af, hvor problemerne opst\u00e5r, s\u00e5 har vi oftest gode l\u00f8sninger til, hvordan forbedringer kan installeres i virksomheden. L\u00f8sninger, der b\u00e5de \u00f8konomisk og milj\u00f8rigtigt, forbedrer virksomhedens mikrobiologiske niveau.<\/p>\n<p><b>Effektiv og naturlig luftrensning samt dekontaminering<\/b><\/p>\n<p>Hos FHS Scandinavia har vi 20 \u00e5rs erfaring med kemifri hygiejnel\u00f8sninger og har opbygget solide samarbejder med europas bedste og ledende leverand\u00f8rer inden for UVC-lys, ionisering, ozon og antibakteriel gulvbel\u00e6gning.<\/p>\n<p>Vores norske leverand\u00f8r inden for ionisering, Airgenic, er ingen undtagelse. De er et firma med mange \u00e5rs erfaring inden for ioniseringsteknologi, og har specialiseret sig i at bygge ioniseringsudstyr til industrien. Deres udstyr kan installeres i eksisterende ventilation eller som separat enhed, hvor de installeres i eventuelt eksisterende produktionsomr\u00e5der til effektiv eliminering af b\u00e5de skimmel, g\u00e6r og bakterier og virus.<\/p>\n<p><b>Bedre luftkvalitet giver \u00f8konomisk gevinst<\/b><\/p>\n<p>Vi erfarer, at vi kan g\u00f8re en stor forskel hos frugt og gr\u00f8nt-virksomheder der har udfordringer med skimmel og etyhlin i luften. Ethylenproduktionen kan blive en udfordring for opbevaringen af frugt og gr\u00f8nt, fordi de ikke alle producerer den samme m\u00e6ngde ethylen. Med installation af et ioniserings-anl\u00e6g f\u00e5r du en naturlig og effektiv l\u00f8sning til rensning og neutralisering af luft. N\u00e5r luften ioniseres, s\u00e5 konverteres et eller flere atomer eller molekyler til en ion ved at tilf\u00f8je eller fjerne ladede partikler s\u00e5som elektroner. Denne proces genererer ioner med et meget h\u00f8jt energipotentiale, som derefter neutraliserer bakterier, virus, bakterier og lugt. Se eventuelt ogs\u00e5 hvordan vi har hjulpet med <a href=\"https:\/\/fhsscandinavia.com\/bageri-ionisering-og-uvc\/\">ionisering af luft inden for br\u00f8dindustrien<\/a>, samt <a href=\"https:\/\/fhsscandinavia.com\/slagteri-og-mejeri-ionisering-i-modningsrum\/\">ionisering af modningsrum i slagteri- og mejeriindustrien<\/a> her.<\/p>\n<p>FHS Scandinavia m\u00f8der ligeledes ogs\u00e5 kunder, der ikke umiddelbart oplever at have problemer med skimmel og ethylin i luften, men her kan vi g\u00f8re en \u00f8konomisk forskel til fordel for virksomheden. Virksomhederne har nemlig ofte budgetteret med ekstra spild, reng\u00f8ring og arbejdstimer, da skimmeludfordringerne er s\u00e5 velkendte, at de opleves som \u201den del af hverdagen\u201d. Men det er en dyr beslutning at se det med de briller p\u00e5. Og sv\u00e6rt at mindske madspild, hvis vanerne ikke brydes. De ved ogs\u00e5, at der kan v\u00e6re s\u00e6sonudsving i forhold til skimmel og st\u00f8vpartikler i luften, s\u00e5 derfor s\u00e6tter de ind med ekstra reng\u00f8ring netop i de perioder. Efter installation af ionisering konstaterer frugt- og gr\u00f8ntlagrene generelt et mindre behov for vask og reng\u00f8ring, og ser en tydelig reducering af s\u00e6sonudsving. Samtidig opn\u00e5r de en l\u00e6ngere holdbarhed p\u00e5 produkter og dermed et reduceret madspild. En god investering for b\u00e5de virksomheden og samfundet.<\/p>\n<p>Har du sp\u00f8rgsm\u00e5l eller \u00f8nsker at h\u00f8re mere om hvordan vi kan hj\u00e6lpe dig med integrerbare, milj\u00f8venlige, og \u00f8konomiske hygiejnel\u00f8sninger i din virksomhed, s\u00e5 <a href=\"https:\/\/fhsscandinavia.com\/kontakt\/\">kontakt os<\/a> gerne til en uforpligtende samtale.<\/p>\n<\/div><\/div><\/div><div class=\"fusion-layout-column fusion_builder_column fusion-builder-column-1 fusion_builder_column_1_2 1_2 fusion-flex-column\" style=\"--awb-bg-size:cover;--awb-width-large:50%;--awb-margin-top-large:15px;--awb-spacing-right-large:3.84%;--awb-margin-bottom-large:15px;--awb-spacing-left-large:3.84%;--awb-width-medium:50%;--awb-order-medium:0;--awb-spacing-right-medium:3.84%;--awb-spacing-left-medium:3.84%;--awb-width-small:100%;--awb-order-small:0;--awb-spacing-right-small:1.92%;--awb-spacing-left-small:1.92%;\"><div class=\"fusion-column-wrapper fusion-column-has-shadow fusion-flex-justify-content-flex-start fusion-content-layout-column\"><div class=\"fusion-blog-shortcode fusion-blog-shortcode-1 fusion-blog-archive fusion-blog-layout-medium fusion-blog-pagination\"><div class=\"fusion-posts-container fusion-posts-container-pagination fusion-no-meta-info fusion-blog-rollover\" data-pages=\"1\"><article id=\"blog-1-post-8225\" class=\"fusion-post-medium post-8225 post type-post status-publish format-standard has-post-thumbnail hentry category-frugt-og-groent-ionisering category-uncategorized-da\">\n\t<style type=\"text\/css\">\n\t\t\n\t\t\n\t\t\n\t\t\n\t\t\t<\/style>\n\n\n\t\t\t<div class=\"fusion-flexslider flexslider fusion-flexslider-loading fusion-post-slideshow\" style=\"\">\n\t\t<ul class=\"slides\">\n\t\t\t\n\t\t\t\t\t\t\t\t\t\t\t\t\t\t<li><div  class=\"fusion-image-wrapper fusion-image-size-fixed\" aria-haspopup=\"true\">\n\t\t\t\t<img decoding=\"async\" width=\"320\" height=\"202\" src=\"https:\/\/fhsscandinavia.com\/wp-content\/uploads\/2021\/08\/flottere-blomster-med-ionisering-320x202.jpg\" class=\"attachment-blog-medium size-blog-medium wp-post-image\" alt=\"Blomster\" \/><div class=\"fusion-rollover\">\n\t<div class=\"fusion-rollover-content\">\n\n\t\t\t\t\t\t\t\t\t\t\t\t\t\t<a class=\"fusion-rollover-link\" href=\"https:\/\/fhsscandinavia.com\/da\/flottere-blomster-med-laengere-holdbarhed\/\">Flottere blomster med l\u00e6ngere holdbarhed<\/a>\n\t\t\t\n\t\t\t\t\t\t\t\t\n\t\t\n\t\t\t\t\t\t\t\t\t\t\t\t<h4 class=\"fusion-rollover-title\">\n\t\t\t\t\t<a class=\"fusion-rollover-title-link\" href=\"https:\/\/fhsscandinavia.com\/da\/flottere-blomster-med-laengere-holdbarhed\/\">\n\t\t\t\t\t\tFlottere blomster med l\u00e6ngere holdbarhed\t\t\t\t\t<\/a>\n\t\t\t\t<\/h4>\n\t\t\t\n\t\t\t\t\t\t\t\t\n\t\t\n\t\t\t\t\t\t<a class=\"fusion-link-wrapper\" href=\"https:\/\/fhsscandinavia.com\/da\/flottere-blomster-med-laengere-holdbarhed\/\" aria-label=\"Flottere blomster med l\u00e6ngere holdbarhed\"><\/a>\n\t<\/div>\n<\/div>\n<\/div>\n<\/li>\n\t\t\t\n\t\t\t\n\t\t\t\t\t\t\t\t\t\t\t\t\t\t\t\t\t\t\t\t\t\t\t\t\t\t\t\t\t\t\t\t\t\t\t\t\t\t\t\t\t\t\t\t\t\t\t\t\t\t\t\t\t\t\t\t\t\t\t\t\t\t\t\t\t\t\t\t<\/ul>\n\t<\/div>\n\t<div class=\"fusion-post-content post-content\"><h2 class=\"blog-shortcode-post-title entry-title\"><a href=\"https:\/\/fhsscandinavia.com\/da\/flottere-blomster-med-laengere-holdbarhed\/\">Flottere blomster med l\u00e6ngere holdbarhed<\/a><\/h2><\/div><div class=\"fusion-clearfix\"><\/div><\/article>\n<article id=\"blog-1-post-7559\" class=\"fusion-post-medium post-7559 post type-post status-publish format-standard has-post-thumbnail hentry category-frugt-og-groent-ionisering category-mug-og-gaer\">\n\t<style type=\"text\/css\">\n\t\t\n\t\t\n\t\t\n\t\t\n\t\t\t<\/style>\n\n\n\t\t\t<div class=\"fusion-flexslider flexslider fusion-flexslider-loading fusion-post-slideshow\" style=\"\">\n\t\t<ul class=\"slides\">\n\t\t\t\n\t\t\t\t\t\t\t\t\t\t\t\t\t\t<li><div  class=\"fusion-image-wrapper fusion-image-size-fixed\" aria-haspopup=\"true\">\n\t\t\t\t<img decoding=\"async\" width=\"320\" height=\"202\" src=\"https:\/\/fhsscandinavia.com\/wp-content\/uploads\/2021\/05\/Skaermbillede-2021-05-03-kl.-16.23.43-1-320x202.png\" class=\"attachment-blog-medium size-blog-medium wp-post-image\" alt=\"\" srcset=\"https:\/\/fhsscandinavia.com\/wp-content\/uploads\/2021\/05\/Skaermbillede-2021-05-03-kl.-16.23.43-1-320x202.png 320w, https:\/\/fhsscandinavia.com\/wp-content\/uploads\/2021\/05\/Skaermbillede-2021-05-03-kl.-16.23.43-1-700x441.png 700w\" sizes=\"(max-width: 320px) 100vw, 320px\" \/><div class=\"fusion-rollover\">\n\t<div class=\"fusion-rollover-content\">\n\n\t\t\t\t\t\t\t\t\t\t\t\t\t\t<a class=\"fusion-rollover-link\" href=\"https:\/\/fhsscandinavia.com\/da\/stop-madspild-allerede-paa-frugt-og-groentlageret-billig-og-enkel-loesning\/\">STOP madspild allerede p\u00e5 frugt og gr\u00f8ntlageret \u2013 billig og enkel l\u00f8sning<\/a>\n\t\t\t\n\t\t\t\t\t\t\t\t\n\t\t\n\t\t\t\t\t\t\t\t\t\t\t\t<h4 class=\"fusion-rollover-title\">\n\t\t\t\t\t<a class=\"fusion-rollover-title-link\" href=\"https:\/\/fhsscandinavia.com\/da\/stop-madspild-allerede-paa-frugt-og-groentlageret-billig-og-enkel-loesning\/\">\n\t\t\t\t\t\tSTOP madspild allerede p\u00e5 frugt og gr\u00f8ntlageret \u2013 billig og enkel l\u00f8sning\t\t\t\t\t<\/a>\n\t\t\t\t<\/h4>\n\t\t\t\n\t\t\t\t\t\t\t\t\n\t\t\n\t\t\t\t\t\t<a class=\"fusion-link-wrapper\" href=\"https:\/\/fhsscandinavia.com\/da\/stop-madspild-allerede-paa-frugt-og-groentlageret-billig-og-enkel-loesning\/\" aria-label=\"STOP madspild allerede p\u00e5 frugt og gr\u00f8ntlageret \u2013 billig og enkel l\u00f8sning\"><\/a>\n\t<\/div>\n<\/div>\n<\/div>\n<\/li>\n\t\t\t\n\t\t\t\n\t\t\t\t\t\t\t\t\t\t\t\t\t\t\t\t\t\t\t\t\t\t\t\t\t\t\t\t\t\t\t\t\t\t\t\t\t\t\t\t\t\t\t\t\t\t\t\t\t\t\t\t\t\t\t\t\t\t\t\t\t\t\t\t\t\t\t\t<\/ul>\n\t<\/div>\n\t<div class=\"fusion-post-content post-content\"><h2 class=\"blog-shortcode-post-title entry-title\"><a href=\"https:\/\/fhsscandinavia.com\/da\/stop-madspild-allerede-paa-frugt-og-groentlageret-billig-og-enkel-loesning\/\">STOP madspild allerede p\u00e5 frugt og gr\u00f8ntlageret \u2013 billig og enkel l\u00f8sning<\/a><\/h2><\/div><div class=\"fusion-clearfix\"><\/div><\/article>\n<article id=\"blog-1-post-7467\" class=\"fusion-post-medium post-7467 post type-post status-publish format-standard has-post-thumbnail hentry category-frugt-og-groent-ionisering\">\n\t<style type=\"text\/css\">\n\t\t\n\t\t\n\t\t\n\t\t\n\t\t\t<\/style>\n\n\n\t\t\t<div class=\"fusion-flexslider flexslider fusion-flexslider-loading fusion-post-slideshow\" style=\"\">\n\t\t<ul class=\"slides\">\n\t\t\t\n\t\t\t\t\t\t\t\t\t\t\t\t\t\t<li><div  class=\"fusion-image-wrapper fusion-image-size-fixed\" aria-haspopup=\"true\">\n\t\t\t\t<img decoding=\"async\" width=\"320\" height=\"202\" src=\"https:\/\/fhsscandinavia.com\/wp-content\/uploads\/2021\/04\/frugt-320x202.jpg\" class=\"attachment-blog-medium size-blog-medium wp-post-image\" alt=\"\" srcset=\"https:\/\/fhsscandinavia.com\/wp-content\/uploads\/2021\/04\/frugt-320x202.jpg 320w, https:\/\/fhsscandinavia.com\/wp-content\/uploads\/2021\/04\/frugt-700x441.jpg 700w\" sizes=\"(max-width: 320px) 100vw, 320px\" \/><div class=\"fusion-rollover\">\n\t<div class=\"fusion-rollover-content\">\n\n\t\t\t\t\t\t\t\t\t\t\t\t\t\t<a class=\"fusion-rollover-link\" href=\"https:\/\/fhsscandinavia.com\/da\/generel-case-om-ionisering-i-frugt-og-groentbranchen\/\">Generel case om ionisering i Frugt- og gr\u00f8ntbranchen<\/a>\n\t\t\t\n\t\t\t\t\t\t\t\t\n\t\t\n\t\t\t\t\t\t\t\t\t\t\t\t<h4 class=\"fusion-rollover-title\">\n\t\t\t\t\t<a class=\"fusion-rollover-title-link\" href=\"https:\/\/fhsscandinavia.com\/da\/generel-case-om-ionisering-i-frugt-og-groentbranchen\/\">\n\t\t\t\t\t\tGenerel case om ionisering i Frugt- og gr\u00f8ntbranchen\t\t\t\t\t<\/a>\n\t\t\t\t<\/h4>\n\t\t\t\n\t\t\t\t\t\t\t\t\n\t\t\n\t\t\t\t\t\t<a class=\"fusion-link-wrapper\" href=\"https:\/\/fhsscandinavia.com\/da\/generel-case-om-ionisering-i-frugt-og-groentbranchen\/\" aria-label=\"Generel case om ionisering i Frugt- og gr\u00f8ntbranchen\"><\/a>\n\t<\/div>\n<\/div>\n<\/div>\n<\/li>\n\t\t\t\n\t\t\t\n\t\t\t\t\t\t\t\t\t\t\t\t\t\t\t\t\t\t\t\t\t\t\t\t\t\t\t\t\t\t\t\t\t\t\t\t\t\t\t\t\t\t\t\t\t\t\t\t\t\t\t\t\t\t\t\t\t\t\t\t\t\t\t\t\t\t\t\t<\/ul>\n\t<\/div>\n\t<div class=\"fusion-post-content post-content\"><h2 class=\"blog-shortcode-post-title entry-title\"><a href=\"https:\/\/fhsscandinavia.com\/da\/generel-case-om-ionisering-i-frugt-og-groentbranchen\/\">Generel case om ionisering i Frugt- og gr\u00f8ntbranchen<\/a><\/h2><\/div><div class=\"fusion-clearfix\"><\/div><\/article>\n<\/div><\/div><\/div><\/div><\/div><\/div>\n","protected":false},"excerpt":{"rendered":"","protected":false},"author":2,"featured_media":0,"parent":0,"menu_order":0,"comment_status":"closed","ping_status":"closed","template":"","meta":{"footnotes":""},"class_list":["post-7513","page","type-page","status-publish","hentry"],"_links":{"self":[{"href":"https:\/\/fhsscandinavia.com\/da\/wp-json\/wp\/v2\/pages\/7513","targetHints":{"allow":["GET"]}}],"collection":[{"href":"https:\/\/fhsscandinavia.com\/da\/wp-json\/wp\/v2\/pages"}],"about":[{"href":"https:\/\/fhsscandinavia.com\/da\/wp-json\/wp\/v2\/types\/page"}],"author":[{"embeddable":true,"href":"https:\/\/fhsscandinavia.com\/da\/wp-json\/wp\/v2\/users\/2"}],"replies":[{"embeddable":true,"href":"https:\/\/fhsscandinavia.com\/da\/wp-json\/wp\/v2\/comments?post=7513"}],"version-history":[{"count":6,"href":"https:\/\/fhsscandinavia.com\/da\/wp-json\/wp\/v2\/pages\/7513\/revisions"}],"predecessor-version":[{"id":8376,"href":"https:\/\/fhsscandinavia.com\/da\/wp-json\/wp\/v2\/pages\/7513\/revisions\/8376"}],"wp:attachment":[{"href":"https:\/\/fhsscandinavia.com\/da\/wp-json\/wp\/v2\/media?parent=7513"}],"curies":[{"name":"wp","href":"https:\/\/api.w.org\/{rel}","templated":true}]}}