{"id":7515,"date":"2021-04-27T10:57:50","date_gmt":"2021-04-27T08:57:50","guid":{"rendered":"https:\/\/fhsscandinavia.com\/?page_id=7515"},"modified":"2021-11-29T10:27:49","modified_gmt":"2021-11-29T09:27:49","slug":"bageri-ionisering-og-uvc","status":"publish","type":"page","link":"https:\/\/fhsscandinavia.com\/da\/bageri-ionisering-og-uvc\/","title":{"rendered":"Bageri \u2013 Ionisering og UVC"},"content":{"rendered":"<div class=\"fusion-fullwidth fullwidth-box fusion-builder-row-1 fusion-flex-container nonhundred-percent-fullwidth non-hundred-percent-height-scrolling\" style=\"--awb-border-radius-top-left:0px;--awb-border-radius-top-right:0px;--awb-border-radius-bottom-right:0px;--awb-border-radius-bottom-left:0px;--awb-flex-wrap:wrap;\" ><div class=\"fusion-builder-row fusion-row fusion-flex-align-items-flex-start fusion-flex-content-wrap\" style=\"max-width:1227.2px;margin-left: calc(-4% \/ 2 );margin-right: calc(-4% \/ 2 );\"><div class=\"fusion-layout-column fusion_builder_column fusion-builder-column-0 fusion_builder_column_1_2 1_2 fusion-flex-column\" style=\"--awb-bg-size:cover;--awb-width-large:50%;--awb-margin-top-large:15px;--awb-spacing-right-large:3.84%;--awb-margin-bottom-large:15px;--awb-spacing-left-large:3.84%;--awb-width-medium:50%;--awb-order-medium:0;--awb-spacing-right-medium:3.84%;--awb-spacing-left-medium:3.84%;--awb-width-small:100%;--awb-order-small:0;--awb-spacing-right-small:1.92%;--awb-spacing-left-small:1.92%;\"><div class=\"fusion-column-wrapper fusion-column-has-shadow fusion-flex-justify-content-flex-start fusion-content-layout-column\"><div class=\"fusion-text fusion-text-1\" style=\"--awb-text-transform:none;\"><p>God hygiejne er et vigtigt aspekt inden for produktion i en lang r\u00e6kke industrivirksomheder. Is\u00e6r inden for f\u00f8devareindustrien stilles der h\u00f8je krav til sporbarhed og fejlfri hygiejne, hvilket kr\u00e6ver stor fokus p\u00e5 optimering af alle processerne i produktionen. Det h\u00f8je hygiejneniveau for driften i f\u00f8devarevirksomheder industrivirksomheder er nemlig afg\u00f8rende for menneskers sikkerhed og sundhed og det er derfor vigtigt at produkter, udstyr, luft og overflader ikke kontamineres.<\/p>\n<p><b>Ionisering sikrer optimal luftkvalitet<\/b><\/p>\n<p>Skimmeludfordringer i f\u00f8devarevirksomheder er generelt et kendt problem, da luften udefra er en naturlig del af helheden. Selv med gennemarbejdede rutiner for hygiejne, professionelle ventilationssystemer og hepa-filtrering, opst\u00e5r skimmel hos br\u00f8dproducenter \u2013 typisk i de perioder, hvor der ogs\u00e5 er gode skimmelbetingelser i naturen.<\/p>\n<p>Ved ionisering af luft konverteres et eller flere atomer eller molekyler til en ion ved at tilf\u00f8je eller fjerne ladede partikler s\u00e5som elektroner.Ioniserings anl\u00e6g er nyttige til at fjerne partikler fra luften, s\u00e5 du opn\u00e5r en ren luftkvalitet i produktionsmilj\u00f8et.<\/p>\n<p>Vores norske leverand\u00f8r Airgenic er et firma med mange \u00e5rs erfaring inden for ioniseringsteknologi, og har specialiseret sig i at bygge ioniseringsudstyr til industrien. Deres udstyr kan installeres i eksisterende ventilation eller som separat enhed, hvor de anvendes i produktionsomr\u00e5der til effektiv eliminering af b\u00e5de skimmel, g\u00e6r og bakterier og virus.<\/p>\n<p><b>UVC og antibakterielle m\u00e5tter\/gulve til dekontaminering<\/b><\/p>\n<p>Skimmel kommer dog ikke kun ind via luften, den f\u00f8lger emballage, teknikere og produkt, som har sit normale flow mellem alle zoner i virksomheden, rene som urene. Derfor kan UVC og antibakterielle m\u00e5tter\/gulv ogs\u00e5 v\u00e6re en del af l\u00f8sningen for br\u00f8dproducenter.\u00a0<\/p>\n<p>Vores Schweiziske leverand\u00f8r, sterilAir, er et af verdens \u00e6ldste og mest erfarne virksomheder inden for produktion og udvikling af UVC-l\u00f8sninger og komponenter. Her garanterer vi optimal dekontaminering af overflader i din produktion, som s\u00e6tter nye standarder med hensyn til desinfektionsydelse, installation, h\u00e5ndtering, fleksibilitet, hygiejne og vedligeholdelse. Der findes en lang r\u00e6kke l\u00f8sninger med UVC, som kan optimere drifthygiejnen i din produktion. Et eksempel inden for bager-virksomheder kan v\u00e6re l\u00f8sninger, som best\u00e5r af en UVC-sluse, hvor UVC-energien udregnes og installeres ud fra virksomhedens specifikke behov.<\/p>\n<p>Se eventuelt ogs\u00e5 vores l\u00f8sninger med (UVC og vemag-vogne) og\u00a0\u00a0<a href=\"https:\/\/fhsscandinavia.com\/transportbaand-uvc-dekontaminering\/\">UVC til transportb\u00e5nd.<\/a><\/p>\n<p><b>Hos FHS Scandinavia optimerer vi hygiejnen i din produktion!<\/b><\/p>\n<p>N\u00e5r du \u00f8nsker at integrere en \u00f8konomisk, p\u00e5lidelig og milj\u00f8venlig hygiejnel\u00f8sning i dit produktionssystem, s\u00e5 er vi den rette samarbejdspartner til at finde den optimale l\u00f8sning til dig. Vi har mere end 20 \u00e5rs erfaring i kemi-fri dekontaminering inden for produktionsprocesser, som forbedrer din virksomheds mikrobiologiske niveau. Ved hj\u00e6lp af vores effektive, b\u00e6redygtige og integrerbar l\u00f8sninger, er vi med til at reducere omkostningsfulde og un\u00f8dvendige driftsstop i produktionen.<\/p>\n<p>Hvis du har sp\u00f8rgsm\u00e5l eller \u00f8nsker at h\u00f8re mere om hvordan vi kan hj\u00e6lpe dig, s\u00e5<a href=\"https:\/\/fhsscandinavia.com\/kontakt\/\">\u00a0kontakt os<\/a>\u00a0gerne til en uforpligtende snak.<\/p>\n<\/div><\/div><\/div><div class=\"fusion-layout-column fusion_builder_column fusion-builder-column-1 fusion_builder_column_1_2 1_2 fusion-flex-column\" style=\"--awb-bg-size:cover;--awb-width-large:50%;--awb-margin-top-large:15px;--awb-spacing-right-large:3.84%;--awb-margin-bottom-large:15px;--awb-spacing-left-large:3.84%;--awb-width-medium:50%;--awb-order-medium:0;--awb-spacing-right-medium:3.84%;--awb-spacing-left-medium:3.84%;--awb-width-small:100%;--awb-order-small:0;--awb-spacing-right-small:1.92%;--awb-spacing-left-small:1.92%;\"><div class=\"fusion-column-wrapper fusion-column-has-shadow fusion-flex-justify-content-flex-start fusion-content-layout-column\"><div class=\"fusion-blog-shortcode fusion-blog-shortcode-1 fusion-blog-archive fusion-blog-layout-medium fusion-blog-pagination\"><div class=\"fusion-posts-container fusion-posts-container-pagination fusion-no-meta-info fusion-blog-rollover\" data-pages=\"1\"><article id=\"blog-1-post-7591\" class=\"fusion-post-medium post-7591 post type-post status-publish format-standard has-post-thumbnail hentry category-bageri-ionisering-og-uvc category-gulv-dekontaminering category-mug-og-gaer category-transportbaand-uvc-dekontaminering\">\n\t<style type=\"text\/css\">\n\t\t\n\t\t\n\t\t\n\t\t\n\t\t\t<\/style>\n\n\n\t\t\t<div class=\"fusion-flexslider flexslider fusion-flexslider-loading fusion-post-slideshow\" style=\"\">\n\t\t<ul class=\"slides\">\n\t\t\t\n\t\t\t\t\t\t\t\t\t\t\t\t\t\t<li><div  class=\"fusion-image-wrapper fusion-image-size-fixed\" aria-haspopup=\"true\">\n\t\t\t\t<img decoding=\"async\" width=\"320\" height=\"202\" src=\"https:\/\/fhsscandinavia.com\/wp-content\/uploads\/2021\/05\/Skaermbillede-2021-05-04-kl.-09.32.45-320x202.png\" class=\"attachment-blog-medium size-blog-medium wp-post-image\" alt=\"\" srcset=\"https:\/\/fhsscandinavia.com\/wp-content\/uploads\/2021\/05\/Skaermbillede-2021-05-04-kl.-09.32.45-320x202.png 320w, https:\/\/fhsscandinavia.com\/wp-content\/uploads\/2021\/05\/Skaermbillede-2021-05-04-kl.-09.32.45-700x441.png 700w\" sizes=\"(max-width: 320px) 100vw, 320px\" \/><div class=\"fusion-rollover\">\n\t<div class=\"fusion-rollover-content\">\n\n\t\t\t\t\t\t\t\t\t\t\t\t\t\t<a class=\"fusion-rollover-link\" href=\"https:\/\/fhsscandinavia.com\/da\/en-broedproducent-og-skimmeludfordringer\/\">En br\u00f8d producent og skimmel udfordringer<\/a>\n\t\t\t\n\t\t\t\t\t\t\t\t\n\t\t\n\t\t\t\t\t\t\t\t\t\t\t\t<h4 class=\"fusion-rollover-title\">\n\t\t\t\t\t<a class=\"fusion-rollover-title-link\" href=\"https:\/\/fhsscandinavia.com\/da\/en-broedproducent-og-skimmeludfordringer\/\">\n\t\t\t\t\t\tEn br\u00f8d producent og skimmel udfordringer\t\t\t\t\t<\/a>\n\t\t\t\t<\/h4>\n\t\t\t\n\t\t\t\t\t\t\t\t\n\t\t\n\t\t\t\t\t\t<a class=\"fusion-link-wrapper\" href=\"https:\/\/fhsscandinavia.com\/da\/en-broedproducent-og-skimmeludfordringer\/\" aria-label=\"En br\u00f8d producent og skimmel udfordringer\"><\/a>\n\t<\/div>\n<\/div>\n<\/div>\n<\/li>\n\t\t\t\n\t\t\t\n\t\t\t\t\t\t\t\t\t\t\t\t\t\t\t\t\t\t\t\t\t\t\t\t\t\t\t\t\t\t\t\t\t\t\t\t\t\t\t\t\t\t\t\t\t\t\t\t\t\t\t\t\t\t\t\t\t\t\t\t\t\t\t\t\t\t\t\t<\/ul>\n\t<\/div>\n\t<div class=\"fusion-post-content post-content\"><h2 class=\"blog-shortcode-post-title entry-title\"><a href=\"https:\/\/fhsscandinavia.com\/da\/en-broedproducent-og-skimmeludfordringer\/\">En br\u00f8d producent og skimmel udfordringer<\/a><\/h2><\/div><div class=\"fusion-clearfix\"><\/div><\/article>\n<article id=\"blog-1-post-3884\" class=\"fusion-post-medium post-3884 post type-post status-publish format-standard has-post-thumbnail hentry category-bageri-ionisering-og-uvc category-bakterier-og-hoeje-kimtal category-listeria-salmonella-og-coli category-mug-og-gaer\">\n\t<style type=\"text\/css\">\n\t\t\n\t\t\n\t\t\n\t\t\n\t\t\t<\/style>\n\n\n\t\t\t<div class=\"fusion-flexslider flexslider fusion-flexslider-loading fusion-post-slideshow\" style=\"\">\n\t\t<ul class=\"slides\">\n\t\t\t\n\t\t\t\t\t\t\t\t\t\t\t\t\t\t<li><div  class=\"fusion-image-wrapper fusion-image-size-fixed\" aria-haspopup=\"true\">\n\t\t\t\t<img decoding=\"async\" width=\"320\" height=\"202\" src=\"https:\/\/fhsscandinavia.com\/wp-content\/uploads\/2020\/03\/UVC-sluse-vemag-vogn-320x202.jpg\" class=\"attachment-blog-medium size-blog-medium wp-post-image\" alt=\"UVC sluse vemag vogn\" srcset=\"https:\/\/fhsscandinavia.com\/wp-content\/uploads\/2020\/03\/UVC-sluse-vemag-vogn-320x202.jpg 320w, https:\/\/fhsscandinavia.com\/wp-content\/uploads\/2020\/03\/UVC-sluse-vemag-vogn-700x441.jpg 700w\" sizes=\"(max-width: 320px) 100vw, 320px\" \/><div class=\"fusion-rollover\">\n\t<div class=\"fusion-rollover-content\">\n\n\t\t\t\t\t\t\t\t\t\t\t\t\t\t<a class=\"fusion-rollover-link\" href=\"https:\/\/fhsscandinavia.com\/da\/uvc-sluse-til-desinfektion-af-vemag-vogne\/\">UVC sluse til desinfektion af vemag-vogne<\/a>\n\t\t\t\n\t\t\t\t\t\t\t\t\n\t\t\n\t\t\t\t\t\t\t\t\t\t\t\t<h4 class=\"fusion-rollover-title\">\n\t\t\t\t\t<a class=\"fusion-rollover-title-link\" href=\"https:\/\/fhsscandinavia.com\/da\/uvc-sluse-til-desinfektion-af-vemag-vogne\/\">\n\t\t\t\t\t\tUVC sluse til desinfektion af vemag-vogne\t\t\t\t\t<\/a>\n\t\t\t\t<\/h4>\n\t\t\t\n\t\t\t\t\t\t\t\t\n\t\t\n\t\t\t\t\t\t<a class=\"fusion-link-wrapper\" href=\"https:\/\/fhsscandinavia.com\/da\/uvc-sluse-til-desinfektion-af-vemag-vogne\/\" aria-label=\"UVC sluse til desinfektion af vemag-vogne\"><\/a>\n\t<\/div>\n<\/div>\n<\/div>\n<\/li>\n\t\t\t\n\t\t\t\n\t\t\t\t\t\t\t\t\t\t\t\t\t\t\t\t\t\t\t\t\t\t\t\t\t\t\t\t\t\t\t\t\t\t\t\t\t\t\t\t\t\t\t\t\t\t\t\t\t\t\t\t\t\t\t\t\t\t\t\t\t\t\t\t\t\t\t\t<\/ul>\n\t<\/div>\n\t<div class=\"fusion-post-content post-content\"><h2 class=\"blog-shortcode-post-title entry-title\"><a href=\"https:\/\/fhsscandinavia.com\/da\/uvc-sluse-til-desinfektion-af-vemag-vogne\/\">UVC sluse til desinfektion af vemag-vogne<\/a><\/h2><\/div><div class=\"fusion-clearfix\"><\/div><\/article>\n<article id=\"blog-1-post-3284\" class=\"fusion-post-medium post-3284 post type-post status-publish format-standard has-post-thumbnail hentry category-bageri-ionisering-og-uvc category-mug-og-gaer\">\n\t<style type=\"text\/css\">\n\t\t\n\t\t\n\t\t\n\t\t\n\t\t\t<\/style>\n\n\n\t\t\t<div class=\"fusion-flexslider flexslider fusion-flexslider-loading fusion-post-slideshow\" style=\"\">\n\t\t<ul class=\"slides\">\n\t\t\t\n\t\t\t\t\t\t\t\t\t\t\t\t\t\t<li><div  class=\"fusion-image-wrapper fusion-image-size-fixed\" aria-haspopup=\"true\">\n\t\t\t\t<img decoding=\"async\" width=\"320\" height=\"202\" src=\"https:\/\/fhsscandinavia.com\/wp-content\/uploads\/2018\/12\/skimmel-og-g\u00e6r-1-320x202.jpg\" class=\"attachment-blog-medium size-blog-medium wp-post-image\" alt=\"skimmel og g\u00e6r fjernet med ionisering i bageri\" srcset=\"https:\/\/fhsscandinavia.com\/wp-content\/uploads\/2018\/12\/skimmel-og-g\u00e6r-1-320x202.jpg 320w, https:\/\/fhsscandinavia.com\/wp-content\/uploads\/2018\/12\/skimmel-og-g\u00e6r-1-700x441.jpg 700w\" sizes=\"(max-width: 320px) 100vw, 320px\" \/><div class=\"fusion-rollover\">\n\t<div class=\"fusion-rollover-content\">\n\n\t\t\t\t\t\t\t\t\t\t\t\t\t\t<a class=\"fusion-rollover-link\" href=\"https:\/\/fhsscandinavia.com\/da\/skimmel-og-gaerudfordring-hos-broedproducent\/\">Skimmel- og g\u00e6rudfordring hos br\u00f8dproducent<\/a>\n\t\t\t\n\t\t\t\t\t\t\t\t\n\t\t\n\t\t\t\t\t\t\t\t\t\t\t\t<h4 class=\"fusion-rollover-title\">\n\t\t\t\t\t<a class=\"fusion-rollover-title-link\" href=\"https:\/\/fhsscandinavia.com\/da\/skimmel-og-gaerudfordring-hos-broedproducent\/\">\n\t\t\t\t\t\tSkimmel- og g\u00e6rudfordring hos br\u00f8dproducent\t\t\t\t\t<\/a>\n\t\t\t\t<\/h4>\n\t\t\t\n\t\t\t\t\t\t\t\t\n\t\t\n\t\t\t\t\t\t<a class=\"fusion-link-wrapper\" href=\"https:\/\/fhsscandinavia.com\/da\/skimmel-og-gaerudfordring-hos-broedproducent\/\" aria-label=\"Skimmel- og g\u00e6rudfordring hos br\u00f8dproducent\"><\/a>\n\t<\/div>\n<\/div>\n<\/div>\n<\/li>\n\t\t\t\n\t\t\t\n\t\t\t\t\t\t\t\t\t\t\t\t\t\t\t\t\t\t\t\t\t\t\t\t\t\t\t\t\t\t\t\t\t\t\t\t\t\t\t\t\t\t\t\t\t\t\t\t\t\t\t\t\t\t\t\t\t\t\t\t\t\t\t\t\t\t\t\t<\/ul>\n\t<\/div>\n\t<div class=\"fusion-post-content post-content\"><h2 class=\"blog-shortcode-post-title entry-title\"><a href=\"https:\/\/fhsscandinavia.com\/da\/skimmel-og-gaerudfordring-hos-broedproducent\/\">Skimmel- og g\u00e6rudfordring hos br\u00f8dproducent<\/a><\/h2><\/div><div class=\"fusion-clearfix\"><\/div><\/article>\n<\/div><\/div><\/div><\/div><\/div><\/div>\n","protected":false},"excerpt":{"rendered":"","protected":false},"author":2,"featured_media":0,"parent":0,"menu_order":0,"comment_status":"closed","ping_status":"closed","template":"","meta":{"footnotes":""},"class_list":["post-7515","page","type-page","status-publish","hentry"],"_links":{"self":[{"href":"https:\/\/fhsscandinavia.com\/da\/wp-json\/wp\/v2\/pages\/7515","targetHints":{"allow":["GET"]}}],"collection":[{"href":"https:\/\/fhsscandinavia.com\/da\/wp-json\/wp\/v2\/pages"}],"about":[{"href":"https:\/\/fhsscandinavia.com\/da\/wp-json\/wp\/v2\/types\/page"}],"author":[{"embeddable":true,"href":"https:\/\/fhsscandinavia.com\/da\/wp-json\/wp\/v2\/users\/2"}],"replies":[{"embeddable":true,"href":"https:\/\/fhsscandinavia.com\/da\/wp-json\/wp\/v2\/comments?post=7515"}],"version-history":[{"count":5,"href":"https:\/\/fhsscandinavia.com\/da\/wp-json\/wp\/v2\/pages\/7515\/revisions"}],"predecessor-version":[{"id":8378,"href":"https:\/\/fhsscandinavia.com\/da\/wp-json\/wp\/v2\/pages\/7515\/revisions\/8378"}],"wp:attachment":[{"href":"https:\/\/fhsscandinavia.com\/da\/wp-json\/wp\/v2\/media?parent=7515"}],"curies":[{"name":"wp","href":"https:\/\/api.w.org\/{rel}","templated":true}]}}