{"id":7521,"date":"2021-04-27T10:57:22","date_gmt":"2021-04-27T08:57:22","guid":{"rendered":"https:\/\/fhsscandinavia.com\/?page_id=7521"},"modified":"2021-11-29T10:44:53","modified_gmt":"2021-11-29T09:44:53","slug":"gulv-dekontaminering","status":"publish","type":"page","link":"https:\/\/fhsscandinavia.com\/da\/gulv-dekontaminering\/","title":{"rendered":"Gulv \u2013 dekontaminering"},"content":{"rendered":"<div class=\"fusion-fullwidth fullwidth-box fusion-builder-row-1 fusion-flex-container nonhundred-percent-fullwidth non-hundred-percent-height-scrolling\" style=\"--awb-border-radius-top-left:0px;--awb-border-radius-top-right:0px;--awb-border-radius-bottom-right:0px;--awb-border-radius-bottom-left:0px;--awb-flex-wrap:wrap;\" ><div class=\"fusion-builder-row fusion-row fusion-flex-align-items-flex-start fusion-flex-content-wrap\" style=\"max-width:1227.2px;margin-left: calc(-4% \/ 2 );margin-right: calc(-4% \/ 2 );\"><div class=\"fusion-layout-column fusion_builder_column fusion-builder-column-0 fusion_builder_column_1_2 1_2 fusion-flex-column\" style=\"--awb-bg-size:cover;--awb-width-large:50%;--awb-margin-top-large:15px;--awb-spacing-right-large:3.84%;--awb-margin-bottom-large:15px;--awb-spacing-left-large:3.84%;--awb-width-medium:50%;--awb-order-medium:0;--awb-spacing-right-medium:3.84%;--awb-spacing-left-medium:3.84%;--awb-width-small:100%;--awb-order-small:0;--awb-spacing-right-small:1.92%;--awb-spacing-left-small:1.92%;\"><div class=\"fusion-column-wrapper fusion-column-has-shadow fusion-flex-justify-content-flex-start fusion-content-layout-column\"><div class=\"fusion-text fusion-text-1\" style=\"--awb-text-transform:none;\"><p>Fejlfri hygiejne er ekstremt vigtigt hos en lang r\u00e6kke virksomheder. Der er derfor ofte fokus p\u00e5 optimering af hygiejnel\u00f8sninger, der udover at forbedre virksomheders mikrobiologiske niveau, ogs\u00e5 skal leve op til lovgivningens strenge krav, og ligeledes v\u00e6re milj\u00f8venlige, b\u00e6redygtige, integrerbare og \u00f8konomiske.<\/p>\n<p><b>Skr\u00e6ddersyede l\u00f8sninger til alle slags udfordringer<\/b><\/p>\n<p>Hos FHS Scandinavia har vi dialog og kunden i h\u00f8js\u00e6det, s\u00e5 vi sikrer omkostningseffektive hygiejnel\u00f8sninger til din virksomhed uanset branche. Hvis der opst\u00e5r udfordringer eller mistanke om skimmel eller andre former for kontaminering i din virksomhed, s\u00e5 hj\u00e6lper vi gerne med alle dele af processen, s\u00e5 du er sikret et optimalt milj\u00f8 og indeklima.<\/p>\n<p>Skimmel og kontaminering kommer nemlig ikke kun fra luft, men f\u00f8lger ogs\u00e5 emballage, teknikere og produkter, som har sit normale flow mellem alle zoner i virksomheden. Forskning viser at 80% af kontaminering kommer fra hjul og fodspor.<\/p>\n<p>Ved at bruge antibakteriel gulvbel\u00e6gning, i form af for eksempel gulv og m\u00e5tter, kan man neutralisere mere end 99% af denne kontaminering. Antibakteriel gulvbel\u00e6gning er derfor fordelagtigt at placere i zoner mellem rene og urene omr\u00e5der, f.eks. mellem produktion og lagerhal, hvor der er tung trafik og hvor man \u00f8nsker at begr\u00e6nse den kontaminering, som spredes via hjul og persontrafik.<\/p>\n<p>For at identificere og finde den rette l\u00f8sning til lige netop din virksomheds udfordring(er), s\u00e5 udf\u00f8rer vi som start en foranalyse, der blandt andet best\u00e5r af indsamling af luftpr\u00f8ver med air-sampling, overfladepr\u00f8ver og partikelm\u00e5ling. Efter at have analyseret testsvar, produktionsflow og lokaler, foresl\u00e5r FHS en mulig testinstallation best\u00e5ende af et eller flere elementer, der l\u00f8ser din virksomheds udfordring. Vores tests tilbydes som en \u201dNo Cure No Pay\u201d test, hvilket sikrer dig l\u00f8sninger, uden un\u00f8dvendige og dyre omkostninger.<\/p>\n<p><b>FHS Scandinavia optimerer din virksomheds hygiejne<\/b><\/p>\n<p>FHS Scandinavia har 20 \u00e5rs erfaring med milj\u00f8venlige og b\u00e6redygtige hygiejnel\u00f8sninger, hvor vi kan hj\u00e6lpe med effektiv behandling af b\u00e5de luft, gulv, overflader, b\u00e5nd\/udstyr, pakke\/emballage og vand. Vi har opbygget solide samarbejder med Europas bedste og ledende leverand\u00f8rer inden for s\u00e5vel ionisering, som UVC-lys, ozon og antibakteriel gulvbel\u00e6gning. Se eventuelt hvordan vi har hjulpet med blandt andet <a href=\"https:\/\/fhsscandinavia.com\/bageri-ionisering-og-uvc\/\">ionisering af luft inden for br\u00f8dindustrien<\/a> samt <a href=\"https:\/\/fhsscandinavia.com\/transportbaand-uvc-dekontaminering\/\">UVC dekontaminering af transportb\u00e5nd<\/a>.<\/p>\n<p>\u00d8nsker du at integrere den mest \u00f8konomiske, p\u00e5lidelige og milj\u00f8venlige hygiejnel\u00f8sning i dit produktionssystem, s\u00e5 er vi de rette samarbejdspartnere til at finde den optimale l\u00f8sning.<\/p>\n<p>Har du sp\u00f8rgsm\u00e5l eller \u00f8nsker at h\u00f8re mere, s\u00e5 <a href=\"https:\/\/fhsscandinavia.com\/kontakt\/\">kontakt os<\/a> gerne til en uforpligtende samtale. Vi ser frem til at h\u00f8re fra dig og din virksomhed.<\/p>\n<\/div><\/div><\/div><div class=\"fusion-layout-column fusion_builder_column fusion-builder-column-1 fusion_builder_column_1_2 1_2 fusion-flex-column\" style=\"--awb-bg-size:cover;--awb-width-large:50%;--awb-margin-top-large:15px;--awb-spacing-right-large:3.84%;--awb-margin-bottom-large:15px;--awb-spacing-left-large:3.84%;--awb-width-medium:50%;--awb-order-medium:0;--awb-spacing-right-medium:3.84%;--awb-spacing-left-medium:3.84%;--awb-width-small:100%;--awb-order-small:0;--awb-spacing-right-small:1.92%;--awb-spacing-left-small:1.92%;\"><div class=\"fusion-column-wrapper fusion-column-has-shadow fusion-flex-justify-content-flex-start fusion-content-layout-column\"><div class=\"fusion-blog-shortcode fusion-blog-shortcode-1 fusion-blog-archive fusion-blog-layout-medium fusion-blog-pagination\"><div class=\"fusion-posts-container fusion-posts-container-pagination fusion-no-meta-info fusion-blog-rollover\" data-pages=\"1\"><article id=\"blog-1-post-7591\" class=\"fusion-post-medium post-7591 post type-post status-publish format-standard has-post-thumbnail hentry category-bageri-ionisering-og-uvc category-gulv-dekontaminering category-mug-og-gaer category-transportbaand-uvc-dekontaminering\">\n\t<style type=\"text\/css\">\n\t\t\n\t\t\n\t\t\n\t\t\n\t\t\t<\/style>\n\n\n\t\t\t<div class=\"fusion-flexslider flexslider fusion-flexslider-loading fusion-post-slideshow\" style=\"\">\n\t\t<ul class=\"slides\">\n\t\t\t\n\t\t\t\t\t\t\t\t\t\t\t\t\t\t<li><div  class=\"fusion-image-wrapper fusion-image-size-fixed\" aria-haspopup=\"true\">\n\t\t\t\t<img decoding=\"async\" width=\"320\" height=\"202\" src=\"https:\/\/fhsscandinavia.com\/wp-content\/uploads\/2021\/05\/Skaermbillede-2021-05-04-kl.-09.32.45-320x202.png\" class=\"attachment-blog-medium size-blog-medium wp-post-image\" alt=\"\" srcset=\"https:\/\/fhsscandinavia.com\/wp-content\/uploads\/2021\/05\/Skaermbillede-2021-05-04-kl.-09.32.45-320x202.png 320w, https:\/\/fhsscandinavia.com\/wp-content\/uploads\/2021\/05\/Skaermbillede-2021-05-04-kl.-09.32.45-700x441.png 700w\" sizes=\"(max-width: 320px) 100vw, 320px\" \/><div class=\"fusion-rollover\">\n\t<div class=\"fusion-rollover-content\">\n\n\t\t\t\t\t\t\t\t\t\t\t\t\t\t<a class=\"fusion-rollover-link\" href=\"https:\/\/fhsscandinavia.com\/da\/en-broedproducent-og-skimmeludfordringer\/\">En br\u00f8d producent og skimmel udfordringer<\/a>\n\t\t\t\n\t\t\t\t\t\t\t\t\n\t\t\n\t\t\t\t\t\t\t\t\t\t\t\t<h4 class=\"fusion-rollover-title\">\n\t\t\t\t\t<a class=\"fusion-rollover-title-link\" href=\"https:\/\/fhsscandinavia.com\/da\/en-broedproducent-og-skimmeludfordringer\/\">\n\t\t\t\t\t\tEn br\u00f8d producent og skimmel udfordringer\t\t\t\t\t<\/a>\n\t\t\t\t<\/h4>\n\t\t\t\n\t\t\t\t\t\t\t\t\n\t\t\n\t\t\t\t\t\t<a class=\"fusion-link-wrapper\" href=\"https:\/\/fhsscandinavia.com\/da\/en-broedproducent-og-skimmeludfordringer\/\" aria-label=\"En br\u00f8d producent og skimmel udfordringer\"><\/a>\n\t<\/div>\n<\/div>\n<\/div>\n<\/li>\n\t\t\t\n\t\t\t\n\t\t\t\t\t\t\t\t\t\t\t\t\t\t\t\t\t\t\t\t\t\t\t\t\t\t\t\t\t\t\t\t\t\t\t\t\t\t\t\t\t\t\t\t\t\t\t\t\t\t\t\t\t\t\t\t\t\t\t\t\t\t\t\t\t\t\t\t<\/ul>\n\t<\/div>\n\t<div class=\"fusion-post-content post-content\"><h2 class=\"blog-shortcode-post-title entry-title\"><a href=\"https:\/\/fhsscandinavia.com\/da\/en-broedproducent-og-skimmeludfordringer\/\">En br\u00f8d producent og skimmel udfordringer<\/a><\/h2><\/div><div class=\"fusion-clearfix\"><\/div><\/article>\n<article id=\"blog-1-post-3268\" class=\"fusion-post-medium post-3268 post type-post status-publish format-standard has-post-thumbnail hentry category-bakterier-og-hoeje-kimtal category-gulv-dekontaminering category-listeria-salmonella-og-coli category-mug-og-gaer\">\n\t<style type=\"text\/css\">\n\t\t\n\t\t\n\t\t\n\t\t\n\t\t\t<\/style>\n\n\n\t\t\t<div class=\"fusion-flexslider flexslider fusion-flexslider-loading fusion-post-slideshow\" style=\"\">\n\t\t<ul class=\"slides\">\n\t\t\t\n\t\t\t\t\t\t\t\t\t\t\t\t\t\t<li><div  class=\"fusion-image-wrapper fusion-image-size-fixed\" aria-haspopup=\"true\">\n\t\t\t\t<img decoding=\"async\" width=\"320\" height=\"202\" src=\"https:\/\/fhsscandinavia.com\/wp-content\/uploads\/2018\/10\/70_490-320x202.jpg\" class=\"attachment-blog-medium size-blog-medium wp-post-image\" alt=\"antibakteriel m\u00e5tte v omkl\u00e6dning\" srcset=\"https:\/\/fhsscandinavia.com\/wp-content\/uploads\/2018\/10\/70_490-320x202.jpg 320w, https:\/\/fhsscandinavia.com\/wp-content\/uploads\/2018\/10\/70_490-700x441.jpg 700w\" sizes=\"(max-width: 320px) 100vw, 320px\" \/><div class=\"fusion-rollover\">\n\t<div class=\"fusion-rollover-content\">\n\n\t\t\t\t\t\t\t\t\t\t\t\t\t\t<a class=\"fusion-rollover-link\" href=\"https:\/\/fhsscandinavia.com\/da\/antibakterielle-maatter-mellem-rene-og-urene-zoner\/\">Antibakterielle m\u00e5tter mellem rene og urene zoner<\/a>\n\t\t\t\n\t\t\t\t\t\t\t\t\n\t\t\n\t\t\t\t\t\t\t\t\t\t\t\t<h4 class=\"fusion-rollover-title\">\n\t\t\t\t\t<a class=\"fusion-rollover-title-link\" href=\"https:\/\/fhsscandinavia.com\/da\/antibakterielle-maatter-mellem-rene-og-urene-zoner\/\">\n\t\t\t\t\t\tAntibakterielle m\u00e5tter mellem rene og urene zoner\t\t\t\t\t<\/a>\n\t\t\t\t<\/h4>\n\t\t\t\n\t\t\t\t\t\t\t\t\n\t\t\n\t\t\t\t\t\t<a class=\"fusion-link-wrapper\" href=\"https:\/\/fhsscandinavia.com\/da\/antibakterielle-maatter-mellem-rene-og-urene-zoner\/\" aria-label=\"Antibakterielle m\u00e5tter mellem rene og urene zoner\"><\/a>\n\t<\/div>\n<\/div>\n<\/div>\n<\/li>\n\t\t\t\n\t\t\t\n\t\t\t\t\t\t\t\t\t\t\t\t\t\t\t\t\t\t\t\t\t\t\t\t\t\t\t\t\t\t\t\t\t\t\t\t\t\t\t\t\t\t\t\t\t\t\t\t\t\t\t\t\t\t\t\t\t\t\t\t\t\t\t\t\t\t\t\t<\/ul>\n\t<\/div>\n\t<div class=\"fusion-post-content post-content\"><h2 class=\"blog-shortcode-post-title entry-title\"><a href=\"https:\/\/fhsscandinavia.com\/da\/antibakterielle-maatter-mellem-rene-og-urene-zoner\/\">Antibakterielle m\u00e5tter mellem rene og urene zoner<\/a><\/h2><\/div><div class=\"fusion-clearfix\"><\/div><\/article>\n<\/div><\/div><\/div><\/div><\/div><\/div>\n","protected":false},"excerpt":{"rendered":"","protected":false},"author":2,"featured_media":0,"parent":0,"menu_order":0,"comment_status":"closed","ping_status":"closed","template":"","meta":{"footnotes":""},"class_list":["post-7521","page","type-page","status-publish","hentry"],"_links":{"self":[{"href":"https:\/\/fhsscandinavia.com\/da\/wp-json\/wp\/v2\/pages\/7521","targetHints":{"allow":["GET"]}}],"collection":[{"href":"https:\/\/fhsscandinavia.com\/da\/wp-json\/wp\/v2\/pages"}],"about":[{"href":"https:\/\/fhsscandinavia.com\/da\/wp-json\/wp\/v2\/types\/page"}],"author":[{"embeddable":true,"href":"https:\/\/fhsscandinavia.com\/da\/wp-json\/wp\/v2\/users\/2"}],"replies":[{"embeddable":true,"href":"https:\/\/fhsscandinavia.com\/da\/wp-json\/wp\/v2\/comments?post=7521"}],"version-history":[{"count":5,"href":"https:\/\/fhsscandinavia.com\/da\/wp-json\/wp\/v2\/pages\/7521\/revisions"}],"predecessor-version":[{"id":8380,"href":"https:\/\/fhsscandinavia.com\/da\/wp-json\/wp\/v2\/pages\/7521\/revisions\/8380"}],"wp:attachment":[{"href":"https:\/\/fhsscandinavia.com\/da\/wp-json\/wp\/v2\/media?parent=7521"}],"curies":[{"name":"wp","href":"https:\/\/api.w.org\/{rel}","templated":true}]}}