{"id":5015,"date":"2020-12-15T16:09:48","date_gmt":"2020-12-15T15:09:48","guid":{"rendered":"https:\/\/fhsscandinavia.com\/privatlivspolitik\/"},"modified":"2022-01-16T20:51:12","modified_gmt":"2022-01-16T19:51:12","slug":"personvernregler","status":"publish","type":"page","link":"https:\/\/fhsscandinavia.com\/no\/personvernregler\/","title":{"rendered":"Privatlivspolitik"},"content":{"rendered":"<div class=\"fusion-fullwidth fullwidth-box fusion-builder-row-1 nonhundred-percent-fullwidth non-hundred-percent-height-scrolling\" style=\"--awb-border-radius-top-left:0px;--awb-border-radius-top-right:0px;--awb-border-radius-bottom-right:0px;--awb-border-radius-bottom-left:0px;--awb-flex-wrap:wrap;\" ><div class=\"fusion-builder-row fusion-row\"><div class=\"fusion-layout-column fusion_builder_column fusion-builder-column-0 fusion_builder_column_1_1 1_1 fusion-one-full fusion-column-first fusion-column-last\" style=\"--awb-bg-size:cover;--awb-margin-top:0px;--awb-margin-bottom:0px;\"><div class=\"fusion-column-wrapper fusion-flex-column-wrapper-legacy\"><div class=\"fusion-text fusion-text-1\"><h2>Hvem er vi<\/h2>\n<p>Nettstedsadressen v\u00e5r er: https:\/\/fhsscandinavia.com\/no.<\/p>\n<h2>Hvilke personopplysninger vi samler inn og hvorfor vi samler dem inn<\/h2>\n<h3>Kommentarer<\/h3>\n<p>N\u00e5r bes\u00f8kende legger ut kommentarer p\u00e5 nettstedet, samler vi inn dataene som vises i kommentarskjemaet, s\u00e5 vel som den bes\u00f8kendes IP-adresse og nettleserens brukeragentstreng for \u00e5 oppdage spam.<\/p>\n<p>En anonymisert streng opprettet fra e-postadressen din (ogs\u00e5 kalt hash) kan gis til Gravatar-tjenesten for \u00e5 se om du bruker den. Personvernreglene til Gravatar-tjenesten er tilgjengelig her:https:\/\/automattic.com\/privacy\/. Etter at du har godkjent kommentaren din, vil profilbildet ditt v\u00e6re synlig for publikum sammen med kommentaren din.<\/p>\n<h3>Media<\/h3>\n<p>Hvis du laster opp bilder til nettstedet, b\u00f8r du ikke laste opp bilder med innebygde posisjonsdata (EXIF GPS) inkludert. Bes\u00f8kende p\u00e5 nettstedet kan laste ned og trekke ut all nettsteddata fra bilder p\u00e5 nettstedet.<\/p>\n<h3>Kontakt skjemaer<\/h3>\n<h3>Cookies<\/h3>\n<p>Hvis du skriver en kommentar p\u00e5 nettstedet v\u00e5rt, kan du velge \u00e5 lagre navn, e-postadresse og nettsted i informasjonskapsler. Disse er for din bekvemmelighet, slik at du ikke trenger \u00e5 fylle ut informasjonen igjen n\u00e5r du skriver en annen kommentar. Disse informasjonskapslene varer i ett \u00e5r.<\/p>\n<p>Hvis du har en konto og logger deg p\u00e5 dette nettstedet, setter vi opp en midlertidig informasjonskapsel for \u00e5 avgj\u00f8re om nettleseren din godtar informasjonskapsler. Denne informasjonskapselen inneholder ingen personlige data og fjernes n\u00e5r du lukker nettleseren.<\/p>\n<p>N\u00e5r du logger p\u00e5, vil vi sette opp et antall informasjonskapsler og lagre p\u00e5loggingsinformasjonen din og dine valg av skjermvisning. P\u00e5loggingscookies varer i to dager, og skjermvalgskapsler varer i ett \u00e5r. Hvis du velger &laquo;Husk meg&raquo;, vil p\u00e5loggingen din vare i to uker. Hvis du logger ut av kontoen din, forsvinner p\u00e5loggingsinformasjonskapslene.<\/p>\n<p>Hvis du redigerer eller publiserer en artikkel, lagres en ekstra informasjonskapsel i nettleseren din. Denne informasjonskapselen inneholder ingen personlige data og gir bare post-ID for artikkelen du nettopp redigerte. Det utl\u00f8per etter 1 dag.<\/p>\n<h3>Innebygd innhold fra andre nettsteder<\/h3>\n<p>Artikler p\u00e5 dette nettstedet kan inneholde innebygd innhold (for eksempel videoer, bilder, artikler osv.). Innebygd innhold fra andre nettsteder oppf\u00f8rer seg p\u00e5 n\u00f8yaktig samme m\u00e5te som om den bes\u00f8kende bes\u00f8kte det andre nettstedet.<\/p>\n<p>Disse nettstedene kan samle inn data om deg, bruke informasjonskapsler, legge inn ytterligere tredjepartssporing og overv\u00e5ke samspillet ditt med dette innebygde innholdet, inkludert sporing av interaksjonen med innebygd innhold hvis du har en konto og en som er logget inn p\u00e5 dette nettstedet.<\/p>\n<h3>Analytics<\/h3>\n<h2>Hvem vi deler dataene dine med<\/h2>\n<h2>Hvor lenge lagrer vi dataene dine<\/h2>\n<p>Hvis du skriver en kommentar, bevares kommentarer og dens metadata p\u00e5 ubestemt tid. Dette er slik at vi kan gjenkjenne og godkjenne eventuelle oppf\u00f8lgingskommentarer automatisk i stedet for \u00e5 ha dem i en modereringsk\u00f8.<\/p>\n<p>For brukere som registrerer seg p\u00e5 nettstedet v\u00e5rt (hvis noen), lagrer vi ogs\u00e5 den personlige informasjonen de gir i brukerprofilen deres. Alle brukere kan n\u00e5r som helst se, redigere eller slette sin personlige informasjon (med unntak av at de ikke kan endre brukernavnet). Nettstedsadministratorene kan ogs\u00e5 se og redigere denne informasjonen.<\/p>\n<h2>Hvilke rettigheter har du til dataene dine<\/h2>\n<p>Hvis du har en konto p\u00e5 dette nettstedet, eller har skriftlige kommentarer, kan du be om en eksportert fil med de personlige dataene vi har om deg, inkludert alle data du har gitt oss. Du kan ogs\u00e5 be om at vi sletter alle personlige data vi har om deg. Dette inkluderer ikke data som vi er p\u00e5lagt \u00e5 lagre av administrative, juridiske eller sikkerhetsmessige \u00e5rsaker.<\/p>\n<h2>Hvor vi sender dataene dine<\/h2>\n<p>Bes\u00f8kskommentarer kan sjekkes av en automatisk s\u00f8ppelposttjeneste.<\/p>\n<h2>Kontaktinformasjonen din<\/h2>\n<h2>Mer informasjon<\/h2>\n<h3>Hvordan vi beskytter dataene dine<\/h3>\n<h3>Hvilke prosedyrer for databrudd vi har p\u00e5 plass.<\/h3>\n<h3>Hvilke tredjeparter vi mottar data fra<\/h3>\n<h3>Hvilke automatiserte beslutninger og\/eller profilering vi tar med brukerdata.<\/h3>\n<h3>Bransjens regulatoriske krav for innlevering<\/h3>\n<\/div><div class=\"fusion-clearfix\"><\/div><\/div><\/div><\/div><\/div>\n","protected":false},"excerpt":{"rendered":"","protected":false},"author":1,"featured_media":0,"parent":0,"menu_order":0,"comment_status":"closed","ping_status":"closed","template":"","meta":{"footnotes":""},"class_list":["post-5015","page","type-page","status-publish","hentry"],"_links":{"self":[{"href":"https:\/\/fhsscandinavia.com\/no\/wp-json\/wp\/v2\/pages\/5015","targetHints":{"allow":["GET"]}}],"collection":[{"href":"https:\/\/fhsscandinavia.com\/no\/wp-json\/wp\/v2\/pages"}],"about":[{"href":"https:\/\/fhsscandinavia.com\/no\/wp-json\/wp\/v2\/types\/page"}],"author":[{"embeddable":true,"href":"https:\/\/fhsscandinavia.com\/no\/wp-json\/wp\/v2\/users\/1"}],"replies":[{"embeddable":true,"href":"https:\/\/fhsscandinavia.com\/no\/wp-json\/wp\/v2\/comments?post=5015"}],"version-history":[{"count":8,"href":"https:\/\/fhsscandinavia.com\/no\/wp-json\/wp\/v2\/pages\/5015\/revisions"}],"predecessor-version":[{"id":6405,"href":"https:\/\/fhsscandinavia.com\/no\/wp-json\/wp\/v2\/pages\/5015\/revisions\/6405"}],"wp:attachment":[{"href":"https:\/\/fhsscandinavia.com\/no\/wp-json\/wp\/v2\/media?parent=5015"}],"curies":[{"name":"wp","href":"https:\/\/api.w.org\/{rel}","templated":true}]}}