{"id":8171,"date":"2021-06-04T08:59:20","date_gmt":"2021-06-04T06:59:20","guid":{"rendered":"https:\/\/fhsscandinavia.com\/transportbaand-uvc-dekontaminering\/"},"modified":"2021-06-04T10:09:39","modified_gmt":"2021-06-04T08:09:39","slug":"transportbaand-uvc-dekontaminering","status":"publish","type":"page","link":"https:\/\/fhsscandinavia.com\/no\/transportbaand-uvc-dekontaminering\/","title":{"rendered":"Transportb\u00e5nd \u2013 UVC-dekontaminering"},"content":{"rendered":"<div class=\"fusion-fullwidth fullwidth-box fusion-builder-row-1 fusion-flex-container nonhundred-percent-fullwidth non-hundred-percent-height-scrolling\" style=\"--awb-border-radius-top-left:0px;--awb-border-radius-top-right:0px;--awb-border-radius-bottom-right:0px;--awb-border-radius-bottom-left:0px;--awb-flex-wrap:wrap;\" ><div class=\"fusion-builder-row fusion-row fusion-flex-align-items-flex-start fusion-flex-content-wrap\" style=\"max-width:1227.2px;margin-left: calc(-4% \/ 2 );margin-right: calc(-4% \/ 2 );\"><div class=\"fusion-layout-column fusion_builder_column fusion-builder-column-0 fusion_builder_column_1_2 1_2 fusion-flex-column\" style=\"--awb-bg-size:cover;--awb-width-large:50%;--awb-margin-top-large:15px;--awb-spacing-right-large:3.84%;--awb-margin-bottom-large:15px;--awb-spacing-left-large:3.84%;--awb-width-medium:100%;--awb-order-medium:0;--awb-spacing-right-medium:1.92%;--awb-spacing-left-medium:1.92%;--awb-width-small:100%;--awb-order-small:0;--awb-spacing-right-small:1.92%;--awb-spacing-left-small:1.92%;\"><div class=\"fusion-column-wrapper fusion-column-has-shadow fusion-flex-justify-content-flex-start fusion-content-layout-column\"><div class=\"fusion-text fusion-text-1\"><h2 data-fontsize=\"44\" data-lineheight=\"52.8px\" class=\"fusion-responsive-typography-calculated\" style=\"--fontSize:44; line-height: 1.2;\">Velg UVC for transportb\u00e5nd!<\/h2>\n<p>Med sine 80 \u00e5rs erfaring med UVC har v\u00e5r sveitsiske leverand\u00f8r SterilAir bygget opp mye kunnskap og ekspertise innen utvikling av effektive UVC-l\u00f8sninger, og deres siste T2018 er ikke noe unntak. UVC-systemet er designet for:<\/p>\n<ul>\n<li>Transportb\u00e5nd og v\u00e5te omr\u00e5der<\/li>\n<li>Spesielt ugunstige driftsforhold (IP69K), siden T2018 er vanntett under trykk<\/li>\n<li>\u00c5 kunne brukes til varmef\u00f8lsomme overflater<\/li>\n<li>At UV-r\u00f8r kan byttes ut p\u00e5 mindre enn to minutter \u2012 uten \u00e5 demontere systemet eller forstyrre produksjonsprosessen. Det reduserer kostbar og un\u00f8dvendig nedetid.<\/li>\n<\/ul>\n<p>Deres T2018 UVC-system er utviklet sammen med eksperter fra kj\u00f8ttforedlingsindustrien, som har skapt et revolusjonerende sterilisasjonssystem for transportb\u00e5nd.<\/p>\n<p>Gjennom sannsynlige tester av systemet ble det tatt ut pr\u00f8ver hver time, noe som tilsvarte 100% realistiske forhold i en produksjon. Testen, som ble utf\u00f8rt og evaluert av et uavhengig institutt, viser at transportb\u00e5ndet med UVC konsekvent har sv\u00e6rt lav kimbelastning. Systemet med UVC har slik generelt en mer effektiv driftshygiene, ettersom UVC s\u00f8rger for et lavt antall bakterier gjennom hele dagen.<\/p>\n<p>Her f\u00e5r du en verdifull hygienel\u00f8sning for overflatedesinfeksjon som setter nye standarder n\u00e5r det gjelder desinfeksjonsytelse, installasjon, h\u00e5ndtering, fleksibilitet, hygiene og vedlikehold. Du er garantert et b\u00e6rekraftig og kjemikaliefritt system for dekontaminering av overflater, som raskt og enkelt kan innpasses i en n\u00e5v\u00e6rende produksjon.<\/p>\n<p><b>Kontakt oss<\/b><\/p>\n<p>Vi er alltid klare for \u00e5 hjelpe deg dersom du har sp\u00f8rsm\u00e5l eller \u00f8nsker \u00e5 h\u00f8re mer om l\u00f8sningene v\u00e5re. Som forhandler av SterilAirs UVC-l\u00f8sninger i mer enn 20 \u00e5r har vi tilgang til SterilAirs kunnskap og kan garantere at det ligger helt presise beregninger og unike UVC-r\u00f8r bak de l\u00f8sningene vi tilbyder. <a href=\"https:\/\/fhsscandinavia.com\/no\/kontakt\/\">Kontakt oss<\/a> gjerne for en uforpliktende prat.<b><br \/><\/b><\/p>\n<\/div><\/div><\/div><div class=\"fusion-layout-column fusion_builder_column fusion-builder-column-1 fusion_builder_column_1_2 1_2 fusion-flex-column\" style=\"--awb-bg-size:cover;--awb-width-large:50%;--awb-margin-top-large:15px;--awb-spacing-right-large:3.84%;--awb-margin-bottom-large:15px;--awb-spacing-left-large:3.84%;--awb-width-medium:100%;--awb-order-medium:0;--awb-spacing-right-medium:1.92%;--awb-spacing-left-medium:1.92%;--awb-width-small:100%;--awb-order-small:0;--awb-spacing-right-small:1.92%;--awb-spacing-left-small:1.92%;\"><div class=\"fusion-column-wrapper fusion-column-has-shadow fusion-flex-justify-content-flex-start fusion-content-layout-column\"><div class=\"fusion-blog-shortcode fusion-blog-shortcode-1 fusion-blog-archive fusion-blog-layout-medium fusion-blog-pagination\"><div class=\"fusion-posts-container fusion-posts-container-pagination fusion-blog-rollover\" data-pages=\"2\"><article id=\"blog-1-post-8635\" class=\"fusion-post-medium post-8635 post type-post status-publish format-standard has-post-thumbnail hentry category-bakterier-og-hoeje-kimtal-no category-listeria-salmonella-og-coli-no category-transportbaand-uvc-dekontaminering-no category-ulike-bransjer-og-loesninger\">\n\t<style type=\"text\/css\">\n\t\t\n\t\t\n\t\t\n\t\t\n\t\t\t<\/style>\n\n\n\t\t\t<div class=\"fusion-flexslider flexslider fusion-flexslider-loading fusion-post-slideshow\" style=\"\">\n\t\t<ul class=\"slides\">\n\t\t\t\n\t\t\t\t\t\t\t\t\t\t\t\t\t\t<li><div  class=\"fusion-image-wrapper fusion-image-size-fixed\" aria-haspopup=\"true\">\n\t\t\t\t<img decoding=\"async\" width=\"320\" height=\"202\" src=\"https:\/\/fhsscandinavia.com\/wp-content\/uploads\/2021\/12\/laks1-320x202.jpg\" class=\"attachment-blog-medium size-blog-medium wp-post-image\" alt=\"\" srcset=\"https:\/\/fhsscandinavia.com\/wp-content\/uploads\/2021\/12\/laks1-320x202.jpg 320w, https:\/\/fhsscandinavia.com\/wp-content\/uploads\/2021\/12\/laks1-700x441.jpg 700w\" sizes=\"(max-width: 320px) 100vw, 320px\" \/><div class=\"fusion-rollover\">\n\t<div class=\"fusion-rollover-content\">\n\n\t\t\t\t\t\t\t\t\t\t\t\t\t\t<a class=\"fusion-rollover-link\" href=\"https:\/\/fhsscandinavia.com\/no\/listeriaspredning-i-fryse-kjoeletunneler-og-kjoelefordampere-2\/\">Listeriaspredning i fryse-\/kj\u00f8letunneler og kj\u00f8lefordampere<\/a>\n\t\t\t\n\t\t\t\t\t\t\t\t\n\t\t\n\t\t\t\t\t\t\t\t\t\t\t\t<h4 class=\"fusion-rollover-title\">\n\t\t\t\t\t<a class=\"fusion-rollover-title-link\" href=\"https:\/\/fhsscandinavia.com\/no\/listeriaspredning-i-fryse-kjoeletunneler-og-kjoelefordampere-2\/\">\n\t\t\t\t\t\tListeriaspredning i fryse-\/kj\u00f8letunneler og kj\u00f8lefordampere\t\t\t\t\t<\/a>\n\t\t\t\t<\/h4>\n\t\t\t\n\t\t\t\t\t\t\t\t\n\t\t\n\t\t\t\t\t\t<a class=\"fusion-link-wrapper\" href=\"https:\/\/fhsscandinavia.com\/no\/listeriaspredning-i-fryse-kjoeletunneler-og-kjoelefordampere-2\/\" aria-label=\"Listeriaspredning i fryse-\/kj\u00f8letunneler og kj\u00f8lefordampere\"><\/a>\n\t<\/div>\n<\/div>\n<\/div>\n<\/li>\n\t\t\t\n\t\t\t\n\t\t\t\t\t\t\t\t\t\t\t\t\t\t\t\t\t\t\t\t\t\t\t\t\t\t\t\t\t\t\t\t\t\t\t\t\t\t\t\t\t\t\t\t\t\t\t\t\t\t\t\t\t\t\t\t\t\t\t\t\t\t\t\t\t\t\t\t<\/ul>\n\t<\/div>\n\t<div class=\"fusion-post-content post-content\"><h2 class=\"blog-shortcode-post-title entry-title\"><a href=\"https:\/\/fhsscandinavia.com\/no\/listeriaspredning-i-fryse-kjoeletunneler-og-kjoelefordampere-2\/\">Listeriaspredning i fryse-\/kj\u00f8letunneler og kj\u00f8lefordampere<\/a><\/h2><div class=\"fusion-post-content-container\"><p>  Listeriaspredning i fryse-\/kj\u00f8letunneler og kj\u00f8lefordampere    [...]<\/p><\/div><\/div><div class=\"fusion-clearfix\"><\/div><div class=\"fusion-meta-info\"><div class=\"fusion-alignleft\"><span class=\"vcard\" style=\"display: none;\"><span class=\"fn\"><a href=\"https:\/\/fhsscandinavia.com\/no\/author\/anita\/\" title=\"Innlegg av FHS Scandinavia\" rel=\"author\">FHS Scandinavia<\/a><\/span><\/span><span class=\"updated\" style=\"display:none;\">2022-01-19T14:57:06+01:00<\/span>Categories: <a href=\"https:\/\/fhsscandinavia.com\/no\/category\/bakterier-og-hoeje-kimtal-no\/\" rel=\"category tag\">Bakterier og h\u00f8je kimtal<\/a>, <a href=\"https:\/\/fhsscandinavia.com\/no\/category\/listeria-salmonella-og-coli-no\/\" rel=\"category tag\">Listeria, salmonella og coli<\/a>, <a href=\"https:\/\/fhsscandinavia.com\/no\/category\/transportbaand-uvc-dekontaminering-no\/\" rel=\"category tag\">Transportb\u00e5nd - UVC dekontaminering<\/a>, <a href=\"https:\/\/fhsscandinavia.com\/no\/category\/ulike-bransjer-og-loesninger\/\" rel=\"category tag\">Ulike bransjer og l\u00f8sninger<\/a><span class=\"fusion-inline-sep\">|<\/span><\/div><div class=\"fusion-alignright\"><a class=\"fusion-read-more\" href=\"https:\/\/fhsscandinavia.com\/no\/listeriaspredning-i-fryse-kjoeletunneler-og-kjoelefordampere-2\/\" aria-label=\"More on Listeriaspredning i fryse-\/kj\u00f8letunneler og kj\u00f8lefordampere\">Read More<\/a><\/div><\/div><\/article>\n<article id=\"blog-1-post-8513\" class=\"fusion-post-medium post-8513 post type-post status-publish format-standard has-post-thumbnail hentry category-bakterier-og-hoeje-kimtal-no category-listeria-salmonella-og-coli-no category-transportbaand-uvc-dekontaminering-no category-ulike-bransjer-og-loesninger\">\n\t<style type=\"text\/css\">\n\t\t\n\t\t\n\t\t\n\t\t\n\t\t\t<\/style>\n\n\n\t\t\t<div class=\"fusion-flexslider flexslider fusion-flexslider-loading fusion-post-slideshow\" style=\"\">\n\t\t<ul class=\"slides\">\n\t\t\t\n\t\t\t\t\t\t\t\t\t\t\t\t\t\t<li><div  class=\"fusion-image-wrapper fusion-image-size-fixed\" aria-haspopup=\"true\">\n\t\t\t\t<img decoding=\"async\" width=\"320\" height=\"202\" src=\"https:\/\/fhsscandinavia.com\/wp-content\/uploads\/2021\/12\/laks1-320x202.jpg\" class=\"attachment-blog-medium size-blog-medium wp-post-image\" alt=\"\" srcset=\"https:\/\/fhsscandinavia.com\/wp-content\/uploads\/2021\/12\/laks1-320x202.jpg 320w, https:\/\/fhsscandinavia.com\/wp-content\/uploads\/2021\/12\/laks1-700x441.jpg 700w\" sizes=\"(max-width: 320px) 100vw, 320px\" \/><div class=\"fusion-rollover\">\n\t<div class=\"fusion-rollover-content\">\n\n\t\t\t\t\t\t\t\t\t\t\t\t\t\t<a class=\"fusion-rollover-link\" href=\"https:\/\/fhsscandinavia.com\/no\/listeriaspredning-i-fryse-kjoeletunneler-og-kjoelefordampere\/\">Listeriaspredning i fryse-\/kj\u00f8letunneler og kj\u00f8lefordampere<\/a>\n\t\t\t\n\t\t\t\t\t\t\t\t\n\t\t\n\t\t\t\t\t\t\t\t\t\t\t\t<h4 class=\"fusion-rollover-title\">\n\t\t\t\t\t<a class=\"fusion-rollover-title-link\" href=\"https:\/\/fhsscandinavia.com\/no\/listeriaspredning-i-fryse-kjoeletunneler-og-kjoelefordampere\/\">\n\t\t\t\t\t\tListeriaspredning i fryse-\/kj\u00f8letunneler og kj\u00f8lefordampere\t\t\t\t\t<\/a>\n\t\t\t\t<\/h4>\n\t\t\t\n\t\t\t\t\t\t\t\t\n\t\t\n\t\t\t\t\t\t<a class=\"fusion-link-wrapper\" href=\"https:\/\/fhsscandinavia.com\/no\/listeriaspredning-i-fryse-kjoeletunneler-og-kjoelefordampere\/\" aria-label=\"Listeriaspredning i fryse-\/kj\u00f8letunneler og kj\u00f8lefordampere\"><\/a>\n\t<\/div>\n<\/div>\n<\/div>\n<\/li>\n\t\t\t\n\t\t\t\n\t\t\t\t\t\t\t\t\t\t\t\t\t\t\t\t\t\t\t\t\t\t\t\t\t\t\t\t\t\t\t\t\t\t\t\t\t\t\t\t\t\t\t\t\t\t\t\t\t\t\t\t\t\t\t\t\t\t\t\t\t\t\t\t\t\t\t\t<\/ul>\n\t<\/div>\n\t<div class=\"fusion-post-content post-content\"><h2 class=\"blog-shortcode-post-title entry-title\"><a href=\"https:\/\/fhsscandinavia.com\/no\/listeriaspredning-i-fryse-kjoeletunneler-og-kjoelefordampere\/\">Listeriaspredning i fryse-\/kj\u00f8letunneler og kj\u00f8lefordampere<\/a><\/h2><div class=\"fusion-post-content-container\"><p>  Listeriaspredning i fryse-\/kj\u00f8letunneler og kj\u00f8lefordampere    [...]<\/p><\/div><\/div><div class=\"fusion-clearfix\"><\/div><div class=\"fusion-meta-info\"><div class=\"fusion-alignleft\"><span class=\"vcard\" style=\"display: none;\"><span class=\"fn\"><a href=\"https:\/\/fhsscandinavia.com\/no\/author\/charlotte\/\" title=\"Innlegg av Charlotte M\u00f8llegaard\" rel=\"author\">Charlotte M\u00f8llegaard<\/a><\/span><\/span><span class=\"updated\" style=\"display:none;\">2021-12-21T14:37:26+01:00<\/span>Categories: <a href=\"https:\/\/fhsscandinavia.com\/no\/category\/bakterier-og-hoeje-kimtal-no\/\" rel=\"category tag\">Bakterier og h\u00f8je kimtal<\/a>, <a href=\"https:\/\/fhsscandinavia.com\/no\/category\/listeria-salmonella-og-coli-no\/\" rel=\"category tag\">Listeria, salmonella og coli<\/a>, <a href=\"https:\/\/fhsscandinavia.com\/no\/category\/transportbaand-uvc-dekontaminering-no\/\" rel=\"category tag\">Transportb\u00e5nd - UVC dekontaminering<\/a>, <a href=\"https:\/\/fhsscandinavia.com\/no\/category\/ulike-bransjer-og-loesninger\/\" rel=\"category tag\">Ulike bransjer og l\u00f8sninger<\/a><span class=\"fusion-inline-sep\">|<\/span><\/div><div class=\"fusion-alignright\"><a class=\"fusion-read-more\" href=\"https:\/\/fhsscandinavia.com\/no\/listeriaspredning-i-fryse-kjoeletunneler-og-kjoelefordampere\/\" aria-label=\"More on Listeriaspredning i fryse-\/kj\u00f8letunneler og kj\u00f8lefordampere\">Read More<\/a><\/div><\/div><\/article>\n<article id=\"blog-1-post-8053\" class=\"fusion-post-medium post-8053 post type-post status-publish format-standard has-post-thumbnail hentry category-listeria-salmonella-og-coli-no category-transportbaand-uvc-dekontaminering-no\">\n\t<style type=\"text\/css\">\n\t\t\n\t\t\n\t\t\n\t\t\n\t\t\t<\/style>\n\n\n\t\t\t<div class=\"fusion-flexslider flexslider fusion-flexslider-loading fusion-post-slideshow\" style=\"\">\n\t\t<ul class=\"slides\">\n\t\t\t\n\t\t\t\t\t\t\t\t\t\t\t\t\t\t<li><div  class=\"fusion-image-wrapper fusion-image-size-fixed\" aria-haspopup=\"true\">\n\t\t\t\t<img decoding=\"async\" width=\"320\" height=\"202\" src=\"https:\/\/fhsscandinavia.com\/wp-content\/uploads\/2021\/06\/Skaermbillede-2021-06-01-kl.-11.42.46-320x202.png\" class=\"attachment-blog-medium size-blog-medium wp-post-image\" alt=\"\" srcset=\"https:\/\/fhsscandinavia.com\/wp-content\/uploads\/2021\/06\/Skaermbillede-2021-06-01-kl.-11.42.46-320x202.png 320w, https:\/\/fhsscandinavia.com\/wp-content\/uploads\/2021\/06\/Skaermbillede-2021-06-01-kl.-11.42.46-700x441.png 700w\" sizes=\"(max-width: 320px) 100vw, 320px\" \/><div class=\"fusion-rollover\">\n\t<div class=\"fusion-rollover-content\">\n\n\t\t\t\t\t\t\t\t\t\t\t\t\t\t<a class=\"fusion-rollover-link\" href=\"https:\/\/fhsscandinavia.com\/no\/listeria-paa-transportbaand-er-et-kjent-problem-i-kjoettindustrien\/\">Listeria p\u00e5 transportb\u00e5nd er et kjent problem i kj\u00f8ttindustrien<\/a>\n\t\t\t\n\t\t\t\t\t\t\t\t\n\t\t\n\t\t\t\t\t\t\t\t\t\t\t\t<h4 class=\"fusion-rollover-title\">\n\t\t\t\t\t<a class=\"fusion-rollover-title-link\" href=\"https:\/\/fhsscandinavia.com\/no\/listeria-paa-transportbaand-er-et-kjent-problem-i-kjoettindustrien\/\">\n\t\t\t\t\t\tListeria p\u00e5 transportb\u00e5nd er et kjent problem i kj\u00f8ttindustrien\t\t\t\t\t<\/a>\n\t\t\t\t<\/h4>\n\t\t\t\n\t\t\t\t\t\t\t\t\n\t\t\n\t\t\t\t\t\t<a class=\"fusion-link-wrapper\" href=\"https:\/\/fhsscandinavia.com\/no\/listeria-paa-transportbaand-er-et-kjent-problem-i-kjoettindustrien\/\" aria-label=\"Listeria p\u00e5 transportb\u00e5nd er et kjent problem i kj\u00f8ttindustrien\"><\/a>\n\t<\/div>\n<\/div>\n<\/div>\n<\/li>\n\t\t\t\n\t\t\t\n\t\t\t\t\t\t\t\t\t\t\t\t\t\t\t\t\t\t\t\t\t\t\t\t\t\t\t\t\t\t\t\t\t\t\t\t\t\t\t\t\t\t\t\t\t\t\t\t\t\t\t\t\t\t\t\t\t\t\t\t\t\t\t\t\t\t\t\t<\/ul>\n\t<\/div>\n\t<div class=\"fusion-post-content post-content\"><h2 class=\"blog-shortcode-post-title entry-title\"><a href=\"https:\/\/fhsscandinavia.com\/no\/listeria-paa-transportbaand-er-et-kjent-problem-i-kjoettindustrien\/\">Listeria p\u00e5 transportb\u00e5nd er et kjent problem i kj\u00f8ttindustrien<\/a><\/h2><div class=\"fusion-post-content-container\"><p>  Listeria p\u00e5 transportb\u00e5nd er et kjent problem i [...]<\/p><\/div><\/div><div class=\"fusion-clearfix\"><\/div><div class=\"fusion-meta-info\"><div class=\"fusion-alignleft\"><span class=\"vcard\" style=\"display: none;\"><span class=\"fn\"><a href=\"https:\/\/fhsscandinavia.com\/no\/author\/charlotte\/\" title=\"Innlegg av Charlotte M\u00f8llegaard\" rel=\"author\">Charlotte M\u00f8llegaard<\/a><\/span><\/span><span class=\"updated\" style=\"display:none;\">2022-01-19T14:09:47+01:00<\/span>Categories: <a href=\"https:\/\/fhsscandinavia.com\/no\/category\/listeria-salmonella-og-coli-no\/\" rel=\"category tag\">Listeria, salmonella og coli<\/a>, <a href=\"https:\/\/fhsscandinavia.com\/no\/category\/transportbaand-uvc-dekontaminering-no\/\" rel=\"category tag\">Transportb\u00e5nd - UVC dekontaminering<\/a><span class=\"fusion-inline-sep\">|<\/span><\/div><div class=\"fusion-alignright\"><a class=\"fusion-read-more\" href=\"https:\/\/fhsscandinavia.com\/no\/listeria-paa-transportbaand-er-et-kjent-problem-i-kjoettindustrien\/\" aria-label=\"More on Listeria p\u00e5 transportb\u00e5nd er et kjent problem i kj\u00f8ttindustrien\">Read More<\/a><\/div><\/div><\/article>\n<article id=\"blog-1-post-7634\" class=\"fusion-post-medium post-7634 post type-post status-publish format-standard has-post-thumbnail hentry category-bageri-ionisering-og-uvc-no category-gulv-dekontaminering-no category-skimmel-og-gaer-no category-transportbaand-uvc-dekontaminering-no\">\n\t<style type=\"text\/css\">\n\t\t\n\t\t\n\t\t\n\t\t\n\t\t\t<\/style>\n\n\n\t\t\t<div class=\"fusion-flexslider flexslider fusion-flexslider-loading fusion-post-slideshow\" style=\"\">\n\t\t<ul class=\"slides\">\n\t\t\t\n\t\t\t\t\t\t\t\t\t\t\t\t\t\t<li><div  class=\"fusion-image-wrapper fusion-image-size-fixed\" aria-haspopup=\"true\">\n\t\t\t\t<img decoding=\"async\" width=\"320\" height=\"202\" src=\"https:\/\/fhsscandinavia.com\/wp-content\/uploads\/2021\/05\/Skaermbillede-2021-05-04-kl.-09.32.45-320x202.png\" class=\"attachment-blog-medium size-blog-medium wp-post-image\" alt=\"\" srcset=\"https:\/\/fhsscandinavia.com\/wp-content\/uploads\/2021\/05\/Skaermbillede-2021-05-04-kl.-09.32.45-320x202.png 320w, https:\/\/fhsscandinavia.com\/wp-content\/uploads\/2021\/05\/Skaermbillede-2021-05-04-kl.-09.32.45-700x441.png 700w\" sizes=\"(max-width: 320px) 100vw, 320px\" \/><div class=\"fusion-rollover\">\n\t<div class=\"fusion-rollover-content\">\n\n\t\t\t\t\t\t\t\t\t\t\t\t\t\t<a class=\"fusion-rollover-link\" href=\"https:\/\/fhsscandinavia.com\/no\/en-broedprodusent-og-utfordringer-med-muggsopp\/\">En br\u00f8dprodusent og utfordringer med muggsopp<\/a>\n\t\t\t\n\t\t\t\t\t\t\t\t\n\t\t\n\t\t\t\t\t\t\t\t\t\t\t\t<h4 class=\"fusion-rollover-title\">\n\t\t\t\t\t<a class=\"fusion-rollover-title-link\" href=\"https:\/\/fhsscandinavia.com\/no\/en-broedprodusent-og-utfordringer-med-muggsopp\/\">\n\t\t\t\t\t\tEn br\u00f8dprodusent og utfordringer med muggsopp\t\t\t\t\t<\/a>\n\t\t\t\t<\/h4>\n\t\t\t\n\t\t\t\t\t\t\t\t\n\t\t\n\t\t\t\t\t\t<a class=\"fusion-link-wrapper\" href=\"https:\/\/fhsscandinavia.com\/no\/en-broedprodusent-og-utfordringer-med-muggsopp\/\" aria-label=\"En br\u00f8dprodusent og utfordringer med muggsopp\"><\/a>\n\t<\/div>\n<\/div>\n<\/div>\n<\/li>\n\t\t\t\n\t\t\t\n\t\t\t\t\t\t\t\t\t\t\t\t\t\t\t\t\t\t\t\t\t\t\t\t\t\t\t\t\t\t\t\t\t\t\t\t\t\t\t\t\t\t\t\t\t\t\t\t\t\t\t\t\t\t\t\t\t\t\t\t\t\t\t\t\t\t\t\t<\/ul>\n\t<\/div>\n\t<div class=\"fusion-post-content post-content\"><h2 class=\"blog-shortcode-post-title entry-title\"><a href=\"https:\/\/fhsscandinavia.com\/no\/en-broedprodusent-og-utfordringer-med-muggsopp\/\">En br\u00f8dprodusent og utfordringer med muggsopp<\/a><\/h2><div class=\"fusion-post-content-container\"><p>  En br\u00f8dprodusent og utfordringer med muggsopp   [...]<\/p><\/div><\/div><div class=\"fusion-clearfix\"><\/div><div class=\"fusion-meta-info\"><div class=\"fusion-alignleft\"><span class=\"vcard\" style=\"display: none;\"><span class=\"fn\"><a href=\"https:\/\/fhsscandinavia.com\/no\/author\/charlotte\/\" title=\"Innlegg av Charlotte M\u00f8llegaard\" rel=\"author\">Charlotte M\u00f8llegaard<\/a><\/span><\/span><span class=\"updated\" style=\"display:none;\">2022-01-19T15:22:41+01:00<\/span>Categories: <a href=\"https:\/\/fhsscandinavia.com\/no\/category\/bageri-ionisering-og-uvc-no\/\" rel=\"category tag\">Bageri - Ionisering og UVC<\/a>, <a href=\"https:\/\/fhsscandinavia.com\/no\/category\/gulv-dekontaminering-no\/\" rel=\"category tag\">Gulv - dekontaminering<\/a>, <a href=\"https:\/\/fhsscandinavia.com\/no\/category\/skimmel-og-gaer-no\/\" rel=\"category tag\">Skimmel og g\u00e6r<\/a>, <a href=\"https:\/\/fhsscandinavia.com\/no\/category\/transportbaand-uvc-dekontaminering-no\/\" rel=\"category tag\">Transportb\u00e5nd - UVC dekontaminering<\/a><span class=\"fusion-inline-sep\">|<\/span><\/div><div class=\"fusion-alignright\"><a class=\"fusion-read-more\" href=\"https:\/\/fhsscandinavia.com\/no\/en-broedprodusent-og-utfordringer-med-muggsopp\/\" aria-label=\"More on En br\u00f8dprodusent og utfordringer med muggsopp\">Read More<\/a><\/div><\/div><\/article>\n<\/div><div class=\"pagination clearfix\"><span class=\"current\">1<\/span><a href=\"https:\/\/fhsscandinavia.com\/no\/wp-json\/wp\/v2\/pages\/8171\/page\/2\/\" class=\"inactive\">2<\/a><a class=\"pagination-next\" rel=\"next\" href=\"https:\/\/fhsscandinavia.com\/no\/wp-json\/wp\/v2\/pages\/8171\/page\/2\/\"><span class=\"page-text\">Next<\/span><span class=\"page-next\"><\/span><\/a><\/div><div class=\"fusion-clearfix\"><\/div><\/div><\/div><\/div><\/div><\/div>\n","protected":false},"excerpt":{"rendered":"","protected":false},"author":2,"featured_media":0,"parent":0,"menu_order":0,"comment_status":"closed","ping_status":"closed","template":"","meta":{"footnotes":""},"class_list":["post-8171","page","type-page","status-publish","hentry"],"_links":{"self":[{"href":"https:\/\/fhsscandinavia.com\/no\/wp-json\/wp\/v2\/pages\/8171","targetHints":{"allow":["GET"]}}],"collection":[{"href":"https:\/\/fhsscandinavia.com\/no\/wp-json\/wp\/v2\/pages"}],"about":[{"href":"https:\/\/fhsscandinavia.com\/no\/wp-json\/wp\/v2\/types\/page"}],"author":[{"embeddable":true,"href":"https:\/\/fhsscandinavia.com\/no\/wp-json\/wp\/v2\/users\/2"}],"replies":[{"embeddable":true,"href":"https:\/\/fhsscandinavia.com\/no\/wp-json\/wp\/v2\/comments?post=8171"}],"version-history":[{"count":2,"href":"https:\/\/fhsscandinavia.com\/no\/wp-json\/wp\/v2\/pages\/8171\/revisions"}],"predecessor-version":[{"id":8173,"href":"https:\/\/fhsscandinavia.com\/no\/wp-json\/wp\/v2\/pages\/8171\/revisions\/8173"}],"wp:attachment":[{"href":"https:\/\/fhsscandinavia.com\/no\/wp-json\/wp\/v2\/media?parent=8171"}],"curies":[{"name":"wp","href":"https:\/\/api.w.org\/{rel}","templated":true}]}}