{"id":8174,"date":"2021-06-04T09:05:49","date_gmt":"2021-06-04T07:05:49","guid":{"rendered":"https:\/\/fhsscandinavia.com\/bakeri-ionisering-og-uvc\/"},"modified":"2021-06-04T10:05:21","modified_gmt":"2021-06-04T08:05:21","slug":"bakeri-ionisering-og-uvc","status":"publish","type":"page","link":"https:\/\/fhsscandinavia.com\/no\/bakeri-ionisering-og-uvc\/","title":{"rendered":"Bakeri \u2013 Ionisering og UVC"},"content":{"rendered":"<div class=\"fusion-fullwidth fullwidth-box fusion-builder-row-1 fusion-flex-container nonhundred-percent-fullwidth non-hundred-percent-height-scrolling\" style=\"--awb-border-radius-top-left:0px;--awb-border-radius-top-right:0px;--awb-border-radius-bottom-right:0px;--awb-border-radius-bottom-left:0px;--awb-flex-wrap:wrap;\" ><div class=\"fusion-builder-row fusion-row fusion-flex-align-items-flex-start fusion-flex-content-wrap\" style=\"max-width:1227.2px;margin-left: calc(-4% \/ 2 );margin-right: calc(-4% \/ 2 );\"><div class=\"fusion-layout-column fusion_builder_column fusion-builder-column-0 fusion_builder_column_1_2 1_2 fusion-flex-column\" style=\"--awb-bg-size:cover;--awb-width-large:50%;--awb-margin-top-large:15px;--awb-spacing-right-large:3.84%;--awb-margin-bottom-large:15px;--awb-spacing-left-large:3.84%;--awb-width-medium:100%;--awb-order-medium:0;--awb-spacing-right-medium:1.92%;--awb-spacing-left-medium:1.92%;--awb-width-small:100%;--awb-order-small:0;--awb-spacing-right-small:1.92%;--awb-spacing-left-small:1.92%;\"><div class=\"fusion-column-wrapper fusion-column-has-shadow fusion-flex-justify-content-flex-start fusion-content-layout-column\"><div class=\"fusion-text fusion-text-1\"><p><span style=\"font-weight: 400;\">God hygiene er et viktig aspekt av produksjonen i et stort antall industribedrifter. Spesielt i n\u00e6ringsmiddelindustrien stilles det store krav til sporbarhet og feilfri hygiene, noe som krever stort fokus p\u00e5 \u00e5 optimalisere alle prosessene i produksjonen. Det h\u00f8ye hygieneniv\u00e5et for driften av n\u00e6ringsmiddelbedrifter er avgj\u00f8rende for menneskers sikkerhet og helse, og det er derfor viktig at produkter, utstyr, luft og overflater ikke er forurenset.<\/span><\/p>\n<p><b>Ionisering sikrer gunstig luftkvalitet<\/b><\/p>\n<p><span style=\"font-weight: 400;\">Muggutfordringer i matvareselskaper er generelt et kjent problem, siden luften utenfra er en naturlig del av helheten. Selv med velutviklede rutiner for hygiene, profesjonelle ventilasjonsanlegg og hepa-filtrering, forekommer det muggsopp hos br\u00f8dprodusenter \u2012 vanligvis i perioder der det ogs\u00e5 er gode muggforhold i naturen.<\/span><\/p>\n<p><span style=\"font-weight: 400;\">Ved ionisering av luft omdannes ett eller flere atomer eller molekyler til et ion ved \u00e5 tilsette eller fjerne ladede partikler som elektroner. Ioniseringssystemer er nyttige for \u00e5 fjerne partikler fra luften, slik at du oppn\u00e5r en ren luftkvalitet i produksjonsmilj\u00f8et.<\/span><\/p>\n<p><span style=\"font-weight: 400;\">V\u00e5r norske leverand\u00f8r Airgenic er et selskap med mange \u00e5rs erfaring innen ioniseringsteknologi, som spesialiserer seg i \u00e5 bygge ioniseringsutstyr for industrien. Utstyret deres kan installeres i eksisterende ventilasjon eller som en separat enhet, der de brukes i produksjonsomr\u00e5der for effektiv eliminering av b\u00e5de mugg, gj\u00e6r, bakterier og virus.<\/span><\/p>\n<p><b>UVC og antibakterielle matter\/gulv for dekontaminering<\/b><\/p>\n<p><span style=\"font-weight: 400;\">Muggsopp kommer seg ikke bare inn med luften. Det f\u00f8lger emballasje, teknikere og produkt, som har sin normale str\u00f8mning mellom alle soner i selskapet, b\u00e5de ren og uren. Derfor kan UVC og antibakterielle matter\/gulv ogs\u00e5 v\u00e6re en del av l\u00f8sningen for br\u00f8dprodusenter.<\/span><\/p>\n<p><span style=\"font-weight: 400;\">V\u00e5r sveitsiske leverand\u00f8r, sterilAir, er et av verdens eldste og mest erfarne selskaper innen produksjon og utvikling av UVC-l\u00f8sninger og komponenter. Her garanterer vi optimal dekontaminering av overflater i produksjonen din, som setter nye standarder n\u00e5r det gjelder desinfeksjonsytelse, installasjon, h\u00e5ndtering, fleksibilitet, hygiene og vedlikehold. Det finnes et stort antall l\u00f8sninger med UVC, som kan optimalisere driftshygienen i produksjonen din. Et eksempel innen bakeribedrifter kan v\u00e6re l\u00f8sninger som best\u00e5r av en UVC-l\u00e5s, der UVC-energien beregnes og installeres ut fra selskapets spesifikke behov.<\/span><\/p>\n<p><span style=\"font-weight: 400;\">Se ogs\u00e5 v\u00e5re l\u00f8sninger med (UVC og vemag-vogner) og \u00a0 <\/span><a href=\"https:\/\/fhsscandinavia.com\/no\/transportbaand-uvc-dekontaminering\/\"><span style=\"font-weight: 400;\">UVC for transportb\u00e5nd.  <\/span><\/a><\/p>\n<p><b>Hos FHS Scandinavia optimaliserer vi hygienen i produksjonen din!<\/b><\/p>\n<p><span style=\"font-weight: 400;\">N\u00e5r du \u00f8nsker \u00e5 integrere en \u00f8konomisk, p\u00e5litelig og milj\u00f8vennlig hygienel\u00f8sning i ditt produksjonssystem, er vi den rette partneren for \u00e5 finne den optimale l\u00f8sningen for deg. Vi har mer enn 20 \u00e5rs erfaring med kjemifri dekontaminering i produksjonsprosesser som forbedrer bedriftens mikrobiologiske niv\u00e5. Ved hjelp av v\u00e5re effektive, b\u00e6rekraftige og integrerbare l\u00f8sninger, hjelper vi med \u00e5 redusere kostbar og un\u00f8dvendig nedetid i produksjonen.<\/span><\/p>\n<p><span style=\"font-weight: 400;\">Hvis du har sp\u00f8rsm\u00e5l eller \u00f8nsker \u00e5 h\u00f8re mer om hvordan vi kan hjelpe deg, kan du gjerne<\/span><a href=\"https:\/\/fhsscandinavia.com\/no\/kontakt\/\"> <span style=\"font-weight: 400;\">kontakte oss<\/span><\/a><span style=\"font-weight: 400;\"> for en uforpliktende prat.  <\/span><\/p>\n<\/div><\/div><\/div><div class=\"fusion-layout-column fusion_builder_column fusion-builder-column-1 fusion_builder_column_1_2 1_2 fusion-flex-column\" style=\"--awb-bg-size:cover;--awb-width-large:50%;--awb-margin-top-large:15px;--awb-spacing-right-large:3.84%;--awb-margin-bottom-large:15px;--awb-spacing-left-large:3.84%;--awb-width-medium:100%;--awb-order-medium:0;--awb-spacing-right-medium:1.92%;--awb-spacing-left-medium:1.92%;--awb-width-small:100%;--awb-order-small:0;--awb-spacing-right-small:1.92%;--awb-spacing-left-small:1.92%;\"><div class=\"fusion-column-wrapper fusion-column-has-shadow fusion-flex-justify-content-flex-start fusion-content-layout-column\"><div class=\"fusion-blog-shortcode fusion-blog-shortcode-1 fusion-blog-archive fusion-blog-layout-medium fusion-blog-pagination\"><div class=\"fusion-posts-container fusion-posts-container-pagination fusion-blog-rollover\" data-pages=\"1\"><article id=\"blog-1-post-7634\" class=\"fusion-post-medium post-7634 post type-post status-publish format-standard has-post-thumbnail hentry category-bageri-ionisering-og-uvc-no category-gulv-dekontaminering-no category-skimmel-og-gaer-no category-transportbaand-uvc-dekontaminering-no\">\n\t<style type=\"text\/css\">\n\t\t\n\t\t\n\t\t\n\t\t\n\t\t\t<\/style>\n\n\n\t\t\t<div class=\"fusion-flexslider flexslider fusion-flexslider-loading fusion-post-slideshow\" style=\"\">\n\t\t<ul class=\"slides\">\n\t\t\t\n\t\t\t\t\t\t\t\t\t\t\t\t\t\t<li><div  class=\"fusion-image-wrapper fusion-image-size-fixed\" aria-haspopup=\"true\">\n\t\t\t\t<img decoding=\"async\" width=\"320\" height=\"202\" src=\"https:\/\/fhsscandinavia.com\/wp-content\/uploads\/2021\/05\/Skaermbillede-2021-05-04-kl.-09.32.45-320x202.png\" class=\"attachment-blog-medium size-blog-medium wp-post-image\" alt=\"\" srcset=\"https:\/\/fhsscandinavia.com\/wp-content\/uploads\/2021\/05\/Skaermbillede-2021-05-04-kl.-09.32.45-320x202.png 320w, https:\/\/fhsscandinavia.com\/wp-content\/uploads\/2021\/05\/Skaermbillede-2021-05-04-kl.-09.32.45-700x441.png 700w\" sizes=\"(max-width: 320px) 100vw, 320px\" \/><div class=\"fusion-rollover\">\n\t<div class=\"fusion-rollover-content\">\n\n\t\t\t\t\t\t\t\t\t\t\t\t\t\t<a class=\"fusion-rollover-link\" href=\"https:\/\/fhsscandinavia.com\/no\/en-broedprodusent-og-utfordringer-med-muggsopp\/\">En br\u00f8dprodusent og utfordringer med muggsopp<\/a>\n\t\t\t\n\t\t\t\t\t\t\t\t\n\t\t\n\t\t\t\t\t\t\t\t\t\t\t\t<h4 class=\"fusion-rollover-title\">\n\t\t\t\t\t<a class=\"fusion-rollover-title-link\" href=\"https:\/\/fhsscandinavia.com\/no\/en-broedprodusent-og-utfordringer-med-muggsopp\/\">\n\t\t\t\t\t\tEn br\u00f8dprodusent og utfordringer med muggsopp\t\t\t\t\t<\/a>\n\t\t\t\t<\/h4>\n\t\t\t\n\t\t\t\t\t\t\t\t\n\t\t\n\t\t\t\t\t\t<a class=\"fusion-link-wrapper\" href=\"https:\/\/fhsscandinavia.com\/no\/en-broedprodusent-og-utfordringer-med-muggsopp\/\" aria-label=\"En br\u00f8dprodusent og utfordringer med muggsopp\"><\/a>\n\t<\/div>\n<\/div>\n<\/div>\n<\/li>\n\t\t\t\n\t\t\t\n\t\t\t\t\t\t\t\t\t\t\t\t\t\t\t\t\t\t\t\t\t\t\t\t\t\t\t\t\t\t\t\t\t\t\t\t\t\t\t\t\t\t\t\t\t\t\t\t\t\t\t\t\t\t\t\t\t\t\t\t\t\t\t\t\t\t\t\t<\/ul>\n\t<\/div>\n\t<div class=\"fusion-post-content post-content\"><h2 class=\"blog-shortcode-post-title entry-title\"><a href=\"https:\/\/fhsscandinavia.com\/no\/en-broedprodusent-og-utfordringer-med-muggsopp\/\">En br\u00f8dprodusent og utfordringer med muggsopp<\/a><\/h2><div class=\"fusion-post-content-container\"><p>  En br\u00f8dprodusent og utfordringer med muggsopp   [...]<\/p><\/div><\/div><div class=\"fusion-clearfix\"><\/div><div class=\"fusion-meta-info\"><div class=\"fusion-alignleft\"><span class=\"vcard\" style=\"display: none;\"><span class=\"fn\"><a href=\"https:\/\/fhsscandinavia.com\/no\/author\/charlotte\/\" title=\"Innlegg av Charlotte M\u00f8llegaard\" rel=\"author\">Charlotte M\u00f8llegaard<\/a><\/span><\/span><span class=\"updated\" style=\"display:none;\">2022-01-19T15:22:41+01:00<\/span>Categories: <a href=\"https:\/\/fhsscandinavia.com\/no\/category\/bageri-ionisering-og-uvc-no\/\" rel=\"category tag\">Bageri - Ionisering og UVC<\/a>, <a href=\"https:\/\/fhsscandinavia.com\/no\/category\/gulv-dekontaminering-no\/\" rel=\"category tag\">Gulv - dekontaminering<\/a>, <a href=\"https:\/\/fhsscandinavia.com\/no\/category\/skimmel-og-gaer-no\/\" rel=\"category tag\">Skimmel og g\u00e6r<\/a>, <a href=\"https:\/\/fhsscandinavia.com\/no\/category\/transportbaand-uvc-dekontaminering-no\/\" rel=\"category tag\">Transportb\u00e5nd - UVC dekontaminering<\/a><span class=\"fusion-inline-sep\">|<\/span><\/div><div class=\"fusion-alignright\"><a class=\"fusion-read-more\" href=\"https:\/\/fhsscandinavia.com\/no\/en-broedprodusent-og-utfordringer-med-muggsopp\/\" aria-label=\"More on En br\u00f8dprodusent og utfordringer med muggsopp\">Read More<\/a><\/div><\/div><\/article>\n<article id=\"blog-1-post-5561\" class=\"fusion-post-medium post-5561 post type-post status-publish format-standard has-post-thumbnail hentry category-bageri-ionisering-og-uvc-no category-skimmel-og-gaer-no\">\n\t<style type=\"text\/css\">\n\t\t\n\t\t\n\t\t\n\t\t\n\t\t\t<\/style>\n\n\n\t\t\t<div class=\"fusion-flexslider flexslider fusion-flexslider-loading fusion-post-slideshow\" style=\"\">\n\t\t<ul class=\"slides\">\n\t\t\t\n\t\t\t\t\t\t\t\t\t\t\t\t\t\t<li><div  class=\"fusion-image-wrapper fusion-image-size-fixed\" aria-haspopup=\"true\">\n\t\t\t\t<img decoding=\"async\" width=\"320\" height=\"202\" src=\"https:\/\/fhsscandinavia.com\/wp-content\/uploads\/2018\/12\/skimmel-og-g\u00e6r-1-320x202.jpg\" class=\"attachment-blog-medium size-blog-medium wp-post-image\" alt=\"mugg og gj\u00e6r fjernet med ionisering i bakeri\" srcset=\"https:\/\/fhsscandinavia.com\/wp-content\/uploads\/2018\/12\/skimmel-og-g\u00e6r-1-320x202.jpg 320w, https:\/\/fhsscandinavia.com\/wp-content\/uploads\/2018\/12\/skimmel-og-g\u00e6r-1-700x441.jpg 700w\" sizes=\"(max-width: 320px) 100vw, 320px\" \/><div class=\"fusion-rollover\">\n\t<div class=\"fusion-rollover-content\">\n\n\t\t\t\t\t\t\t\t\t\t\t\t\t\t<a class=\"fusion-rollover-link\" href=\"https:\/\/fhsscandinavia.com\/no\/mugg-og-gjaerutfordring-hos-broedprodusent\/\">Mugg og gj\u00e6rutfordring hos br\u00f8dprodusent<\/a>\n\t\t\t\n\t\t\t\t\t\t\t\t\n\t\t\n\t\t\t\t\t\t\t\t\t\t\t\t<h4 class=\"fusion-rollover-title\">\n\t\t\t\t\t<a class=\"fusion-rollover-title-link\" href=\"https:\/\/fhsscandinavia.com\/no\/mugg-og-gjaerutfordring-hos-broedprodusent\/\">\n\t\t\t\t\t\tMugg og gj\u00e6rutfordring hos br\u00f8dprodusent\t\t\t\t\t<\/a>\n\t\t\t\t<\/h4>\n\t\t\t\n\t\t\t\t\t\t\t\t\n\t\t\n\t\t\t\t\t\t<a class=\"fusion-link-wrapper\" href=\"https:\/\/fhsscandinavia.com\/no\/mugg-og-gjaerutfordring-hos-broedprodusent\/\" aria-label=\"Mugg og gj\u00e6rutfordring hos br\u00f8dprodusent\"><\/a>\n\t<\/div>\n<\/div>\n<\/div>\n<\/li>\n\t\t\t\n\t\t\t\n\t\t\t\t\t\t\t\t\t\t\t\t\t\t\t\t\t\t\t\t\t\t\t\t\t\t\t\t\t\t\t\t\t\t\t\t\t\t\t\t\t\t\t\t\t\t\t\t\t\t\t\t\t\t\t\t\t\t\t\t\t\t\t\t\t\t\t\t<\/ul>\n\t<\/div>\n\t<div class=\"fusion-post-content post-content\"><h2 class=\"blog-shortcode-post-title entry-title\"><a href=\"https:\/\/fhsscandinavia.com\/no\/mugg-og-gjaerutfordring-hos-broedprodusent\/\">Mugg og gj\u00e6rutfordring hos br\u00f8dprodusent<\/a><\/h2><div class=\"fusion-post-content-container\"><p>  Mugg og gj\u00e6rutfordring hos br\u00f8dprodusent    [...]<\/p><\/div><\/div><div class=\"fusion-clearfix\"><\/div><div class=\"fusion-meta-info\"><div class=\"fusion-alignleft\"><span class=\"vcard\" style=\"display: none;\"><span class=\"fn\"><a href=\"https:\/\/fhsscandinavia.com\/no\/author\/anita\/\" title=\"Innlegg av FHS Scandinavia\" rel=\"author\">FHS Scandinavia<\/a><\/span><\/span><span class=\"updated\" style=\"display:none;\">2021-05-06T13:29:55+02:00<\/span>Categories: <a href=\"https:\/\/fhsscandinavia.com\/no\/category\/bageri-ionisering-og-uvc-no\/\" rel=\"category tag\">Bageri - Ionisering og UVC<\/a>, <a href=\"https:\/\/fhsscandinavia.com\/no\/category\/skimmel-og-gaer-no\/\" rel=\"category tag\">Skimmel og g\u00e6r<\/a><span class=\"fusion-inline-sep\">|<\/span><\/div><div class=\"fusion-alignright\"><a class=\"fusion-read-more\" href=\"https:\/\/fhsscandinavia.com\/no\/mugg-og-gjaerutfordring-hos-broedprodusent\/\" aria-label=\"More on Mugg og gj\u00e6rutfordring hos br\u00f8dprodusent\">Read More<\/a><\/div><\/div><\/article>\n<article id=\"blog-1-post-5501\" class=\"fusion-post-medium post-5501 post type-post status-publish format-standard has-post-thumbnail hentry category-bageri-ionisering-og-uvc-no category-bakterier-og-hoeje-kimtal-no category-listeria-salmonella-og-coli-no category-skimmel-og-gaer-no\">\n\t<style type=\"text\/css\">\n\t\t\n\t\t\n\t\t\n\t\t\n\t\t\t<\/style>\n\n\n\t\t\t<div class=\"fusion-flexslider flexslider fusion-flexslider-loading fusion-post-slideshow\" style=\"\">\n\t\t<ul class=\"slides\">\n\t\t\t\n\t\t\t\t\t\t\t\t\t\t\t\t\t\t<li><div  class=\"fusion-image-wrapper fusion-image-size-fixed\" aria-haspopup=\"true\">\n\t\t\t\t<img decoding=\"async\" width=\"320\" height=\"202\" src=\"https:\/\/fhsscandinavia.com\/wp-content\/uploads\/2020\/03\/UVC-sluse-vemag-vogn-320x202.jpg\" class=\"attachment-blog-medium size-blog-medium wp-post-image\" alt=\"UVC-l\u00e5s vemag-vogn\" srcset=\"https:\/\/fhsscandinavia.com\/wp-content\/uploads\/2020\/03\/UVC-sluse-vemag-vogn-320x202.jpg 320w, https:\/\/fhsscandinavia.com\/wp-content\/uploads\/2020\/03\/UVC-sluse-vemag-vogn-700x441.jpg 700w\" sizes=\"(max-width: 320px) 100vw, 320px\" \/><div class=\"fusion-rollover\">\n\t<div class=\"fusion-rollover-content\">\n\n\t\t\t\t\t\t\t\t\t\t\t\t\t\t<a class=\"fusion-rollover-link\" href=\"https:\/\/fhsscandinavia.com\/no\/uvc-sluse-for-desinfisering-av-vemag-vogner\/\">UVC-sluse i bakerier til desinfeksjon av vemag-vogner<\/a>\n\t\t\t\n\t\t\t\t\t\t\t\t\n\t\t\n\t\t\t\t\t\t\t\t\t\t\t\t<h4 class=\"fusion-rollover-title\">\n\t\t\t\t\t<a class=\"fusion-rollover-title-link\" href=\"https:\/\/fhsscandinavia.com\/no\/uvc-sluse-for-desinfisering-av-vemag-vogner\/\">\n\t\t\t\t\t\tUVC-sluse i bakerier til desinfeksjon av vemag-vogner\t\t\t\t\t<\/a>\n\t\t\t\t<\/h4>\n\t\t\t\n\t\t\t\t\t\t\t\t\n\t\t\n\t\t\t\t\t\t<a class=\"fusion-link-wrapper\" href=\"https:\/\/fhsscandinavia.com\/no\/uvc-sluse-for-desinfisering-av-vemag-vogner\/\" aria-label=\"UVC-sluse i bakerier til desinfeksjon av vemag-vogner\"><\/a>\n\t<\/div>\n<\/div>\n<\/div>\n<\/li>\n\t\t\t\n\t\t\t\n\t\t\t\t\t\t\t\t\t\t\t\t\t\t\t\t\t\t\t\t\t\t\t\t\t\t\t\t\t\t\t\t\t\t\t\t\t\t\t\t\t\t\t\t\t\t\t\t\t\t\t\t\t\t\t\t\t\t\t\t\t\t\t\t\t\t\t\t<\/ul>\n\t<\/div>\n\t<div class=\"fusion-post-content post-content\"><h2 class=\"blog-shortcode-post-title entry-title\"><a href=\"https:\/\/fhsscandinavia.com\/no\/uvc-sluse-for-desinfisering-av-vemag-vogner\/\">UVC-sluse i bakerier til desinfeksjon av vemag-vogner<\/a><\/h2><div class=\"fusion-post-content-container\"><p>  UVC-sluse i bakerier til desinfeksjon av vemag-vogner  [...]<\/p><\/div><\/div><div class=\"fusion-clearfix\"><\/div><div class=\"fusion-meta-info\"><div class=\"fusion-alignleft\"><span class=\"vcard\" style=\"display: none;\"><span class=\"fn\"><a href=\"https:\/\/fhsscandinavia.com\/no\/author\/charlotte\/\" title=\"Innlegg av Charlotte M\u00f8llegaard\" rel=\"author\">Charlotte M\u00f8llegaard<\/a><\/span><\/span><span class=\"updated\" style=\"display:none;\">2022-01-19T14:41:41+01:00<\/span>Categories: <a href=\"https:\/\/fhsscandinavia.com\/no\/category\/bageri-ionisering-og-uvc-no\/\" rel=\"category tag\">Bageri - Ionisering og UVC<\/a>, <a href=\"https:\/\/fhsscandinavia.com\/no\/category\/bakterier-og-hoeje-kimtal-no\/\" rel=\"category tag\">Bakterier og h\u00f8je kimtal<\/a>, <a href=\"https:\/\/fhsscandinavia.com\/no\/category\/listeria-salmonella-og-coli-no\/\" rel=\"category tag\">Listeria, salmonella og coli<\/a>, <a href=\"https:\/\/fhsscandinavia.com\/no\/category\/skimmel-og-gaer-no\/\" rel=\"category tag\">Skimmel og g\u00e6r<\/a><span class=\"fusion-inline-sep\">|<\/span><\/div><div class=\"fusion-alignright\"><a class=\"fusion-read-more\" href=\"https:\/\/fhsscandinavia.com\/no\/uvc-sluse-for-desinfisering-av-vemag-vogner\/\" aria-label=\"More on UVC-sluse i bakerier til desinfeksjon av vemag-vogner\">Read More<\/a><\/div><\/div><\/article>\n<\/div><\/div><\/div><\/div><\/div><\/div>\n","protected":false},"excerpt":{"rendered":"","protected":false},"author":2,"featured_media":0,"parent":0,"menu_order":0,"comment_status":"closed","ping_status":"closed","template":"","meta":{"footnotes":""},"class_list":["post-8174","page","type-page","status-publish","hentry"],"_links":{"self":[{"href":"https:\/\/fhsscandinavia.com\/no\/wp-json\/wp\/v2\/pages\/8174","targetHints":{"allow":["GET"]}}],"collection":[{"href":"https:\/\/fhsscandinavia.com\/no\/wp-json\/wp\/v2\/pages"}],"about":[{"href":"https:\/\/fhsscandinavia.com\/no\/wp-json\/wp\/v2\/types\/page"}],"author":[{"embeddable":true,"href":"https:\/\/fhsscandinavia.com\/no\/wp-json\/wp\/v2\/users\/2"}],"replies":[{"embeddable":true,"href":"https:\/\/fhsscandinavia.com\/no\/wp-json\/wp\/v2\/comments?post=8174"}],"version-history":[{"count":5,"href":"https:\/\/fhsscandinavia.com\/no\/wp-json\/wp\/v2\/pages\/8174\/revisions"}],"predecessor-version":[{"id":8179,"href":"https:\/\/fhsscandinavia.com\/no\/wp-json\/wp\/v2\/pages\/8174\/revisions\/8179"}],"wp:attachment":[{"href":"https:\/\/fhsscandinavia.com\/no\/wp-json\/wp\/v2\/media?parent=8174"}],"curies":[{"name":"wp","href":"https:\/\/api.w.org\/{rel}","templated":true}]}}