{"id":8180,"date":"2021-06-04T09:15:29","date_gmt":"2021-06-04T07:15:29","guid":{"rendered":"https:\/\/fhsscandinavia.com\/frukt-groennsaker-og-blomster-%e2%80%92-ionisering\/"},"modified":"2022-01-18T08:40:15","modified_gmt":"2022-01-18T07:40:15","slug":"frukt-groennsaker-og-blomster-ionisering","status":"publish","type":"page","link":"https:\/\/fhsscandinavia.com\/no\/frukt-groennsaker-og-blomster-ionisering\/","title":{"rendered":"Frukt, gr\u00f8nnsaker og blomster \u2012 ionisering"},"content":{"rendered":"<div class=\"fusion-fullwidth fullwidth-box fusion-builder-row-1 fusion-flex-container nonhundred-percent-fullwidth non-hundred-percent-height-scrolling\" style=\"--awb-border-radius-top-left:0px;--awb-border-radius-top-right:0px;--awb-border-radius-bottom-right:0px;--awb-border-radius-bottom-left:0px;--awb-flex-wrap:wrap;\" ><div class=\"fusion-builder-row fusion-row fusion-flex-align-items-flex-start fusion-flex-content-wrap\" style=\"max-width:1227.2px;margin-left: calc(-4% \/ 2 );margin-right: calc(-4% \/ 2 );\"><div class=\"fusion-layout-column fusion_builder_column fusion-builder-column-0 fusion_builder_column_1_2 1_2 fusion-flex-column\" style=\"--awb-bg-size:cover;--awb-width-large:50%;--awb-margin-top-large:15px;--awb-spacing-right-large:3.84%;--awb-margin-bottom-large:15px;--awb-spacing-left-large:3.84%;--awb-width-medium:100%;--awb-order-medium:0;--awb-spacing-right-medium:1.92%;--awb-spacing-left-medium:1.92%;--awb-width-small:100%;--awb-order-small:0;--awb-spacing-right-small:1.92%;--awb-spacing-left-small:1.92%;\"><div class=\"fusion-column-wrapper fusion-column-has-shadow fusion-flex-justify-content-flex-start fusion-content-layout-column\"><div class=\"fusion-text fusion-text-1\"><p>Alle produsenter, grossister og forhandlere snakker om \u00e5 redusere matsvinn og det samme \u00f8nsket kommer fra forbrukerorganisasjoner, politikere, forskere osv.<\/p>\n<p>Hos FHS Scandinavia har vi lang erfaring med \u00e5 redusere b\u00e5de muggsopp og etylen hos bedrifter som forhandler frukt og gr\u00f8nnsaker. N\u00e5r vi g\u00e5r i dialog og utarbeider en unders\u00f8kelse av hvor problemene oppst\u00e5r, har vi ofte gode l\u00f8sninger for hvordan forbedringer kan installeres hos bedriften. L\u00f8sninger, som b\u00e5de \u00f8konomisk og milj\u00f8vennlig, forbedrer selskapets mikrobiologiske niv\u00e5.<\/p>\n<p><b>Effektiv og naturlig luftrensing og dekontaminering<\/b><\/p>\n<p>Hos FHS Scandinavia har vi 20 \u00e5rs erfaring med kjemikaliefrie hygienel\u00f8sninger og har bygget opp sterke samarbeid med Europas beste og ledende leverand\u00f8rer innen UVC-belysning, ionisering, ozon og antibakterielle gulv.<\/p>\n<p>V\u00e5r norske leverand\u00f8r innen ionisering, Airgenic, er ikke noe unntak. De er et selskap med mange \u00e5rs erfaring innen ioniseringsteknologi, og er spesialister i \u00e5 bygge ioniseringsutstyr for industrien. Utstyret deres kan installeres i eksisterende ventilasjon eller som en separat enhet, der de installeres i eventuelt eksisterende produksjonsomr\u00e5der for effektiv eliminering av b\u00e5de mugg, gj\u00e6r, bakterier og virus.<\/p>\n<p><b>Bedre luftkvalitet gir \u00f8konomiske fordeler<\/b><\/p>\n<p>Vi opplever at vi kan gj\u00f8re en stor forskjell hos frukt- og gr\u00f8nnsaksbedrifter som har utfordringer med mugg og etylen i luften. Etylenproduksjon kan v\u00e6re en utfordring for lagring av frukt og gr\u00f8nnsaker fordi de ikke alle produserer like mye etylen. Med installasjonen av et ioniseringssystem f\u00e5r du en naturlig og effektiv l\u00f8sning for rengj\u00f8ring og n\u00f8ytralisering av luft. N\u00e5r luften blir ionisert, blir ett eller flere atomer eller molekyler omdannet til et ion ved \u00e5 tilsette eller fjerne ladede partikler som elektroner. Denne prosessen danner ioner med et veldig h\u00f8yt energipotensial, som deretter n\u00f8ytraliserer bakterier, virus og lukt. Se ogs\u00e5 hvordan vi har hjulpet med <a href=\"https:\/\/fhsscandinavia.com\/no\/bakeri-ionisering-og-uvc\/\">ionisering av luft i for br\u00f8dindustrien<\/a>, samt <a href=\"https:\/\/fhsscandinavia.com\/no\/slakteri-og-meieri-%e2%80%92-ionisering-i-modningsrom\/\">ionisering av modningsrom i slakteri- og meieriindustrien<\/a> her. <\/p>\n<p>FHS Scandinavia m\u00f8ter ogs\u00e5 kunder som ikke umiddelbart opplever problemer med mugg og etylen i luften, men her kan vi gj\u00f8re en \u00f8konomisk forskjell til fordel for selskapet. Bedriftene har ofte budsjettert med ekstra avfall, rengj\u00f8ring og arbeidstid, ettersom utfordringene med muggsopp er s\u00e5 kjent at de oppleves som &laquo;en del av hverdagen&raquo;. Men det er en dyr beslutning \u00e5 se det p\u00e5 den m\u00e5ten. Og vanskelig \u00e5 redusere matsvinn hvis vaner ikke brytes. De vet ogs\u00e5 at det kan v\u00e6re sesongmessige svingninger i forhold til mugg og st\u00f8vpartikler i luften, s\u00e5 derfor begynner de med ekstra rengj\u00f8ring i disse periodene. Etter at ionisering er installert, finner frukt- og gr\u00f8nnsaklagrene generelt et mindre behov for vask og rengj\u00f8ring, og ser en klar reduksjon i sesongmessige svingninger. Samtidig oppn\u00e5r de lengre holdbarhet p\u00e5 produkter og dermed redusert matsvinn. En god investering for b\u00e5de selskapet og samfunnet.<\/p>\n<p>Hvis du har sp\u00f8rsm\u00e5l eller \u00f8nsker \u00e5 h\u00f8re mer om hvordan vi kan hjelpe deg med integrerte, milj\u00f8vennlige og \u00f8konomiske hygienel\u00f8sninger i din bedrift, kan du <a href=\"https:\/\/fhsscandinavia.com\/no\/kontakt\/\">kontakte oss<\/a> for en uforpliktende samtale.<\/p>\n<\/div><\/div><\/div><div class=\"fusion-layout-column fusion_builder_column fusion-builder-column-1 fusion_builder_column_1_2 1_2 fusion-flex-column\" style=\"--awb-bg-size:cover;--awb-width-large:50%;--awb-margin-top-large:15px;--awb-spacing-right-large:3.84%;--awb-margin-bottom-large:15px;--awb-spacing-left-large:3.84%;--awb-width-medium:100%;--awb-order-medium:0;--awb-spacing-right-medium:1.92%;--awb-spacing-left-medium:1.92%;--awb-width-small:100%;--awb-order-small:0;--awb-spacing-right-small:1.92%;--awb-spacing-left-small:1.92%;\"><div class=\"fusion-column-wrapper fusion-column-has-shadow fusion-flex-justify-content-flex-start fusion-content-layout-column\"><div class=\"fusion-blog-shortcode fusion-blog-shortcode-1 fusion-blog-archive fusion-blog-layout-medium fusion-blog-pagination\"><div class=\"fusion-posts-container fusion-posts-container-pagination fusion-blog-rollover\" data-pages=\"1\"><article id=\"blog-1-post-8239\" class=\"fusion-post-medium post-8239 post type-post status-publish format-standard has-post-thumbnail hentry category-uncategorized-no category-frukt-og-groennsaker-ionisering-no\">\n\t<style type=\"text\/css\">\n\t\t\n\t\t\n\t\t\n\t\t\n\t\t\t<\/style>\n\n\n\t\t\t<div class=\"fusion-flexslider flexslider fusion-flexslider-loading fusion-post-slideshow\" style=\"\">\n\t\t<ul class=\"slides\">\n\t\t\t\n\t\t\t\t\t\t\t\t\t\t\t\t\t\t<li><div  class=\"fusion-image-wrapper fusion-image-size-fixed\" aria-haspopup=\"true\">\n\t\t\t\t<img decoding=\"async\" width=\"320\" height=\"202\" src=\"https:\/\/fhsscandinavia.com\/wp-content\/uploads\/2021\/08\/flottere-blomster-med-ionisering-320x202.jpg\" class=\"attachment-blog-medium size-blog-medium wp-post-image\" alt=\"Blomster\" \/><div class=\"fusion-rollover\">\n\t<div class=\"fusion-rollover-content\">\n\n\t\t\t\t\t\t\t\t\t\t\t\t\t\t<a class=\"fusion-rollover-link\" href=\"https:\/\/fhsscandinavia.com\/no\/finere-blomster-med-lengre-holdbarhet\/\">Finere blomster med lengre holdbarhet<\/a>\n\t\t\t\n\t\t\t\t\t\t\t\t\n\t\t\n\t\t\t\t\t\t\t\t\t\t\t\t<h4 class=\"fusion-rollover-title\">\n\t\t\t\t\t<a class=\"fusion-rollover-title-link\" href=\"https:\/\/fhsscandinavia.com\/no\/finere-blomster-med-lengre-holdbarhet\/\">\n\t\t\t\t\t\tFinere blomster med lengre holdbarhet\t\t\t\t\t<\/a>\n\t\t\t\t<\/h4>\n\t\t\t\n\t\t\t\t\t\t\t\t\n\t\t\n\t\t\t\t\t\t<a class=\"fusion-link-wrapper\" href=\"https:\/\/fhsscandinavia.com\/no\/finere-blomster-med-lengre-holdbarhet\/\" aria-label=\"Finere blomster med lengre holdbarhet\"><\/a>\n\t<\/div>\n<\/div>\n<\/div>\n<\/li>\n\t\t\t\n\t\t\t\n\t\t\t\t\t\t\t\t\t\t\t\t\t\t\t\t\t\t\t\t\t\t\t\t\t\t\t\t\t\t\t\t\t\t\t\t\t\t\t\t\t\t\t\t\t\t\t\t\t\t\t\t\t\t\t\t\t\t\t\t\t\t\t\t\t\t\t\t<\/ul>\n\t<\/div>\n\t<div class=\"fusion-post-content post-content\"><h2 class=\"blog-shortcode-post-title entry-title\"><a href=\"https:\/\/fhsscandinavia.com\/no\/finere-blomster-med-lengre-holdbarhet\/\">Finere blomster med lengre holdbarhet<\/a><\/h2><div class=\"fusion-post-content-container\"><p> Finere blomster med lengre holdbarhet reduserer store tap  [...]<\/p><\/div><\/div><div class=\"fusion-clearfix\"><\/div><div class=\"fusion-meta-info\"><div class=\"fusion-alignleft\"><span class=\"vcard\" style=\"display: none;\"><span class=\"fn\"><a href=\"https:\/\/fhsscandinavia.com\/no\/author\/charlotte\/\" title=\"Innlegg av Charlotte M\u00f8llegaard\" rel=\"author\">Charlotte M\u00f8llegaard<\/a><\/span><\/span><span class=\"updated\" style=\"display:none;\">2021-08-10T10:15:26+02:00<\/span>Categories: <a href=\"https:\/\/fhsscandinavia.com\/no\/category\/uncategorized-no\/\" rel=\"category tag\"><\/a>, <a href=\"https:\/\/fhsscandinavia.com\/no\/category\/frukt-og-groennsaker-ionisering-no\/\" rel=\"category tag\">Frukt og gr\u00f8nnsaker - ionisering<\/a><span class=\"fusion-inline-sep\">|<\/span><\/div><div class=\"fusion-alignright\"><a class=\"fusion-read-more\" href=\"https:\/\/fhsscandinavia.com\/no\/finere-blomster-med-lengre-holdbarhet\/\" aria-label=\"More on Finere blomster med lengre holdbarhet\">Read More<\/a><\/div><\/div><\/article>\n<article id=\"blog-1-post-7792\" class=\"fusion-post-medium post-7792 post type-post status-publish format-standard has-post-thumbnail hentry category-frukt-og-groennsaker-ionisering-no\">\n\t<style type=\"text\/css\">\n\t\t\n\t\t\n\t\t\n\t\t\n\t\t\t<\/style>\n\n\n\t\t\t<div class=\"fusion-flexslider flexslider fusion-flexslider-loading fusion-post-slideshow\" style=\"\">\n\t\t<ul class=\"slides\">\n\t\t\t\n\t\t\t\t\t\t\t\t\t\t\t\t\t\t<li><div  class=\"fusion-image-wrapper fusion-image-size-fixed\" aria-haspopup=\"true\">\n\t\t\t\t<img decoding=\"async\" width=\"320\" height=\"202\" src=\"https:\/\/fhsscandinavia.com\/wp-content\/uploads\/2021\/04\/frugt-320x202.jpg\" class=\"attachment-blog-medium size-blog-medium wp-post-image\" alt=\"\" srcset=\"https:\/\/fhsscandinavia.com\/wp-content\/uploads\/2021\/04\/frugt-320x202.jpg 320w, https:\/\/fhsscandinavia.com\/wp-content\/uploads\/2021\/04\/frugt-700x441.jpg 700w\" sizes=\"(max-width: 320px) 100vw, 320px\" \/><div class=\"fusion-rollover\">\n\t<div class=\"fusion-rollover-content\">\n\n\t\t\t\t\t\t\t\t\t\t\t\t\t\t<a class=\"fusion-rollover-link\" href=\"https:\/\/fhsscandinavia.com\/no\/case-generelt-om-ionisering-i-frukt-og-groennsaksindustrien\/\">Case &#8211; generelt om ionisering i frukt- og gr\u00f8nnsaksindustrien<\/a>\n\t\t\t\n\t\t\t\t\t\t\t\t\n\t\t\n\t\t\t\t\t\t\t\t\t\t\t\t<h4 class=\"fusion-rollover-title\">\n\t\t\t\t\t<a class=\"fusion-rollover-title-link\" href=\"https:\/\/fhsscandinavia.com\/no\/case-generelt-om-ionisering-i-frukt-og-groennsaksindustrien\/\">\n\t\t\t\t\t\tCase &#8211; generelt om ionisering i frukt- og gr\u00f8nnsaksindustrien\t\t\t\t\t<\/a>\n\t\t\t\t<\/h4>\n\t\t\t\n\t\t\t\t\t\t\t\t\n\t\t\n\t\t\t\t\t\t<a class=\"fusion-link-wrapper\" href=\"https:\/\/fhsscandinavia.com\/no\/case-generelt-om-ionisering-i-frukt-og-groennsaksindustrien\/\" aria-label=\"Case &#8211; generelt om ionisering i frukt- og gr\u00f8nnsaksindustrien\"><\/a>\n\t<\/div>\n<\/div>\n<\/div>\n<\/li>\n\t\t\t\n\t\t\t\n\t\t\t\t\t\t\t\t\t\t\t\t\t\t\t\t\t\t\t\t\t\t\t\t\t\t\t\t\t\t\t\t\t\t\t\t\t\t\t\t\t\t\t\t\t\t\t\t\t\t\t\t\t\t\t\t\t\t\t\t\t\t\t\t\t\t\t\t<\/ul>\n\t<\/div>\n\t<div class=\"fusion-post-content post-content\"><h2 class=\"blog-shortcode-post-title entry-title\"><a href=\"https:\/\/fhsscandinavia.com\/no\/case-generelt-om-ionisering-i-frukt-og-groennsaksindustrien\/\">Case &#8211; generelt om ionisering i frukt- og gr\u00f8nnsaksindustrien<\/a><\/h2><div class=\"fusion-post-content-container\"><p>  Case - generelt om ionisering i frukt- og [...]<\/p><\/div><\/div><div class=\"fusion-clearfix\"><\/div><div class=\"fusion-meta-info\"><div class=\"fusion-alignleft\"><span class=\"vcard\" style=\"display: none;\"><span class=\"fn\"><a href=\"https:\/\/fhsscandinavia.com\/no\/author\/charlotte\/\" title=\"Innlegg av Charlotte M\u00f8llegaard\" rel=\"author\">Charlotte M\u00f8llegaard<\/a><\/span><\/span><span class=\"updated\" style=\"display:none;\">2022-02-17T08:30:04+01:00<\/span>Categories: <a href=\"https:\/\/fhsscandinavia.com\/no\/category\/frukt-og-groennsaker-ionisering-no\/\" rel=\"category tag\">Frukt og gr\u00f8nnsaker - ionisering<\/a><span class=\"fusion-inline-sep\">|<\/span><\/div><div class=\"fusion-alignright\"><a class=\"fusion-read-more\" href=\"https:\/\/fhsscandinavia.com\/no\/case-generelt-om-ionisering-i-frukt-og-groennsaksindustrien\/\" aria-label=\"More on Case &#8211; generelt om ionisering i frukt- og gr\u00f8nnsaksindustrien\">Read More<\/a><\/div><\/div><\/article>\n<article id=\"blog-1-post-7658\" class=\"fusion-post-medium post-7658 post type-post status-publish format-standard has-post-thumbnail hentry category-frukt-og-groennsaker-ionisering-no category-skimmel-og-gaer-no\">\n\t<style type=\"text\/css\">\n\t\t\n\t\t\n\t\t\n\t\t\n\t\t\t<\/style>\n\n\n\t\t\t<div class=\"fusion-flexslider flexslider fusion-flexslider-loading fusion-post-slideshow\" style=\"\">\n\t\t<ul class=\"slides\">\n\t\t\t\n\t\t\t\t\t\t\t\t\t\t\t\t\t\t<li><div  class=\"fusion-image-wrapper fusion-image-size-fixed\" aria-haspopup=\"true\">\n\t\t\t\t<img decoding=\"async\" width=\"320\" height=\"202\" src=\"https:\/\/fhsscandinavia.com\/wp-content\/uploads\/2021\/05\/Skaermbillede-2021-05-03-kl.-16.23.43-1-320x202.png\" class=\"attachment-blog-medium size-blog-medium wp-post-image\" alt=\"\" srcset=\"https:\/\/fhsscandinavia.com\/wp-content\/uploads\/2021\/05\/Skaermbillede-2021-05-03-kl.-16.23.43-1-320x202.png 320w, https:\/\/fhsscandinavia.com\/wp-content\/uploads\/2021\/05\/Skaermbillede-2021-05-03-kl.-16.23.43-1-700x441.png 700w\" sizes=\"(max-width: 320px) 100vw, 320px\" \/><div class=\"fusion-rollover\">\n\t<div class=\"fusion-rollover-content\">\n\n\t\t\t\t\t\t\t\t\t\t\t\t\t\t<a class=\"fusion-rollover-link\" href=\"https:\/\/fhsscandinavia.com\/no\/stopp-matsvinn-paa-lager-med-frukt-og-groennsaker-billig-og-enkel-loesning\/\">STOPP matsvinn p\u00e5 lager med frukt og gr\u00f8nnsaker &#8211; billig og enkel l\u00f8sning<\/a>\n\t\t\t\n\t\t\t\t\t\t\t\t\n\t\t\n\t\t\t\t\t\t\t\t\t\t\t\t<h4 class=\"fusion-rollover-title\">\n\t\t\t\t\t<a class=\"fusion-rollover-title-link\" href=\"https:\/\/fhsscandinavia.com\/no\/stopp-matsvinn-paa-lager-med-frukt-og-groennsaker-billig-og-enkel-loesning\/\">\n\t\t\t\t\t\tSTOPP matsvinn p\u00e5 lager med frukt og gr\u00f8nnsaker &#8211; billig og enkel l\u00f8sning\t\t\t\t\t<\/a>\n\t\t\t\t<\/h4>\n\t\t\t\n\t\t\t\t\t\t\t\t\n\t\t\n\t\t\t\t\t\t<a class=\"fusion-link-wrapper\" href=\"https:\/\/fhsscandinavia.com\/no\/stopp-matsvinn-paa-lager-med-frukt-og-groennsaker-billig-og-enkel-loesning\/\" aria-label=\"STOPP matsvinn p\u00e5 lager med frukt og gr\u00f8nnsaker &#8211; billig og enkel l\u00f8sning\"><\/a>\n\t<\/div>\n<\/div>\n<\/div>\n<\/li>\n\t\t\t\n\t\t\t\n\t\t\t\t\t\t\t\t\t\t\t\t\t\t\t\t\t\t\t\t\t\t\t\t\t\t\t\t\t\t\t\t\t\t\t\t\t\t\t\t\t\t\t\t\t\t\t\t\t\t\t\t\t\t\t\t\t\t\t\t\t\t\t\t\t\t\t\t<\/ul>\n\t<\/div>\n\t<div class=\"fusion-post-content post-content\"><h2 class=\"blog-shortcode-post-title entry-title\"><a href=\"https:\/\/fhsscandinavia.com\/no\/stopp-matsvinn-paa-lager-med-frukt-og-groennsaker-billig-og-enkel-loesning\/\">STOPP matsvinn p\u00e5 lager med frukt og gr\u00f8nnsaker &#8211; billig og enkel l\u00f8sning<\/a><\/h2><div class=\"fusion-post-content-container\"><p>  STOPP matsvinn p\u00e5 lager med frukt og gr\u00f8nnsaker [...]<\/p><\/div><\/div><div class=\"fusion-clearfix\"><\/div><div class=\"fusion-meta-info\"><div class=\"fusion-alignleft\"><span class=\"vcard\" style=\"display: none;\"><span class=\"fn\"><a href=\"https:\/\/fhsscandinavia.com\/no\/author\/charlotte\/\" title=\"Innlegg av Charlotte M\u00f8llegaard\" rel=\"author\">Charlotte M\u00f8llegaard<\/a><\/span><\/span><span class=\"updated\" style=\"display:none;\">2022-01-19T14:53:33+01:00<\/span>Categories: <a href=\"https:\/\/fhsscandinavia.com\/no\/category\/frukt-og-groennsaker-ionisering-no\/\" rel=\"category tag\">Frukt og gr\u00f8nnsaker - ionisering<\/a>, <a href=\"https:\/\/fhsscandinavia.com\/no\/category\/skimmel-og-gaer-no\/\" rel=\"category tag\">Skimmel og g\u00e6r<\/a><span class=\"fusion-inline-sep\">|<\/span><\/div><div class=\"fusion-alignright\"><a class=\"fusion-read-more\" href=\"https:\/\/fhsscandinavia.com\/no\/stopp-matsvinn-paa-lager-med-frukt-og-groennsaker-billig-og-enkel-loesning\/\" aria-label=\"More on STOPP matsvinn p\u00e5 lager med frukt og gr\u00f8nnsaker &#8211; billig og enkel l\u00f8sning\">Read More<\/a><\/div><\/div><\/article>\n<\/div><\/div><\/div><\/div><\/div><\/div>\n","protected":false},"excerpt":{"rendered":"","protected":false},"author":2,"featured_media":0,"parent":0,"menu_order":0,"comment_status":"closed","ping_status":"closed","template":"","meta":{"footnotes":""},"class_list":["post-8180","page","type-page","status-publish","hentry"],"_links":{"self":[{"href":"https:\/\/fhsscandinavia.com\/no\/wp-json\/wp\/v2\/pages\/8180","targetHints":{"allow":["GET"]}}],"collection":[{"href":"https:\/\/fhsscandinavia.com\/no\/wp-json\/wp\/v2\/pages"}],"about":[{"href":"https:\/\/fhsscandinavia.com\/no\/wp-json\/wp\/v2\/types\/page"}],"author":[{"embeddable":true,"href":"https:\/\/fhsscandinavia.com\/no\/wp-json\/wp\/v2\/users\/2"}],"replies":[{"embeddable":true,"href":"https:\/\/fhsscandinavia.com\/no\/wp-json\/wp\/v2\/comments?post=8180"}],"version-history":[{"count":6,"href":"https:\/\/fhsscandinavia.com\/no\/wp-json\/wp\/v2\/pages\/8180\/revisions"}],"predecessor-version":[{"id":8192,"href":"https:\/\/fhsscandinavia.com\/no\/wp-json\/wp\/v2\/pages\/8180\/revisions\/8192"}],"wp:attachment":[{"href":"https:\/\/fhsscandinavia.com\/no\/wp-json\/wp\/v2\/media?parent=8180"}],"curies":[{"name":"wp","href":"https:\/\/api.w.org\/{rel}","templated":true}]}}