{"id":8183,"date":"2021-06-04T09:28:27","date_gmt":"2021-06-04T07:28:27","guid":{"rendered":"https:\/\/fhsscandinavia.com\/slakteri-og-meieri-%e2%80%92-ionisering-i-modningsrom\/"},"modified":"2021-10-26T10:47:29","modified_gmt":"2021-10-26T08:47:29","slug":"slakteri-og-meieri-ionisering-i-modningsrom","status":"publish","type":"page","link":"https:\/\/fhsscandinavia.com\/no\/slakteri-og-meieri-ionisering-i-modningsrom\/","title":{"rendered":"Slakteri og meieri \u2012 ionisering i modningsrom"},"content":{"rendered":"<div class=\"fusion-fullwidth fullwidth-box fusion-builder-row-1 fusion-flex-container nonhundred-percent-fullwidth non-hundred-percent-height-scrolling\" style=\"--awb-border-radius-top-left:0px;--awb-border-radius-top-right:0px;--awb-border-radius-bottom-right:0px;--awb-border-radius-bottom-left:0px;--awb-flex-wrap:wrap;\" ><div class=\"fusion-builder-row fusion-row fusion-flex-align-items-flex-start fusion-flex-content-wrap\" style=\"max-width:1227.2px;margin-left: calc(-4% \/ 2 );margin-right: calc(-4% \/ 2 );\"><div class=\"fusion-layout-column fusion_builder_column fusion-builder-column-0 fusion_builder_column_1_2 1_2 fusion-flex-column\" style=\"--awb-bg-size:cover;--awb-width-large:50%;--awb-margin-top-large:15px;--awb-spacing-right-large:3.84%;--awb-margin-bottom-large:15px;--awb-spacing-left-large:3.84%;--awb-width-medium:100%;--awb-order-medium:0;--awb-spacing-right-medium:1.92%;--awb-spacing-left-medium:1.92%;--awb-width-small:100%;--awb-order-small:0;--awb-spacing-right-small:1.92%;--awb-spacing-left-small:1.92%;\"><div class=\"fusion-column-wrapper fusion-column-has-shadow fusion-flex-justify-content-flex-start fusion-content-layout-column\"><div class=\"fusion-text fusion-text-1\"><p>Temperatur og fuktighet i klimarom er velkjente utfordringer som f\u00f8rer til muggvekst. Dessverre er forholdene som gj\u00f8r modningsrommet gunstig for de spesialiserte produktene ogs\u00e5 forholdene som er gode for mugg i luften. Muggen blir f\u00f8rst funnet i luften, og senere forurenser produktene seg gjennom muggen i luften. Derfor er det viktig \u00e5 ha kontroll over temperatur og fuktighet i lagrings- og modningsrom, ettersom produkter som skinker, spekep\u00f8lser, kj\u00f8tt og ost m\u00e5 kunne t\u00e5le modning gjennom en lang modningsprosess til de har n\u00e5dd riktig konsistens og PH-niv\u00e5. Denne prosessen for\u00e5rsaker stort vekttap, som hovedsakelig er v\u00e6ske og fuktighet.<\/p>\n<p><b>Ionisering av luft eliminerer effektivt muggsopp i klimarom<\/b><\/p>\n<p>Som selskap er det viktig \u00e5 kunne produsere under de beste forholdene. Med ioniseringsl\u00f8sninger fra FHS Scandinavia f\u00e5r bedriften din et luftrensingssystem som sikrer den beste luftkvaliteten i modningsrom. Ved ioniserende luft omdannes ett eller flere atomer eller molekyler til et ion ved \u00e5 tilsette eller fjerne ladede partikler som elektroner. Denne prosessen skaper ioner med et veldig h\u00f8yt energipotensial, som deretter n\u00f8ytraliserer bakterier, virus og lukt.<\/p>\n<p>P\u00e5 denne m\u00e5ten sparer du ressurser p\u00e5 rengj\u00f8ring og unng\u00e5r ogs\u00e5 u\u00f8nskede avvik, som ofte er sesongmessige i forhold til f.eks. antallet av muggsporer eller andre former for forurensning i modningsrom.<\/p>\n<p><b>Leverand\u00f8r i verdensklasse<\/b><\/p>\n<p>V\u00e5r norske leverand\u00f8r innen ionisering, Airgenic, har mange \u00e5rs erfaring med og er den ledende spesialisten innen \u00e5 bygge ioniseringsutstyr for klimarom. Utstyret deres er allsidig og integrerbart, noe som betyr at serien kan installeres i eksisterende ventilasjon eller som en separat enhet, der de installeres i eksisterende produksjonsomr\u00e5der for effektiv eliminering av b\u00e5de muggsopp, gj\u00e6r, bakterier og virus.<\/p>\n<p>Vi har 20 \u00e5rs erfaring med milj\u00f8vennlige og b\u00e6rekraftige dekontaminasjonsl\u00f8sninger, der vi kan hjelpe med behandling av b\u00e5de luft, gulv, overflater, b\u00e5nd\/utstyr, pakke\/emballasje og vann. Vi har bygget opp solide samarbeid med Europas beste og ledende leverand\u00f8rer innen ionisering, UVC-lys, ozon og antibakterielle gulv. Se ogs\u00e5 hvordan vi har hjulpet med <a href=\"https:\/\/fhsscandinavia.com\/no\/bakeri-ionisering-og-uvc\/\">ionisering av luft i br\u00f8dindustrien<\/a> samt <a href=\"https:\/\/fhsscandinavia.com\/no\/frukt-groennsaker-og-blomster-%e2%80%92-ionisering\/\">ionisering av luft i frukt, gr\u00f8nnsaks- og blomsterbedrifter<\/a>.<\/p>\n<p>Hos FHS Scandinavia har vi dialog og kunden i front, og n\u00e5r vi n\u00e5r gjennom dialog og unders\u00f8kelse finner ut hvor problemene oppst\u00e5r, har vi ofte gode l\u00f8sninger for hvordan forbedringer kan installeres i selskapet. L\u00f8sninger som b\u00e5de \u00f8konomisk og milj\u00f8vennlig forbedrer selskapets mikrobiologiske niv\u00e5.<\/p>\n<p>Hvis du har sp\u00f8rsm\u00e5l eller \u00f8nsker \u00e5 h\u00f8re mer om hvordan vi kan hjelpe deg med integrerte, milj\u00f8vennlige og \u00f8konomiske hygienel\u00f8sninger i din bedrift, kan du <a href=\"https:\/\/fhsscandinavia.com\/no\/kontakt\/\">kontakte oss<\/a> for en uforpliktende prat.<\/p>\n<\/div><\/div><\/div><div class=\"fusion-layout-column fusion_builder_column fusion-builder-column-1 fusion_builder_column_1_2 1_2 fusion-flex-column\" style=\"--awb-bg-size:cover;--awb-width-large:50%;--awb-margin-top-large:15px;--awb-spacing-right-large:3.84%;--awb-margin-bottom-large:15px;--awb-spacing-left-large:3.84%;--awb-width-medium:100%;--awb-order-medium:0;--awb-spacing-right-medium:1.92%;--awb-spacing-left-medium:1.92%;--awb-width-small:100%;--awb-order-small:0;--awb-spacing-right-small:1.92%;--awb-spacing-left-small:1.92%;\"><div class=\"fusion-column-wrapper fusion-column-has-shadow fusion-flex-justify-content-flex-start fusion-content-layout-column\"><div class=\"fusion-blog-shortcode fusion-blog-shortcode-1 fusion-blog-archive fusion-blog-layout-medium fusion-blog-pagination\"><div class=\"fusion-posts-container fusion-posts-container-pagination fusion-blog-rollover\" data-pages=\"2\"><article id=\"blog-1-post-7812\" class=\"fusion-post-medium post-7812 post type-post status-publish format-standard has-post-thumbnail hentry category-skimmel-og-gaer-no category-slakteri-og-meieri-ionisering-i-modningsrom\">\n\t<style type=\"text\/css\">\n\t\t\n\t\t\n\t\t\n\t\t\n\t\t\t<\/style>\n\n\n\t\t\t<div class=\"fusion-flexslider flexslider fusion-flexslider-loading fusion-post-slideshow\" style=\"\">\n\t\t<ul class=\"slides\">\n\t\t\t\n\t\t\t\t\t\t\t\t\t\t\t\t\t\t<li><div  class=\"fusion-image-wrapper fusion-image-size-fixed\" aria-haspopup=\"true\">\n\t\t\t\t<img decoding=\"async\" width=\"320\" height=\"202\" src=\"https:\/\/fhsscandinavia.com\/wp-content\/uploads\/2021\/04\/Fanaost-3-320x202.jpg\" class=\"attachment-blog-medium size-blog-medium wp-post-image\" alt=\"\" srcset=\"https:\/\/fhsscandinavia.com\/wp-content\/uploads\/2021\/04\/Fanaost-3-320x202.jpg 320w, https:\/\/fhsscandinavia.com\/wp-content\/uploads\/2021\/04\/Fanaost-3-700x441.jpg 700w\" sizes=\"(max-width: 320px) 100vw, 320px\" \/><div class=\"fusion-rollover\">\n\t<div class=\"fusion-rollover-content\">\n\n\t\t\t\t\t\t\t\t\t\t\t\t\t\t<a class=\"fusion-rollover-link\" href=\"https:\/\/fhsscandinavia.com\/no\/meieri-reduserer-svinn-og-ekstra-rengjoering-med-ionisering-i-modningsrommet\/\">Meieri reduserer svinn og ekstra rengj\u00f8ring med ionisering i modningsrommet<\/a>\n\t\t\t\n\t\t\t\t\t\t\t\t\n\t\t\n\t\t\t\t\t\t\t\t\t\t\t\t<h4 class=\"fusion-rollover-title\">\n\t\t\t\t\t<a class=\"fusion-rollover-title-link\" href=\"https:\/\/fhsscandinavia.com\/no\/meieri-reduserer-svinn-og-ekstra-rengjoering-med-ionisering-i-modningsrommet\/\">\n\t\t\t\t\t\tMeieri reduserer svinn og ekstra rengj\u00f8ring med ionisering i modningsrommet\t\t\t\t\t<\/a>\n\t\t\t\t<\/h4>\n\t\t\t\n\t\t\t\t\t\t\t\t\n\t\t\n\t\t\t\t\t\t<a class=\"fusion-link-wrapper\" href=\"https:\/\/fhsscandinavia.com\/no\/meieri-reduserer-svinn-og-ekstra-rengjoering-med-ionisering-i-modningsrommet\/\" aria-label=\"Meieri reduserer svinn og ekstra rengj\u00f8ring med ionisering i modningsrommet\"><\/a>\n\t<\/div>\n<\/div>\n<\/div>\n<\/li>\n\t\t\t\n\t\t\t\n\t\t\t\t\t\t\t\t\t\t\t\t\t\t\t\t\t\t\t\t\t\t\t\t\t\t\t\t\t\t\t\t\t\t\t\t\t\t\t\t\t\t\t\t\t\t\t\t\t\t\t\t\t\t\t\t\t\t\t\t\t\t\t\t\t\t\t\t<\/ul>\n\t<\/div>\n\t<div class=\"fusion-post-content post-content\"><h2 class=\"blog-shortcode-post-title entry-title\"><a href=\"https:\/\/fhsscandinavia.com\/no\/meieri-reduserer-svinn-og-ekstra-rengjoering-med-ionisering-i-modningsrommet\/\">Meieri reduserer svinn og ekstra rengj\u00f8ring med ionisering i modningsrommet<\/a><\/h2><div class=\"fusion-post-content-container\"><p>  Fanaost reduserer svinn og ekstra rengj\u00f8ring med ionisering [...]<\/p><\/div><\/div><div class=\"fusion-clearfix\"><\/div><div class=\"fusion-meta-info\"><div class=\"fusion-alignleft\"><span class=\"vcard\" style=\"display: none;\"><span class=\"fn\"><a href=\"https:\/\/fhsscandinavia.com\/no\/author\/charlotte\/\" title=\"Innlegg av Charlotte M\u00f8llegaard\" rel=\"author\">Charlotte M\u00f8llegaard<\/a><\/span><\/span><span class=\"updated\" style=\"display:none;\">2022-01-19T14:12:17+01:00<\/span>Categories: <a href=\"https:\/\/fhsscandinavia.com\/no\/category\/skimmel-og-gaer-no\/\" rel=\"category tag\">Skimmel og g\u00e6r<\/a>, <a href=\"https:\/\/fhsscandinavia.com\/no\/category\/slakteri-og-meieri-ionisering-i-modningsrom\/\" rel=\"category tag\">Slakteri og meieri - ionisering i modningsrom<\/a><span class=\"fusion-inline-sep\">|<\/span><\/div><div class=\"fusion-alignright\"><a class=\"fusion-read-more\" href=\"https:\/\/fhsscandinavia.com\/no\/meieri-reduserer-svinn-og-ekstra-rengjoering-med-ionisering-i-modningsrommet\/\" aria-label=\"More on Meieri reduserer svinn og ekstra rengj\u00f8ring med ionisering i modningsrommet\">Read More<\/a><\/div><\/div><\/article>\n<article id=\"blog-1-post-7804\" class=\"fusion-post-medium post-7804 post type-post status-publish format-standard has-post-thumbnail hentry category-bakterier-og-hoeje-kimtal-no category-skimmel-og-gaer-no category-slakteri-og-meieri-ionisering-i-modningsrom\">\n\t<style type=\"text\/css\">\n\t\t\n\t\t\n\t\t\n\t\t\n\t\t\t<\/style>\n\n\n\t\t\t<div class=\"fusion-flexslider flexslider fusion-flexslider-loading fusion-post-slideshow\" style=\"\">\n\t\t<ul class=\"slides\">\n\t\t\t\n\t\t\t\t\t\t\t\t\t\t\t\t\t\t<li><div  class=\"fusion-image-wrapper fusion-image-size-fixed\" aria-haspopup=\"true\">\n\t\t\t\t<img decoding=\"async\" width=\"320\" height=\"202\" src=\"https:\/\/fhsscandinavia.com\/wp-content\/uploads\/2021\/03\/Foto-slagterga\u030arden-320x202.jpg\" class=\"attachment-blog-medium size-blog-medium wp-post-image\" alt=\"\" srcset=\"https:\/\/fhsscandinavia.com\/wp-content\/uploads\/2021\/03\/Foto-slagterga\u030arden-320x202.jpg 320w, https:\/\/fhsscandinavia.com\/wp-content\/uploads\/2021\/03\/Foto-slagterga\u030arden-700x441.jpg 700w\" sizes=\"(max-width: 320px) 100vw, 320px\" \/><div class=\"fusion-rollover\">\n\t<div class=\"fusion-rollover-content\">\n\n\t\t\t\t\t\t\t\t\t\t\t\t\t\t<a class=\"fusion-rollover-link\" href=\"https:\/\/fhsscandinavia.com\/no\/fjern-mugg-fra-klimarom-med-ionisering-oekologiske-spekepoelser\/\">Fjern mugg fra klimarom med ionisering \u2013 \u00f8kologiske spekep\u00f8lser!<\/a>\n\t\t\t\n\t\t\t\t\t\t\t\t\n\t\t\n\t\t\t\t\t\t\t\t\t\t\t\t<h4 class=\"fusion-rollover-title\">\n\t\t\t\t\t<a class=\"fusion-rollover-title-link\" href=\"https:\/\/fhsscandinavia.com\/no\/fjern-mugg-fra-klimarom-med-ionisering-oekologiske-spekepoelser\/\">\n\t\t\t\t\t\tFjern mugg fra klimarom med ionisering \u2013 \u00f8kologiske spekep\u00f8lser!\t\t\t\t\t<\/a>\n\t\t\t\t<\/h4>\n\t\t\t\n\t\t\t\t\t\t\t\t\n\t\t\n\t\t\t\t\t\t<a class=\"fusion-link-wrapper\" href=\"https:\/\/fhsscandinavia.com\/no\/fjern-mugg-fra-klimarom-med-ionisering-oekologiske-spekepoelser\/\" aria-label=\"Fjern mugg fra klimarom med ionisering \u2013 \u00f8kologiske spekep\u00f8lser!\"><\/a>\n\t<\/div>\n<\/div>\n<\/div>\n<\/li>\n\t\t\t\n\t\t\t\n\t\t\t\t\t\t\t\t\t\t\t\t\t\t\t\t\t\t\t\t\t\t\t\t\t\t\t\t\t\t\t\t\t\t\t\t\t\t\t\t\t\t\t\t\t\t\t\t\t\t\t\t\t\t\t\t\t\t\t\t\t\t\t\t\t\t\t\t<\/ul>\n\t<\/div>\n\t<div class=\"fusion-post-content post-content\"><h2 class=\"blog-shortcode-post-title entry-title\"><a href=\"https:\/\/fhsscandinavia.com\/no\/fjern-mugg-fra-klimarom-med-ionisering-oekologiske-spekepoelser\/\">Fjern mugg fra klimarom med ionisering \u2013 \u00f8kologiske spekep\u00f8lser!<\/a><\/h2><div class=\"fusion-post-content-container\"><p>  Mugg i klimarom med \u00f8kologiske spekep\u00f8lser!   [...]<\/p><\/div><\/div><div class=\"fusion-clearfix\"><\/div><div class=\"fusion-meta-info\"><div class=\"fusion-alignleft\"><span class=\"vcard\" style=\"display: none;\"><span class=\"fn\"><a href=\"https:\/\/fhsscandinavia.com\/no\/author\/charlotte\/\" title=\"Innlegg av Charlotte M\u00f8llegaard\" rel=\"author\">Charlotte M\u00f8llegaard<\/a><\/span><\/span><span class=\"updated\" style=\"display:none;\">2022-01-19T15:07:47+01:00<\/span>Categories: <a href=\"https:\/\/fhsscandinavia.com\/no\/category\/bakterier-og-hoeje-kimtal-no\/\" rel=\"category tag\">Bakterier og h\u00f8je kimtal<\/a>, <a href=\"https:\/\/fhsscandinavia.com\/no\/category\/skimmel-og-gaer-no\/\" rel=\"category tag\">Skimmel og g\u00e6r<\/a>, <a href=\"https:\/\/fhsscandinavia.com\/no\/category\/slakteri-og-meieri-ionisering-i-modningsrom\/\" rel=\"category tag\">Slakteri og meieri - ionisering i modningsrom<\/a><span class=\"fusion-inline-sep\">|<\/span><\/div><div class=\"fusion-alignright\"><a class=\"fusion-read-more\" href=\"https:\/\/fhsscandinavia.com\/no\/fjern-mugg-fra-klimarom-med-ionisering-oekologiske-spekepoelser\/\" aria-label=\"More on Fjern mugg fra klimarom med ionisering \u2013 \u00f8kologiske spekep\u00f8lser!\">Read More<\/a><\/div><\/div><\/article>\n<article id=\"blog-1-post-7642\" class=\"fusion-post-medium post-7642 post type-post status-publish format-standard has-post-thumbnail hentry category-skimmel-og-gaer-no category-slakteri-og-meieri-ionisering-i-modningsrom\">\n\t<style type=\"text\/css\">\n\t\t\n\t\t\n\t\t\n\t\t\n\t\t\t<\/style>\n\n\n\t\t\t<div class=\"fusion-flexslider flexslider fusion-flexslider-loading fusion-post-slideshow\" style=\"\">\n\t\t<ul class=\"slides\">\n\t\t\t\n\t\t\t\t\t\t\t\t\t\t\t\t\t\t<li><div  class=\"fusion-image-wrapper fusion-image-size-fixed\" aria-haspopup=\"true\">\n\t\t\t\t<img decoding=\"async\" width=\"320\" height=\"202\" src=\"https:\/\/fhsscandinavia.com\/wp-content\/uploads\/2021\/05\/Skaermbillede-2021-05-04-kl.-13.38.57-320x202.png\" class=\"attachment-blog-medium size-blog-medium wp-post-image\" alt=\"\" srcset=\"https:\/\/fhsscandinavia.com\/wp-content\/uploads\/2021\/05\/Skaermbillede-2021-05-04-kl.-13.38.57-320x202.png 320w, https:\/\/fhsscandinavia.com\/wp-content\/uploads\/2021\/05\/Skaermbillede-2021-05-04-kl.-13.38.57-700x441.png 700w\" sizes=\"(max-width: 320px) 100vw, 320px\" \/><div class=\"fusion-rollover\">\n\t<div class=\"fusion-rollover-content\">\n\n\t\t\t\t\t\t\t\t\t\t\t\t\t\t<a class=\"fusion-rollover-link\" href=\"https:\/\/fhsscandinavia.com\/no\/ionisering-har-renset-luften-for-mugg-i-pers-kjoekken-klimarom-i-nesten-20-aar\/\">Ionisering har renset luften for mugg i Per\u00b4s Kj\u00f8kken klimarom i nesten 20 \u00e5r<\/a>\n\t\t\t\n\t\t\t\t\t\t\t\t\n\t\t\n\t\t\t\t\t\t\t\t\t\t\t\t<h4 class=\"fusion-rollover-title\">\n\t\t\t\t\t<a class=\"fusion-rollover-title-link\" href=\"https:\/\/fhsscandinavia.com\/no\/ionisering-har-renset-luften-for-mugg-i-pers-kjoekken-klimarom-i-nesten-20-aar\/\">\n\t\t\t\t\t\tIonisering har renset luften for mugg i Per\u00b4s Kj\u00f8kken klimarom i nesten 20 \u00e5r\t\t\t\t\t<\/a>\n\t\t\t\t<\/h4>\n\t\t\t\n\t\t\t\t\t\t\t\t\n\t\t\n\t\t\t\t\t\t<a class=\"fusion-link-wrapper\" href=\"https:\/\/fhsscandinavia.com\/no\/ionisering-har-renset-luften-for-mugg-i-pers-kjoekken-klimarom-i-nesten-20-aar\/\" aria-label=\"Ionisering har renset luften for mugg i Per\u00b4s Kj\u00f8kken klimarom i nesten 20 \u00e5r\"><\/a>\n\t<\/div>\n<\/div>\n<\/div>\n<\/li>\n\t\t\t\n\t\t\t\n\t\t\t\t\t\t\t\t\t\t\t\t\t\t\t\t\t\t\t\t\t\t\t\t\t\t\t\t\t\t\t\t\t\t\t\t\t\t\t\t\t\t\t\t\t\t\t\t\t\t\t\t\t\t\t\t\t\t\t\t\t\t\t\t\t\t\t\t<\/ul>\n\t<\/div>\n\t<div class=\"fusion-post-content post-content\"><h2 class=\"blog-shortcode-post-title entry-title\"><a href=\"https:\/\/fhsscandinavia.com\/no\/ionisering-har-renset-luften-for-mugg-i-pers-kjoekken-klimarom-i-nesten-20-aar\/\">Ionisering har renset luften for mugg i Per\u00b4s Kj\u00f8kken klimarom i nesten 20 \u00e5r<\/a><\/h2><div class=\"fusion-post-content-container\"><p>  Ionisering har renset luften for mugg i Per\u00b4s [...]<\/p><\/div><\/div><div class=\"fusion-clearfix\"><\/div><div class=\"fusion-meta-info\"><div class=\"fusion-alignleft\"><span class=\"vcard\" style=\"display: none;\"><span class=\"fn\"><a href=\"https:\/\/fhsscandinavia.com\/no\/author\/charlotte\/\" title=\"Innlegg av Charlotte M\u00f8llegaard\" rel=\"author\">Charlotte M\u00f8llegaard<\/a><\/span><\/span><span class=\"updated\" style=\"display:none;\">2022-01-19T14:08:55+01:00<\/span>Categories: <a href=\"https:\/\/fhsscandinavia.com\/no\/category\/skimmel-og-gaer-no\/\" rel=\"category tag\">Skimmel og g\u00e6r<\/a>, <a href=\"https:\/\/fhsscandinavia.com\/no\/category\/slakteri-og-meieri-ionisering-i-modningsrom\/\" rel=\"category tag\">Slakteri og meieri - ionisering i modningsrom<\/a><span class=\"fusion-inline-sep\">|<\/span><\/div><div class=\"fusion-alignright\"><a class=\"fusion-read-more\" href=\"https:\/\/fhsscandinavia.com\/no\/ionisering-har-renset-luften-for-mugg-i-pers-kjoekken-klimarom-i-nesten-20-aar\/\" aria-label=\"More on Ionisering har renset luften for mugg i Per\u00b4s Kj\u00f8kken klimarom i nesten 20 \u00e5r\">Read More<\/a><\/div><\/div><\/article>\n<article id=\"blog-1-post-7385\" class=\"fusion-post-medium post-7385 post type-post status-publish format-standard has-post-thumbnail hentry category-skimmel-og-gaer-no category-slakteri-og-meieri-ionisering-i-modningsrom\">\n\t<style type=\"text\/css\">\n\t\t\n\t\t\n\t\t\n\t\t\n\t\t\t<\/style>\n\n\n\t\t\t<div class=\"fusion-flexslider flexslider fusion-flexslider-loading fusion-post-slideshow\" style=\"\">\n\t\t<ul class=\"slides\">\n\t\t\t\n\t\t\t\t\t\t\t\t\t\t\t\t\t\t<li><div  class=\"fusion-image-wrapper fusion-image-size-fixed\" aria-haspopup=\"true\">\n\t\t\t\t<img decoding=\"async\" width=\"320\" height=\"202\" src=\"https:\/\/fhsscandinavia.com\/wp-content\/uploads\/2021\/03\/Skaermbillede-2021-03-23-kl.-17.37.46-320x202.png\" class=\"attachment-blog-medium size-blog-medium wp-post-image\" alt=\"\" srcset=\"https:\/\/fhsscandinavia.com\/wp-content\/uploads\/2021\/03\/Skaermbillede-2021-03-23-kl.-17.37.46-320x202.png 320w, https:\/\/fhsscandinavia.com\/wp-content\/uploads\/2021\/03\/Skaermbillede-2021-03-23-kl.-17.37.46-638x400.png 638w\" sizes=\"(max-width: 320px) 100vw, 320px\" \/><div class=\"fusion-rollover\">\n\t<div class=\"fusion-rollover-content\">\n\n\t\t\t\t\t\t\t\t\t\t\t\t\t\t<a class=\"fusion-rollover-link\" href=\"https:\/\/fhsscandinavia.com\/no\/oster-i-saltkar-og-mikrobiologiske-utfordringer-i-luften\/\">Oster i saltkar og mugg utfordringer i luften<\/a>\n\t\t\t\n\t\t\t\t\t\t\t\t\n\t\t\n\t\t\t\t\t\t\t\t\t\t\t\t<h4 class=\"fusion-rollover-title\">\n\t\t\t\t\t<a class=\"fusion-rollover-title-link\" href=\"https:\/\/fhsscandinavia.com\/no\/oster-i-saltkar-og-mikrobiologiske-utfordringer-i-luften\/\">\n\t\t\t\t\t\tOster i saltkar og mugg utfordringer i luften\t\t\t\t\t<\/a>\n\t\t\t\t<\/h4>\n\t\t\t\n\t\t\t\t\t\t\t\t\n\t\t\n\t\t\t\t\t\t<a class=\"fusion-link-wrapper\" href=\"https:\/\/fhsscandinavia.com\/no\/oster-i-saltkar-og-mikrobiologiske-utfordringer-i-luften\/\" aria-label=\"Oster i saltkar og mugg utfordringer i luften\"><\/a>\n\t<\/div>\n<\/div>\n<\/div>\n<\/li>\n\t\t\t\n\t\t\t\n\t\t\t\t\t\t\t\t\t\t\t\t\t\t\t\t\t\t\t\t\t\t\t\t\t\t\t\t\t\t\t\t\t\t\t\t\t\t\t\t\t\t\t\t\t\t\t\t\t\t\t\t\t\t\t\t\t\t\t\t\t\t\t\t\t\t\t\t<\/ul>\n\t<\/div>\n\t<div class=\"fusion-post-content post-content\"><h2 class=\"blog-shortcode-post-title entry-title\"><a href=\"https:\/\/fhsscandinavia.com\/no\/oster-i-saltkar-og-mikrobiologiske-utfordringer-i-luften\/\">Oster i saltkar og mugg utfordringer i luften<\/a><\/h2><div class=\"fusion-post-content-container\"><p>  Oster i saltkar og mugg og gj\u00e6r utfordringer [...]<\/p><\/div><\/div><div class=\"fusion-clearfix\"><\/div><div class=\"fusion-meta-info\"><div class=\"fusion-alignleft\"><span class=\"vcard\" style=\"display: none;\"><span class=\"fn\"><a href=\"https:\/\/fhsscandinavia.com\/no\/author\/charlotte\/\" title=\"Innlegg av Charlotte M\u00f8llegaard\" rel=\"author\">Charlotte M\u00f8llegaard<\/a><\/span><\/span><span class=\"updated\" style=\"display:none;\">2022-01-16T21:24:59+01:00<\/span>Categories: <a href=\"https:\/\/fhsscandinavia.com\/no\/category\/skimmel-og-gaer-no\/\" rel=\"category tag\">Skimmel og g\u00e6r<\/a>, <a href=\"https:\/\/fhsscandinavia.com\/no\/category\/slakteri-og-meieri-ionisering-i-modningsrom\/\" rel=\"category tag\">Slakteri og meieri - ionisering i modningsrom<\/a><span class=\"fusion-inline-sep\">|<\/span><\/div><div class=\"fusion-alignright\"><a class=\"fusion-read-more\" href=\"https:\/\/fhsscandinavia.com\/no\/oster-i-saltkar-og-mikrobiologiske-utfordringer-i-luften\/\" aria-label=\"More on Oster i saltkar og mugg utfordringer i luften\">Read More<\/a><\/div><\/div><\/article>\n<\/div><div class=\"pagination clearfix\"><span class=\"current\">1<\/span><a href=\"https:\/\/fhsscandinavia.com\/no\/wp-json\/wp\/v2\/pages\/8183\/page\/2\/\" class=\"inactive\">2<\/a><a class=\"pagination-next\" rel=\"next\" href=\"https:\/\/fhsscandinavia.com\/no\/wp-json\/wp\/v2\/pages\/8183\/page\/2\/\"><span class=\"page-text\">Next<\/span><span class=\"page-next\"><\/span><\/a><\/div><div class=\"fusion-clearfix\"><\/div><\/div><\/div><\/div><\/div><\/div>\n","protected":false},"excerpt":{"rendered":"","protected":false},"author":2,"featured_media":0,"parent":0,"menu_order":0,"comment_status":"closed","ping_status":"closed","template":"","meta":{"footnotes":""},"class_list":["post-8183","page","type-page","status-publish","hentry"],"_links":{"self":[{"href":"https:\/\/fhsscandinavia.com\/no\/wp-json\/wp\/v2\/pages\/8183","targetHints":{"allow":["GET"]}}],"collection":[{"href":"https:\/\/fhsscandinavia.com\/no\/wp-json\/wp\/v2\/pages"}],"about":[{"href":"https:\/\/fhsscandinavia.com\/no\/wp-json\/wp\/v2\/types\/page"}],"author":[{"embeddable":true,"href":"https:\/\/fhsscandinavia.com\/no\/wp-json\/wp\/v2\/users\/2"}],"replies":[{"embeddable":true,"href":"https:\/\/fhsscandinavia.com\/no\/wp-json\/wp\/v2\/comments?post=8183"}],"version-history":[{"count":5,"href":"https:\/\/fhsscandinavia.com\/no\/wp-json\/wp\/v2\/pages\/8183\/revisions"}],"predecessor-version":[{"id":8342,"href":"https:\/\/fhsscandinavia.com\/no\/wp-json\/wp\/v2\/pages\/8183\/revisions\/8342"}],"wp:attachment":[{"href":"https:\/\/fhsscandinavia.com\/no\/wp-json\/wp\/v2\/media?parent=8183"}],"curies":[{"name":"wp","href":"https:\/\/api.w.org\/{rel}","templated":true}]}}