{"id":8189,"date":"2021-06-04T09:37:27","date_gmt":"2021-06-04T07:37:27","guid":{"rendered":"https:\/\/fhsscandinavia.com\/gulv-%e2%80%92-dekontaminering\/"},"modified":"2021-06-04T10:31:08","modified_gmt":"2021-06-04T08:31:08","slug":"gulv-dekontaminering","status":"publish","type":"page","link":"https:\/\/fhsscandinavia.com\/no\/gulv-dekontaminering\/","title":{"rendered":"Gulv \u2012 dekontaminering"},"content":{"rendered":"<div class=\"fusion-fullwidth fullwidth-box fusion-builder-row-1 fusion-flex-container nonhundred-percent-fullwidth non-hundred-percent-height-scrolling\" style=\"--awb-border-radius-top-left:0px;--awb-border-radius-top-right:0px;--awb-border-radius-bottom-right:0px;--awb-border-radius-bottom-left:0px;--awb-flex-wrap:wrap;\" ><div class=\"fusion-builder-row fusion-row fusion-flex-align-items-flex-start fusion-flex-content-wrap\" style=\"max-width:1227.2px;margin-left: calc(-4% \/ 2 );margin-right: calc(-4% \/ 2 );\"><div class=\"fusion-layout-column fusion_builder_column fusion-builder-column-0 fusion_builder_column_1_2 1_2 fusion-flex-column\" style=\"--awb-bg-size:cover;--awb-width-large:50%;--awb-margin-top-large:15px;--awb-spacing-right-large:3.84%;--awb-margin-bottom-large:15px;--awb-spacing-left-large:3.84%;--awb-width-medium:100%;--awb-order-medium:0;--awb-spacing-right-medium:1.92%;--awb-spacing-left-medium:1.92%;--awb-width-small:100%;--awb-order-small:0;--awb-spacing-right-small:1.92%;--awb-spacing-left-small:1.92%;\"><div class=\"fusion-column-wrapper fusion-column-has-shadow fusion-flex-justify-content-flex-start fusion-content-layout-column\"><div class=\"fusion-text fusion-text-1\"><p>Feilfri hygiene er ekstremt viktig i et stort antall selskaper. Det er derfor ofte fokus p\u00e5 \u00e5 optimalisere hygienel\u00f8sninger, som i tillegg til \u00e5 forbedre bedriftens mikrobiologiske niv\u00e5, ogs\u00e5 m\u00e5 leve opp til de strenge kravene i lovgivningen, og ogs\u00e5 v\u00e6re milj\u00f8vennlige, b\u00e6rekraftige, integrerbare og \u00f8konomiske.<\/p>\n<p><b>Skreddersydde l\u00f8sninger for alle slags utfordringer<\/b><\/p>\n<p>Hos FHS Scandinavia har vi dialog og kunden i forkant, s\u00e5 vi sikrer kostnadseffektive hygienel\u00f8sninger for din bedrift uavhengig av bransje. Hvis det oppst\u00e5r utfordringer eller mistanke om mugg eller andre former for forurensning i ditt firma, hjelper vi deg gjerne med alle deler av prosessen, slik at du er garantert et optimalt milj\u00f8 og inneklima.<\/p>\n<p>Mugg og forurensning kommer ikke bare fra luft, men f\u00f8lger ogs\u00e5 emballasje, teknikere og produkter som har sin normale flyt mellom alle soner i selskapet. Forskning viser at 80% av forurensningen kommer fra hjul og fotavtrykk.<\/p>\n<p><span style=\"color: var(--body_typography-color); font-family: var(--body_typography-font-family); font-size: var(--body_typography-font-size); font-style: var(--body_typography-font-style,normal); font-weight: var(--body_typography-font-weight); letter-spacing: var(--body_typography-letter-spacing);\">Ved \u00e5 bruke antibakterielt gulv eller matter kan man n\u00f8ytralisere mer enn 99% av denne forurensningen. Antibakterielt gulv er derfor fordelaktig \u00e5 plassere i soner mellom rene og urene omr\u00e5der, f.eks. mellom produksjon og lager, der det er mye trafikk og der du vil begrense forurensningen som spres via hjul og mennesker.<\/span><\/p>\n<\/p>\n<p>For \u00e5 identifisere og finne den riktige l\u00f8sningen for n\u00f8yaktig bedriftens utfordring(er), utf\u00f8rer vi en forel\u00f8pig analyse som en start, som blant annet best\u00e5r i \u00e5 samle luftpr\u00f8ver med air-sampling, overflatepr\u00f8ver og partikkelm\u00e5ling. Etter \u00e5 ha analysert testresultater, produksjonsflyt og lokaler, foresl\u00e5r FHS en mulig testinstallasjon best\u00e5ende av ett eller flere elementer som l\u00f8ser bedriftens utfordring. Testene v\u00e5re tilbys som en &laquo;No Cure No Pay&raquo;-test, som sikrer deg l\u00f8sninger uten un\u00f8dvendige og dyre kostnader.<\/p>\n<p><b>FHS Scandinavia optimaliserer hygienen i din bedrift <\/b><\/p>\n<p>FHS Scandinavia har 20 \u00e5rs erfaring med milj\u00f8vennlige og b\u00e6rekraftige hygienel\u00f8sninger, der vi kan hjelpe med effektiv behandling av b\u00e5de luft, gulv, overflater, b\u00e5nd\/utstyr, pakke\/emballasje og vann. Vi har bygget opp solide samarbeid med Europas beste og ledende leverand\u00f8rer innen ionisering, samt UVC-lys, ozon og antibakterielle gulv. Se ogs\u00e5 hvordan vi har hjulpet med <a href=\"https:\/\/fhsscandinavia.com\/no\/bakeri-ionisering-og-uvc\/\">ionisering av luft i br\u00f8dindustrien<\/a> samt <a href=\"https:\/\/fhsscandinavia.com\/no\/transportbaand-uvc-dekontaminering\/\"> UVC-dekontaminering av transportb\u00e5nd<\/a>.<\/p>\n<p>Hvis du \u00f8nsker \u00e5 integrere den mest \u00f8konomiske, p\u00e5litelige og milj\u00f8vennlige hygienel\u00f8sningen i produksjonssystemet ditt, er vi de rette partnerne for \u00e5 finne den beste l\u00f8sningen.<\/p>\n<p>Hvis du har sp\u00f8rsm\u00e5l eller vil h\u00f8re mer, kan du <a href=\"https:\/\/fhsscandinavia.com\/no\/kontakt\/\">kontakte oss<\/a> for en uforpliktende samtale. Vi ser frem til \u00e5 h\u00f8re fra deg og din bedrift.<\/p>\n<\/div><\/div><\/div><div class=\"fusion-layout-column fusion_builder_column fusion-builder-column-1 fusion_builder_column_1_2 1_2 fusion-flex-column\" style=\"--awb-bg-size:cover;--awb-width-large:50%;--awb-margin-top-large:15px;--awb-spacing-right-large:3.84%;--awb-margin-bottom-large:15px;--awb-spacing-left-large:3.84%;--awb-width-medium:100%;--awb-order-medium:0;--awb-spacing-right-medium:1.92%;--awb-spacing-left-medium:1.92%;--awb-width-small:100%;--awb-order-small:0;--awb-spacing-right-small:1.92%;--awb-spacing-left-small:1.92%;\"><div class=\"fusion-column-wrapper fusion-column-has-shadow fusion-flex-justify-content-flex-start fusion-content-layout-column\"><div class=\"fusion-blog-shortcode fusion-blog-shortcode-1 fusion-blog-archive fusion-blog-layout-medium fusion-blog-pagination\"><div class=\"fusion-posts-container fusion-posts-container-pagination fusion-blog-rollover\" data-pages=\"1\"><article id=\"blog-1-post-7634\" class=\"fusion-post-medium post-7634 post type-post status-publish format-standard has-post-thumbnail hentry category-bageri-ionisering-og-uvc-no category-gulv-dekontaminering-no category-skimmel-og-gaer-no category-transportbaand-uvc-dekontaminering-no\">\n\t<style type=\"text\/css\">\n\t\t\n\t\t\n\t\t\n\t\t\n\t\t\t<\/style>\n\n\n\t\t\t<div class=\"fusion-flexslider flexslider fusion-flexslider-loading fusion-post-slideshow\" style=\"\">\n\t\t<ul class=\"slides\">\n\t\t\t\n\t\t\t\t\t\t\t\t\t\t\t\t\t\t<li><div  class=\"fusion-image-wrapper fusion-image-size-fixed\" aria-haspopup=\"true\">\n\t\t\t\t<img decoding=\"async\" width=\"320\" height=\"202\" src=\"https:\/\/fhsscandinavia.com\/wp-content\/uploads\/2021\/05\/Skaermbillede-2021-05-04-kl.-09.32.45-320x202.png\" class=\"attachment-blog-medium size-blog-medium wp-post-image\" alt=\"\" srcset=\"https:\/\/fhsscandinavia.com\/wp-content\/uploads\/2021\/05\/Skaermbillede-2021-05-04-kl.-09.32.45-320x202.png 320w, https:\/\/fhsscandinavia.com\/wp-content\/uploads\/2021\/05\/Skaermbillede-2021-05-04-kl.-09.32.45-700x441.png 700w\" sizes=\"(max-width: 320px) 100vw, 320px\" \/><div class=\"fusion-rollover\">\n\t<div class=\"fusion-rollover-content\">\n\n\t\t\t\t\t\t\t\t\t\t\t\t\t\t<a class=\"fusion-rollover-link\" href=\"https:\/\/fhsscandinavia.com\/no\/en-broedprodusent-og-utfordringer-med-muggsopp\/\">En br\u00f8dprodusent og utfordringer med muggsopp<\/a>\n\t\t\t\n\t\t\t\t\t\t\t\t\n\t\t\n\t\t\t\t\t\t\t\t\t\t\t\t<h4 class=\"fusion-rollover-title\">\n\t\t\t\t\t<a class=\"fusion-rollover-title-link\" href=\"https:\/\/fhsscandinavia.com\/no\/en-broedprodusent-og-utfordringer-med-muggsopp\/\">\n\t\t\t\t\t\tEn br\u00f8dprodusent og utfordringer med muggsopp\t\t\t\t\t<\/a>\n\t\t\t\t<\/h4>\n\t\t\t\n\t\t\t\t\t\t\t\t\n\t\t\n\t\t\t\t\t\t<a class=\"fusion-link-wrapper\" href=\"https:\/\/fhsscandinavia.com\/no\/en-broedprodusent-og-utfordringer-med-muggsopp\/\" aria-label=\"En br\u00f8dprodusent og utfordringer med muggsopp\"><\/a>\n\t<\/div>\n<\/div>\n<\/div>\n<\/li>\n\t\t\t\n\t\t\t\n\t\t\t\t\t\t\t\t\t\t\t\t\t\t\t\t\t\t\t\t\t\t\t\t\t\t\t\t\t\t\t\t\t\t\t\t\t\t\t\t\t\t\t\t\t\t\t\t\t\t\t\t\t\t\t\t\t\t\t\t\t\t\t\t\t\t\t\t<\/ul>\n\t<\/div>\n\t<div class=\"fusion-post-content post-content\"><h2 class=\"blog-shortcode-post-title entry-title\"><a href=\"https:\/\/fhsscandinavia.com\/no\/en-broedprodusent-og-utfordringer-med-muggsopp\/\">En br\u00f8dprodusent og utfordringer med muggsopp<\/a><\/h2><div class=\"fusion-post-content-container\"><p>  En br\u00f8dprodusent og utfordringer med muggsopp   [...]<\/p><\/div><\/div><div class=\"fusion-clearfix\"><\/div><div class=\"fusion-meta-info\"><div class=\"fusion-alignleft\"><span class=\"vcard\" style=\"display: none;\"><span class=\"fn\"><a href=\"https:\/\/fhsscandinavia.com\/no\/author\/charlotte\/\" title=\"Innlegg av Charlotte M\u00f8llegaard\" rel=\"author\">Charlotte M\u00f8llegaard<\/a><\/span><\/span><span class=\"updated\" style=\"display:none;\">2022-01-19T15:22:41+01:00<\/span>Categories: <a href=\"https:\/\/fhsscandinavia.com\/no\/category\/bageri-ionisering-og-uvc-no\/\" rel=\"category tag\">Bageri - Ionisering og UVC<\/a>, <a href=\"https:\/\/fhsscandinavia.com\/no\/category\/gulv-dekontaminering-no\/\" rel=\"category tag\">Gulv - dekontaminering<\/a>, <a href=\"https:\/\/fhsscandinavia.com\/no\/category\/skimmel-og-gaer-no\/\" rel=\"category tag\">Skimmel og g\u00e6r<\/a>, <a href=\"https:\/\/fhsscandinavia.com\/no\/category\/transportbaand-uvc-dekontaminering-no\/\" rel=\"category tag\">Transportb\u00e5nd - UVC dekontaminering<\/a><span class=\"fusion-inline-sep\">|<\/span><\/div><div class=\"fusion-alignright\"><a class=\"fusion-read-more\" href=\"https:\/\/fhsscandinavia.com\/no\/en-broedprodusent-og-utfordringer-med-muggsopp\/\" aria-label=\"More on En br\u00f8dprodusent og utfordringer med muggsopp\">Read More<\/a><\/div><\/div><\/article>\n<article id=\"blog-1-post-5607\" class=\"fusion-post-medium post-5607 post type-post status-publish format-standard has-post-thumbnail hentry category-bakterier-og-hoeje-kimtal-no category-gulv-dekontaminering-no category-listeria-salmonella-og-coli-no category-skimmel-og-gaer-no\">\n\t<style type=\"text\/css\">\n\t\t\n\t\t\n\t\t\n\t\t\n\t\t\t<\/style>\n\n\n\t\t\t<div class=\"fusion-flexslider flexslider fusion-flexslider-loading fusion-post-slideshow\" style=\"\">\n\t\t<ul class=\"slides\">\n\t\t\t\n\t\t\t\t\t\t\t\t\t\t\t\t\t\t<li><div  class=\"fusion-image-wrapper fusion-image-size-fixed\" aria-haspopup=\"true\">\n\t\t\t\t<img decoding=\"async\" width=\"320\" height=\"202\" src=\"https:\/\/fhsscandinavia.com\/wp-content\/uploads\/2018\/10\/70_490-320x202.jpg\" class=\"attachment-blog-medium size-blog-medium wp-post-image\" alt=\"antibakteriell m\u00e5tte v dressing\" srcset=\"https:\/\/fhsscandinavia.com\/wp-content\/uploads\/2018\/10\/70_490-320x202.jpg 320w, https:\/\/fhsscandinavia.com\/wp-content\/uploads\/2018\/10\/70_490-700x441.jpg 700w\" sizes=\"(max-width: 320px) 100vw, 320px\" \/><div class=\"fusion-rollover\">\n\t<div class=\"fusion-rollover-content\">\n\n\t\t\t\t\t\t\t\t\t\t\t\t\t\t<a class=\"fusion-rollover-link\" href=\"https:\/\/fhsscandinavia.com\/no\/antibakterielle-matter-mellom-rene-og-forurensede-soner\/\">Antibakterielle matter mellom rene og urene soner<\/a>\n\t\t\t\n\t\t\t\t\t\t\t\t\n\t\t\n\t\t\t\t\t\t\t\t\t\t\t\t<h4 class=\"fusion-rollover-title\">\n\t\t\t\t\t<a class=\"fusion-rollover-title-link\" href=\"https:\/\/fhsscandinavia.com\/no\/antibakterielle-matter-mellom-rene-og-forurensede-soner\/\">\n\t\t\t\t\t\tAntibakterielle matter mellom rene og urene soner\t\t\t\t\t<\/a>\n\t\t\t\t<\/h4>\n\t\t\t\n\t\t\t\t\t\t\t\t\n\t\t\n\t\t\t\t\t\t<a class=\"fusion-link-wrapper\" href=\"https:\/\/fhsscandinavia.com\/no\/antibakterielle-matter-mellom-rene-og-forurensede-soner\/\" aria-label=\"Antibakterielle matter mellom rene og urene soner\"><\/a>\n\t<\/div>\n<\/div>\n<\/div>\n<\/li>\n\t\t\t\n\t\t\t\n\t\t\t\t\t\t\t\t\t\t\t\t\t\t\t\t\t\t\t\t\t\t\t\t\t\t\t\t\t\t\t\t\t\t\t\t\t\t\t\t\t\t\t\t\t\t\t\t\t\t\t\t\t\t\t\t\t\t\t\t\t\t\t\t\t\t\t\t<\/ul>\n\t<\/div>\n\t<div class=\"fusion-post-content post-content\"><h2 class=\"blog-shortcode-post-title entry-title\"><a href=\"https:\/\/fhsscandinavia.com\/no\/antibakterielle-matter-mellom-rene-og-forurensede-soner\/\">Antibakterielle matter mellom rene og urene soner<\/a><\/h2><div class=\"fusion-post-content-container\"><p>  Antibakterielle matter mellom rene og urene soner  [...]<\/p><\/div><\/div><div class=\"fusion-clearfix\"><\/div><div class=\"fusion-meta-info\"><div class=\"fusion-alignleft\"><span class=\"vcard\" style=\"display: none;\"><span class=\"fn\"><a href=\"https:\/\/fhsscandinavia.com\/no\/author\/anita\/\" title=\"Innlegg av FHS Scandinavia\" rel=\"author\">FHS Scandinavia<\/a><\/span><\/span><span class=\"updated\" style=\"display:none;\">2022-01-19T15:01:44+01:00<\/span>Categories: <a href=\"https:\/\/fhsscandinavia.com\/no\/category\/bakterier-og-hoeje-kimtal-no\/\" rel=\"category tag\">Bakterier og h\u00f8je kimtal<\/a>, <a href=\"https:\/\/fhsscandinavia.com\/no\/category\/gulv-dekontaminering-no\/\" rel=\"category tag\">Gulv - dekontaminering<\/a>, <a href=\"https:\/\/fhsscandinavia.com\/no\/category\/listeria-salmonella-og-coli-no\/\" rel=\"category tag\">Listeria, salmonella og coli<\/a>, <a href=\"https:\/\/fhsscandinavia.com\/no\/category\/skimmel-og-gaer-no\/\" rel=\"category tag\">Skimmel og g\u00e6r<\/a><span class=\"fusion-inline-sep\">|<\/span><\/div><div class=\"fusion-alignright\"><a class=\"fusion-read-more\" href=\"https:\/\/fhsscandinavia.com\/no\/antibakterielle-matter-mellom-rene-og-forurensede-soner\/\" aria-label=\"More on Antibakterielle matter mellom rene og urene soner\">Read More<\/a><\/div><\/div><\/article>\n<\/div><\/div><\/div><\/div><\/div><\/div>\n","protected":false},"excerpt":{"rendered":"","protected":false},"author":2,"featured_media":0,"parent":0,"menu_order":0,"comment_status":"closed","ping_status":"closed","template":"","meta":{"footnotes":""},"class_list":["post-8189","page","type-page","status-publish","hentry"],"_links":{"self":[{"href":"https:\/\/fhsscandinavia.com\/no\/wp-json\/wp\/v2\/pages\/8189","targetHints":{"allow":["GET"]}}],"collection":[{"href":"https:\/\/fhsscandinavia.com\/no\/wp-json\/wp\/v2\/pages"}],"about":[{"href":"https:\/\/fhsscandinavia.com\/no\/wp-json\/wp\/v2\/types\/page"}],"author":[{"embeddable":true,"href":"https:\/\/fhsscandinavia.com\/no\/wp-json\/wp\/v2\/users\/2"}],"replies":[{"embeddable":true,"href":"https:\/\/fhsscandinavia.com\/no\/wp-json\/wp\/v2\/comments?post=8189"}],"version-history":[{"count":2,"href":"https:\/\/fhsscandinavia.com\/no\/wp-json\/wp\/v2\/pages\/8189\/revisions"}],"predecessor-version":[{"id":8191,"href":"https:\/\/fhsscandinavia.com\/no\/wp-json\/wp\/v2\/pages\/8189\/revisions\/8191"}],"wp:attachment":[{"href":"https:\/\/fhsscandinavia.com\/no\/wp-json\/wp\/v2\/media?parent=8189"}],"curies":[{"name":"wp","href":"https:\/\/api.w.org\/{rel}","templated":true}]}}