{"id":5241,"date":"2020-12-15T16:18:22","date_gmt":"2020-12-15T15:18:22","guid":{"rendered":"https:\/\/fhsscandinavia.com\/kontakt\/"},"modified":"2025-01-27T14:32:41","modified_gmt":"2025-01-27T13:32:41","slug":"kontakt","status":"publish","type":"page","link":"https:\/\/fhsscandinavia.com\/sv\/kontakt\/","title":{"rendered":"KONTAKT"},"content":{"rendered":"<p><div class=\"fusion-fullwidth fullwidth-box fusion-builder-row-1 fusion-flex-container fusion-parallax-none nonhundred-percent-fullwidth non-hundred-percent-height-scrolling\" style=\"--awb-border-radius-top-left:0px;--awb-border-radius-top-right:0px;--awb-border-radius-bottom-right:0px;--awb-border-radius-bottom-left:0px;--awb-padding-top:45px;--awb-background-color:#eeeeee;--awb-background-image:url(&quot;https:\/\/fhsscandinavia.com\/wp-content\/uploads\/2018\/10\/kontakt-top.jpg&quot;);--awb-background-size:cover;--awb-flex-wrap:wrap;\" ><div class=\"fusion-builder-row fusion-row fusion-flex-align-items-flex-start fusion-flex-content-wrap\" style=\"max-width:calc( 1180px + 0px );margin-left: calc(-0px \/ 2 );margin-right: calc(-0px \/ 2 );\"><div class=\"fusion-layout-column fusion_builder_column fusion-builder-column-0 fusion_builder_column_1_6 1_6 fusion-flex-column fusion-no-small-visibility\" style=\"--awb-bg-size:cover;--awb-width-large:16.666666666667%;--awb-margin-top-large:15px;--awb-spacing-right-large:0px;--awb-margin-bottom-large:15px;--awb-spacing-left-large:0px;--awb-width-medium:16.666666666667%;--awb-spacing-right-medium:0px;--awb-spacing-left-medium:0px;--awb-width-small:100%;--awb-spacing-right-small:0px;--awb-spacing-left-small:0px;\"><div class=\"fusion-column-wrapper fusion-flex-justify-content-flex-start fusion-content-layout-column\"><\/div><\/div><div class=\"fusion-layout-column fusion_builder_column fusion-builder-column-1 fusion_builder_column_2_3 2_3 fusion-flex-column fusion-animated\" style=\"--awb-bg-size:cover;--awb-width-large:66.666666666667%;--awb-margin-top-large:85px;--awb-spacing-right-large:0px;--awb-margin-bottom-large:60px;--awb-spacing-left-large:0px;--awb-width-medium:66.666666666667%;--awb-spacing-right-medium:0px;--awb-spacing-left-medium:0px;--awb-width-small:100%;--awb-spacing-right-small:0px;--awb-spacing-left-small:0px;\" data-animationType=\"zoomIn\" data-animationDuration=\"0.9\" data-animationOffset=\"top-into-view\"><div class=\"fusion-column-wrapper fusion-flex-justify-content-flex-start fusion-content-layout-column\"><div class=\"fusion-title title fusion-title-1 fusion-sep-none fusion-title-center fusion-title-text fusion-title-size-one\"><h1 class=\"fusion-title-heading title-heading-center fusion-responsive-typography-calculated\" style=\"margin:0;--fontSize:68;line-height:1.5;\"><h2 class=\"fusion-responsive-typography-calculated\" data-fontsize=\"44\" data-lineheight=\"52.8px\">KONTAKTA OSS OCH L\u00c4S NYHETSBREV<\/h2><\/h1><\/div><div class=\"fusion-separator\" style=\"align-self: center;margin-left: auto;margin-right: auto;margin-top:16px;margin-bottom:36px;width:100%;max-width:24%;\"><div class=\"fusion-separator-border sep-single\" style=\"--awb-height:20px;--awb-amount:20px;--awb-sep-color:#8bc34a;border-color:#8bc34a;border-top-width:2px;\"><\/div><\/div><div class=\"fusion-text fusion-text-1\" style=\"--awb-text-transform:none;\"><div class=\"fusion-text fusion-text-1\">\n<p>Om du vill veta mer om v\u00e5ra hygienl\u00f6sningar \u00e4r du mycket v\u00e4lkommen att kontakta oss antingen via telefon eller skriva ett mejl. Du kan f\u00e5 ytterligare inspiration genom att l\u00e4sa mer om v\u00e5ra l\u00f6sningar under &#8221;fall&#8221;. Nedan hittar du b\u00e5de specifika fall, artiklar, foton p\u00e5 installationer och ny forskning inom omr\u00e5det.<\/p>\n<\/div>\n<div class=\"fusion-text fusion-text-2\">\n<p>H\u00e4r \u00e4r listan \u00f6ver senaste nyhetsbrev. Om du vill anm\u00e4la dig till v\u00e5ra framtida nyhetsbrev, fyll i kontaktformul\u00e4ret nedan:<\/p>\n<ul>\n<li><a href=\"https:\/\/mailchi.mp\/9319392ea0cd\/spar-39-energi-med-uvc-i-ventilationen-og-f-ren-luft-oveni\" target=\"_blank\" rel=\"noopener\">Spara 39 % energi med UVC i ventilation<\/a><\/li>\n<li><a href=\"https:\/\/us20.admin.mailchimp.com\/campaigns\/show?id=12209970\" target=\"_blank\" rel=\"noopener\">UV-ljus fungerar &#8211; seminarium p\u00e5 DTU<\/a><\/li>\n<li><a href=\"https:\/\/us20.admin.mailchimp.com\/campaigns\/show?id=14820973\" target=\"_blank\" rel=\"noopener\">Listeria sprids i ost-, k\u00f6tt- och fiskproduktion<\/a><\/li>\n<li><a href=\"https:\/\/mailchi.mp\/eff75d3bfaa9\/21-cases-med-strke-hygiejnelsninger\" target=\"_blank\" rel=\"noopener\">21 fall med starka hygienl\u00f6sningar<\/a><\/li>\n<li><a href=\"https:\/\/mailchi.mp\/1f63db22ab66\/hvorfor-er-foranlyse-vigtig-og-hvorfor-er-ekstra-rengring-som-at-tisse-i-bukserne\" target=\"_blank\" rel=\"noopener\">F\u00f6ranalys &#8211; hur man kvantifierar dina mikrobiologiska utmaningar!<\/a><\/li>\n<li><a href=\"https:\/\/mailchi.mp\/548ffd2d2cf1\/hvad-gr-ionisering-for-luften-i-fdevarevirksomheder-det-sparer-dem-for-mange-penge-tid-og-kemi\" target=\"_blank\" rel=\"noopener\">Vad g\u00f6r jonisering f\u00f6r livsmedelsf\u00f6retag?<\/a><\/li>\n<li><a href=\"https:\/\/mailchi.mp\/126bf5630825\/vil-du-vlge-transportbnd-med-eller-uden-uvc-ls-testen-om-hvorfor-du-br-vlge-med-uvc\" target=\"_blank\" rel=\"noopener\">V\u00e4ljer du transportband med eller utan UVC?<\/a><\/li>\n<li><a href=\"https:\/\/mailchi.mp\/a880f8645d9b\/byens-kkken-sparer-p-tid-og-sprit-men-ikke-p-hygiejnen\" target=\"_blank\" rel=\"noopener\">Fallet med UV-SMART box fr\u00e5n Byens K\u00f8kken<\/a><\/li>\n<li><a href=\"https:\/\/mailchi.mp\/06c56b467d79\/desinficer-sm-genstande-med-iso-certificeret-boks-med-uv-lys\" target=\"_blank\" rel=\"noopener\">UV-SMART box f\u00f6r desinfektion av sm\u00e5 f\u00f6rem\u00e5l<\/a><\/li>\n<li><a href=\"https:\/\/mailchi.mp\/ac1dc42ee00e\/ny-salgschef-nyt-produkt-og-tre-covid-19-rd-til-2021\" target=\"_blank\" rel=\"noopener\">Tre Covid-19-r\u00e5d f\u00f6r 2021<\/a><\/li>\n<li><a href=\"https:\/\/mailchi.mp\/66fc0c67bb5d\/antibakteriel-gulvbelgning-virker-ogs-mod-covid-19-men-hvor-lnge-og-hvor-godt-virker-det\" target=\"_blank\" rel=\"noopener\">Antibakteriella golv fungerar ocks\u00e5 mot Covid-19 &#8211; men hur l\u00e4nge och hur bra fungerar det?<\/a><\/li>\n<li><a href=\"https:\/\/mailchi.mp\/b645adef22fd\/vi-slger-ren-luftarbejder-du-ogs-p-renere-luft-i-produktionen\" target=\"_blank\" rel=\"noopener\">Vi s\u00e4ljer CLEAN AIR? Arbetar du ocks\u00e5 med renare luft i produktionen?<\/a><\/li>\n<li><a href=\"https:\/\/mailchi.mp\/f11b00622aaa\/uvc-fra-sterilair-er-viden-og-teknologi-og-altid-et-skridt-foran\" target=\"_blank\" rel=\"noopener\">UVC fr\u00e5n SterilAir \u00e4r kunskap och teknik &#8211; och alltid ett steg f\u00f6re<\/a><\/li>\n<li><a href=\"https:\/\/mailchi.mp\/4585ea1b9741\/hvordan-virker-uvc-i-klefordampere-mod-covid-19\" target=\"_blank\" rel=\"noopener\">Hur UVC fungerar i kylmedelsf\u00f6r\u00e5ngare mot Covid-19<\/a><\/li>\n<li><a href=\"https:\/\/mailchi.mp\/7d595456a48b\/uvc-er-ikke-bare-uvc-og-s-sger-vi-en-salgschef\" target=\"_blank\" rel=\"noopener\">UVC \u00e4r inte bara UVC &#8211; och sedan letar vi efter en f\u00f6rs\u00e4ljningschef<\/a><\/li>\n<li><a href=\"https:\/\/mailchi.mp\/6960305fdb3f\/god-hygiejne-starter-p-gulvet-og-giver-ekstra-sikkerhed-i-sommerferien\" target=\"_blank\" rel=\"noopener\">God hygien b\u00f6rjar p\u00e5 golvet &#8211; och ger extra s\u00e4kerhet under sommarsemestern<\/a><\/li>\n<li><a href=\"https:\/\/mailchi.mp\/806441942a3d\/lad-os-holde-dit-modningsrum-skimmelfrit-mens-du-holder-sommerferie\" target=\"_blank\" rel=\"noopener\">L\u00e5t oss h\u00e5lla ditt mogningsrum m\u00f6gelfritt &#8211; medan du tar sommarsemester!<\/a><\/li>\n<li><a href=\"https:\/\/mailchi.mp\/34d9c7fdef29\/beskyt-simpelt-de-mest-udsatte-steder-mod-virus-med-antibakterielle-pads-som-eliminerer-den-mikrobiologi-du-har-p-hnderne-nr-du-rr-ved-en-dr\" target=\"_blank\" rel=\"noopener\">Skydda bara de exponerade omr\u00e5dena fr\u00e5n virus &#8211; inklusive d\u00f6rren till matsalen och toaletten.<\/a><\/li>\n<li><a href=\"https:\/\/mailchi.mp\/7f72a9eb0658\/er-jeres-computer-vrktj-og-mobil-desinficeret-korrekt\" target=\"_blank\" rel=\"noopener\">Desinficeras din dator, verktyg och mobil korrekt?<\/a><\/li>\n<li><a href=\"https:\/\/mailchi.mp\/c889ec084227\/hvordan-virker-uvc-p-det-nye-coronavirus\" target=\"_blank\" rel=\"noopener\">Hur p\u00e5verkar UVC det nya koronaviruset?<\/a><\/li>\n<li><a href=\"https:\/\/mailchi.mp\/d5cea50d9628\/uv-c-eller-led-uv-sluser-den-sikre-lsning-mellem-rene-og-urene-zoner\" target=\"_blank\" rel=\"noopener\">UV-C eller LED UV LOCK &#8211; den s\u00e4kra l\u00f6sningen mellan rena och orena zoner<\/a><br \/>\n<table id=\"campaign-overview-stats\" class=\"mc-table scroll-small\"><\/table>\n<\/li>\n<li><a href=\"https:\/\/mailchi.mp\/4b0639c4b96c\/skimmel-i-modningsrum\" target=\"_blank\" rel=\"noopener\">M\u00f6gel i mognarummet?<\/a><\/li>\n<li><a href=\"https:\/\/mailchi.mp\/bb680d58ee67\/listeria-i-produktionen-reducer-din-risiko-med-op-til-9999\" target=\"_blank\" rel=\"noopener\">Listeria i produktion? Minska din risk med upp till 99,99%<\/a><\/li>\n<li><a href=\"https:\/\/mailchi.mp\/6be8023d2261\/listeria-salmonella-eller-coli\" target=\"_blank\" rel=\"noopener\">Listeria, salmonella och coli? Har du mikrobiologiska utmaningar i produktionsmilj\u00f6n?<\/a><\/li>\n<\/ul>\n<\/div>\n<\/div><\/div><\/div><div class=\"fusion-layout-column fusion_builder_column fusion-builder-column-2 fusion_builder_column_1_6 1_6 fusion-flex-column fusion-no-small-visibility\" style=\"--awb-bg-size:cover;--awb-width-large:16.666666666667%;--awb-margin-top-large:15px;--awb-spacing-right-large:0px;--awb-margin-bottom-large:15px;--awb-spacing-left-large:0px;--awb-width-medium:16.666666666667%;--awb-spacing-right-medium:0px;--awb-spacing-left-medium:0px;--awb-width-small:100%;--awb-spacing-right-small:0px;--awb-spacing-left-small:0px;\"><div class=\"fusion-column-wrapper fusion-flex-justify-content-flex-start fusion-content-layout-column\"><\/div><\/div><div class=\"fusion-layout-column fusion_builder_column fusion-builder-column-3 fusion_builder_column_1_1 1_1 fusion-flex-column fusion-no-small-visibility\" style=\"--awb-bg-size:cover;--awb-width-large:100%;--awb-margin-top-large:0px;--awb-spacing-right-large:0px;--awb-margin-bottom-large:0px;--awb-spacing-left-large:0px;--awb-width-medium:100%;--awb-spacing-right-medium:0px;--awb-spacing-left-medium:0px;--awb-width-small:100%;--awb-spacing-right-small:0px;--awb-spacing-left-small:0px;\"><div class=\"fusion-column-wrapper fusion-flex-justify-content-center fusion-content-layout-column\"><div class=\"fusion-section-separator section-separator big-half-circle fusion-section-separator-1\" style=\"--awb-spacer-height:99px;--awb-svg-margin-left:0px;--awb-svg-margin-right:0px;--awb-svg-margin-left-medium:0px;--awb-svg-margin-right-medium:0px;--awb-svg-margin-left-small:0px;--awb-svg-margin-right-small:0px;--awb-divider-height:99px;--awb-spacer-padding-top:inherit;--awb-sep-padding:0;--awb-svg-padding:0;\"><div class=\"fusion-section-separator-svg\"><svg class=\"fusion-big-half-circle-candy\" xmlns=\"http:\/\/www.w3.org\/2000\/svg\" version=\"1.1\" width=\"100%\" height=\"100\" viewBox=\"0 0 100 100\" preserveAspectRatio=\"none\" fill=\"rgba(51,54,69,1)\"><path d=\"M0 100 C40 0 60 0 100 100 Z\"><\/path><\/svg><\/div><div class=\"fusion-section-separator-spacer\"><div class=\"fusion-section-separator-spacer-height\"><\/div><\/div><\/div><\/div><\/div><\/div><\/div><div class=\"fusion-fullwidth fullwidth-box fusion-builder-row-2 fusion-flex-container nonhundred-percent-fullwidth non-hundred-percent-height-scrolling\" style=\"--awb-background-repeat:repeat-x;--awb-border-radius-top-left:0px;--awb-border-radius-top-right:0px;--awb-border-radius-bottom-right:0px;--awb-border-radius-bottom-left:0px;--awb-padding-top:40px;--awb-padding-bottom:100px;--awb-background-color:#333645;--awb-background-image:linear-gradient(180deg, #333645 0%,#353c59 100%);--awb-flex-wrap:wrap;\" ><div class=\"fusion-builder-row fusion-row fusion-flex-align-items-flex-start fusion-flex-justify-content-center fusion-flex-content-wrap\" style=\"max-width:1227.2px;margin-left: calc(-4% \/ 2 );margin-right: calc(-4% \/ 2 );\"><div class=\"fusion-layout-column fusion_builder_column fusion-builder-column-4 fusion_builder_column_1_1 1_1 fusion-flex-column\" style=\"--awb-bg-size:cover;--awb-width-large:100%;--awb-margin-top-large:15px;--awb-spacing-right-large:1.92%;--awb-margin-bottom-large:15px;--awb-spacing-left-large:1.92%;--awb-width-medium:100%;--awb-order-medium:0;--awb-spacing-right-medium:1.92%;--awb-spacing-left-medium:1.92%;--awb-width-small:100%;--awb-order-small:0;--awb-spacing-right-small:1.92%;--awb-spacing-left-small:1.92%;\"><div class=\"fusion-column-wrapper fusion-column-has-shadow fusion-flex-justify-content-flex-start fusion-content-layout-column\"><div class=\"fusion-title title fusion-title-2 fusion-title-center fusion-title-text fusion-title-size-two\" style=\"--awb-text-color:#8bc34a;\"><div class=\"title-sep-container title-sep-container-left\"><div class=\"title-sep sep- sep-solid\" style=\"border-color:#e0dede;\"><\/div><\/div><span class=\"awb-title-spacer\"><\/span><h2 class=\"fusion-title-heading title-heading-center fusion-responsive-typography-calculated\" style=\"margin:0;--fontSize:44;line-height:1.2;\">FHS Scandinavia Sverige<\/h2><span class=\"awb-title-spacer\"><\/span><div class=\"title-sep-container title-sep-container-right\"><div class=\"title-sep sep- sep-solid\" style=\"border-color:#e0dede;\"><\/div><\/div><\/div><div class=\"fusion-title title fusion-title-3 fusion-title-center fusion-title-text fusion-title-size-two\" style=\"--awb-text-color:#ffffff;\"><div class=\"title-sep-container title-sep-container-left\"><div class=\"title-sep sep- sep-solid\" style=\"border-color:#e0dede;\"><\/div><\/div><span class=\"awb-title-spacer\"><\/span><h2 class=\"fusion-title-heading title-heading-center fusion-responsive-typography-calculated\" style=\"margin:0;--fontSize:44;line-height:1.2;\">+45 27 62 61 73<\/h2><span class=\"awb-title-spacer\"><\/span><div class=\"title-sep-container title-sep-container-right\"><div class=\"title-sep sep- sep-solid\" style=\"border-color:#e0dede;\"><\/div><\/div><\/div><div class=\"fusion-title title fusion-title-4 fusion-title-center fusion-title-text fusion-title-size-three\" style=\"--awb-text-color:#ffffff;--awb-margin-bottom:30px;\"><div class=\"title-sep-container title-sep-container-left\"><div class=\"title-sep sep- sep-solid\" style=\"border-color:#e0dede;\"><\/div><\/div><span class=\"awb-title-spacer\"><\/span><h3 class=\"fusion-title-heading title-heading-center fusion-responsive-typography-calculated\" style=\"margin:0;--fontSize:26;line-height:1.2;\">FHS Scandinavia finns ocks\u00e5 h\u00e4r:<\/h3><span class=\"awb-title-spacer\"><\/span><div class=\"title-sep-container title-sep-container-right\"><div class=\"title-sep sep- sep-solid\" style=\"border-color:#e0dede;\"><\/div><\/div><\/div><div class=\"fusion-social-links fusion-social-links-1\" style=\"--awb-margin-top:0px;--awb-margin-right:0px;--awb-margin-bottom:0px;--awb-margin-left:0px;--awb-alignment:center;--awb-box-border-top:0px;--awb-box-border-right:0px;--awb-box-border-bottom:0px;--awb-box-border-left:0px;--awb-icon-colors-hover:rgba(190,189,189,0.8);--awb-box-colors-hover:rgba(232,232,232,0.8);--awb-box-border-color:var(--awb-color3);--awb-box-border-color-hover:var(--awb-color4);\"><div class=\"fusion-social-networks boxed-icons color-type-brand\"><div class=\"fusion-social-networks-wrapper\"><a class=\"fusion-social-network-icon fusion-tooltip fusion-linkedin awb-icon-linkedin\" style=\"color:#ffffff;font-size:28px;width:28px;background-color:#0077b5;border-color:#0077b5;border-radius:100px;\" data-placement=\"top\" data-title=\"LinkedIn\" data-toggle=\"tooltip\" title=\"LinkedIn\" aria-label=\"linkedin\" target=\"_blank\" rel=\"noopener noreferrer nofollow\" href=\"https:\/\/www.linkedin.com\/company\/35468319\"><\/a><\/div><\/div><\/div><\/div><\/div><\/div><\/div><div class=\"fusion-fullwidth fullwidth-box fusion-builder-row-3 fusion-flex-container nonhundred-percent-fullwidth non-hundred-percent-height-scrolling\" style=\"--awb-background-repeat:repeat-x;--awb-border-radius-top-left:0px;--awb-border-radius-top-right:0px;--awb-border-radius-bottom-right:0px;--awb-border-radius-bottom-left:0px;--awb-padding-top:40px;--awb-padding-bottom:100px;--awb-background-color:#3d4044;--awb-background-image:linear-gradient(180deg, #333645 0%,rgba(51,54,69,0.72) 100%);--awb-flex-wrap:wrap;\" ><div class=\"fusion-builder-row fusion-row fusion-flex-align-items-flex-start fusion-flex-content-wrap\" style=\"max-width:1227.2px;margin-left: calc(-4% \/ 2 );margin-right: calc(-4% \/ 2 );\"><div class=\"fusion-layout-column fusion_builder_column fusion-builder-column-5 fusion_builder_column_1_6 1_6 fusion-flex-column fusion-no-small-visibility fusion-animated\" style=\"--awb-bg-size:cover;--awb-width-large:16.666666666667%;--awb-margin-top-large:15px;--awb-spacing-right-large:11.52%;--awb-margin-bottom-large:15px;--awb-spacing-left-large:11.52%;--awb-width-medium:16.666666666667%;--awb-spacing-right-medium:11.52%;--awb-spacing-left-medium:11.52%;--awb-width-small:100%;--awb-spacing-right-small:1.92%;--awb-spacing-left-small:1.92%;\" data-animationType=\"zoomIn\" data-animationDuration=\"0.9\" data-animationOffset=\"top-into-view\"><div class=\"fusion-column-wrapper fusion-flex-justify-content-flex-start fusion-content-layout-column\"><\/div><\/div><div class=\"fusion-layout-column fusion_builder_column fusion-builder-column-6 fusion_builder_column_2_3 2_3 fusion-flex-column\" style=\"--awb-bg-size:cover;--awb-width-large:66.666666666667%;--awb-margin-top-large:90px;--awb-spacing-right-large:2.88%;--awb-margin-bottom-large:40px;--awb-spacing-left-large:2.88%;--awb-width-medium:66.666666666667%;--awb-spacing-right-medium:2.88%;--awb-spacing-left-medium:2.88%;--awb-width-small:100%;--awb-spacing-right-small:1.92%;--awb-spacing-left-small:1.92%;\"><div class=\"fusion-column-wrapper fusion-flex-justify-content-flex-start fusion-content-layout-column\"><div class=\"fusion-title title fusion-title-5 fusion-sep-none fusion-title-center fusion-title-text fusion-title-size-two\" style=\"--awb-text-color:#ffffff;--awb-margin-top:0PX;\"><h2 class=\"fusion-title-heading title-heading-center fusion-responsive-typography-calculated\" style=\"margin:0;--fontSize:44;line-height:1.2;\"><div class=\"fusion-title title fusion-title-2 fusion-sep-none fusion-title-center fusion-title-text fusion-title-size-two fusion-border-below-title\">\n<p class=\"title-heading-center fusion-responsive-typography-calculated\" data-fontsize=\"44\" data-lineheight=\"52.8px\">KONTAKTFORMUL\u00c4R<\/p>\n<\/div><\/h2><\/div><div class=\"fusion-separator\" style=\"align-self: center;margin-left: auto;margin-right: auto;margin-top:16px;margin-bottom:36px;width:100%;max-width:24%;\"><div class=\"fusion-separator-border sep-single\" style=\"--awb-height:20px;--awb-amount:20px;border-color:#e0dede;border-top-width:2px;\"><\/div><\/div><div class=\"fusion-text fusion-text-2\" style=\"--awb-text-transform:none;--awb-text-color:#ffffff;\"><p>Du \u00e4r alltid v\u00e4lkommen att ringa. Om du skivar till oss kommer vi att kontakta dig s\u00e5 snart som m\u00f6jligt.<\/p>\n<p>Om du vill f\u00e5 v\u00e5rt nyhetsbrev, fyll i detta formul<span class=\"Y2IQFc\" lang=\"sv\">\u00e4r:<\/span><\/p>\n<\/div><style id=\"wpforms-css-vars-8811\">\n\t\t\t\t#wpforms-8811 {\n\t\t\t\t\n\t\t\t}\n\t\t\t<\/style><div class=\"wpforms-container wpforms-container-full wpforms-render-modern\" id=\"wpforms-8811\"><form id=\"wpforms-form-8811\" class=\"wpforms-validate wpforms-form wpforms-ajax-form\" data-formid=\"8811\" method=\"post\" enctype=\"multipart\/form-data\" action=\"\/sv\/wp-json\/wp\/v2\/pages\/5241\" data-token=\"9917d296e08dc2edf9003aef93cd0756\" data-token-time=\"1776198464\"><noscript class=\"wpforms-error-noscript\">Aktivera JavaScript i din webbl\u00e4sare f\u00f6r att fylla i formul\u00e4ret.<\/noscript><div id=\"wpforms-error-noscript\" style=\"display: none;\">Aktivera JavaScript i din webbl\u00e4sare f\u00f6r att fylla i formul\u00e4ret.<\/div><div class=\"wpforms-field-container\">\t\t<div id=\"wpforms-8811-field_6-container\"\n\t\t\tclass=\"wpforms-field wpforms-field-text\"\n\t\t\tdata-field-type=\"text\"\n\t\t\tdata-field-id=\"6\"\n\t\t\t>\n\t\t\t<label class=\"wpforms-field-label\" for=\"wpforms-8811-field_6\" >Nyhetsbrev namn Ditt<\/label>\n\t\t\t<input type=\"text\" id=\"wpforms-8811-field_6\" class=\"wpforms-field-medium\" name=\"wpforms[fields][6]\" >\n\t\t<\/div>\n\t\t<div id=\"wpforms-8811-field_1-container\" class=\"wpforms-field wpforms-field-name\" data-field-id=\"1\"><label class=\"wpforms-field-label\" for=\"wpforms-8811-field_1\">Ditt namn <span class=\"wpforms-required-label\" aria-hidden=\"true\">*<\/span><\/label><input type=\"text\" id=\"wpforms-8811-field_1\" class=\"wpforms-field-large wpforms-field-required\" name=\"wpforms[fields][1]\" aria-errormessage=\"wpforms-8811-field_1-error\" required><\/div><div id=\"wpforms-8811-field_2-container\" class=\"wpforms-field wpforms-field-email\" data-field-id=\"2\"><label class=\"wpforms-field-label\" for=\"wpforms-8811-field_2\">E-post <span class=\"wpforms-required-label\" aria-hidden=\"true\">*<\/span><\/label><input type=\"email\" id=\"wpforms-8811-field_2\" class=\"wpforms-field-large wpforms-field-required\" name=\"wpforms[fields][2]\" spellcheck=\"false\" aria-errormessage=\"wpforms-8811-field_2-error\" required><\/div><div id=\"wpforms-8811-field_4-container\" class=\"wpforms-field wpforms-field-number\" data-field-id=\"4\"><label class=\"wpforms-field-label\" for=\"wpforms-8811-field_4\">Telefon<\/label><input type=\"number\" id=\"wpforms-8811-field_4\" class=\"wpforms-field-large\" name=\"wpforms[fields][4]\" step=\"any\" aria-errormessage=\"wpforms-8811-field_4-error\" ><\/div><div id=\"wpforms-8811-field_3-container\" class=\"wpforms-field wpforms-field-textarea\" data-field-id=\"3\"><label class=\"wpforms-field-label\" for=\"wpforms-8811-field_3\">Ditt meddelande<\/label><textarea id=\"wpforms-8811-field_3\" class=\"wpforms-field-large\" name=\"wpforms[fields][3]\" aria-errormessage=\"wpforms-8811-field_3-error\" ><\/textarea><\/div><div id=\"wpforms-8811-field_5-container\" class=\"wpforms-field wpforms-field-checkbox\" data-field-id=\"5\"><fieldset><legend class=\"wpforms-field-label\">Nyhetsbrev<\/legend><ul id=\"wpforms-8811-field_5\"><li class=\"choice-1 depth-1\"><input type=\"checkbox\" id=\"wpforms-8811-field_5_1\" name=\"wpforms[fields][5][]\" value=\"Ja, jag vill ha nyhetsbrev\" aria-errormessage=\"wpforms-8811-field_5_1-error\"  ><label class=\"wpforms-field-label-inline\" for=\"wpforms-8811-field_5_1\">Ja, jag vill ha nyhetsbrev<\/label><\/li><\/ul><\/fieldset><\/div><script>\n\t\t\t\t( function() {\n\t\t\t\t\tconst style = document.createElement( 'style' );\n\t\t\t\t\tstyle.appendChild( document.createTextNode( '#wpforms-8811-field_6-container { position: absolute !important; overflow: hidden !important; display: inline !important; height: 1px !important; width: 1px !important; z-index: -1000 !important; padding: 0 !important; } #wpforms-8811-field_6-container input { visibility: hidden; } #wpforms-conversational-form-page #wpforms-8811-field_6-container label { counter-increment: none; }' ) );\n\t\t\t\t\tdocument.head.appendChild( style );\n\t\t\t\t\tdocument.currentScript?.remove();\n\t\t\t\t} )();\n\t\t\t<\/script><\/div><!-- .wpforms-field-container --><div class=\"wpforms-recaptcha-container wpforms-is-recaptcha wpforms-is-recaptcha-type-v3\" ><input type=\"hidden\" name=\"wpforms[recaptcha]\" value=\"\"><\/div><div class=\"wpforms-submit-container\" ><input type=\"hidden\" name=\"wpforms[id]\" value=\"8811\"><input type=\"hidden\" name=\"page_title\" value=\"\"><input type=\"hidden\" name=\"page_url\" value=\"https:\/\/fhsscandinavia.com\/sv\/wp-json\/wp\/v2\/pages\/5241\"><input type=\"hidden\" name=\"url_referer\" value=\"\"><button type=\"submit\" name=\"wpforms[submit]\" id=\"wpforms-submit-8811\" class=\"wpforms-submit\" data-alt-text=\"Skickar\" data-submit-text=\"Skicka\" aria-live=\"assertive\" value=\"wpforms-submit\">Skicka<\/button><img decoding=\"async\" src=\"https:\/\/fhsscandinavia.com\/wp-content\/plugins\/wpforms-lite\/assets\/images\/submit-spin.svg\" class=\"wpforms-submit-spinner\" style=\"display: none;\" width=\"26\" height=\"26\" alt=\"Laddar\"><\/div><\/form><\/div>  <!-- .wpforms-container --><\/div><\/div><div class=\"fusion-layout-column fusion_builder_column fusion-builder-column-7 fusion_builder_column_1_6 1_6 fusion-flex-column fusion-no-small-visibility fusion-animated\" style=\"--awb-bg-size:cover;--awb-width-large:16.666666666667%;--awb-margin-top-large:15px;--awb-spacing-right-large:11.52%;--awb-margin-bottom-large:15px;--awb-spacing-left-large:11.52%;--awb-width-medium:16.666666666667%;--awb-spacing-right-medium:11.52%;--awb-spacing-left-medium:11.52%;--awb-width-small:100%;--awb-spacing-right-small:1.92%;--awb-spacing-left-small:1.92%;\" data-animationType=\"zoomIn\" data-animationDuration=\"0.9\" data-animationOffset=\"top-into-view\"><div class=\"fusion-column-wrapper fusion-flex-justify-content-flex-start fusion-content-layout-column\"><\/div><\/div><\/div><\/div><\/p>\n","protected":false},"excerpt":{"rendered":"","protected":false},"author":1,"featured_media":0,"parent":0,"menu_order":0,"comment_status":"closed","ping_status":"closed","template":"100-width.php","meta":{"footnotes":""},"class_list":["post-5241","page","type-page","status-publish","hentry"],"_links":{"self":[{"href":"https:\/\/fhsscandinavia.com\/sv\/wp-json\/wp\/v2\/pages\/5241","targetHints":{"allow":["GET"]}}],"collection":[{"href":"https:\/\/fhsscandinavia.com\/sv\/wp-json\/wp\/v2\/pages"}],"about":[{"href":"https:\/\/fhsscandinavia.com\/sv\/wp-json\/wp\/v2\/types\/page"}],"author":[{"embeddable":true,"href":"https:\/\/fhsscandinavia.com\/sv\/wp-json\/wp\/v2\/users\/1"}],"replies":[{"embeddable":true,"href":"https:\/\/fhsscandinavia.com\/sv\/wp-json\/wp\/v2\/comments?post=5241"}],"version-history":[{"count":20,"href":"https:\/\/fhsscandinavia.com\/sv\/wp-json\/wp\/v2\/pages\/5241\/revisions"}],"predecessor-version":[{"id":8814,"href":"https:\/\/fhsscandinavia.com\/sv\/wp-json\/wp\/v2\/pages\/5241\/revisions\/8814"}],"wp:attachment":[{"href":"https:\/\/fhsscandinavia.com\/sv\/wp-json\/wp\/v2\/media?parent=5241"}],"curies":[{"name":"wp","href":"https:\/\/api.w.org\/{rel}","templated":true}]}}