{"id":5384,"date":"2020-12-15T16:23:26","date_gmt":"2020-12-15T15:23:26","guid":{"rendered":"https:\/\/fhsscandinavia.com\/privatlivspolitik\/"},"modified":"2022-01-16T20:51:58","modified_gmt":"2022-01-16T19:51:58","slug":"integritetspolicy","status":"publish","type":"page","link":"https:\/\/fhsscandinavia.com\/sv\/integritetspolicy\/","title":{"rendered":"Privatlivspolitik"},"content":{"rendered":"<div class=\"fusion-fullwidth fullwidth-box fusion-builder-row-1 fusion-flex-container nonhundred-percent-fullwidth non-hundred-percent-height-scrolling\" style=\"--awb-border-radius-top-left:0px;--awb-border-radius-top-right:0px;--awb-border-radius-bottom-right:0px;--awb-border-radius-bottom-left:0px;--awb-flex-wrap:wrap;\" ><div class=\"fusion-builder-row fusion-row fusion-flex-align-items-flex-start fusion-flex-content-wrap\" style=\"max-width:calc( 1180px + 0px );margin-left: calc(-0px \/ 2 );margin-right: calc(-0px \/ 2 );\"><div class=\"fusion-layout-column fusion_builder_column fusion-builder-column-0 fusion_builder_column_1_1 1_1 fusion-flex-column\" style=\"--awb-bg-size:cover;--awb-width-large:100%;--awb-margin-top-large:0px;--awb-spacing-right-large:0px;--awb-margin-bottom-large:0px;--awb-spacing-left-large:0px;--awb-width-medium:100%;--awb-spacing-right-medium:0px;--awb-spacing-left-medium:0px;--awb-width-small:100%;--awb-spacing-right-small:0px;--awb-spacing-left-small:0px;\"><div class=\"fusion-column-wrapper fusion-flex-justify-content-flex-start fusion-content-layout-column\"><div class=\"fusion-text fusion-text-1\"><h2>Vilka \u00e4r vi<\/h2>\n<p>V\u00e5r webbplatsadress \u00e4r:https:\/\/fhsscandinavia.com\/sv.<\/p>\n<h2>Vilka personuppgifter vi samlar in och varf\u00f6r vi samlar in dem<\/h2>\n<h3>Kommentarer<\/h3>\n<p>N\u00e4r bes\u00f6kare publicerar kommentarer p\u00e5 webbplatsen samlar vi in \u200b\u200bde data som visas i kommentarformul\u00e4ret, liksom bes\u00f6karens IP-adress och webbl\u00e4sarens anv\u00e4ndaragentstr\u00e4ng f\u00f6r att hj\u00e4lpa till att uppt\u00e4cka skr\u00e4ppost.<\/p>\n<p>En anonymiserad str\u00e4ng som skapats fr\u00e5n din e-postadress (\u00e4ven kallad hash) kan tillhandah\u00e5llas till Gravatar-tj\u00e4nsten f\u00f6r att se om du anv\u00e4nder den. Sekretesspolicyn f\u00f6r Gravatar-tj\u00e4nsten finns h\u00e4r:https:\/\/automattic.com\/privacy\/. N\u00e4r du har godk\u00e4nt din kommentar kommer din profilbild att vara synlig f\u00f6r allm\u00e4nheten tillsammans med din kommentar.<\/p>\n<h3>Media<\/h3>\n<p>Om du laddar upp bilder till webbplatsen ska du inte ladda upp bilder med inb\u00e4ddad platsinformation (EXIF GPS) inkluderad. Bes\u00f6kare p\u00e5 webbplatsen kan ladda ner och extrahera all webbplatsinformation fr\u00e5n bilder p\u00e5 webbplatsen.<\/p>\n<h3>Kontaktformul\u00e4r<\/h3>\n<h3>Cookies<\/h3>\n<p>Om du skriver en kommentar p\u00e5 v\u00e5r webbplats kan du v\u00e4lja att lagra ditt namn, e-postadress och webbplats i cookies. Dessa \u00e4r f\u00f6r din bekv\u00e4mlighet s\u00e5 att du inte beh\u00f6ver fylla i din information igen n\u00e4r du skriver en annan kommentar. Dessa kakor kommer att p\u00e5g\u00e5 i ett \u00e5r.<\/p>\n<p>Om du har ett konto och loggar in p\u00e5 den h\u00e4r webbplatsen kommer vi att skapa en tillf\u00e4llig cookie f\u00f6r att avg\u00f6ra om din webbl\u00e4sare accepterar cookies. Denna cookie inneh\u00e5ller inga personuppgifter och tas bort n\u00e4r du st\u00e4nger webbl\u00e4saren.<\/p>\n<p>N\u00e4r du loggar in kommer vi att st\u00e4lla in ett antal cookies och lagra din inloggningsinformation och dina val av sk\u00e4rmvisning. Inloggningskakor varar i tv\u00e5 dagar och sk\u00e4rmvalskakor varar i ett \u00e5r. Om du v\u00e4ljer &#8221;Kom ih\u00e5g mig&#8221; kommer din inloggning att p\u00e5g\u00e5 i tv\u00e5 veckor. Om du loggar ut fr\u00e5n ditt konto f\u00f6rsvinner inloggningskakorna.<\/p>\n<p>Om du redigerar eller publicerar en artikel lagras en ytterligare cookie i din webbl\u00e4sare. Denna cookie inneh\u00e5ller inga personuppgifter och ger bara post-ID f\u00f6r artikeln du just redigerat. Det l\u00f6per ut efter en dag.<\/p>\n<h3>Inb\u00e4ddat inneh\u00e5ll fr\u00e5n andra webbplatser<\/h3>\n<p>Artiklar p\u00e5 den h\u00e4r webbplatsen kan inneh\u00e5lla inb\u00e4ddat inneh\u00e5ll (som videor, bilder, artiklar etc.). Inb\u00e4ddat inneh\u00e5ll fr\u00e5n andra webbplatser beter sig p\u00e5 exakt samma s\u00e4tt som om bes\u00f6karen bes\u00f6kte den andra webbplatsen.<\/p>\n<p>Dessa webbplatser kan samla in data om dig, anv\u00e4nda cookies, b\u00e4dda in ytterligare sp\u00e5rning fr\u00e5n tredje part och \u00f6vervaka din interaktion med detta inb\u00e4ddade inneh\u00e5ll, inklusive sp\u00e5ra din interaktion med inb\u00e4ddat inneh\u00e5ll om du har ett konto och en inloggad p\u00e5 den webbplatsen.<\/p>\n<h3>Analytics<\/h3>\n<h2>Vem vi delar dina uppgifter med<\/h2>\n<h2>Hur l\u00e4nge vi lagrar dina uppgifter<\/h2>\n<p>Om du skriver en kommentar bevaras kommentarer och dess metadata p\u00e5 obest\u00e4md tid. Detta \u00e4r s\u00e5 att vi kan k\u00e4nna igen och godk\u00e4nna alla uppf\u00f6ljningskommentarer automatiskt ist\u00e4llet f\u00f6r att ha dem i en modereringsk\u00f6.<\/p>\n<p>F\u00f6r anv\u00e4ndare som registrerar sig p\u00e5 v\u00e5r webbplats (om n\u00e5gon) lagrar vi ocks\u00e5 den personliga informationen de tillhandah\u00e5ller i deras anv\u00e4ndarprofil. Alla anv\u00e4ndare kan n\u00e4r som helst visa, redigera eller radera sin personliga information (med undantag f\u00f6r att de inte kan \u00e4ndra sitt anv\u00e4ndarnamn). Webbplatsadministrat\u00f6rerna kan ocks\u00e5 visa och redigera den informationen.<\/p>\n<h2>Vilka r\u00e4ttigheter har du \u00f6ver dina uppgifter<\/h2>\n<p>Om du har ett konto p\u00e5 den h\u00e4r webbplatsen eller har skriftliga kommentarer kan du beg\u00e4ra en exporterad fil med de personuppgifter som vi har om dig, inklusive alla uppgifter du har gett oss. Du kan ocks\u00e5 beg\u00e4ra att vi tar bort alla personuppgifter vi har om dig. Detta inkluderar inga uppgifter som vi \u00e4r skyldiga att lagra av administrativa, juridiska eller s\u00e4kerhetssk\u00e4l.<\/p>\n<h2>D\u00e4r vi skickar dina uppgifter<\/h2>\n<p>Bes\u00f6karkommentarer kan verifieras av en automatisk spammdetekteringstj\u00e4nst.<\/p>\n<h2>Din kontaktinformation<\/h2>\n<h2>Mer information<\/h2>\n<h3>Hur vi skyddar dina uppgifter<\/h3>\n<h3>Vilka dataintr\u00e5ngsf\u00f6rfaranden vi har p\u00e5 plats.<\/h3>\n<h3>Vilka tredje parter vi f\u00e5r data fr\u00e5n<\/h3>\n<h3>Vilka automatiserade beslut och\/eller profilering vi tar med anv\u00e4ndardata.<\/h3>\n<h3>Branschkrav f\u00f6r inl\u00e4mning<\/h3>\n<\/div><\/div><\/div><\/div><\/div>\n","protected":false},"excerpt":{"rendered":"","protected":false},"author":1,"featured_media":0,"parent":0,"menu_order":0,"comment_status":"closed","ping_status":"closed","template":"","meta":{"footnotes":""},"class_list":["post-5384","page","type-page","status-publish","hentry"],"_links":{"self":[{"href":"https:\/\/fhsscandinavia.com\/sv\/wp-json\/wp\/v2\/pages\/5384","targetHints":{"allow":["GET"]}}],"collection":[{"href":"https:\/\/fhsscandinavia.com\/sv\/wp-json\/wp\/v2\/pages"}],"about":[{"href":"https:\/\/fhsscandinavia.com\/sv\/wp-json\/wp\/v2\/types\/page"}],"author":[{"embeddable":true,"href":"https:\/\/fhsscandinavia.com\/sv\/wp-json\/wp\/v2\/users\/1"}],"replies":[{"embeddable":true,"href":"https:\/\/fhsscandinavia.com\/sv\/wp-json\/wp\/v2\/comments?post=5384"}],"version-history":[{"count":8,"href":"https:\/\/fhsscandinavia.com\/sv\/wp-json\/wp\/v2\/pages\/5384\/revisions"}],"predecessor-version":[{"id":6409,"href":"https:\/\/fhsscandinavia.com\/sv\/wp-json\/wp\/v2\/pages\/5384\/revisions\/6409"}],"wp:attachment":[{"href":"https:\/\/fhsscandinavia.com\/sv\/wp-json\/wp\/v2\/media?parent=5384"}],"curies":[{"name":"wp","href":"https:\/\/api.w.org\/{rel}","templated":true}]}}