{"id":7614,"date":"2021-05-05T09:55:55","date_gmt":"2021-05-05T07:55:55","guid":{"rendered":"https:\/\/fhsscandinavia.com\/bageri-jonisering-och-uvc\/"},"modified":"2021-06-04T10:36:02","modified_gmt":"2021-06-04T08:36:02","slug":"bageri-jonisering-och-uvc","status":"publish","type":"page","link":"https:\/\/fhsscandinavia.com\/sv\/bageri-jonisering-och-uvc\/","title":{"rendered":"Bageri &#8211; jonisering och UVC"},"content":{"rendered":"<div class=\"fusion-fullwidth fullwidth-box fusion-builder-row-1 fusion-flex-container nonhundred-percent-fullwidth non-hundred-percent-height-scrolling\" style=\"--awb-border-radius-top-left:0px;--awb-border-radius-top-right:0px;--awb-border-radius-bottom-right:0px;--awb-border-radius-bottom-left:0px;--awb-flex-wrap:wrap;\" ><div class=\"fusion-builder-row fusion-row fusion-flex-align-items-flex-start fusion-flex-content-wrap\" style=\"max-width:1227.2px;margin-left: calc(-4% \/ 2 );margin-right: calc(-4% \/ 2 );\"><div class=\"fusion-layout-column fusion_builder_column fusion-builder-column-0 fusion_builder_column_1_2 1_2 fusion-flex-column\" style=\"--awb-bg-size:cover;--awb-width-large:50%;--awb-margin-top-large:15px;--awb-spacing-right-large:3.84%;--awb-margin-bottom-large:15px;--awb-spacing-left-large:3.84%;--awb-width-medium:50%;--awb-order-medium:0;--awb-spacing-right-medium:3.84%;--awb-spacing-left-medium:3.84%;--awb-width-small:100%;--awb-order-small:0;--awb-spacing-right-small:1.92%;--awb-spacing-left-small:1.92%;\"><div class=\"fusion-column-wrapper fusion-column-has-shadow fusion-flex-justify-content-flex-start fusion-content-layout-column\"><div class=\"fusion-text fusion-text-1\"><p><span style=\"font-weight: 400;\">God hygien \u00e4r en viktig aspekt i produktionen p\u00e5 ett stort antal industrif\u00f6retag. Speciellt inom livsmedelsindustrin st\u00e4ller man h\u00f6ga krav p\u00e5 sp\u00e5rbarhet och felfri hygien, vilket kr\u00e4ver stort fokus p\u00e5 att optimera alla processer i produktionen. Den h\u00f6ga hygienniv\u00e5n f\u00f6r driften av livsmedelsf\u00f6retag och industrif\u00f6retag \u00e4r avg\u00f6rande f\u00f6r m\u00e4nniskors s\u00e4kerhet och h\u00e4lsa, och d\u00e4rf\u00f6r \u00e4r det viktigt att produkter, utrustning, luft och ytor inte f\u00f6rorenas.<\/span><\/p>\n<p><b>Jonisering s\u00e4kerst\u00e4ller optimal luftkvalitet<\/b><\/p>\n<p><span style=\"font-weight: 400;\">M\u00f6gelutmaningar p\u00e5 livsmedelsf\u00f6retag \u00e4r ett allm\u00e4nt k\u00e4nt problem, eftersom luften utifr\u00e5n \u00e4r en naturlig del av helheten. \u00c4ven med v\u00e4lutvecklade rutiner f\u00f6r hygien, professionella ventilationssystem och HEPA-filtrering f\u00f6rekommer m\u00f6gel hos br\u00f6dproducenter \u2012 vanligtvis under de perioder d\u00e5 m\u00f6gel \u00e4ven har goda villkor i naturen.<\/span><\/p>\n<p><span style=\"font-weight: 400;\">Genom jonisering av luften omvandlas en eller flera atomer eller molekyler till en jon genom att l\u00e4gga till eller ta bort laddade partiklar s\u00e5som elektroner. Joniseringssystem \u00e4r anv\u00e4ndbara f\u00f6r att eliminera partiklar fr\u00e5n luften s\u00e5 att du f\u00e5r en ren luftkvalitet i produktionsmilj\u00f6n.<\/span><\/p>\n<p><span style=\"font-weight: 400;\">V\u00e5r norska leverant\u00f6r Airgenic \u00e4r ett f\u00f6retag med m\u00e5nga \u00e5rs erfarenhet av joniseringsteknik, och de har specialiserat sig p\u00e5 att bygga joniseringsutrustning f\u00f6r industrin. Deras utrustning kan installeras i befintlig ventilation eller som en separat enhet som anv\u00e4nds i produktionsomr\u00e5den f\u00f6r effektiv eliminering av b\u00e5de m\u00f6gel, j\u00e4st, bakterier och virus.<\/span><\/p>\n<p><b>UVC och antibakteriella mattor\/golv f\u00f6r dekontaminering<\/b><\/p>\n<p><span style=\"font-weight: 400;\">M\u00f6gel tr\u00e4nger emellertid inte bara in via luften utan det f\u00f6ljer med in tillsammans med f\u00f6rpackningar, tekniker och produkter, som har sitt normala fl\u00f6de mellan alla zoner i f\u00f6retaget, b\u00e5de rena och orena. D\u00e4rf\u00f6r kan UVC och antibakteriella mattor\/golv \u00e4ven ing\u00e5 som en del av l\u00f6sningen f\u00f6r br\u00f6dproducenter.<\/span><\/p>\n<p><span style=\"font-weight: 400;\">V\u00e5r schweiziska leverant\u00f6r sterilAir \u00e4r ett av v\u00e4rldens \u00e4ldsta och mest erfarna f\u00f6retag inom produktion och utveckling av UVC-l\u00f6sningar och komponenter. H\u00e4r garanterar vi optimal dekontaminering av ytor i din produktion som s\u00e4tter nya standarder vad g\u00e4ller desinfektionsprestanda, installation, hantering, flexibilitet, hygien och underh\u00e5ll. Det finns en l\u00e5ng rad l\u00f6sningar med UVC som kan optimera driftshygienen i din produktion. Ett exempel inom bagerif\u00f6retag kan vara l\u00f6sningar som best\u00e5r av en UVC-sluss d\u00e4r UVC-energin ber\u00e4knas och installeras med utg\u00e5ngspunkt i  f\u00f6retagets specifika behov.<\/span><\/p>\n<p><span style=\"font-weight: 400;\">Se \u00e4ven v\u00e5ra l\u00f6sningar med (UVC och Vemag-vagnar) och\u00a0 <\/span><a href=\"https:\/\/fhsscandinavia.com\/sv\/uvc-sluss-for-desinfektion-av-vemag-vagnar\/\"><span style=\"font-weight: 400;\">UVC til transportb\u00e5nd. <\/span><\/a><\/p>\n<p><b>Hos FHS Scandinavia optimerar vi hygienen i din produktion!<\/b><\/p>\n<p><span style=\"font-weight: 400;\">N\u00e4r du vill integrera en ekonomisk, p\u00e5litlig och milj\u00f6v\u00e4nlig hygienl\u00f6sning i ditt produktionssystem \u00e4r vi r\u00e4tt partner f\u00f6r att hitta en optimal l\u00f6sningen f\u00f6r dig. Vi har mer \u00e4n 20 \u00e5rs erfarenhet av kemikaliefri dekontaminering av produktionsprocesser som f\u00f6rb\u00e4ttrar ditt f\u00f6retags mikrobiologiska niv\u00e5. Med hj\u00e4lp av v\u00e5ra effektiva, h\u00e5llbara och integrerade l\u00f6sningar hj\u00e4lper vi till att minska kostsamma och on\u00f6diga driftstopp i produktionen.<\/span><\/p>\n<p><span style=\"font-weight: 400;\">Om du har fr\u00e5gor eller vill h\u00f6ra mer om hur vi kan hj\u00e4lpa dig \u00e4r du v\u00e4lkommen att<\/span><a href=\"https:\/\/fhsscandinavia.com\/sv\/kontakt\/\"> <span style=\"font-weight: 400;\">kontakta oss<\/span><\/a><span style=\"font-weight: 400;\"> f\u00f6r ett icke-bindande samtal. <\/span><\/p>\n<\/div><\/div><\/div><div class=\"fusion-layout-column fusion_builder_column fusion-builder-column-1 fusion_builder_column_1_2 1_2 fusion-flex-column\" style=\"--awb-bg-size:cover;--awb-width-large:50%;--awb-margin-top-large:15px;--awb-spacing-right-large:3.84%;--awb-margin-bottom-large:15px;--awb-spacing-left-large:3.84%;--awb-width-medium:50%;--awb-order-medium:0;--awb-spacing-right-medium:3.84%;--awb-spacing-left-medium:3.84%;--awb-width-small:100%;--awb-order-small:0;--awb-spacing-right-small:1.92%;--awb-spacing-left-small:1.92%;\"><div class=\"fusion-column-wrapper fusion-column-has-shadow fusion-flex-justify-content-flex-start fusion-content-layout-column\"><div class=\"fusion-blog-shortcode fusion-blog-shortcode-1 fusion-blog-archive fusion-blog-layout-medium fusion-blog-pagination\"><div class=\"fusion-posts-container fusion-posts-container-pagination fusion-blog-rollover\" data-pages=\"1\"><article id=\"blog-1-post-7625\" class=\"fusion-post-medium post-7625 post type-post status-publish format-standard has-post-thumbnail hentry category-bageri-jonisering-och-uvc-sv category-golv-dekontaminering category-skimmel-og-gaer-sv category-transportbaand-uvc-dekontaminering-sv\">\n\t<style type=\"text\/css\">\n\t\t\n\t\t\n\t\t\n\t\t\n\t\t\t<\/style>\n\n\n\t\t\t<div class=\"fusion-flexslider flexslider fusion-flexslider-loading fusion-post-slideshow\" style=\"\">\n\t\t<ul class=\"slides\">\n\t\t\t\n\t\t\t\t\t\t\t\t\t\t\t\t\t\t<li><div  class=\"fusion-image-wrapper fusion-image-size-fixed\" aria-haspopup=\"true\">\n\t\t\t\t<img decoding=\"async\" width=\"320\" height=\"202\" src=\"https:\/\/fhsscandinavia.com\/wp-content\/uploads\/2021\/05\/Skaermbillede-2021-05-04-kl.-09.32.45-320x202.png\" class=\"attachment-blog-medium size-blog-medium wp-post-image\" alt=\"\" srcset=\"https:\/\/fhsscandinavia.com\/wp-content\/uploads\/2021\/05\/Skaermbillede-2021-05-04-kl.-09.32.45-320x202.png 320w, https:\/\/fhsscandinavia.com\/wp-content\/uploads\/2021\/05\/Skaermbillede-2021-05-04-kl.-09.32.45-700x441.png 700w\" sizes=\"(max-width: 320px) 100vw, 320px\" \/><div class=\"fusion-rollover\">\n\t<div class=\"fusion-rollover-content\">\n\n\t\t\t\t\t\t\t\t\t\t\t\t\t\t<a class=\"fusion-rollover-link\" href=\"https:\/\/fhsscandinavia.com\/sv\/en-broedtillverkare-och-moegelutmaningar\/\">En br\u00f6dtillverkare och m\u00f6gelutmaningar<\/a>\n\t\t\t\n\t\t\t\t\t\t\t\t\n\t\t\n\t\t\t\t\t\t\t\t\t\t\t\t<h4 class=\"fusion-rollover-title\">\n\t\t\t\t\t<a class=\"fusion-rollover-title-link\" href=\"https:\/\/fhsscandinavia.com\/sv\/en-broedtillverkare-och-moegelutmaningar\/\">\n\t\t\t\t\t\tEn br\u00f6dtillverkare och m\u00f6gelutmaningar\t\t\t\t\t<\/a>\n\t\t\t\t<\/h4>\n\t\t\t\n\t\t\t\t\t\t\t\t\n\t\t\n\t\t\t\t\t\t<a class=\"fusion-link-wrapper\" href=\"https:\/\/fhsscandinavia.com\/sv\/en-broedtillverkare-och-moegelutmaningar\/\" aria-label=\"En br\u00f6dtillverkare och m\u00f6gelutmaningar\"><\/a>\n\t<\/div>\n<\/div>\n<\/div>\n<\/li>\n\t\t\t\n\t\t\t\n\t\t\t\t\t\t\t\t\t\t\t\t\t\t\t\t\t\t\t\t\t\t\t\t\t\t\t\t\t\t\t\t\t\t\t\t\t\t\t\t\t\t\t\t\t\t\t\t\t\t\t\t\t\t\t\t\t\t\t\t\t\t\t\t\t\t\t\t<\/ul>\n\t<\/div>\n\t<div class=\"fusion-post-content post-content\"><h2 class=\"blog-shortcode-post-title entry-title\"><a href=\"https:\/\/fhsscandinavia.com\/sv\/en-broedtillverkare-och-moegelutmaningar\/\">En br\u00f6dtillverkare och m\u00f6gelutmaningar<\/a><\/h2><div class=\"fusion-post-content-container\"><p>  En br\u00f6dtillverkare och m\u00f6gelutmaningar     [...]<\/p><\/div><\/div><div class=\"fusion-clearfix\"><\/div><div class=\"fusion-meta-info\"><div class=\"fusion-alignleft\"><span class=\"vcard\" style=\"display: none;\"><span class=\"fn\"><a href=\"https:\/\/fhsscandinavia.com\/sv\/author\/charlotte\/\" title=\"Inl\u00e4gg av Charlotte M\u00f8llegaard\" rel=\"author\">Charlotte M\u00f8llegaard<\/a><\/span><\/span><span class=\"updated\" style=\"display:none;\">2021-05-06T14:04:25+02:00<\/span>Categories: <a href=\"https:\/\/fhsscandinavia.com\/sv\/category\/bageri-jonisering-och-uvc-sv\/\" rel=\"category tag\">Bageri - jonisering och UVC<\/a>, <a href=\"https:\/\/fhsscandinavia.com\/sv\/category\/golv-dekontaminering\/\" rel=\"category tag\">Golv - dekontaminering<\/a>, <a href=\"https:\/\/fhsscandinavia.com\/sv\/category\/skimmel-og-gaer-sv\/\" rel=\"category tag\">Skimmel og g\u00e6r<\/a>, <a href=\"https:\/\/fhsscandinavia.com\/sv\/category\/transportbaand-uvc-dekontaminering-sv\/\" rel=\"category tag\">Transportb\u00e5nd - UVC dekontaminering<\/a><span class=\"fusion-inline-sep\">|<\/span><\/div><div class=\"fusion-alignright\"><a class=\"fusion-read-more\" href=\"https:\/\/fhsscandinavia.com\/sv\/en-broedtillverkare-och-moegelutmaningar\/\" aria-label=\"More on En br\u00f6dtillverkare och m\u00f6gelutmaningar\">Read More<\/a><\/div><\/div><\/article>\n<article id=\"blog-1-post-5570\" class=\"fusion-post-medium post-5570 post type-post status-publish format-standard has-post-thumbnail hentry category-bageri-jonisering-och-uvc-sv category-skimmel-og-gaer-sv\">\n\t<style type=\"text\/css\">\n\t\t\n\t\t\n\t\t\n\t\t\n\t\t\t<\/style>\n\n\n\t\t\t<div class=\"fusion-flexslider flexslider fusion-flexslider-loading fusion-post-slideshow\" style=\"\">\n\t\t<ul class=\"slides\">\n\t\t\t\n\t\t\t\t\t\t\t\t\t\t\t\t\t\t<li><div  class=\"fusion-image-wrapper fusion-image-size-fixed\" aria-haspopup=\"true\">\n\t\t\t\t<img decoding=\"async\" width=\"320\" height=\"202\" src=\"https:\/\/fhsscandinavia.com\/wp-content\/uploads\/2018\/12\/skimmel-og-g\u00e6r-1-320x202.jpg\" class=\"attachment-blog-medium size-blog-medium wp-post-image\" alt=\"m\u00f6gel och j\u00e4st avl\u00e4gsnades med jonisering i bageri\" srcset=\"https:\/\/fhsscandinavia.com\/wp-content\/uploads\/2018\/12\/skimmel-og-g\u00e6r-1-320x202.jpg 320w, https:\/\/fhsscandinavia.com\/wp-content\/uploads\/2018\/12\/skimmel-og-g\u00e6r-1-700x441.jpg 700w\" sizes=\"(max-width: 320px) 100vw, 320px\" \/><div class=\"fusion-rollover\">\n\t<div class=\"fusion-rollover-content\">\n\n\t\t\t\t\t\t\t\t\t\t\t\t\t\t<a class=\"fusion-rollover-link\" href=\"https:\/\/fhsscandinavia.com\/sv\/mogel-och-jastutmaning-hos-brodtillverkaren\/\">M\u00f6gel- och j\u00e4stutmaning hos br\u00f6dtillverkaren<\/a>\n\t\t\t\n\t\t\t\t\t\t\t\t\n\t\t\n\t\t\t\t\t\t\t\t\t\t\t\t<h4 class=\"fusion-rollover-title\">\n\t\t\t\t\t<a class=\"fusion-rollover-title-link\" href=\"https:\/\/fhsscandinavia.com\/sv\/mogel-och-jastutmaning-hos-brodtillverkaren\/\">\n\t\t\t\t\t\tM\u00f6gel- och j\u00e4stutmaning hos br\u00f6dtillverkaren\t\t\t\t\t<\/a>\n\t\t\t\t<\/h4>\n\t\t\t\n\t\t\t\t\t\t\t\t\n\t\t\n\t\t\t\t\t\t<a class=\"fusion-link-wrapper\" href=\"https:\/\/fhsscandinavia.com\/sv\/mogel-och-jastutmaning-hos-brodtillverkaren\/\" aria-label=\"M\u00f6gel- och j\u00e4stutmaning hos br\u00f6dtillverkaren\"><\/a>\n\t<\/div>\n<\/div>\n<\/div>\n<\/li>\n\t\t\t\n\t\t\t\n\t\t\t\t\t\t\t\t\t\t\t\t\t\t\t\t\t\t\t\t\t\t\t\t\t\t\t\t\t\t\t\t\t\t\t\t\t\t\t\t\t\t\t\t\t\t\t\t\t\t\t\t\t\t\t\t\t\t\t\t\t\t\t\t\t\t\t\t<\/ul>\n\t<\/div>\n\t<div class=\"fusion-post-content post-content\"><h2 class=\"blog-shortcode-post-title entry-title\"><a href=\"https:\/\/fhsscandinavia.com\/sv\/mogel-och-jastutmaning-hos-brodtillverkaren\/\">M\u00f6gel- och j\u00e4stutmaning hos br\u00f6dtillverkaren<\/a><\/h2><div class=\"fusion-post-content-container\"><p>  M\u00f6gel- och j\u00e4stutmaning hos br\u00f6dtillverkaren    [...]<\/p><\/div><\/div><div class=\"fusion-clearfix\"><\/div><div class=\"fusion-meta-info\"><div class=\"fusion-alignleft\"><span class=\"vcard\" style=\"display: none;\"><span class=\"fn\"><a href=\"https:\/\/fhsscandinavia.com\/sv\/author\/anita\/\" title=\"Inl\u00e4gg av FHS Scandinavia\" rel=\"author\">FHS Scandinavia<\/a><\/span><\/span><span class=\"updated\" style=\"display:none;\">2021-05-06T13:32:12+02:00<\/span>Categories: <a href=\"https:\/\/fhsscandinavia.com\/sv\/category\/bageri-jonisering-och-uvc-sv\/\" rel=\"category tag\">Bageri - jonisering och UVC<\/a>, <a href=\"https:\/\/fhsscandinavia.com\/sv\/category\/skimmel-og-gaer-sv\/\" rel=\"category tag\">Skimmel og g\u00e6r<\/a><span class=\"fusion-inline-sep\">|<\/span><\/div><div class=\"fusion-alignright\"><a class=\"fusion-read-more\" href=\"https:\/\/fhsscandinavia.com\/sv\/mogel-och-jastutmaning-hos-brodtillverkaren\/\" aria-label=\"More on M\u00f6gel- och j\u00e4stutmaning hos br\u00f6dtillverkaren\">Read More<\/a><\/div><\/div><\/article>\n<article id=\"blog-1-post-5509\" class=\"fusion-post-medium post-5509 post type-post status-publish format-standard has-post-thumbnail hentry category-bageri-jonisering-och-uvc-sv category-bakterier-og-hoeje-kimtal-sv category-listeria-salmonella-og-coli-sv category-skimmel-og-gaer-sv\">\n\t<style type=\"text\/css\">\n\t\t\n\t\t\n\t\t\n\t\t\n\t\t\t<\/style>\n\n\n\t\t\t<div class=\"fusion-flexslider flexslider fusion-flexslider-loading fusion-post-slideshow\" style=\"\">\n\t\t<ul class=\"slides\">\n\t\t\t\n\t\t\t\t\t\t\t\t\t\t\t\t\t\t<li><div  class=\"fusion-image-wrapper fusion-image-size-fixed\" aria-haspopup=\"true\">\n\t\t\t\t<img decoding=\"async\" width=\"320\" height=\"202\" src=\"https:\/\/fhsscandinavia.com\/wp-content\/uploads\/2020\/03\/UVC-sluse-vemag-vogn-320x202.jpg\" class=\"attachment-blog-medium size-blog-medium wp-post-image\" alt=\"UVC-sluss vemagvagn\" srcset=\"https:\/\/fhsscandinavia.com\/wp-content\/uploads\/2020\/03\/UVC-sluse-vemag-vogn-320x202.jpg 320w, https:\/\/fhsscandinavia.com\/wp-content\/uploads\/2020\/03\/UVC-sluse-vemag-vogn-700x441.jpg 700w\" sizes=\"(max-width: 320px) 100vw, 320px\" \/><div class=\"fusion-rollover\">\n\t<div class=\"fusion-rollover-content\">\n\n\t\t\t\t\t\t\t\t\t\t\t\t\t\t<a class=\"fusion-rollover-link\" href=\"https:\/\/fhsscandinavia.com\/sv\/uvc-sluss-for-desinfektion-av-vemag-vagnar\/\">UVC-sluss p\u00e5 bageri f\u00f6r desinfektion av Vemag-vagnar<\/a>\n\t\t\t\n\t\t\t\t\t\t\t\t\n\t\t\n\t\t\t\t\t\t\t\t\t\t\t\t<h4 class=\"fusion-rollover-title\">\n\t\t\t\t\t<a class=\"fusion-rollover-title-link\" href=\"https:\/\/fhsscandinavia.com\/sv\/uvc-sluss-for-desinfektion-av-vemag-vagnar\/\">\n\t\t\t\t\t\tUVC-sluss p\u00e5 bageri f\u00f6r desinfektion av Vemag-vagnar\t\t\t\t\t<\/a>\n\t\t\t\t<\/h4>\n\t\t\t\n\t\t\t\t\t\t\t\t\n\t\t\n\t\t\t\t\t\t<a class=\"fusion-link-wrapper\" href=\"https:\/\/fhsscandinavia.com\/sv\/uvc-sluss-for-desinfektion-av-vemag-vagnar\/\" aria-label=\"UVC-sluss p\u00e5 bageri f\u00f6r desinfektion av Vemag-vagnar\"><\/a>\n\t<\/div>\n<\/div>\n<\/div>\n<\/li>\n\t\t\t\n\t\t\t\n\t\t\t\t\t\t\t\t\t\t\t\t\t\t\t\t\t\t\t\t\t\t\t\t\t\t\t\t\t\t\t\t\t\t\t\t\t\t\t\t\t\t\t\t\t\t\t\t\t\t\t\t\t\t\t\t\t\t\t\t\t\t\t\t\t\t\t\t<\/ul>\n\t<\/div>\n\t<div class=\"fusion-post-content post-content\"><h2 class=\"blog-shortcode-post-title entry-title\"><a href=\"https:\/\/fhsscandinavia.com\/sv\/uvc-sluss-for-desinfektion-av-vemag-vagnar\/\">UVC-sluss p\u00e5 bageri f\u00f6r desinfektion av Vemag-vagnar<\/a><\/h2><div class=\"fusion-post-content-container\"><p>  UVC-sluss p\u00e5 bageri f\u00f6r desinfektion av Vemag-vagnar  [...]<\/p><\/div><\/div><div class=\"fusion-clearfix\"><\/div><div class=\"fusion-meta-info\"><div class=\"fusion-alignleft\"><span class=\"vcard\" style=\"display: none;\"><span class=\"fn\"><a href=\"https:\/\/fhsscandinavia.com\/sv\/author\/charlotte\/\" title=\"Inl\u00e4gg av Charlotte M\u00f8llegaard\" rel=\"author\">Charlotte M\u00f8llegaard<\/a><\/span><\/span><span class=\"updated\" style=\"display:none;\">2022-01-19T14:44:06+01:00<\/span>Categories: <a href=\"https:\/\/fhsscandinavia.com\/sv\/category\/bageri-jonisering-och-uvc-sv\/\" rel=\"category tag\">Bageri - jonisering och UVC<\/a>, <a href=\"https:\/\/fhsscandinavia.com\/sv\/category\/bakterier-og-hoeje-kimtal-sv\/\" rel=\"category tag\">Bakterier og h\u00f8je kimtal<\/a>, <a href=\"https:\/\/fhsscandinavia.com\/sv\/category\/listeria-salmonella-og-coli-sv\/\" rel=\"category tag\">Listeria, salmonella og coli<\/a>, <a href=\"https:\/\/fhsscandinavia.com\/sv\/category\/skimmel-og-gaer-sv\/\" rel=\"category tag\">Skimmel og g\u00e6r<\/a><span class=\"fusion-inline-sep\">|<\/span><\/div><div class=\"fusion-alignright\"><a class=\"fusion-read-more\" href=\"https:\/\/fhsscandinavia.com\/sv\/uvc-sluss-for-desinfektion-av-vemag-vagnar\/\" aria-label=\"More on UVC-sluss p\u00e5 bageri f\u00f6r desinfektion av Vemag-vagnar\">Read More<\/a><\/div><\/div><\/article>\n<\/div><\/div><\/div><\/div><\/div><\/div>\n","protected":false},"excerpt":{"rendered":"","protected":false},"author":2,"featured_media":0,"parent":0,"menu_order":0,"comment_status":"closed","ping_status":"closed","template":"","meta":{"footnotes":""},"class_list":["post-7614","page","type-page","status-publish","hentry"],"_links":{"self":[{"href":"https:\/\/fhsscandinavia.com\/sv\/wp-json\/wp\/v2\/pages\/7614","targetHints":{"allow":["GET"]}}],"collection":[{"href":"https:\/\/fhsscandinavia.com\/sv\/wp-json\/wp\/v2\/pages"}],"about":[{"href":"https:\/\/fhsscandinavia.com\/sv\/wp-json\/wp\/v2\/types\/page"}],"author":[{"embeddable":true,"href":"https:\/\/fhsscandinavia.com\/sv\/wp-json\/wp\/v2\/users\/2"}],"replies":[{"embeddable":true,"href":"https:\/\/fhsscandinavia.com\/sv\/wp-json\/wp\/v2\/comments?post=7614"}],"version-history":[{"count":9,"href":"https:\/\/fhsscandinavia.com\/sv\/wp-json\/wp\/v2\/pages\/7614\/revisions"}],"predecessor-version":[{"id":8091,"href":"https:\/\/fhsscandinavia.com\/sv\/wp-json\/wp\/v2\/pages\/7614\/revisions\/8091"}],"wp:attachment":[{"href":"https:\/\/fhsscandinavia.com\/sv\/wp-json\/wp\/v2\/media?parent=7614"}],"curies":[{"name":"wp","href":"https:\/\/api.w.org\/{rel}","templated":true}]}}