{"id":8087,"date":"2021-06-03T12:35:21","date_gmt":"2021-06-03T10:35:21","guid":{"rendered":"https:\/\/fhsscandinavia.com\/transportband-%e2%80%92-uvc-dekontaminering\/"},"modified":"2021-06-04T10:35:11","modified_gmt":"2021-06-04T08:35:11","slug":"transportband-uvc-dekontaminering","status":"publish","type":"page","link":"https:\/\/fhsscandinavia.com\/sv\/transportband-uvc-dekontaminering\/","title":{"rendered":"Transportband \u2012 UVC-dekontaminering"},"content":{"rendered":"<div class=\"fusion-fullwidth fullwidth-box fusion-builder-row-1 fusion-flex-container nonhundred-percent-fullwidth non-hundred-percent-height-scrolling\" style=\"--awb-border-radius-top-left:0px;--awb-border-radius-top-right:0px;--awb-border-radius-bottom-right:0px;--awb-border-radius-bottom-left:0px;--awb-flex-wrap:wrap;\" ><div class=\"fusion-builder-row fusion-row fusion-flex-align-items-flex-start fusion-flex-content-wrap\" style=\"max-width:1227.2px;margin-left: calc(-4% \/ 2 );margin-right: calc(-4% \/ 2 );\"><div class=\"fusion-layout-column fusion_builder_column fusion-builder-column-0 fusion_builder_column_1_2 1_2 fusion-flex-column\" style=\"--awb-bg-size:cover;--awb-width-large:50%;--awb-margin-top-large:15px;--awb-spacing-right-large:3.84%;--awb-margin-bottom-large:15px;--awb-spacing-left-large:3.84%;--awb-width-medium:50%;--awb-order-medium:0;--awb-spacing-right-medium:3.84%;--awb-spacing-left-medium:3.84%;--awb-width-small:100%;--awb-order-small:0;--awb-spacing-right-small:1.92%;--awb-spacing-left-small:1.92%;\"><div class=\"fusion-column-wrapper fusion-column-has-shadow fusion-flex-justify-content-flex-start fusion-content-layout-column\"><div class=\"fusion-text fusion-text-1\"><h2 data-fontsize=\"44\" data-lineheight=\"52.8px\" class=\"fusion-responsive-typography-calculated\" style=\"--fontSize:44; line-height: 1.2;\">V\u00e4lj UVC f\u00f6r transportband!<\/h2>\n<p>V\u00e5r schweiziska leverant\u00f6r SterilAir har 80 \u00e5rs erfarenhet av UVC och har byggt upp omfattande kunskap och expertis vad g\u00e4ller utveckling av effektiva UVC-l\u00f6sningar \u2012 och deras senaste system T2018 \u00e4r inget undantag. UVC-systemet \u00e4r utformat f\u00f6r:<\/p>\n<ul>\n<li>Transportband och v\u00e5ta omr\u00e5den<\/li>\n<li>S\u00e4rskilt ogynnsamma driftsf\u00f6rh\u00e5llanden (IP69K), eftersom T2018 \u00e4r vattent\u00e4t under tryck<\/li>\n<li>Att kunna anv\u00e4ndas f\u00f6r v\u00e4rmek\u00e4nsliga ytor<\/li>\n<li>Att UV-r\u00f6r kan bytas ut p\u00e5 mindre \u00e4n tv\u00e5 minuter \u2012 utan att demontera systemet eller avbryta produktionsprocessen. Detta minskar kostsamma och on\u00f6diga stillest\u00e5nd<\/li>\n<\/ul>\n<p>De har tagit fram T2018 UVC-systemet tillsammans med experter fr\u00e5n k\u00f6ttindustrin och de har skapat ett revolutionerande sterilisationssystem f\u00f6r transportband.<\/p>\n<p>Genom plausibla tester av systemet togs prover varje timme som till 100% motsvarade realistiska f\u00f6rh\u00e5llanden i en produktion. Testet utf\u00f6rdes och utv\u00e4rderades av ett oberoende institut och det visar att transportbandet med UVC genomg\u00e5ende har en mycket l\u00e5g bakteriebelastning. Anl\u00e4ggningen med UVC har allts\u00e5 generellt effektivare driftshygien, eftersom UVC s\u00e4kerst\u00e4ller ett l\u00e5gt antal bakterier hela dagen.<\/p>\n<p>H\u00e4r f\u00e5r du en v\u00e4rdefull hygienl\u00f6sning f\u00f6r ytdesinfektion som s\u00e4tter nya standarder vad g\u00e4ller desinfektionsprestanda, installation, hantering, flexibilitet, hygien och underh\u00e5ll. Du \u00e4r garanterad ett h\u00e5llbart och kemikaliefritt system f\u00f6r dekontaminering av ytor som snabbt och enkelt kan integreras i en befintlig produktion.<\/p>\n<p><b>Kontakta oss<\/b><\/p>\n<p>Om du har fr\u00e5gor eller vill h\u00f6ra mer om v\u00e5ra l\u00f6sningar s\u00e5 \u00e4r vi alltid redo att hj\u00e4lpa dig. Som \u00e5terf\u00f6rs\u00e4ljare av SterilAirs UVC-l\u00f6sningar i mer \u00e4n 20 \u00e5r har vi tillg\u00e5ng till SterilAirs kunskaper och vi kan garantera att de l\u00f6sningar vi erbjuder bygger p\u00e5 exakta ber\u00e4kningar och unika UVC-r\u00f6r. <a href=\"https:\/\/fhsscandinavia.com\/sv\/kontakt\/\">Kontakta oss<\/a> g\u00e4rna f\u00f6r ett icke-bindande samtal.<b><br \/><\/b><\/p>\n<\/div><\/div><\/div><div class=\"fusion-layout-column fusion_builder_column fusion-builder-column-1 fusion_builder_column_1_2 1_2 fusion-flex-column\" style=\"--awb-bg-size:cover;--awb-width-large:50%;--awb-margin-top-large:15px;--awb-spacing-right-large:3.84%;--awb-margin-bottom-large:15px;--awb-spacing-left-large:3.84%;--awb-width-medium:50%;--awb-order-medium:0;--awb-spacing-right-medium:3.84%;--awb-spacing-left-medium:3.84%;--awb-width-small:100%;--awb-order-small:0;--awb-spacing-right-small:1.92%;--awb-spacing-left-small:1.92%;\"><div class=\"fusion-column-wrapper fusion-column-has-shadow fusion-flex-justify-content-flex-start fusion-content-layout-column\"><div class=\"fusion-blog-shortcode fusion-blog-shortcode-1 fusion-blog-archive fusion-blog-layout-medium fusion-blog-pagination\"><div class=\"fusion-posts-container fusion-posts-container-pagination fusion-blog-rollover\" data-pages=\"2\"><article id=\"blog-1-post-8621\" class=\"fusion-post-medium post-8621 post type-post status-publish format-standard has-post-thumbnail hentry category-bakterier-og-hoeje-kimtal-sv category-listeria-salmonella-og-coli-sv category-olika-branscher-och-loesningar category-transportbaand-uvc-dekontaminering-sv\">\n\t<style type=\"text\/css\">\n\t\t\n\t\t\n\t\t\n\t\t\n\t\t\t<\/style>\n\n\n\t\t\t<div class=\"fusion-flexslider flexslider fusion-flexslider-loading fusion-post-slideshow\" style=\"\">\n\t\t<ul class=\"slides\">\n\t\t\t\n\t\t\t\t\t\t\t\t\t\t\t\t\t\t<li><div  class=\"fusion-image-wrapper fusion-image-size-fixed\" aria-haspopup=\"true\">\n\t\t\t\t<img decoding=\"async\" width=\"320\" height=\"202\" src=\"https:\/\/fhsscandinavia.com\/wp-content\/uploads\/2021\/12\/laks1-320x202.jpg\" class=\"attachment-blog-medium size-blog-medium wp-post-image\" alt=\"\" srcset=\"https:\/\/fhsscandinavia.com\/wp-content\/uploads\/2021\/12\/laks1-320x202.jpg 320w, https:\/\/fhsscandinavia.com\/wp-content\/uploads\/2021\/12\/laks1-700x441.jpg 700w\" sizes=\"(max-width: 320px) 100vw, 320px\" \/><div class=\"fusion-rollover\">\n\t<div class=\"fusion-rollover-content\">\n\n\t\t\t\t\t\t\t\t\t\t\t\t\t\t<a class=\"fusion-rollover-link\" href=\"https:\/\/fhsscandinavia.com\/sv\/spridning-av-listeria-i-frys-kyltunnlar-och-kylindunstare-2\/\">Spridning av listeria i frys-\/kyltunnlar och kylindunstare<\/a>\n\t\t\t\n\t\t\t\t\t\t\t\t\n\t\t\n\t\t\t\t\t\t\t\t\t\t\t\t<h4 class=\"fusion-rollover-title\">\n\t\t\t\t\t<a class=\"fusion-rollover-title-link\" href=\"https:\/\/fhsscandinavia.com\/sv\/spridning-av-listeria-i-frys-kyltunnlar-och-kylindunstare-2\/\">\n\t\t\t\t\t\tSpridning av listeria i frys-\/kyltunnlar och kylindunstare\t\t\t\t\t<\/a>\n\t\t\t\t<\/h4>\n\t\t\t\n\t\t\t\t\t\t\t\t\n\t\t\n\t\t\t\t\t\t<a class=\"fusion-link-wrapper\" href=\"https:\/\/fhsscandinavia.com\/sv\/spridning-av-listeria-i-frys-kyltunnlar-och-kylindunstare-2\/\" aria-label=\"Spridning av listeria i frys-\/kyltunnlar och kylindunstare\"><\/a>\n\t<\/div>\n<\/div>\n<\/div>\n<\/li>\n\t\t\t\n\t\t\t\n\t\t\t\t\t\t\t\t\t\t\t\t\t\t\t\t\t\t\t\t\t\t\t\t\t\t\t\t\t\t\t\t\t\t\t\t\t\t\t\t\t\t\t\t\t\t\t\t\t\t\t\t\t\t\t\t\t\t\t\t\t\t\t\t\t\t\t\t<\/ul>\n\t<\/div>\n\t<div class=\"fusion-post-content post-content\"><h2 class=\"blog-shortcode-post-title entry-title\"><a href=\"https:\/\/fhsscandinavia.com\/sv\/spridning-av-listeria-i-frys-kyltunnlar-och-kylindunstare-2\/\">Spridning av listeria i frys-\/kyltunnlar och kylindunstare<\/a><\/h2><div class=\"fusion-post-content-container\"><p>  Spridning av listeria i frys-\/kyltunnlar och kylindunstare  [...]<\/p><\/div><\/div><div class=\"fusion-clearfix\"><\/div><div class=\"fusion-meta-info\"><div class=\"fusion-alignleft\"><span class=\"vcard\" style=\"display: none;\"><span class=\"fn\"><a href=\"https:\/\/fhsscandinavia.com\/sv\/author\/anita\/\" title=\"Inl\u00e4gg av FHS Scandinavia\" rel=\"author\">FHS Scandinavia<\/a><\/span><\/span><span class=\"updated\" style=\"display:none;\">2022-01-19T14:57:38+01:00<\/span>Categories: <a href=\"https:\/\/fhsscandinavia.com\/sv\/category\/bakterier-og-hoeje-kimtal-sv\/\" rel=\"category tag\">Bakterier og h\u00f8je kimtal<\/a>, <a href=\"https:\/\/fhsscandinavia.com\/sv\/category\/listeria-salmonella-og-coli-sv\/\" rel=\"category tag\">Listeria, salmonella og coli<\/a>, <a href=\"https:\/\/fhsscandinavia.com\/sv\/category\/olika-branscher-och-loesningar\/\" rel=\"category tag\">Olika branscher och l\u00f6sningar<\/a>, <a href=\"https:\/\/fhsscandinavia.com\/sv\/category\/transportbaand-uvc-dekontaminering-sv\/\" rel=\"category tag\">Transportb\u00e5nd - UVC dekontaminering<\/a><span class=\"fusion-inline-sep\">|<\/span><\/div><div class=\"fusion-alignright\"><a class=\"fusion-read-more\" href=\"https:\/\/fhsscandinavia.com\/sv\/spridning-av-listeria-i-frys-kyltunnlar-och-kylindunstare-2\/\" aria-label=\"More on Spridning av listeria i frys-\/kyltunnlar och kylindunstare\">Read More<\/a><\/div><\/div><\/article>\n<article id=\"blog-1-post-8517\" class=\"fusion-post-medium post-8517 post type-post status-publish format-standard has-post-thumbnail hentry category-bakterier-og-hoeje-kimtal-sv category-listeria-salmonella-og-coli-sv category-olika-branscher-och-loesningar category-transportbaand-uvc-dekontaminering-sv\">\n\t<style type=\"text\/css\">\n\t\t\n\t\t\n\t\t\n\t\t\n\t\t\t<\/style>\n\n\n\t\t\t<div class=\"fusion-flexslider flexslider fusion-flexslider-loading fusion-post-slideshow\" style=\"\">\n\t\t<ul class=\"slides\">\n\t\t\t\n\t\t\t\t\t\t\t\t\t\t\t\t\t\t<li><div  class=\"fusion-image-wrapper fusion-image-size-fixed\" aria-haspopup=\"true\">\n\t\t\t\t<img decoding=\"async\" width=\"320\" height=\"202\" src=\"https:\/\/fhsscandinavia.com\/wp-content\/uploads\/2021\/12\/laks1-320x202.jpg\" class=\"attachment-blog-medium size-blog-medium wp-post-image\" alt=\"\" srcset=\"https:\/\/fhsscandinavia.com\/wp-content\/uploads\/2021\/12\/laks1-320x202.jpg 320w, https:\/\/fhsscandinavia.com\/wp-content\/uploads\/2021\/12\/laks1-700x441.jpg 700w\" sizes=\"(max-width: 320px) 100vw, 320px\" \/><div class=\"fusion-rollover\">\n\t<div class=\"fusion-rollover-content\">\n\n\t\t\t\t\t\t\t\t\t\t\t\t\t\t<a class=\"fusion-rollover-link\" href=\"https:\/\/fhsscandinavia.com\/sv\/spridning-av-listeria-i-frys-kyltunnlar-och-kylindunstare\/\">Spridning av listeria i frys-\/kyltunnlar och kylindunstare<\/a>\n\t\t\t\n\t\t\t\t\t\t\t\t\n\t\t\n\t\t\t\t\t\t\t\t\t\t\t\t<h4 class=\"fusion-rollover-title\">\n\t\t\t\t\t<a class=\"fusion-rollover-title-link\" href=\"https:\/\/fhsscandinavia.com\/sv\/spridning-av-listeria-i-frys-kyltunnlar-och-kylindunstare\/\">\n\t\t\t\t\t\tSpridning av listeria i frys-\/kyltunnlar och kylindunstare\t\t\t\t\t<\/a>\n\t\t\t\t<\/h4>\n\t\t\t\n\t\t\t\t\t\t\t\t\n\t\t\n\t\t\t\t\t\t<a class=\"fusion-link-wrapper\" href=\"https:\/\/fhsscandinavia.com\/sv\/spridning-av-listeria-i-frys-kyltunnlar-och-kylindunstare\/\" aria-label=\"Spridning av listeria i frys-\/kyltunnlar och kylindunstare\"><\/a>\n\t<\/div>\n<\/div>\n<\/div>\n<\/li>\n\t\t\t\n\t\t\t\n\t\t\t\t\t\t\t\t\t\t\t\t\t\t\t\t\t\t\t\t\t\t\t\t\t\t\t\t\t\t\t\t\t\t\t\t\t\t\t\t\t\t\t\t\t\t\t\t\t\t\t\t\t\t\t\t\t\t\t\t\t\t\t\t\t\t\t\t<\/ul>\n\t<\/div>\n\t<div class=\"fusion-post-content post-content\"><h2 class=\"blog-shortcode-post-title entry-title\"><a href=\"https:\/\/fhsscandinavia.com\/sv\/spridning-av-listeria-i-frys-kyltunnlar-och-kylindunstare\/\">Spridning av listeria i frys-\/kyltunnlar och kylindunstare<\/a><\/h2><div class=\"fusion-post-content-container\"><p>  Spridning av listeria i frys-\/kyltunnlar och kylindunstare  [...]<\/p><\/div><\/div><div class=\"fusion-clearfix\"><\/div><div class=\"fusion-meta-info\"><div class=\"fusion-alignleft\"><span class=\"vcard\" style=\"display: none;\"><span class=\"fn\"><a href=\"https:\/\/fhsscandinavia.com\/sv\/author\/charlotte\/\" title=\"Inl\u00e4gg av Charlotte M\u00f8llegaard\" rel=\"author\">Charlotte M\u00f8llegaard<\/a><\/span><\/span><span class=\"updated\" style=\"display:none;\">2021-12-21T16:57:18+01:00<\/span>Categories: <a href=\"https:\/\/fhsscandinavia.com\/sv\/category\/bakterier-og-hoeje-kimtal-sv\/\" rel=\"category tag\">Bakterier og h\u00f8je kimtal<\/a>, <a href=\"https:\/\/fhsscandinavia.com\/sv\/category\/listeria-salmonella-og-coli-sv\/\" rel=\"category tag\">Listeria, salmonella og coli<\/a>, <a href=\"https:\/\/fhsscandinavia.com\/sv\/category\/olika-branscher-och-loesningar\/\" rel=\"category tag\">Olika branscher och l\u00f6sningar<\/a>, <a href=\"https:\/\/fhsscandinavia.com\/sv\/category\/transportbaand-uvc-dekontaminering-sv\/\" rel=\"category tag\">Transportb\u00e5nd - UVC dekontaminering<\/a><span class=\"fusion-inline-sep\">|<\/span><\/div><div class=\"fusion-alignright\"><a class=\"fusion-read-more\" href=\"https:\/\/fhsscandinavia.com\/sv\/spridning-av-listeria-i-frys-kyltunnlar-och-kylindunstare\/\" aria-label=\"More on Spridning av listeria i frys-\/kyltunnlar och kylindunstare\">Read More<\/a><\/div><\/div><\/article>\n<article id=\"blog-1-post-8033\" class=\"fusion-post-medium post-8033 post type-post status-publish format-standard has-post-thumbnail hentry category-listeria-salmonella-og-coli-sv category-transportbaand-uvc-dekontaminering-sv\">\n\t<style type=\"text\/css\">\n\t\t\n\t\t\n\t\t\n\t\t\n\t\t\t<\/style>\n\n\n\t\t\t<div class=\"fusion-flexslider flexslider fusion-flexslider-loading fusion-post-slideshow\" style=\"\">\n\t\t<ul class=\"slides\">\n\t\t\t\n\t\t\t\t\t\t\t\t\t\t\t\t\t\t<li><div  class=\"fusion-image-wrapper fusion-image-size-fixed\" aria-haspopup=\"true\">\n\t\t\t\t<img decoding=\"async\" width=\"320\" height=\"202\" src=\"https:\/\/fhsscandinavia.com\/wp-content\/uploads\/2021\/06\/Skaermbillede-2021-06-01-kl.-11.42.46-320x202.png\" class=\"attachment-blog-medium size-blog-medium wp-post-image\" alt=\"\" srcset=\"https:\/\/fhsscandinavia.com\/wp-content\/uploads\/2021\/06\/Skaermbillede-2021-06-01-kl.-11.42.46-320x202.png 320w, https:\/\/fhsscandinavia.com\/wp-content\/uploads\/2021\/06\/Skaermbillede-2021-06-01-kl.-11.42.46-700x441.png 700w\" sizes=\"(max-width: 320px) 100vw, 320px\" \/><div class=\"fusion-rollover\">\n\t<div class=\"fusion-rollover-content\">\n\n\t\t\t\t\t\t\t\t\t\t\t\t\t\t<a class=\"fusion-rollover-link\" href=\"https:\/\/fhsscandinavia.com\/sv\/listeria-paa-transportband-aer-ett-kaent-problem-i-koettindustrin\/\">Listeria p\u00e5 transportband \u00e4r ett k\u00e4nt problem i k\u00f6ttindustrin<\/a>\n\t\t\t\n\t\t\t\t\t\t\t\t\n\t\t\n\t\t\t\t\t\t\t\t\t\t\t\t<h4 class=\"fusion-rollover-title\">\n\t\t\t\t\t<a class=\"fusion-rollover-title-link\" href=\"https:\/\/fhsscandinavia.com\/sv\/listeria-paa-transportband-aer-ett-kaent-problem-i-koettindustrin\/\">\n\t\t\t\t\t\tListeria p\u00e5 transportband \u00e4r ett k\u00e4nt problem i k\u00f6ttindustrin\t\t\t\t\t<\/a>\n\t\t\t\t<\/h4>\n\t\t\t\n\t\t\t\t\t\t\t\t\n\t\t\n\t\t\t\t\t\t<a class=\"fusion-link-wrapper\" href=\"https:\/\/fhsscandinavia.com\/sv\/listeria-paa-transportband-aer-ett-kaent-problem-i-koettindustrin\/\" aria-label=\"Listeria p\u00e5 transportband \u00e4r ett k\u00e4nt problem i k\u00f6ttindustrin\"><\/a>\n\t<\/div>\n<\/div>\n<\/div>\n<\/li>\n\t\t\t\n\t\t\t\n\t\t\t\t\t\t\t\t\t\t\t\t\t\t\t\t\t\t\t\t\t\t\t\t\t\t\t\t\t\t\t\t\t\t\t\t\t\t\t\t\t\t\t\t\t\t\t\t\t\t\t\t\t\t\t\t\t\t\t\t\t\t\t\t\t\t\t\t<\/ul>\n\t<\/div>\n\t<div class=\"fusion-post-content post-content\"><h2 class=\"blog-shortcode-post-title entry-title\"><a href=\"https:\/\/fhsscandinavia.com\/sv\/listeria-paa-transportband-aer-ett-kaent-problem-i-koettindustrin\/\">Listeria p\u00e5 transportband \u00e4r ett k\u00e4nt problem i k\u00f6ttindustrin<\/a><\/h2><div class=\"fusion-post-content-container\"><p>  Listeria p\u00e5 transportband \u00e4r ett k\u00e4nt problem i [...]<\/p><\/div><\/div><div class=\"fusion-clearfix\"><\/div><div class=\"fusion-meta-info\"><div class=\"fusion-alignleft\"><span class=\"vcard\" style=\"display: none;\"><span class=\"fn\"><a href=\"https:\/\/fhsscandinavia.com\/sv\/author\/charlotte\/\" title=\"Inl\u00e4gg av Charlotte M\u00f8llegaard\" rel=\"author\">Charlotte M\u00f8llegaard<\/a><\/span><\/span><span class=\"updated\" style=\"display:none;\">2022-01-19T15:10:46+01:00<\/span>Categories: <a href=\"https:\/\/fhsscandinavia.com\/sv\/category\/listeria-salmonella-og-coli-sv\/\" rel=\"category tag\">Listeria, salmonella og coli<\/a>, <a href=\"https:\/\/fhsscandinavia.com\/sv\/category\/transportbaand-uvc-dekontaminering-sv\/\" rel=\"category tag\">Transportb\u00e5nd - UVC dekontaminering<\/a><span class=\"fusion-inline-sep\">|<\/span><\/div><div class=\"fusion-alignright\"><a class=\"fusion-read-more\" href=\"https:\/\/fhsscandinavia.com\/sv\/listeria-paa-transportband-aer-ett-kaent-problem-i-koettindustrin\/\" aria-label=\"More on Listeria p\u00e5 transportband \u00e4r ett k\u00e4nt problem i k\u00f6ttindustrin\">Read More<\/a><\/div><\/div><\/article>\n<article id=\"blog-1-post-7625\" class=\"fusion-post-medium post-7625 post type-post status-publish format-standard has-post-thumbnail hentry category-bageri-jonisering-och-uvc-sv category-golv-dekontaminering category-skimmel-og-gaer-sv category-transportbaand-uvc-dekontaminering-sv\">\n\t<style type=\"text\/css\">\n\t\t\n\t\t\n\t\t\n\t\t\n\t\t\t<\/style>\n\n\n\t\t\t<div class=\"fusion-flexslider flexslider fusion-flexslider-loading fusion-post-slideshow\" style=\"\">\n\t\t<ul class=\"slides\">\n\t\t\t\n\t\t\t\t\t\t\t\t\t\t\t\t\t\t<li><div  class=\"fusion-image-wrapper fusion-image-size-fixed\" aria-haspopup=\"true\">\n\t\t\t\t<img decoding=\"async\" width=\"320\" height=\"202\" src=\"https:\/\/fhsscandinavia.com\/wp-content\/uploads\/2021\/05\/Skaermbillede-2021-05-04-kl.-09.32.45-320x202.png\" class=\"attachment-blog-medium size-blog-medium wp-post-image\" alt=\"\" srcset=\"https:\/\/fhsscandinavia.com\/wp-content\/uploads\/2021\/05\/Skaermbillede-2021-05-04-kl.-09.32.45-320x202.png 320w, https:\/\/fhsscandinavia.com\/wp-content\/uploads\/2021\/05\/Skaermbillede-2021-05-04-kl.-09.32.45-700x441.png 700w\" sizes=\"(max-width: 320px) 100vw, 320px\" \/><div class=\"fusion-rollover\">\n\t<div class=\"fusion-rollover-content\">\n\n\t\t\t\t\t\t\t\t\t\t\t\t\t\t<a class=\"fusion-rollover-link\" href=\"https:\/\/fhsscandinavia.com\/sv\/en-broedtillverkare-och-moegelutmaningar\/\">En br\u00f6dtillverkare och m\u00f6gelutmaningar<\/a>\n\t\t\t\n\t\t\t\t\t\t\t\t\n\t\t\n\t\t\t\t\t\t\t\t\t\t\t\t<h4 class=\"fusion-rollover-title\">\n\t\t\t\t\t<a class=\"fusion-rollover-title-link\" href=\"https:\/\/fhsscandinavia.com\/sv\/en-broedtillverkare-och-moegelutmaningar\/\">\n\t\t\t\t\t\tEn br\u00f6dtillverkare och m\u00f6gelutmaningar\t\t\t\t\t<\/a>\n\t\t\t\t<\/h4>\n\t\t\t\n\t\t\t\t\t\t\t\t\n\t\t\n\t\t\t\t\t\t<a class=\"fusion-link-wrapper\" href=\"https:\/\/fhsscandinavia.com\/sv\/en-broedtillverkare-och-moegelutmaningar\/\" aria-label=\"En br\u00f6dtillverkare och m\u00f6gelutmaningar\"><\/a>\n\t<\/div>\n<\/div>\n<\/div>\n<\/li>\n\t\t\t\n\t\t\t\n\t\t\t\t\t\t\t\t\t\t\t\t\t\t\t\t\t\t\t\t\t\t\t\t\t\t\t\t\t\t\t\t\t\t\t\t\t\t\t\t\t\t\t\t\t\t\t\t\t\t\t\t\t\t\t\t\t\t\t\t\t\t\t\t\t\t\t\t<\/ul>\n\t<\/div>\n\t<div class=\"fusion-post-content post-content\"><h2 class=\"blog-shortcode-post-title entry-title\"><a href=\"https:\/\/fhsscandinavia.com\/sv\/en-broedtillverkare-och-moegelutmaningar\/\">En br\u00f6dtillverkare och m\u00f6gelutmaningar<\/a><\/h2><div class=\"fusion-post-content-container\"><p>  En br\u00f6dtillverkare och m\u00f6gelutmaningar     [...]<\/p><\/div><\/div><div class=\"fusion-clearfix\"><\/div><div class=\"fusion-meta-info\"><div class=\"fusion-alignleft\"><span class=\"vcard\" style=\"display: none;\"><span class=\"fn\"><a href=\"https:\/\/fhsscandinavia.com\/sv\/author\/charlotte\/\" title=\"Inl\u00e4gg av Charlotte M\u00f8llegaard\" rel=\"author\">Charlotte M\u00f8llegaard<\/a><\/span><\/span><span class=\"updated\" style=\"display:none;\">2021-05-06T14:04:25+02:00<\/span>Categories: <a href=\"https:\/\/fhsscandinavia.com\/sv\/category\/bageri-jonisering-och-uvc-sv\/\" rel=\"category tag\">Bageri - jonisering och UVC<\/a>, <a href=\"https:\/\/fhsscandinavia.com\/sv\/category\/golv-dekontaminering\/\" rel=\"category tag\">Golv - dekontaminering<\/a>, <a href=\"https:\/\/fhsscandinavia.com\/sv\/category\/skimmel-og-gaer-sv\/\" rel=\"category tag\">Skimmel og g\u00e6r<\/a>, <a href=\"https:\/\/fhsscandinavia.com\/sv\/category\/transportbaand-uvc-dekontaminering-sv\/\" rel=\"category tag\">Transportb\u00e5nd - UVC dekontaminering<\/a><span class=\"fusion-inline-sep\">|<\/span><\/div><div class=\"fusion-alignright\"><a class=\"fusion-read-more\" href=\"https:\/\/fhsscandinavia.com\/sv\/en-broedtillverkare-och-moegelutmaningar\/\" aria-label=\"More on En br\u00f6dtillverkare och m\u00f6gelutmaningar\">Read More<\/a><\/div><\/div><\/article>\n<\/div><div class=\"pagination clearfix\"><span class=\"current\">1<\/span><a href=\"https:\/\/fhsscandinavia.com\/sv\/wp-json\/wp\/v2\/pages\/8087\/page\/2\/\" class=\"inactive\">2<\/a><a class=\"pagination-next\" rel=\"next\" href=\"https:\/\/fhsscandinavia.com\/sv\/wp-json\/wp\/v2\/pages\/8087\/page\/2\/\"><span class=\"page-text\">Next<\/span><span class=\"page-next\"><\/span><\/a><\/div><div class=\"fusion-clearfix\"><\/div><\/div><\/div><\/div><\/div><\/div>\n","protected":false},"excerpt":{"rendered":"","protected":false},"author":2,"featured_media":0,"parent":0,"menu_order":0,"comment_status":"closed","ping_status":"closed","template":"","meta":{"footnotes":""},"class_list":["post-8087","page","type-page","status-publish","hentry"],"_links":{"self":[{"href":"https:\/\/fhsscandinavia.com\/sv\/wp-json\/wp\/v2\/pages\/8087","targetHints":{"allow":["GET"]}}],"collection":[{"href":"https:\/\/fhsscandinavia.com\/sv\/wp-json\/wp\/v2\/pages"}],"about":[{"href":"https:\/\/fhsscandinavia.com\/sv\/wp-json\/wp\/v2\/types\/page"}],"author":[{"embeddable":true,"href":"https:\/\/fhsscandinavia.com\/sv\/wp-json\/wp\/v2\/users\/2"}],"replies":[{"embeddable":true,"href":"https:\/\/fhsscandinavia.com\/sv\/wp-json\/wp\/v2\/comments?post=8087"}],"version-history":[{"count":12,"href":"https:\/\/fhsscandinavia.com\/sv\/wp-json\/wp\/v2\/pages\/8087\/revisions"}],"predecessor-version":[{"id":8129,"href":"https:\/\/fhsscandinavia.com\/sv\/wp-json\/wp\/v2\/pages\/8087\/revisions\/8129"}],"wp:attachment":[{"href":"https:\/\/fhsscandinavia.com\/sv\/wp-json\/wp\/v2\/media?parent=8087"}],"curies":[{"name":"wp","href":"https:\/\/api.w.org\/{rel}","templated":true}]}}