{"id":8092,"date":"2021-06-03T12:56:40","date_gmt":"2021-06-03T10:56:40","guid":{"rendered":"https:\/\/fhsscandinavia.com\/frukt-groensaker-och-blommor-jonisering\/"},"modified":"2022-01-18T08:41:47","modified_gmt":"2022-01-18T07:41:47","slug":"frukt-groensaker-och-blommor-jonisering","status":"publish","type":"page","link":"https:\/\/fhsscandinavia.com\/sv\/frukt-groensaker-och-blommor-jonisering\/","title":{"rendered":"Frukt, gr\u00f6nsaker och blommor \u2013 jonisering"},"content":{"rendered":"<div class=\"fusion-fullwidth fullwidth-box fusion-builder-row-1 fusion-flex-container nonhundred-percent-fullwidth non-hundred-percent-height-scrolling\" style=\"--awb-border-radius-top-left:0px;--awb-border-radius-top-right:0px;--awb-border-radius-bottom-right:0px;--awb-border-radius-bottom-left:0px;--awb-flex-wrap:wrap;\" ><div class=\"fusion-builder-row fusion-row fusion-flex-align-items-flex-start fusion-flex-content-wrap\" style=\"max-width:1227.2px;margin-left: calc(-4% \/ 2 );margin-right: calc(-4% \/ 2 );\"><div class=\"fusion-layout-column fusion_builder_column fusion-builder-column-0 fusion_builder_column_1_2 1_2 fusion-flex-column\" style=\"--awb-bg-size:cover;--awb-width-large:50%;--awb-margin-top-large:15px;--awb-spacing-right-large:3.84%;--awb-margin-bottom-large:15px;--awb-spacing-left-large:3.84%;--awb-width-medium:50%;--awb-order-medium:0;--awb-spacing-right-medium:3.84%;--awb-spacing-left-medium:3.84%;--awb-width-small:100%;--awb-order-small:0;--awb-spacing-right-small:1.92%;--awb-spacing-left-small:1.92%;\"><div class=\"fusion-column-wrapper fusion-column-has-shadow fusion-flex-justify-content-flex-start fusion-content-layout-column\"><div class=\"fusion-text fusion-text-1\"><p>Alla tillverkare, grossister och \u00e5terf\u00f6rs\u00e4ljare pratar om att minska matsvinnet och samma \u00f6nskan kommer fr\u00e5n konsumentorganisationer, politiker, forskare etc.<\/p>\n<p>Hos FHS Scandinavia har vi l\u00e5ng erfarenhet av att minska b\u00e5de m\u00f6gel och eten hos frukt- och gr\u00f6nsaksf\u00f6retag, och n\u00e4r vi g\u00e5r i dialog och unders\u00f6ker var problemen uppst\u00e5r har vi ofta bra l\u00f6sningar f\u00f6r hur ni kan installera f\u00f6rb\u00e4ttringar p\u00e5 f\u00f6retaget. L\u00f6sningar som \u00e4r b\u00e5de ekonomiska och milj\u00f6v\u00e4nliga och som f\u00f6rb\u00e4ttrar f\u00f6retagets mikrobiologiska niv\u00e5.<\/p>\n<p><b>Effektiv och naturlig luftrening samt dekontaminering<\/b><\/p>\n<p>Hos FHS Scandinavia har vi 20 \u00e5rs erfarenhet av kemikaliefria hygienl\u00f6sningar och vi har byggt upp gedigna samarbeten med Europas b\u00e4sta och ledande leverant\u00f6rer inom UVC-belysning, jonisering, ozon och antibakteriella golv.<\/p>\n<p>Aigenic, v\u00e5r norska leverant\u00f6r inom jonisering, \u00e4r inget undantag. Det \u00e4r ett f\u00f6retag som har m\u00e5nga \u00e5rs erfarenhet av joniseringsteknik och de \u00e4r specialiserade p\u00e5 att bygga joniseringsutrustning f\u00f6r industrin. Deras utrustning kan installeras i befintlig ventilation eller som en separat enhet som installeras i befintliga produktionsomr\u00e5den f\u00f6r effektiv eliminering av b\u00e5de m\u00f6gel, j\u00e4st och bakterier och virus.<\/p>\n<p><b>B\u00e4ttre luftkvalitet ger ekonomiska f\u00f6rdelar<\/b><\/p>\n<p>V\u00e5ra erfarenheter har visat att vi kan g\u00f6ra stor skillnad hos frukt- och gr\u00f6nsaksf\u00f6retag som har utmaningar med m\u00f6gel och eten i luften. Etylenproduktionen kan vara en utmaning n\u00e4r man f\u00f6rvarar frukt och gr\u00f6nsaker eftersom de inte alla producerar samma m\u00e4ngd eten. Genom att installera ett joniseringssystem f\u00e5r du en naturlig och effektiv l\u00f6sning f\u00f6r rening och neutralisering av luften. N\u00e4r luften joniseras omvandlas en eller flera atomer eller molekyler till en jon genom att l\u00e4gga till eller ta bort laddade partiklar s\u00e5som elektroner. Denna process genererar joner med en mycket h\u00f6g energipotential som sedan neutraliserar bakterier, virus, bakterier och lukt. Se \u00e4ven hur vi har hj\u00e4lpt till med <a href=\"https:\/\/fhsscandinavia.com\/sv\/bageri-jonisering-och-uvc\/\">jonisering av luft inom br\u00f6dindustrin<\/a>, samt <a href=\"https:\/\/fhsscandinavia.com\/sv\/slakteri-och-mejeri-%e2%80%92-jonisering-i-mognadsrum\/\">jonisering av mognadsrum inom slakteri- och mejeriindustrin<\/a> h\u00e4r. <\/p>\n<p>FHS Scandinavia tr\u00e4ffar ocks\u00e5 p\u00e5 kunder som inte omedelbart har problem med m\u00f6gel och eten i luften, men d\u00e5 kan vi g\u00f6ra en ekonomisk skillnad till f\u00f6rm\u00e5n f\u00f6r f\u00f6retaget. F\u00f6retagen har ofta budgeterat med extra svinn, st\u00e4dning och arbetstid, eftersom m\u00f6gelutmaningarna \u00e4r s\u00e5 v\u00e4lk\u00e4nda att de upplevs som \u201den del av vardagen\u201d. Men det \u00e4r ett dyrt beslut att se det p\u00e5 det s\u00e4ttet. Och det \u00e4r sv\u00e5rt att minska matsvinnet om man inte bryter vanorna. De vet ocks\u00e5 att m\u00f6gel och dammpartiklar i luften kan variera efter s\u00e4songen, s\u00e5 d\u00e4rf\u00f6r har de extra reng\u00f6ring under dessa perioder. Efter installation av  jonisering f\u00e5r frukt- och gr\u00f6nsakslagerna i allm\u00e4nhet ett minskat behov av tv\u00e4tt och reng\u00f6ring och de upplever en tydlig minskning av s\u00e4songsvariationerna. Samtidigt uppn\u00e5r de l\u00e4ngre h\u00e5llbarhetstid p\u00e5 produkterna och d\u00e4rmed minskat matsvinn. En bra investering f\u00f6r b\u00e5de f\u00f6retaget och samh\u00e4llet.<\/p>\n<p>Om du har fr\u00e5gor eller vill h\u00f6ra mer om hur vi kan hj\u00e4lpa dig med integrerbara, milj\u00f6v\u00e4nliga och ekonomiska hygienl\u00f6sningar i ditt f\u00f6retag, v\u00e4nligen <a href=\"https:\/\/fhsscandinavia.com\/sv\/kontakt\/\">kontakta oss<\/a> f\u00f6r ett icke-bindande samtal.<\/p>\n<\/div><\/div><\/div><div class=\"fusion-layout-column fusion_builder_column fusion-builder-column-1 fusion_builder_column_1_2 1_2 fusion-flex-column\" style=\"--awb-bg-size:cover;--awb-width-large:50%;--awb-margin-top-large:15px;--awb-spacing-right-large:3.84%;--awb-margin-bottom-large:15px;--awb-spacing-left-large:3.84%;--awb-width-medium:50%;--awb-order-medium:0;--awb-spacing-right-medium:3.84%;--awb-spacing-left-medium:3.84%;--awb-width-small:100%;--awb-order-small:0;--awb-spacing-right-small:1.92%;--awb-spacing-left-small:1.92%;\"><div class=\"fusion-column-wrapper fusion-column-has-shadow fusion-flex-justify-content-flex-start fusion-content-layout-column\"><div class=\"fusion-blog-shortcode fusion-blog-shortcode-1 fusion-blog-archive fusion-blog-layout-medium fusion-blog-pagination\"><div class=\"fusion-posts-container fusion-posts-container-pagination fusion-blog-rollover\" data-pages=\"1\"><article id=\"blog-1-post-8259\" class=\"fusion-post-medium post-8259 post type-post status-publish format-standard has-post-thumbnail hentry category-okategoriserad category-frukt-og-groennsaker-ionisering\">\n\t<style type=\"text\/css\">\n\t\t\n\t\t\n\t\t\n\t\t\n\t\t\t<\/style>\n\n\n\t\t\t<div class=\"fusion-flexslider flexslider fusion-flexslider-loading fusion-post-slideshow\" style=\"\">\n\t\t<ul class=\"slides\">\n\t\t\t\n\t\t\t\t\t\t\t\t\t\t\t\t\t\t<li><div  class=\"fusion-image-wrapper fusion-image-size-fixed\" aria-haspopup=\"true\">\n\t\t\t\t<img decoding=\"async\" width=\"320\" height=\"202\" src=\"https:\/\/fhsscandinavia.com\/wp-content\/uploads\/2021\/08\/flottere-blomster-med-ionisering-320x202.jpg\" class=\"attachment-blog-medium size-blog-medium wp-post-image\" alt=\"Blomster\" \/><div class=\"fusion-rollover\">\n\t<div class=\"fusion-rollover-content\">\n\n\t\t\t\t\t\t\t\t\t\t\t\t\t\t<a class=\"fusion-rollover-link\" href=\"https:\/\/fhsscandinavia.com\/sv\/finare-blommor-med-laengre-haallbarhet\/\">Finare blommor med l\u00e4ngre h\u00e5llbarhet<\/a>\n\t\t\t\n\t\t\t\t\t\t\t\t\n\t\t\n\t\t\t\t\t\t\t\t\t\t\t\t<h4 class=\"fusion-rollover-title\">\n\t\t\t\t\t<a class=\"fusion-rollover-title-link\" href=\"https:\/\/fhsscandinavia.com\/sv\/finare-blommor-med-laengre-haallbarhet\/\">\n\t\t\t\t\t\tFinare blommor med l\u00e4ngre h\u00e5llbarhet\t\t\t\t\t<\/a>\n\t\t\t\t<\/h4>\n\t\t\t\n\t\t\t\t\t\t\t\t\n\t\t\n\t\t\t\t\t\t<a class=\"fusion-link-wrapper\" href=\"https:\/\/fhsscandinavia.com\/sv\/finare-blommor-med-laengre-haallbarhet\/\" aria-label=\"Finare blommor med l\u00e4ngre h\u00e5llbarhet\"><\/a>\n\t<\/div>\n<\/div>\n<\/div>\n<\/li>\n\t\t\t\n\t\t\t\n\t\t\t\t\t\t\t\t\t\t\t\t\t\t\t\t\t\t\t\t\t\t\t\t\t\t\t\t\t\t\t\t\t\t\t\t\t\t\t\t\t\t\t\t\t\t\t\t\t\t\t\t\t\t\t\t\t\t\t\t\t\t\t\t\t\t\t\t<\/ul>\n\t<\/div>\n\t<div class=\"fusion-post-content post-content\"><h2 class=\"blog-shortcode-post-title entry-title\"><a href=\"https:\/\/fhsscandinavia.com\/sv\/finare-blommor-med-laengre-haallbarhet\/\">Finare blommor med l\u00e4ngre h\u00e5llbarhet<\/a><\/h2><div class=\"fusion-post-content-container\"><p> Finare blommor med l\u00e4ngre h\u00e5llbarhet minskar stora f\u00f6rluster  [...]<\/p><\/div><\/div><div class=\"fusion-clearfix\"><\/div><div class=\"fusion-meta-info\"><div class=\"fusion-alignleft\"><span class=\"vcard\" style=\"display: none;\"><span class=\"fn\"><a href=\"https:\/\/fhsscandinavia.com\/sv\/author\/charlotte\/\" title=\"Inl\u00e4gg av Charlotte M\u00f8llegaard\" rel=\"author\">Charlotte M\u00f8llegaard<\/a><\/span><\/span><span class=\"updated\" style=\"display:none;\">2021-08-10T10:15:45+02:00<\/span>Categories: <a href=\"https:\/\/fhsscandinavia.com\/sv\/category\/okategoriserad\/\" rel=\"category tag\"><\/a>, <a href=\"https:\/\/fhsscandinavia.com\/sv\/category\/frukt-og-groennsaker-ionisering\/\" rel=\"category tag\">Frukt og gr\u00f8nnsaker - ionisering<\/a><span class=\"fusion-inline-sep\">|<\/span><\/div><div class=\"fusion-alignright\"><a class=\"fusion-read-more\" href=\"https:\/\/fhsscandinavia.com\/sv\/finare-blommor-med-laengre-haallbarhet\/\" aria-label=\"More on Finare blommor med l\u00e4ngre h\u00e5llbarhet\">Read More<\/a><\/div><\/div><\/article>\n<article id=\"blog-1-post-7788\" class=\"fusion-post-medium post-7788 post type-post status-publish format-standard has-post-thumbnail hentry category-frukt-og-groennsaker-ionisering\">\n\t<style type=\"text\/css\">\n\t\t\n\t\t\n\t\t\n\t\t\n\t\t\t<\/style>\n\n\n\t\t\t<div class=\"fusion-flexslider flexslider fusion-flexslider-loading fusion-post-slideshow\" style=\"\">\n\t\t<ul class=\"slides\">\n\t\t\t\n\t\t\t\t\t\t\t\t\t\t\t\t\t\t<li><div  class=\"fusion-image-wrapper fusion-image-size-fixed\" aria-haspopup=\"true\">\n\t\t\t\t<img decoding=\"async\" width=\"320\" height=\"202\" src=\"https:\/\/fhsscandinavia.com\/wp-content\/uploads\/2021\/04\/frugt-320x202.jpg\" class=\"attachment-blog-medium size-blog-medium wp-post-image\" alt=\"\" srcset=\"https:\/\/fhsscandinavia.com\/wp-content\/uploads\/2021\/04\/frugt-320x202.jpg 320w, https:\/\/fhsscandinavia.com\/wp-content\/uploads\/2021\/04\/frugt-700x441.jpg 700w\" sizes=\"(max-width: 320px) 100vw, 320px\" \/><div class=\"fusion-rollover\">\n\t<div class=\"fusion-rollover-content\">\n\n\t\t\t\t\t\t\t\t\t\t\t\t\t\t<a class=\"fusion-rollover-link\" href=\"https:\/\/fhsscandinavia.com\/sv\/fallstudie-allmaent-om-jonisering-inom-frukt-och-groensaksbranschen\/\">Fallstudie \u2013 allm\u00e4nt om jonisering inom frukt- och gr\u00f6nsaksbranschen<\/a>\n\t\t\t\n\t\t\t\t\t\t\t\t\n\t\t\n\t\t\t\t\t\t\t\t\t\t\t\t<h4 class=\"fusion-rollover-title\">\n\t\t\t\t\t<a class=\"fusion-rollover-title-link\" href=\"https:\/\/fhsscandinavia.com\/sv\/fallstudie-allmaent-om-jonisering-inom-frukt-och-groensaksbranschen\/\">\n\t\t\t\t\t\tFallstudie \u2013 allm\u00e4nt om jonisering inom frukt- och gr\u00f6nsaksbranschen\t\t\t\t\t<\/a>\n\t\t\t\t<\/h4>\n\t\t\t\n\t\t\t\t\t\t\t\t\n\t\t\n\t\t\t\t\t\t<a class=\"fusion-link-wrapper\" href=\"https:\/\/fhsscandinavia.com\/sv\/fallstudie-allmaent-om-jonisering-inom-frukt-och-groensaksbranschen\/\" aria-label=\"Fallstudie \u2013 allm\u00e4nt om jonisering inom frukt- och gr\u00f6nsaksbranschen\"><\/a>\n\t<\/div>\n<\/div>\n<\/div>\n<\/li>\n\t\t\t\n\t\t\t\n\t\t\t\t\t\t\t\t\t\t\t\t\t\t\t\t\t\t\t\t\t\t\t\t\t\t\t\t\t\t\t\t\t\t\t\t\t\t\t\t\t\t\t\t\t\t\t\t\t\t\t\t\t\t\t\t\t\t\t\t\t\t\t\t\t\t\t\t<\/ul>\n\t<\/div>\n\t<div class=\"fusion-post-content post-content\"><h2 class=\"blog-shortcode-post-title entry-title\"><a href=\"https:\/\/fhsscandinavia.com\/sv\/fallstudie-allmaent-om-jonisering-inom-frukt-och-groensaksbranschen\/\">Fallstudie \u2013 allm\u00e4nt om jonisering inom frukt- och gr\u00f6nsaksbranschen<\/a><\/h2><div class=\"fusion-post-content-container\"><p>  Fallstudie \u2013 allm\u00e4nt om jonisering inom frukt- och [...]<\/p><\/div><\/div><div class=\"fusion-clearfix\"><\/div><div class=\"fusion-meta-info\"><div class=\"fusion-alignleft\"><span class=\"vcard\" style=\"display: none;\"><span class=\"fn\"><a href=\"https:\/\/fhsscandinavia.com\/sv\/author\/charlotte\/\" title=\"Inl\u00e4gg av Charlotte M\u00f8llegaard\" rel=\"author\">Charlotte M\u00f8llegaard<\/a><\/span><\/span><span class=\"updated\" style=\"display:none;\">2022-01-19T15:25:50+01:00<\/span>Categories: <a href=\"https:\/\/fhsscandinavia.com\/sv\/category\/frukt-og-groennsaker-ionisering\/\" rel=\"category tag\">Frukt og gr\u00f8nnsaker - ionisering<\/a><span class=\"fusion-inline-sep\">|<\/span><\/div><div class=\"fusion-alignright\"><a class=\"fusion-read-more\" href=\"https:\/\/fhsscandinavia.com\/sv\/fallstudie-allmaent-om-jonisering-inom-frukt-och-groensaksbranschen\/\" aria-label=\"More on Fallstudie \u2013 allm\u00e4nt om jonisering inom frukt- och gr\u00f6nsaksbranschen\">Read More<\/a><\/div><\/div><\/article>\n<article id=\"blog-1-post-7650\" class=\"fusion-post-medium post-7650 post type-post status-publish format-standard has-post-thumbnail hentry category-frukt-og-groennsaker-ionisering category-skimmel-og-gaer-sv\">\n\t<style type=\"text\/css\">\n\t\t\n\t\t\n\t\t\n\t\t\n\t\t\t<\/style>\n\n\n\t\t\t<div class=\"fusion-flexslider flexslider fusion-flexslider-loading fusion-post-slideshow\" style=\"\">\n\t\t<ul class=\"slides\">\n\t\t\t\n\t\t\t\t\t\t\t\t\t\t\t\t\t\t<li><div  class=\"fusion-image-wrapper fusion-image-size-fixed\" aria-haspopup=\"true\">\n\t\t\t\t<img decoding=\"async\" width=\"320\" height=\"202\" src=\"https:\/\/fhsscandinavia.com\/wp-content\/uploads\/2021\/05\/Skaermbillede-2021-05-03-kl.-16.23.43-1-320x202.png\" class=\"attachment-blog-medium size-blog-medium wp-post-image\" alt=\"\" srcset=\"https:\/\/fhsscandinavia.com\/wp-content\/uploads\/2021\/05\/Skaermbillede-2021-05-03-kl.-16.23.43-1-320x202.png 320w, https:\/\/fhsscandinavia.com\/wp-content\/uploads\/2021\/05\/Skaermbillede-2021-05-03-kl.-16.23.43-1-700x441.png 700w\" sizes=\"(max-width: 320px) 100vw, 320px\" \/><div class=\"fusion-rollover\">\n\t<div class=\"fusion-rollover-content\">\n\n\t\t\t\t\t\t\t\t\t\t\t\t\t\t<a class=\"fusion-rollover-link\" href=\"https:\/\/fhsscandinavia.com\/sv\/stoppa-matspill-redan-i-frukt-och-groensakslagret-en-billig-och-enkel-loesning\/\">STOPPA matspill redan i frukt- och gr\u00f6nsakslagret \u2013 en billig och enkel l\u00f6sning<\/a>\n\t\t\t\n\t\t\t\t\t\t\t\t\n\t\t\n\t\t\t\t\t\t\t\t\t\t\t\t<h4 class=\"fusion-rollover-title\">\n\t\t\t\t\t<a class=\"fusion-rollover-title-link\" href=\"https:\/\/fhsscandinavia.com\/sv\/stoppa-matspill-redan-i-frukt-och-groensakslagret-en-billig-och-enkel-loesning\/\">\n\t\t\t\t\t\tSTOPPA matspill redan i frukt- och gr\u00f6nsakslagret \u2013 en billig och enkel l\u00f6sning\t\t\t\t\t<\/a>\n\t\t\t\t<\/h4>\n\t\t\t\n\t\t\t\t\t\t\t\t\n\t\t\n\t\t\t\t\t\t<a class=\"fusion-link-wrapper\" href=\"https:\/\/fhsscandinavia.com\/sv\/stoppa-matspill-redan-i-frukt-och-groensakslagret-en-billig-och-enkel-loesning\/\" aria-label=\"STOPPA matspill redan i frukt- och gr\u00f6nsakslagret \u2013 en billig och enkel l\u00f6sning\"><\/a>\n\t<\/div>\n<\/div>\n<\/div>\n<\/li>\n\t\t\t\n\t\t\t\n\t\t\t\t\t\t\t\t\t\t\t\t\t\t\t\t\t\t\t\t\t\t\t\t\t\t\t\t\t\t\t\t\t\t\t\t\t\t\t\t\t\t\t\t\t\t\t\t\t\t\t\t\t\t\t\t\t\t\t\t\t\t\t\t\t\t\t\t<\/ul>\n\t<\/div>\n\t<div class=\"fusion-post-content post-content\"><h2 class=\"blog-shortcode-post-title entry-title\"><a href=\"https:\/\/fhsscandinavia.com\/sv\/stoppa-matspill-redan-i-frukt-och-groensakslagret-en-billig-och-enkel-loesning\/\">STOPPA matspill redan i frukt- och gr\u00f6nsakslagret \u2013 en billig och enkel l\u00f6sning<\/a><\/h2><div class=\"fusion-post-content-container\"><p>  STOPPA matspill redan i frukt- och gr\u00f6nsakslagret \u2013 [...]<\/p><\/div><\/div><div class=\"fusion-clearfix\"><\/div><div class=\"fusion-meta-info\"><div class=\"fusion-alignleft\"><span class=\"vcard\" style=\"display: none;\"><span class=\"fn\"><a href=\"https:\/\/fhsscandinavia.com\/sv\/author\/charlotte\/\" title=\"Inl\u00e4gg av Charlotte M\u00f8llegaard\" rel=\"author\">Charlotte M\u00f8llegaard<\/a><\/span><\/span><span class=\"updated\" style=\"display:none;\">2022-01-13T11:37:50+01:00<\/span>Categories: <a href=\"https:\/\/fhsscandinavia.com\/sv\/category\/frukt-og-groennsaker-ionisering\/\" rel=\"category tag\">Frukt og gr\u00f8nnsaker - ionisering<\/a>, <a href=\"https:\/\/fhsscandinavia.com\/sv\/category\/skimmel-og-gaer-sv\/\" rel=\"category tag\">Skimmel og g\u00e6r<\/a><span class=\"fusion-inline-sep\">|<\/span><\/div><div class=\"fusion-alignright\"><a class=\"fusion-read-more\" href=\"https:\/\/fhsscandinavia.com\/sv\/stoppa-matspill-redan-i-frukt-och-groensakslagret-en-billig-och-enkel-loesning\/\" aria-label=\"More on STOPPA matspill redan i frukt- och gr\u00f6nsakslagret \u2013 en billig och enkel l\u00f6sning\">Read More<\/a><\/div><\/div><\/article>\n<\/div><\/div><\/div><\/div><\/div><\/div>\n","protected":false},"excerpt":{"rendered":"","protected":false},"author":2,"featured_media":0,"parent":0,"menu_order":0,"comment_status":"closed","ping_status":"closed","template":"","meta":{"footnotes":""},"class_list":["post-8092","page","type-page","status-publish","hentry"],"_links":{"self":[{"href":"https:\/\/fhsscandinavia.com\/sv\/wp-json\/wp\/v2\/pages\/8092","targetHints":{"allow":["GET"]}}],"collection":[{"href":"https:\/\/fhsscandinavia.com\/sv\/wp-json\/wp\/v2\/pages"}],"about":[{"href":"https:\/\/fhsscandinavia.com\/sv\/wp-json\/wp\/v2\/types\/page"}],"author":[{"embeddable":true,"href":"https:\/\/fhsscandinavia.com\/sv\/wp-json\/wp\/v2\/users\/2"}],"replies":[{"embeddable":true,"href":"https:\/\/fhsscandinavia.com\/sv\/wp-json\/wp\/v2\/comments?post=8092"}],"version-history":[{"count":9,"href":"https:\/\/fhsscandinavia.com\/sv\/wp-json\/wp\/v2\/pages\/8092\/revisions"}],"predecessor-version":[{"id":8200,"href":"https:\/\/fhsscandinavia.com\/sv\/wp-json\/wp\/v2\/pages\/8092\/revisions\/8200"}],"wp:attachment":[{"href":"https:\/\/fhsscandinavia.com\/sv\/wp-json\/wp\/v2\/media?parent=8092"}],"curies":[{"name":"wp","href":"https:\/\/api.w.org\/{rel}","templated":true}]}}