{"id":8095,"date":"2021-06-03T13:05:48","date_gmt":"2021-06-03T11:05:48","guid":{"rendered":"https:\/\/fhsscandinavia.com\/slakteri-och-mejeri-%e2%80%92-jonisering-i-mognadsrum\/"},"modified":"2021-10-26T10:47:50","modified_gmt":"2021-10-26T08:47:50","slug":"slakteri-och-mejeri-jonisering-i-mognadsrum","status":"publish","type":"page","link":"https:\/\/fhsscandinavia.com\/sv\/slakteri-och-mejeri-jonisering-i-mognadsrum\/","title":{"rendered":"Slakteri och mejeri \u2012 jonisering i mognadsrum"},"content":{"rendered":"<div class=\"fusion-fullwidth fullwidth-box fusion-builder-row-1 fusion-flex-container nonhundred-percent-fullwidth non-hundred-percent-height-scrolling\" style=\"--awb-border-radius-top-left:0px;--awb-border-radius-top-right:0px;--awb-border-radius-bottom-right:0px;--awb-border-radius-bottom-left:0px;--awb-flex-wrap:wrap;\" ><div class=\"fusion-builder-row fusion-row fusion-flex-align-items-flex-start fusion-flex-content-wrap\" style=\"max-width:1227.2px;margin-left: calc(-4% \/ 2 );margin-right: calc(-4% \/ 2 );\"><div class=\"fusion-layout-column fusion_builder_column fusion-builder-column-0 fusion_builder_column_1_2 1_2 fusion-flex-column\" style=\"--awb-bg-size:cover;--awb-width-large:50%;--awb-margin-top-large:15px;--awb-spacing-right-large:3.84%;--awb-margin-bottom-large:15px;--awb-spacing-left-large:3.84%;--awb-width-medium:50%;--awb-order-medium:0;--awb-spacing-right-medium:3.84%;--awb-spacing-left-medium:3.84%;--awb-width-small:100%;--awb-order-small:0;--awb-spacing-right-small:1.92%;--awb-spacing-left-small:1.92%;\"><div class=\"fusion-column-wrapper fusion-column-has-shadow fusion-flex-justify-content-flex-start fusion-content-layout-column\"><div class=\"fusion-text fusion-text-1\"><p>Temperatur och luftfuktighet i klimatrum \u00e4r v\u00e4lk\u00e4nda utmaningar som orsakar m\u00f6geltillv\u00e4xt. Tyv\u00e4rr \u00e4r det s\u00e5, att de f\u00f6rh\u00e5llandena som g\u00f6r mogningsrummet optimalt f\u00f6r de specialiserade produkterna ocks\u00e5 \u00e4r gynnsamma f\u00f6r m\u00f6gel i luften. M\u00f6glet f\u00f6rekommer f\u00f6rst i luften och senare f\u00f6rorenas produkterna via m\u00f6glet i luften. D\u00e4rf\u00f6r \u00e4r det viktigt att ha kontroll \u00f6ver temperatur och fuktighet i f\u00f6rvarings- och mognadsrum, eftersom produkter s\u00e5som skinka, salami och l\u00e5ngtidsmognade ostar och n\u00f6tk\u00f6tt m\u00e5ste kunna t\u00e5la att mognas under en l\u00e5ng mognadsprocess tills de har f\u00e5tt r\u00e4tt konsistens och PH-niv\u00e5. Denna process medf\u00f6r en stor viktminskning som fr\u00e4mst best\u00e5r av v\u00e4tska och fukt.<\/p>\n<p><b>Jonisering av luften eliminerar effektivt m\u00f6gel i klimatrum<\/b><\/p>\n<p>Som f\u00f6retag \u00e4r det viktigt att tillverkningen sker under optimala f\u00f6rh\u00e5llanden. Med joniseringsl\u00f6sningar fr\u00e5n FHS Scandinavia f\u00e5r ditt f\u00f6retag ett luftreningssystem som s\u00e4kerst\u00e4ller optimal luftkvalitet i mognadsrummen. Genom att jonisera luften omvandlas en eller flera atomer eller molekyler till en jon genom att l\u00e4gga till eller ta bort laddade partiklar s\u00e5som elektroner. Denna process genererar joner med en mycket h\u00f6g energipotential som sedan neutraliserar bakterier, virus, bakterier och lukt.<\/p>\n<p>P\u00e5 s\u00e5 s\u00e4tt sparar du resurser p\u00e5 reng\u00f6ring och undviker ocks\u00e5 o\u00f6nskade variationer som ofta \u00e4r s\u00e4songsbetonade i f\u00f6rh\u00e5llande till t.ex. antalet m\u00f6gelsporer eller annan f\u00f6rorening i mognadsrummen.<\/p>\n<p><b>Leverant\u00f6r i v\u00e4rldsklass<\/b><\/p>\n<p>Airgenic, v\u00e5r norska leverant\u00f6r inom jonisering, har m\u00e5nga \u00e5rs erfarenhet av och \u00e4r ledande specialister p\u00e5 att bygga joniseringsutrustning f\u00f6r klimatrum. Deras utrustning \u00e4r m\u00e5ngsidig och integrerbar, vilket inneb\u00e4r att deras serier kan installeras i befintlig ventilation, eller som en separat enhet som installeras i befintliga produktionsomr\u00e5den f\u00f6r effektiv eliminering av b\u00e5de m\u00f6gel, j\u00e4st och bakterier och virus.<\/p>\n<p>Vi har 20 \u00e5rs erfarenhet av milj\u00f6v\u00e4nliga och h\u00e5llbara dekontamineringsl\u00f6sningar, och vi kan hj\u00e4lpa till med behandling av b\u00e5de luft, golv, ytor, band\/utrustning, f\u00f6rpackning\/emballage och vatten. Vi har byggt upp gedigna samarbeten med Europas b\u00e4sta och ledande leverant\u00f6rer inom jonisering, UVC-ljus, ozon och antibakteriella golv. Se \u00e4ven hur vi har hj\u00e4lpt till med <a href=\"https:\/\/fhsscandinavia.com\/sv\/bageri-jonisering-och-uvc\/\">jonisering av luften inom br\u00f6dindustrin<\/a> samt <a href=\"https:\/\/fhsscandinavia.com\/sv\/frukt-groensaker-och-blommor-jonisering\/\"> jonisering av luften p\u00e5 frukt-, gr\u00f6nsaks- och blomf\u00f6retag<\/a>.<\/p>\n<p>Hos FHS Scandinavia s\u00e4tter vi dialogen och kunden i fokus, och n\u00e4r vi genom dialog och unders\u00f6kning tar reda p\u00e5 var problemen uppst\u00e5r, har vi ofta bra l\u00f6sningar f\u00f6r hur vi kan installera f\u00f6rb\u00e4ttringar p\u00e5 f\u00f6retaget. L\u00f6sningar som \u00e4r b\u00e5de ekonomiska och milj\u00f6v\u00e4nliga och som f\u00f6rb\u00e4ttrar f\u00f6retagets mikrobiologiska niv\u00e5.<\/p>\n<p>Om du har fr\u00e5gor eller vill h\u00f6ra mer om hur vi kan hj\u00e4lpa dig med integrerade, milj\u00f6v\u00e4nliga och ekonomiska hygienl\u00f6sningar p\u00e5 ditt f\u00f6retag, <a href=\"https:\/\/fhsscandinavia.com\/sv\/kontakt\/\">kontakta oss<\/a> g\u00e4rna f\u00f6r ett icke-bindande samtal.<\/p>\n<\/div><\/div><\/div><div class=\"fusion-layout-column fusion_builder_column fusion-builder-column-1 fusion_builder_column_1_2 1_2 fusion-flex-column\" style=\"--awb-bg-size:cover;--awb-width-large:50%;--awb-margin-top-large:15px;--awb-spacing-right-large:3.84%;--awb-margin-bottom-large:15px;--awb-spacing-left-large:3.84%;--awb-width-medium:50%;--awb-order-medium:0;--awb-spacing-right-medium:3.84%;--awb-spacing-left-medium:3.84%;--awb-width-small:100%;--awb-order-small:0;--awb-spacing-right-small:1.92%;--awb-spacing-left-small:1.92%;\"><div class=\"fusion-column-wrapper fusion-column-has-shadow fusion-flex-justify-content-flex-start fusion-content-layout-column\"><div class=\"fusion-blog-shortcode fusion-blog-shortcode-1 fusion-blog-archive fusion-blog-layout-medium fusion-blog-pagination\"><div class=\"fusion-posts-container fusion-posts-container-pagination fusion-blog-rollover\" data-pages=\"2\"><article id=\"blog-1-post-7800\" class=\"fusion-post-medium post-7800 post type-post status-publish format-standard has-post-thumbnail hentry category-bakterier-og-hoeje-kimtal-sv category-skimmel-og-gaer-sv category-slakteri-och-mejeri-jonisering-i-mognadsrum\">\n\t<style type=\"text\/css\">\n\t\t\n\t\t\n\t\t\n\t\t\n\t\t\t<\/style>\n\n\n\t\t\t<div class=\"fusion-flexslider flexslider fusion-flexslider-loading fusion-post-slideshow\" style=\"\">\n\t\t<ul class=\"slides\">\n\t\t\t\n\t\t\t\t\t\t\t\t\t\t\t\t\t\t<li><div  class=\"fusion-image-wrapper fusion-image-size-fixed\" aria-haspopup=\"true\">\n\t\t\t\t<img decoding=\"async\" width=\"320\" height=\"202\" src=\"https:\/\/fhsscandinavia.com\/wp-content\/uploads\/2021\/03\/Foto-slagterga\u030arden-320x202.jpg\" class=\"attachment-blog-medium size-blog-medium wp-post-image\" alt=\"\" srcset=\"https:\/\/fhsscandinavia.com\/wp-content\/uploads\/2021\/03\/Foto-slagterga\u030arden-320x202.jpg 320w, https:\/\/fhsscandinavia.com\/wp-content\/uploads\/2021\/03\/Foto-slagterga\u030arden-700x441.jpg 700w\" sizes=\"(max-width: 320px) 100vw, 320px\" \/><div class=\"fusion-rollover\">\n\t<div class=\"fusion-rollover-content\">\n\n\t\t\t\t\t\t\t\t\t\t\t\t\t\t<a class=\"fusion-rollover-link\" href=\"https:\/\/fhsscandinavia.com\/sv\/eliminera-moegel-fraan-klimatrum-med-jonisering-ekologiska-salami\/\">Eliminera m\u00f6gel fr\u00e5n klimatrum med jonisering \u2013 ekologiska salami!<\/a>\n\t\t\t\n\t\t\t\t\t\t\t\t\n\t\t\n\t\t\t\t\t\t\t\t\t\t\t\t<h4 class=\"fusion-rollover-title\">\n\t\t\t\t\t<a class=\"fusion-rollover-title-link\" href=\"https:\/\/fhsscandinavia.com\/sv\/eliminera-moegel-fraan-klimatrum-med-jonisering-ekologiska-salami\/\">\n\t\t\t\t\t\tEliminera m\u00f6gel fr\u00e5n klimatrum med jonisering \u2013 ekologiska salami!\t\t\t\t\t<\/a>\n\t\t\t\t<\/h4>\n\t\t\t\n\t\t\t\t\t\t\t\t\n\t\t\n\t\t\t\t\t\t<a class=\"fusion-link-wrapper\" href=\"https:\/\/fhsscandinavia.com\/sv\/eliminera-moegel-fraan-klimatrum-med-jonisering-ekologiska-salami\/\" aria-label=\"Eliminera m\u00f6gel fr\u00e5n klimatrum med jonisering \u2013 ekologiska salami!\"><\/a>\n\t<\/div>\n<\/div>\n<\/div>\n<\/li>\n\t\t\t\n\t\t\t\n\t\t\t\t\t\t\t\t\t\t\t\t\t\t\t\t\t\t\t\t\t\t\t\t\t\t\t\t\t\t\t\t\t\t\t\t\t\t\t\t\t\t\t\t\t\t\t\t\t\t\t\t\t\t\t\t\t\t\t\t\t\t\t\t\t\t\t\t<\/ul>\n\t<\/div>\n\t<div class=\"fusion-post-content post-content\"><h2 class=\"blog-shortcode-post-title entry-title\"><a href=\"https:\/\/fhsscandinavia.com\/sv\/eliminera-moegel-fraan-klimatrum-med-jonisering-ekologiska-salami\/\">Eliminera m\u00f6gel fr\u00e5n klimatrum med jonisering \u2013 ekologiska salami!<\/a><\/h2><div class=\"fusion-post-content-container\"><p>  M\u00f6gel i klimatrum med ekologiska salami   [...]<\/p><\/div><\/div><div class=\"fusion-clearfix\"><\/div><div class=\"fusion-meta-info\"><div class=\"fusion-alignleft\"><span class=\"vcard\" style=\"display: none;\"><span class=\"fn\"><a href=\"https:\/\/fhsscandinavia.com\/sv\/author\/charlotte\/\" title=\"Inl\u00e4gg av Charlotte M\u00f8llegaard\" rel=\"author\">Charlotte M\u00f8llegaard<\/a><\/span><\/span><span class=\"updated\" style=\"display:none;\">2022-01-19T15:09:11+01:00<\/span>Categories: <a href=\"https:\/\/fhsscandinavia.com\/sv\/category\/bakterier-og-hoeje-kimtal-sv\/\" rel=\"category tag\">Bakterier og h\u00f8je kimtal<\/a>, <a href=\"https:\/\/fhsscandinavia.com\/sv\/category\/skimmel-og-gaer-sv\/\" rel=\"category tag\">Skimmel og g\u00e6r<\/a>, <a href=\"https:\/\/fhsscandinavia.com\/sv\/category\/slakteri-och-mejeri-jonisering-i-mognadsrum\/\" rel=\"category tag\">Slakteri och mejeri - jonisering i mognadsrum<\/a><span class=\"fusion-inline-sep\">|<\/span><\/div><div class=\"fusion-alignright\"><a class=\"fusion-read-more\" href=\"https:\/\/fhsscandinavia.com\/sv\/eliminera-moegel-fraan-klimatrum-med-jonisering-ekologiska-salami\/\" aria-label=\"More on Eliminera m\u00f6gel fr\u00e5n klimatrum med jonisering \u2013 ekologiska salami!\">Read More<\/a><\/div><\/div><\/article>\n<article id=\"blog-1-post-7662\" class=\"fusion-post-medium post-7662 post type-post status-publish format-standard has-post-thumbnail hentry category-skimmel-og-gaer-sv category-slakteri-och-mejeri-jonisering-i-mognadsrum\">\n\t<style type=\"text\/css\">\n\t\t\n\t\t\n\t\t\n\t\t\n\t\t\t<\/style>\n\n\n\t\t\t<div class=\"fusion-flexslider flexslider fusion-flexslider-loading fusion-post-slideshow\" style=\"\">\n\t\t<ul class=\"slides\">\n\t\t\t\n\t\t\t\t\t\t\t\t\t\t\t\t\t\t<li><div  class=\"fusion-image-wrapper fusion-image-size-fixed\" aria-haspopup=\"true\">\n\t\t\t\t<img decoding=\"async\" width=\"320\" height=\"202\" src=\"https:\/\/fhsscandinavia.com\/wp-content\/uploads\/2021\/04\/Fanaost-3-320x202.jpg\" class=\"attachment-blog-medium size-blog-medium wp-post-image\" alt=\"\" srcset=\"https:\/\/fhsscandinavia.com\/wp-content\/uploads\/2021\/04\/Fanaost-3-320x202.jpg 320w, https:\/\/fhsscandinavia.com\/wp-content\/uploads\/2021\/04\/Fanaost-3-700x441.jpg 700w\" sizes=\"(max-width: 320px) 100vw, 320px\" \/><div class=\"fusion-rollover\">\n\t<div class=\"fusion-rollover-content\">\n\n\t\t\t\t\t\t\t\t\t\t\t\t\t\t<a class=\"fusion-rollover-link\" href=\"https:\/\/fhsscandinavia.com\/sv\/mejeri-reducerar-spill-och-extra-rengoering-med-hjaelp-av-jonisering-i-mognadsrum\/\">Mejeri reducerar spill och extra reng\u00f6ring med hj\u00e4lp av jonisering i mognadsrum<\/a>\n\t\t\t\n\t\t\t\t\t\t\t\t\n\t\t\n\t\t\t\t\t\t\t\t\t\t\t\t<h4 class=\"fusion-rollover-title\">\n\t\t\t\t\t<a class=\"fusion-rollover-title-link\" href=\"https:\/\/fhsscandinavia.com\/sv\/mejeri-reducerar-spill-och-extra-rengoering-med-hjaelp-av-jonisering-i-mognadsrum\/\">\n\t\t\t\t\t\tMejeri reducerar spill och extra reng\u00f6ring med hj\u00e4lp av jonisering i mognadsrum\t\t\t\t\t<\/a>\n\t\t\t\t<\/h4>\n\t\t\t\n\t\t\t\t\t\t\t\t\n\t\t\n\t\t\t\t\t\t<a class=\"fusion-link-wrapper\" href=\"https:\/\/fhsscandinavia.com\/sv\/mejeri-reducerar-spill-och-extra-rengoering-med-hjaelp-av-jonisering-i-mognadsrum\/\" aria-label=\"Mejeri reducerar spill och extra reng\u00f6ring med hj\u00e4lp av jonisering i mognadsrum\"><\/a>\n\t<\/div>\n<\/div>\n<\/div>\n<\/li>\n\t\t\t\n\t\t\t\n\t\t\t\t\t\t\t\t\t\t\t\t\t\t\t\t\t\t\t\t\t\t\t\t\t\t\t\t\t\t\t\t\t\t\t\t\t\t\t\t\t\t\t\t\t\t\t\t\t\t\t\t\t\t\t\t\t\t\t\t\t\t\t\t\t\t\t\t<\/ul>\n\t<\/div>\n\t<div class=\"fusion-post-content post-content\"><h2 class=\"blog-shortcode-post-title entry-title\"><a href=\"https:\/\/fhsscandinavia.com\/sv\/mejeri-reducerar-spill-och-extra-rengoering-med-hjaelp-av-jonisering-i-mognadsrum\/\">Mejeri reducerar spill och extra reng\u00f6ring med hj\u00e4lp av jonisering i mognadsrum<\/a><\/h2><div class=\"fusion-post-content-container\"><p>  Mejeri reducerar spill och extra reng\u00f6ring med hj\u00e4lp [...]<\/p><\/div><\/div><div class=\"fusion-clearfix\"><\/div><div class=\"fusion-meta-info\"><div class=\"fusion-alignleft\"><span class=\"vcard\" style=\"display: none;\"><span class=\"fn\"><a href=\"https:\/\/fhsscandinavia.com\/sv\/author\/charlotte\/\" title=\"Inl\u00e4gg av Charlotte M\u00f8llegaard\" rel=\"author\">Charlotte M\u00f8llegaard<\/a><\/span><\/span><span class=\"updated\" style=\"display:none;\">2022-01-16T21:32:49+01:00<\/span>Categories: <a href=\"https:\/\/fhsscandinavia.com\/sv\/category\/skimmel-og-gaer-sv\/\" rel=\"category tag\">Skimmel og g\u00e6r<\/a>, <a href=\"https:\/\/fhsscandinavia.com\/sv\/category\/slakteri-och-mejeri-jonisering-i-mognadsrum\/\" rel=\"category tag\">Slakteri och mejeri - jonisering i mognadsrum<\/a><span class=\"fusion-inline-sep\">|<\/span><\/div><div class=\"fusion-alignright\"><a class=\"fusion-read-more\" href=\"https:\/\/fhsscandinavia.com\/sv\/mejeri-reducerar-spill-och-extra-rengoering-med-hjaelp-av-jonisering-i-mognadsrum\/\" aria-label=\"More on Mejeri reducerar spill och extra reng\u00f6ring med hj\u00e4lp av jonisering i mognadsrum\">Read More<\/a><\/div><\/div><\/article>\n<article id=\"blog-1-post-7638\" class=\"fusion-post-medium post-7638 post type-post status-publish format-standard has-post-thumbnail hentry category-skimmel-og-gaer-sv category-slakteri-och-mejeri-jonisering-i-mognadsrum\">\n\t<style type=\"text\/css\">\n\t\t\n\t\t\n\t\t\n\t\t\n\t\t\t<\/style>\n\n\n\t\t\t<div class=\"fusion-flexslider flexslider fusion-flexslider-loading fusion-post-slideshow\" style=\"\">\n\t\t<ul class=\"slides\">\n\t\t\t\n\t\t\t\t\t\t\t\t\t\t\t\t\t\t<li><div  class=\"fusion-image-wrapper fusion-image-size-fixed\" aria-haspopup=\"true\">\n\t\t\t\t<img decoding=\"async\" width=\"320\" height=\"202\" src=\"https:\/\/fhsscandinavia.com\/wp-content\/uploads\/2021\/05\/Skaermbillede-2021-05-04-kl.-13.38.57-320x202.png\" class=\"attachment-blog-medium size-blog-medium wp-post-image\" alt=\"\" srcset=\"https:\/\/fhsscandinavia.com\/wp-content\/uploads\/2021\/05\/Skaermbillede-2021-05-04-kl.-13.38.57-320x202.png 320w, https:\/\/fhsscandinavia.com\/wp-content\/uploads\/2021\/05\/Skaermbillede-2021-05-04-kl.-13.38.57-700x441.png 700w\" sizes=\"(max-width: 320px) 100vw, 320px\" \/><div class=\"fusion-rollover\">\n\t<div class=\"fusion-rollover-content\">\n\n\t\t\t\t\t\t\t\t\t\t\t\t\t\t<a class=\"fusion-rollover-link\" href=\"https:\/\/fhsscandinavia.com\/sv\/jonisering-har-renat-luften-fraan-moegel-i-pers-kjoekkens-klimatrum-i-naestan-20-aar\/\">Jonisering har renat luften fr\u00e5n m\u00f6gel i Per\u2019s Kj\u00f8kkens klimatrum i n\u00e4stan 20 \u00e5r<\/a>\n\t\t\t\n\t\t\t\t\t\t\t\t\n\t\t\n\t\t\t\t\t\t\t\t\t\t\t\t<h4 class=\"fusion-rollover-title\">\n\t\t\t\t\t<a class=\"fusion-rollover-title-link\" href=\"https:\/\/fhsscandinavia.com\/sv\/jonisering-har-renat-luften-fraan-moegel-i-pers-kjoekkens-klimatrum-i-naestan-20-aar\/\">\n\t\t\t\t\t\tJonisering har renat luften fr\u00e5n m\u00f6gel i Per\u2019s Kj\u00f8kkens klimatrum i n\u00e4stan 20 \u00e5r\t\t\t\t\t<\/a>\n\t\t\t\t<\/h4>\n\t\t\t\n\t\t\t\t\t\t\t\t\n\t\t\n\t\t\t\t\t\t<a class=\"fusion-link-wrapper\" href=\"https:\/\/fhsscandinavia.com\/sv\/jonisering-har-renat-luften-fraan-moegel-i-pers-kjoekkens-klimatrum-i-naestan-20-aar\/\" aria-label=\"Jonisering har renat luften fr\u00e5n m\u00f6gel i Per\u2019s Kj\u00f8kkens klimatrum i n\u00e4stan 20 \u00e5r\"><\/a>\n\t<\/div>\n<\/div>\n<\/div>\n<\/li>\n\t\t\t\n\t\t\t\n\t\t\t\t\t\t\t\t\t\t\t\t\t\t\t\t\t\t\t\t\t\t\t\t\t\t\t\t\t\t\t\t\t\t\t\t\t\t\t\t\t\t\t\t\t\t\t\t\t\t\t\t\t\t\t\t\t\t\t\t\t\t\t\t\t\t\t\t<\/ul>\n\t<\/div>\n\t<div class=\"fusion-post-content post-content\"><h2 class=\"blog-shortcode-post-title entry-title\"><a href=\"https:\/\/fhsscandinavia.com\/sv\/jonisering-har-renat-luften-fraan-moegel-i-pers-kjoekkens-klimatrum-i-naestan-20-aar\/\">Jonisering har renat luften fr\u00e5n m\u00f6gel i Per\u2019s Kj\u00f8kkens klimatrum i n\u00e4stan 20 \u00e5r<\/a><\/h2><div class=\"fusion-post-content-container\"><p>  Jonisering har renat luften fr\u00e5n m\u00f6gel i Per\u2019s [...]<\/p><\/div><\/div><div class=\"fusion-clearfix\"><\/div><div class=\"fusion-meta-info\"><div class=\"fusion-alignleft\"><span class=\"vcard\" style=\"display: none;\"><span class=\"fn\"><a href=\"https:\/\/fhsscandinavia.com\/sv\/author\/charlotte\/\" title=\"Inl\u00e4gg av Charlotte M\u00f8llegaard\" rel=\"author\">Charlotte M\u00f8llegaard<\/a><\/span><\/span><span class=\"updated\" style=\"display:none;\">2022-01-19T14:14:21+01:00<\/span>Categories: <a href=\"https:\/\/fhsscandinavia.com\/sv\/category\/skimmel-og-gaer-sv\/\" rel=\"category tag\">Skimmel og g\u00e6r<\/a>, <a href=\"https:\/\/fhsscandinavia.com\/sv\/category\/slakteri-och-mejeri-jonisering-i-mognadsrum\/\" rel=\"category tag\">Slakteri och mejeri - jonisering i mognadsrum<\/a><span class=\"fusion-inline-sep\">|<\/span><\/div><div class=\"fusion-alignright\"><a class=\"fusion-read-more\" href=\"https:\/\/fhsscandinavia.com\/sv\/jonisering-har-renat-luften-fraan-moegel-i-pers-kjoekkens-klimatrum-i-naestan-20-aar\/\" aria-label=\"More on Jonisering har renat luften fr\u00e5n m\u00f6gel i Per\u2019s Kj\u00f8kkens klimatrum i n\u00e4stan 20 \u00e5r\">Read More<\/a><\/div><\/div><\/article>\n<article id=\"blog-1-post-7402\" class=\"fusion-post-medium post-7402 post type-post status-publish format-standard has-post-thumbnail hentry category-skimmel-og-gaer-sv category-slakteri-och-mejeri-jonisering-i-mognadsrum\">\n\t<style type=\"text\/css\">\n\t\t\n\t\t\n\t\t\n\t\t\n\t\t\t<\/style>\n\n\n\t\t\t<div class=\"fusion-flexslider flexslider fusion-flexslider-loading fusion-post-slideshow\" style=\"\">\n\t\t<ul class=\"slides\">\n\t\t\t\n\t\t\t\t\t\t\t\t\t\t\t\t\t\t<li><div  class=\"fusion-image-wrapper fusion-image-size-fixed\" aria-haspopup=\"true\">\n\t\t\t\t<img decoding=\"async\" width=\"320\" height=\"202\" src=\"https:\/\/fhsscandinavia.com\/wp-content\/uploads\/2021\/03\/Skaermbillede-2021-03-23-kl.-17.37.46-320x202.png\" class=\"attachment-blog-medium size-blog-medium wp-post-image\" alt=\"\" srcset=\"https:\/\/fhsscandinavia.com\/wp-content\/uploads\/2021\/03\/Skaermbillede-2021-03-23-kl.-17.37.46-320x202.png 320w, https:\/\/fhsscandinavia.com\/wp-content\/uploads\/2021\/03\/Skaermbillede-2021-03-23-kl.-17.37.46-638x400.png 638w\" sizes=\"(max-width: 320px) 100vw, 320px\" \/><div class=\"fusion-rollover\">\n\t<div class=\"fusion-rollover-content\">\n\n\t\t\t\t\t\t\t\t\t\t\t\t\t\t<a class=\"fusion-rollover-link\" href=\"https:\/\/fhsscandinavia.com\/sv\/ostar-i-saltlakekar-och-moegel-i-luften\/\">Ostar i saltlakekar och m\u00f6gel i luften<\/a>\n\t\t\t\n\t\t\t\t\t\t\t\t\n\t\t\n\t\t\t\t\t\t\t\t\t\t\t\t<h4 class=\"fusion-rollover-title\">\n\t\t\t\t\t<a class=\"fusion-rollover-title-link\" href=\"https:\/\/fhsscandinavia.com\/sv\/ostar-i-saltlakekar-och-moegel-i-luften\/\">\n\t\t\t\t\t\tOstar i saltlakekar och m\u00f6gel i luften\t\t\t\t\t<\/a>\n\t\t\t\t<\/h4>\n\t\t\t\n\t\t\t\t\t\t\t\t\n\t\t\n\t\t\t\t\t\t<a class=\"fusion-link-wrapper\" href=\"https:\/\/fhsscandinavia.com\/sv\/ostar-i-saltlakekar-och-moegel-i-luften\/\" aria-label=\"Ostar i saltlakekar och m\u00f6gel i luften\"><\/a>\n\t<\/div>\n<\/div>\n<\/div>\n<\/li>\n\t\t\t\n\t\t\t\n\t\t\t\t\t\t\t\t\t\t\t\t\t\t\t\t\t\t\t\t\t\t\t\t\t\t\t\t\t\t\t\t\t\t\t\t\t\t\t\t\t\t\t\t\t\t\t\t\t\t\t\t\t\t\t\t\t\t\t\t\t\t\t\t\t\t\t\t<\/ul>\n\t<\/div>\n\t<div class=\"fusion-post-content post-content\"><h2 class=\"blog-shortcode-post-title entry-title\"><a href=\"https:\/\/fhsscandinavia.com\/sv\/ostar-i-saltlakekar-och-moegel-i-luften\/\">Ostar i saltlakekar och m\u00f6gel i luften<\/a><\/h2><div class=\"fusion-post-content-container\"><p>  Ostar i saltlakekar och m\u00f6gel i luften  [...]<\/p><\/div><\/div><div class=\"fusion-clearfix\"><\/div><div class=\"fusion-meta-info\"><div class=\"fusion-alignleft\"><span class=\"vcard\" style=\"display: none;\"><span class=\"fn\"><a href=\"https:\/\/fhsscandinavia.com\/sv\/author\/charlotte\/\" title=\"Inl\u00e4gg av Charlotte M\u00f8llegaard\" rel=\"author\">Charlotte M\u00f8llegaard<\/a><\/span><\/span><span class=\"updated\" style=\"display:none;\">2022-01-16T21:25:41+01:00<\/span>Categories: <a href=\"https:\/\/fhsscandinavia.com\/sv\/category\/skimmel-og-gaer-sv\/\" rel=\"category tag\">Skimmel og g\u00e6r<\/a>, <a href=\"https:\/\/fhsscandinavia.com\/sv\/category\/slakteri-och-mejeri-jonisering-i-mognadsrum\/\" rel=\"category tag\">Slakteri och mejeri - jonisering i mognadsrum<\/a><span class=\"fusion-inline-sep\">|<\/span><\/div><div class=\"fusion-alignright\"><a class=\"fusion-read-more\" href=\"https:\/\/fhsscandinavia.com\/sv\/ostar-i-saltlakekar-och-moegel-i-luften\/\" aria-label=\"More on Ostar i saltlakekar och m\u00f6gel i luften\">Read More<\/a><\/div><\/div><\/article>\n<\/div><div class=\"pagination clearfix\"><span class=\"current\">1<\/span><a href=\"https:\/\/fhsscandinavia.com\/sv\/wp-json\/wp\/v2\/pages\/8095\/page\/2\/\" class=\"inactive\">2<\/a><a class=\"pagination-next\" rel=\"next\" href=\"https:\/\/fhsscandinavia.com\/sv\/wp-json\/wp\/v2\/pages\/8095\/page\/2\/\"><span class=\"page-text\">Next<\/span><span class=\"page-next\"><\/span><\/a><\/div><div class=\"fusion-clearfix\"><\/div><\/div><\/div><\/div><\/div><\/div>\n","protected":false},"excerpt":{"rendered":"","protected":false},"author":2,"featured_media":0,"parent":0,"menu_order":0,"comment_status":"closed","ping_status":"closed","template":"","meta":{"footnotes":""},"class_list":["post-8095","page","type-page","status-publish","hentry"],"_links":{"self":[{"href":"https:\/\/fhsscandinavia.com\/sv\/wp-json\/wp\/v2\/pages\/8095","targetHints":{"allow":["GET"]}}],"collection":[{"href":"https:\/\/fhsscandinavia.com\/sv\/wp-json\/wp\/v2\/pages"}],"about":[{"href":"https:\/\/fhsscandinavia.com\/sv\/wp-json\/wp\/v2\/types\/page"}],"author":[{"embeddable":true,"href":"https:\/\/fhsscandinavia.com\/sv\/wp-json\/wp\/v2\/users\/2"}],"replies":[{"embeddable":true,"href":"https:\/\/fhsscandinavia.com\/sv\/wp-json\/wp\/v2\/comments?post=8095"}],"version-history":[{"count":8,"href":"https:\/\/fhsscandinavia.com\/sv\/wp-json\/wp\/v2\/pages\/8095\/revisions"}],"predecessor-version":[{"id":8344,"href":"https:\/\/fhsscandinavia.com\/sv\/wp-json\/wp\/v2\/pages\/8095\/revisions\/8344"}],"wp:attachment":[{"href":"https:\/\/fhsscandinavia.com\/sv\/wp-json\/wp\/v2\/media?parent=8095"}],"curies":[{"name":"wp","href":"https:\/\/api.w.org\/{rel}","templated":true}]}}