{"id":8107,"date":"2021-06-03T13:17:07","date_gmt":"2021-06-03T11:17:07","guid":{"rendered":"https:\/\/fhsscandinavia.com\/golv-%e2%80%92-dekontaminering\/"},"modified":"2021-06-04T10:32:49","modified_gmt":"2021-06-04T08:32:49","slug":"golv-dekontaminering","status":"publish","type":"page","link":"https:\/\/fhsscandinavia.com\/sv\/golv-dekontaminering\/","title":{"rendered":"Golv \u2012 dekontaminering"},"content":{"rendered":"<div class=\"fusion-fullwidth fullwidth-box fusion-builder-row-1 fusion-flex-container nonhundred-percent-fullwidth non-hundred-percent-height-scrolling\" style=\"--awb-border-radius-top-left:0px;--awb-border-radius-top-right:0px;--awb-border-radius-bottom-right:0px;--awb-border-radius-bottom-left:0px;--awb-flex-wrap:wrap;\" ><div class=\"fusion-builder-row fusion-row fusion-flex-align-items-flex-start fusion-flex-content-wrap\" style=\"max-width:1227.2px;margin-left: calc(-4% \/ 2 );margin-right: calc(-4% \/ 2 );\"><div class=\"fusion-layout-column fusion_builder_column fusion-builder-column-0 fusion_builder_column_1_2 1_2 fusion-flex-column\" style=\"--awb-bg-size:cover;--awb-width-large:50%;--awb-margin-top-large:15px;--awb-spacing-right-large:3.84%;--awb-margin-bottom-large:15px;--awb-spacing-left-large:3.84%;--awb-width-medium:50%;--awb-order-medium:0;--awb-spacing-right-medium:3.84%;--awb-spacing-left-medium:3.84%;--awb-width-small:100%;--awb-order-small:0;--awb-spacing-right-small:1.92%;--awb-spacing-left-small:1.92%;\"><div class=\"fusion-column-wrapper fusion-column-has-shadow fusion-flex-justify-content-flex-start fusion-content-layout-column\"><div class=\"fusion-text fusion-text-1\"><p>F\u00f6r ett stort antal f\u00f6retag \u00e4r felfri hygien \u00e4r oerh\u00f6rt viktig. Man fokuserar d\u00e4rf\u00f6r ofta p\u00e5 att optimera hygienl\u00f6sningar som b\u00e5de ska f\u00f6rb\u00e4ttra f\u00f6retagens mikrobiologiska niv\u00e5 och som uppfyller lagstiftningens strikta krav, och som dessutom \u00e4r milj\u00f6v\u00e4nliga, h\u00e5llbara, integrerbara och ekonomiska.<\/p>\n<p><b>Skr\u00e4ddarsydda l\u00f6sningar f\u00f6r alla slags utmaningar<\/b><\/p>\n<p>Hos FHS Scandinavia s\u00e4tter vi dialogen och kunden i fokus, s\u00e5 att vi kan s\u00e4kerst\u00e4lla kostnadseffektiva hygienl\u00f6sningar f\u00f6r ditt f\u00f6retag oavsett bransch. Om ni har utmaningar eller misstankar om m\u00f6gel eller andra former av f\u00f6roreningar i ditt f\u00f6retag, hj\u00e4lper vi g\u00e4rna till med alla delar av processen s\u00e5 du \u00e4r garanterad en optimal milj\u00f6 och optimalt inomhusklimat.<\/p>\n<p>M\u00f6gel och f\u00f6roreningar stammar n\u00e4mligen inte bara fr\u00e5n luften utan f\u00f6ljer \u00e4ven med tillsammans med f\u00f6rpackningar, tekniker och produkter som har sitt normala fl\u00f6de mellan alla zoner i f\u00f6retaget. Forskning visar att 80% av f\u00f6roreningen stammar fr\u00e5n hjul och fotavtryck.<\/p>\n<p><span style=\"color: var(--body_typography-color); font-family: var(--body_typography-font-family); font-size: var(--body_typography-font-size); font-style: var(--body_typography-font-style,normal); font-weight: var(--body_typography-font-weight); letter-spacing: var(--body_typography-letter-spacing);\">Genom att anv\u00e4nda antibakteriella golv i form av exempelvis golv och mattor kan man neutralisera mer \u00e4n 99% av denna f\u00f6rorening. Det \u00e4r d\u00e4rf\u00f6r en f\u00f6rdel att placera antibakteriellt golv i zoner mellan rena och orena omr\u00e5den, t.ex. mellan produktion och lager d\u00e4r det finns tung trafik och d\u00e4r du vill begr\u00e4nsa f\u00f6roreningen som sprids via hjul och persontrafik.<\/span><\/p>\n<\/p>\n<p>F\u00f6r att kunna identifiera och hitta r\u00e4tt l\u00f6sning f\u00f6r utmaningarna p\u00e5 just ditt f\u00f6retag b\u00f6rjar vi med att utf\u00f6ra en inledande analys. Denna analys best\u00e5r bl.a. av insamling av luftprover med air-sampling, ytprover och partikelm\u00e4tning. N\u00e5r vi har analyserat testresultatet, produktionsfl\u00f6det och lokalerna f\u00f6resl\u00e5r FHS en m\u00f6jlig testinstallation som best\u00e5r av ett eller flera element som l\u00f6ser utmaningen p\u00e5 ditt f\u00f6retag. Vi erbjuder v\u00e5ra tester som ett \u201dNo Cure No Pay\u201d-test, vilket s\u00e4kerst\u00e4ller att du f\u00e5r l\u00f6sningar utan on\u00f6diga och dyra kostnader.<\/p>\n<p><b>FHS Scandinavia optimerar ditt f\u00f6retags hygien<\/b><\/p>\n<p>FHS Scandinavia har 20 \u00e5rs erfarenhet av milj\u00f6v\u00e4nliga och h\u00e5llbara hygienl\u00f6sningar, och vi kan hj\u00e4lpa till med effektiv behandling av b\u00e5de luft, golv, ytor, band\/utrustning, f\u00f6rpackning\/emballage och vatten. Vi har byggt upp gedigna samarbeten med Europas b\u00e4sta och ledande leverant\u00f6rer inom jonisering, UVC-ljus, ozon och antibakteriella golv. Se \u00e4ven hur vi har hj\u00e4lpt till bland annat <a href=\"https:\/\/fhsscandinavia.com\/sv\/bageri-jonisering-och-uvc\/\">jonisering av luften inom br\u00f6dindustrin<\/a> samt <a href=\"https:\/\/fhsscandinavia.com\/sv\/transportband-%e2%80%92-uvc-dekontaminering\/\">UVC-dekontaminering av transportband<\/a>.<\/p>\n<p>Om du vill integrera den mest ekonomiska, p\u00e5litliga och milj\u00f6v\u00e4nliga hygienl\u00f6sningen i ditt produktionssystem, d\u00e5 \u00e4r vi r\u00e4tt partner f\u00f6r att hitta den optimala l\u00f6sningen.<\/p>\n<p>Om du har fr\u00e5gor eller vill h\u00f6ra mer, v\u00e4nligen <a href=\"https:\/\/fhsscandinavia.com\/sv\/kontakt\/\">kontakta oss<\/a> f\u00f6r ett icke-bindande samtal. Vi ser fram emot att h\u00f6ra fr\u00e5n dig och ditt f\u00f6retag.<\/p>\n<\/div><\/div><\/div><div class=\"fusion-layout-column fusion_builder_column fusion-builder-column-1 fusion_builder_column_1_2 1_2 fusion-flex-column\" style=\"--awb-bg-size:cover;--awb-width-large:50%;--awb-margin-top-large:15px;--awb-spacing-right-large:3.84%;--awb-margin-bottom-large:15px;--awb-spacing-left-large:3.84%;--awb-width-medium:50%;--awb-order-medium:0;--awb-spacing-right-medium:3.84%;--awb-spacing-left-medium:3.84%;--awb-width-small:100%;--awb-order-small:0;--awb-spacing-right-small:1.92%;--awb-spacing-left-small:1.92%;\"><div class=\"fusion-column-wrapper fusion-column-has-shadow fusion-flex-justify-content-flex-start fusion-content-layout-column\"><div class=\"fusion-blog-shortcode fusion-blog-shortcode-1 fusion-blog-archive fusion-blog-layout-medium fusion-blog-pagination\"><div class=\"fusion-posts-container fusion-posts-container-pagination fusion-blog-rollover\" data-pages=\"1\"><article id=\"blog-1-post-7625\" class=\"fusion-post-medium post-7625 post type-post status-publish format-standard has-post-thumbnail hentry category-bageri-jonisering-och-uvc-sv category-golv-dekontaminering category-skimmel-og-gaer-sv category-transportbaand-uvc-dekontaminering-sv\">\n\t<style type=\"text\/css\">\n\t\t\n\t\t\n\t\t\n\t\t\n\t\t\t<\/style>\n\n\n\t\t\t<div class=\"fusion-flexslider flexslider fusion-flexslider-loading fusion-post-slideshow\" style=\"\">\n\t\t<ul class=\"slides\">\n\t\t\t\n\t\t\t\t\t\t\t\t\t\t\t\t\t\t<li><div  class=\"fusion-image-wrapper fusion-image-size-fixed\" aria-haspopup=\"true\">\n\t\t\t\t<img decoding=\"async\" width=\"320\" height=\"202\" src=\"https:\/\/fhsscandinavia.com\/wp-content\/uploads\/2021\/05\/Skaermbillede-2021-05-04-kl.-09.32.45-320x202.png\" class=\"attachment-blog-medium size-blog-medium wp-post-image\" alt=\"\" srcset=\"https:\/\/fhsscandinavia.com\/wp-content\/uploads\/2021\/05\/Skaermbillede-2021-05-04-kl.-09.32.45-320x202.png 320w, https:\/\/fhsscandinavia.com\/wp-content\/uploads\/2021\/05\/Skaermbillede-2021-05-04-kl.-09.32.45-700x441.png 700w\" sizes=\"(max-width: 320px) 100vw, 320px\" \/><div class=\"fusion-rollover\">\n\t<div class=\"fusion-rollover-content\">\n\n\t\t\t\t\t\t\t\t\t\t\t\t\t\t<a class=\"fusion-rollover-link\" href=\"https:\/\/fhsscandinavia.com\/sv\/en-broedtillverkare-och-moegelutmaningar\/\">En br\u00f6dtillverkare och m\u00f6gelutmaningar<\/a>\n\t\t\t\n\t\t\t\t\t\t\t\t\n\t\t\n\t\t\t\t\t\t\t\t\t\t\t\t<h4 class=\"fusion-rollover-title\">\n\t\t\t\t\t<a class=\"fusion-rollover-title-link\" href=\"https:\/\/fhsscandinavia.com\/sv\/en-broedtillverkare-och-moegelutmaningar\/\">\n\t\t\t\t\t\tEn br\u00f6dtillverkare och m\u00f6gelutmaningar\t\t\t\t\t<\/a>\n\t\t\t\t<\/h4>\n\t\t\t\n\t\t\t\t\t\t\t\t\n\t\t\n\t\t\t\t\t\t<a class=\"fusion-link-wrapper\" href=\"https:\/\/fhsscandinavia.com\/sv\/en-broedtillverkare-och-moegelutmaningar\/\" aria-label=\"En br\u00f6dtillverkare och m\u00f6gelutmaningar\"><\/a>\n\t<\/div>\n<\/div>\n<\/div>\n<\/li>\n\t\t\t\n\t\t\t\n\t\t\t\t\t\t\t\t\t\t\t\t\t\t\t\t\t\t\t\t\t\t\t\t\t\t\t\t\t\t\t\t\t\t\t\t\t\t\t\t\t\t\t\t\t\t\t\t\t\t\t\t\t\t\t\t\t\t\t\t\t\t\t\t\t\t\t\t<\/ul>\n\t<\/div>\n\t<div class=\"fusion-post-content post-content\"><h2 class=\"blog-shortcode-post-title entry-title\"><a href=\"https:\/\/fhsscandinavia.com\/sv\/en-broedtillverkare-och-moegelutmaningar\/\">En br\u00f6dtillverkare och m\u00f6gelutmaningar<\/a><\/h2><div class=\"fusion-post-content-container\"><p>  En br\u00f6dtillverkare och m\u00f6gelutmaningar     [...]<\/p><\/div><\/div><div class=\"fusion-clearfix\"><\/div><div class=\"fusion-meta-info\"><div class=\"fusion-alignleft\"><span class=\"vcard\" style=\"display: none;\"><span class=\"fn\"><a href=\"https:\/\/fhsscandinavia.com\/sv\/author\/charlotte\/\" title=\"Inl\u00e4gg av Charlotte M\u00f8llegaard\" rel=\"author\">Charlotte M\u00f8llegaard<\/a><\/span><\/span><span class=\"updated\" style=\"display:none;\">2021-05-06T14:04:25+02:00<\/span>Categories: <a href=\"https:\/\/fhsscandinavia.com\/sv\/category\/bageri-jonisering-och-uvc-sv\/\" rel=\"category tag\">Bageri - jonisering och UVC<\/a>, <a href=\"https:\/\/fhsscandinavia.com\/sv\/category\/golv-dekontaminering\/\" rel=\"category tag\">Golv - dekontaminering<\/a>, <a href=\"https:\/\/fhsscandinavia.com\/sv\/category\/skimmel-og-gaer-sv\/\" rel=\"category tag\">Skimmel og g\u00e6r<\/a>, <a href=\"https:\/\/fhsscandinavia.com\/sv\/category\/transportbaand-uvc-dekontaminering-sv\/\" rel=\"category tag\">Transportb\u00e5nd - UVC dekontaminering<\/a><span class=\"fusion-inline-sep\">|<\/span><\/div><div class=\"fusion-alignright\"><a class=\"fusion-read-more\" href=\"https:\/\/fhsscandinavia.com\/sv\/en-broedtillverkare-och-moegelutmaningar\/\" aria-label=\"More on En br\u00f6dtillverkare och m\u00f6gelutmaningar\">Read More<\/a><\/div><\/div><\/article>\n<article id=\"blog-1-post-5612\" class=\"fusion-post-medium post-5612 post type-post status-publish format-standard has-post-thumbnail hentry category-bakterier-og-hoeje-kimtal-sv category-golv-dekontaminering category-listeria-salmonella-og-coli-sv category-skimmel-og-gaer-sv\">\n\t<style type=\"text\/css\">\n\t\t\n\t\t\n\t\t\n\t\t\n\t\t\t<\/style>\n\n\n\t\t\t<div class=\"fusion-flexslider flexslider fusion-flexslider-loading fusion-post-slideshow\" style=\"\">\n\t\t<ul class=\"slides\">\n\t\t\t\n\t\t\t\t\t\t\t\t\t\t\t\t\t\t<li><div  class=\"fusion-image-wrapper fusion-image-size-fixed\" aria-haspopup=\"true\">\n\t\t\t\t<img decoding=\"async\" width=\"320\" height=\"202\" src=\"https:\/\/fhsscandinavia.com\/wp-content\/uploads\/2018\/10\/70_490-320x202.jpg\" class=\"attachment-blog-medium size-blog-medium wp-post-image\" alt=\"antibakteriell var tvungen att v dressing\" srcset=\"https:\/\/fhsscandinavia.com\/wp-content\/uploads\/2018\/10\/70_490-320x202.jpg 320w, https:\/\/fhsscandinavia.com\/wp-content\/uploads\/2018\/10\/70_490-700x441.jpg 700w\" sizes=\"(max-width: 320px) 100vw, 320px\" \/><div class=\"fusion-rollover\">\n\t<div class=\"fusion-rollover-content\">\n\n\t\t\t\t\t\t\t\t\t\t\t\t\t\t<a class=\"fusion-rollover-link\" href=\"https:\/\/fhsscandinavia.com\/sv\/antibakteriella-mattor-mellan-rena-och-fororenade-zoner\/\">Antibakteriella mattor mellan rena och orena zoner<\/a>\n\t\t\t\n\t\t\t\t\t\t\t\t\n\t\t\n\t\t\t\t\t\t\t\t\t\t\t\t<h4 class=\"fusion-rollover-title\">\n\t\t\t\t\t<a class=\"fusion-rollover-title-link\" href=\"https:\/\/fhsscandinavia.com\/sv\/antibakteriella-mattor-mellan-rena-och-fororenade-zoner\/\">\n\t\t\t\t\t\tAntibakteriella mattor mellan rena och orena zoner\t\t\t\t\t<\/a>\n\t\t\t\t<\/h4>\n\t\t\t\n\t\t\t\t\t\t\t\t\n\t\t\n\t\t\t\t\t\t<a class=\"fusion-link-wrapper\" href=\"https:\/\/fhsscandinavia.com\/sv\/antibakteriella-mattor-mellan-rena-och-fororenade-zoner\/\" aria-label=\"Antibakteriella mattor mellan rena och orena zoner\"><\/a>\n\t<\/div>\n<\/div>\n<\/div>\n<\/li>\n\t\t\t\n\t\t\t\n\t\t\t\t\t\t\t\t\t\t\t\t\t\t\t\t\t\t\t\t\t\t\t\t\t\t\t\t\t\t\t\t\t\t\t\t\t\t\t\t\t\t\t\t\t\t\t\t\t\t\t\t\t\t\t\t\t\t\t\t\t\t\t\t\t\t\t\t<\/ul>\n\t<\/div>\n\t<div class=\"fusion-post-content post-content\"><h2 class=\"blog-shortcode-post-title entry-title\"><a href=\"https:\/\/fhsscandinavia.com\/sv\/antibakteriella-mattor-mellan-rena-och-fororenade-zoner\/\">Antibakteriella mattor mellan rena och orena zoner<\/a><\/h2><div class=\"fusion-post-content-container\"><p>  Antibakteriella mattor mellan rena och orena zoner  [...]<\/p><\/div><\/div><div class=\"fusion-clearfix\"><\/div><div class=\"fusion-meta-info\"><div class=\"fusion-alignleft\"><span class=\"vcard\" style=\"display: none;\"><span class=\"fn\"><a href=\"https:\/\/fhsscandinavia.com\/sv\/author\/anita\/\" title=\"Inl\u00e4gg av FHS Scandinavia\" rel=\"author\">FHS Scandinavia<\/a><\/span><\/span><span class=\"updated\" style=\"display:none;\">2022-01-19T15:02:17+01:00<\/span>Categories: <a href=\"https:\/\/fhsscandinavia.com\/sv\/category\/bakterier-og-hoeje-kimtal-sv\/\" rel=\"category tag\">Bakterier og h\u00f8je kimtal<\/a>, <a href=\"https:\/\/fhsscandinavia.com\/sv\/category\/golv-dekontaminering\/\" rel=\"category tag\">Golv - dekontaminering<\/a>, <a href=\"https:\/\/fhsscandinavia.com\/sv\/category\/listeria-salmonella-og-coli-sv\/\" rel=\"category tag\">Listeria, salmonella og coli<\/a>, <a href=\"https:\/\/fhsscandinavia.com\/sv\/category\/skimmel-og-gaer-sv\/\" rel=\"category tag\">Skimmel og g\u00e6r<\/a><span class=\"fusion-inline-sep\">|<\/span><\/div><div class=\"fusion-alignright\"><a class=\"fusion-read-more\" href=\"https:\/\/fhsscandinavia.com\/sv\/antibakteriella-mattor-mellan-rena-och-fororenade-zoner\/\" aria-label=\"More on Antibakteriella mattor mellan rena och orena zoner\">Read More<\/a><\/div><\/div><\/article>\n<\/div><\/div><\/div><\/div><\/div><\/div>\n","protected":false},"excerpt":{"rendered":"","protected":false},"author":2,"featured_media":0,"parent":0,"menu_order":0,"comment_status":"closed","ping_status":"closed","template":"","meta":{"footnotes":""},"class_list":["post-8107","page","type-page","status-publish","hentry"],"_links":{"self":[{"href":"https:\/\/fhsscandinavia.com\/sv\/wp-json\/wp\/v2\/pages\/8107","targetHints":{"allow":["GET"]}}],"collection":[{"href":"https:\/\/fhsscandinavia.com\/sv\/wp-json\/wp\/v2\/pages"}],"about":[{"href":"https:\/\/fhsscandinavia.com\/sv\/wp-json\/wp\/v2\/types\/page"}],"author":[{"embeddable":true,"href":"https:\/\/fhsscandinavia.com\/sv\/wp-json\/wp\/v2\/users\/2"}],"replies":[{"embeddable":true,"href":"https:\/\/fhsscandinavia.com\/sv\/wp-json\/wp\/v2\/comments?post=8107"}],"version-history":[{"count":8,"href":"https:\/\/fhsscandinavia.com\/sv\/wp-json\/wp\/v2\/pages\/8107\/revisions"}],"predecessor-version":[{"id":8115,"href":"https:\/\/fhsscandinavia.com\/sv\/wp-json\/wp\/v2\/pages\/8107\/revisions\/8115"}],"wp:attachment":[{"href":"https:\/\/fhsscandinavia.com\/sv\/wp-json\/wp\/v2\/media?parent=8107"}],"curies":[{"name":"wp","href":"https:\/\/api.w.org\/{rel}","templated":true}]}}